{"id":3614,"date":"2026-04-02T18:54:47","date_gmt":"2026-04-02T18:54:47","guid":{"rendered":"https:\/\/ampoules.co.uk\/product\/multivitamines-quotidiennes-600-comprimes\/"},"modified":"2026-05-14T16:56:53","modified_gmt":"2026-05-14T16:56:53","slug":"multivitamines-quotidiennes-600-comprimes","status":"publish","type":"product","link":"https:\/\/ampoules.co.uk\/fr\/produit\/multivitamines-quotidiennes-600-comprimes\/","title":{"rendered":"Multivitamines quotidiennes \u2013 600 comprim\u00e9s"},"content":{"rendered":"<p>Soutenez votre sant\u00e9 quotidienne avec <strong>Kirkland Signature Daily Multi<\/strong>, une formule multivitamin\u00e9e et min\u00e9rale compl\u00e8te con\u00e7ue pour combler les lacunes nutritionnelles et favoriser le bien-\u00eatre g\u00e9n\u00e9ral. Chaque comprim\u00e9 <strong>apporte des vitamines et min\u00e9raux essentiels<\/strong> pour aider \u00e0 maintenir <strong>la fonction immunitaire, la solidit\u00e9 osseuse, la sant\u00e9 cardiaque et la protection cellulaire<\/strong>. Avec <strong>600 comprim\u00e9s par flacon<\/strong>, ce compl\u00e9ment \u00e0 haute valeur offre un soutien durable \u2014 <strong>sans colorants, ar\u00f4mes ou conservateurs artificiels<\/strong>.  <\/p>\n<p>&nbsp;<\/p>\n<p><strong>Avantages cl\u00e9s<\/strong><\/p>\n<p>\ud83d\udee1\ufe0f <strong>Soutien immunitaire<\/strong> \u2013 Contient <strong>des vitamines C, D, A, B6, B12 et s\u00e9l\u00e9nium<\/strong> pour aider \u00e0 maintenir un syst\u00e8me immunitaire sain.<br \/>\n\ud83e\uddb7 <strong>Bone &amp; Teeth Health<\/strong> \u2013 Contient du <strong>calcium et de la vitamine D<\/strong> pour des os et des dents solides.<br \/>\n\u2764\ufe0f <strong>Sant\u00e9 cardiaque et cellulaire<\/strong> \u2013 Inclut <strong>la thiamine (B1) pour la fonction cardiaque<\/strong> et <strong>la vitamine E pour la protection antioxydante<\/strong>.<br \/>\n\u26a1 <strong>\u00c9nergie et m\u00e9tabolisme<\/strong> \u2013 <strong>Les vitamines B (B6, B12, niacine, riboflavine)<\/strong> aident \u00e0 la production d\u2019\u00e9nergie et au m\u00e9tabolisme des nutriments.<br \/>\n\ud83c\udf31 <strong>Formule propre<\/strong> \u2013 Pas d\u2019additifs artificiels \u2014 juste une nutrition pure et essentielle.<\/p>\n<p>&nbsp;<\/p>\n<p><strong>Informations nutritionnelles (par 1 comprim\u00e9)<\/strong><\/p>\n<table>\n<tbody>\n<tr>\n<th><strong>Nutriments<\/strong><\/th>\n<th><strong>Montant<\/strong><\/th>\n<th><strong>%NRV<\/strong>*<\/th>\n<th><strong>Nutriments<\/strong><\/th>\n<th><strong>Montant<\/strong><\/th>\n<th><strong>%NRV<\/strong>*<\/th>\n<\/tr>\n<tr>\n<td>Vitamine A<\/td>\n<td>800 \u03bcg RE<\/td>\n<td>100%<\/td>\n<td>Acide pantoth\u00e9nique<\/td>\n<td>6 mg<\/td>\n<td>100%<\/td>\n<\/tr>\n<tr>\n<td>Vitamine D<\/td>\n<td>10 \u03bcg<\/td>\n<td>200%<\/td>\n<td>Calcium<\/td>\n<td>200 mg<\/td>\n<td>25%<\/td>\n<\/tr>\n<tr>\n<td>Vitamine E<\/td>\n<td>12 mg \u03b1-TE<\/td>\n<td>100%<\/td>\n<td>Magn\u00e9sium<\/td>\n<td>100 mg<\/td>\n<td>27%<\/td>\n<\/tr>\n<tr>\n<td>Vitamine K<\/td>\n<td>75 \u03bcg<\/td>\n<td>100%<\/td>\n<td>Fer<\/td>\n<td>14 mg<\/td>\n<td>100%<\/td>\n<\/tr>\n<tr>\n<td>Vitamine C<\/td>\n<td>80 mg<\/td>\n<td>100%<\/td>\n<td>Zinc<\/td>\n<td>10 mg<\/td>\n<td>100%<\/td>\n<\/tr>\n<tr>\n<td>Thiamin (B1)<\/td>\n<td>1,1 mg<\/td>\n<td>100%<\/td>\n<td>Cuivre<\/td>\n<td>1 mg<\/td>\n<td>100%<\/td>\n<\/tr>\n<tr>\n<td>Riboflavine (B2)<\/td>\n<td>1,4 mg<\/td>\n<td>100%<\/td>\n<td>Mangan\u00e8se<\/td>\n<td>2 mg<\/td>\n<td>100%<\/td>\n<\/tr>\n<tr>\n<td>Niacin (B3)<\/td>\n<td>16 mg NE<\/td>\n<td>100%<\/td>\n<td>S\u00e9l\u00e9nium<\/td>\n<td>55 \u03bcg<\/td>\n<td>100%<\/td>\n<\/tr>\n<tr>\n<td>Vitamine B6<\/td>\n<td>1,4 mg<\/td>\n<td>100%<\/td>\n<td>Chrome<\/td>\n<td>40 \u03bcg<\/td>\n<td>100%<\/td>\n<\/tr>\n<tr>\n<td>Acide folique (B9)<\/td>\n<td>200 \u03bcg<\/td>\n<td>100%<\/td>\n<td>Molybd\u00e8ne<\/td>\n<td>50 \u03bcg<\/td>\n<td>100%<\/td>\n<\/tr>\n<tr>\n<td>Vitamine B12<\/td>\n<td>2,5 \u03bcg<\/td>\n<td>100%<\/td>\n<td>Iode<\/td>\n<td>150 \u03bcg<\/td>\n<td>100%<\/td>\n<\/tr>\n<tr>\n<td>Biotine<\/td>\n<td>50 \u03bcg<\/td>\n<td>100 %<\/td>\n<td><\/td>\n<td><\/td>\n<td><\/td>\n<\/tr>\n<\/tbody>\n<\/table>\n<p>*NRV = Valeur de r\u00e9f\u00e9rence des nutriments<\/p>\n<p>&nbsp;<\/p>\n<p><strong>Utilisation recommand\u00e9e<\/strong><\/p>\n<p>Prenez <strong>1 comprim\u00e9 par jour<\/strong> avec un repas pour une absorption optimale.<\/p>\n<p>&nbsp;<\/p>\n<p><strong>Pourquoi choisir Kirkland Signature Daily Multi ?<\/strong><\/p>\n<p>\u2714 <strong>Approvisionnement en 600 comprim\u00e9s<\/strong> \u2013 <strong>Un rapport qualit\u00e9-prix exceptionnel<\/strong> pour une nutrition quotidienne \u00e0 long terme.<br \/>\n\u2714 <strong>Formule compl\u00e8te<\/strong> \u2013 Couvre <strong>les vitamines et min\u00e9raux essentiels<\/strong> \u00e0 des doses \u00e9quilibr\u00e9es.<br \/>\n\u2714 <strong>Pas d\u2019additifs artificiels<\/strong> \u2013 Sans remplissages, colorants ou conservateurs inutiles.<br \/>\n\u2714 <strong>Trusted Quality<\/strong> \u2013 Une marque exclusive \u00e0 Costco, connue pour <strong>ses compl\u00e9ments abordables et de haute qualit\u00e9<\/strong>.<\/p>\n<p>&nbsp;<\/p>\n<p><strong>Id\u00e9al pour :<\/strong><\/p>\n<p>\ud83c\udf3f <strong>Adultes \u00e0 la recherche d\u2019un multivitamine<\/strong><br \/>\n\ud83d\udcaa quotidien simple et <strong>efficace Soutenir la sant\u00e9<\/strong><br \/>\n\ud83c\udf4f immunitaire, osseuse, cardiaque et cellulaire <strong>Combler les lacunes nutritionnelles dans un mode de vie charg\u00e9<\/strong><\/p>\n<p>&nbsp;<\/p>\n<p><em>Les compl\u00e9ments ne doivent pas remplacer une alimentation vari\u00e9e et un mode de vie sain. Ne d\u00e9passez pas la dose recommand\u00e9e. <\/em><\/p>\n","protected":false},"excerpt":{"rendered":"<p>Soutenez votre sant\u00e9 quotidienne avec Kirkland Signature Daily Multi, une formule multivitamin\u00e9e et min\u00e9rale compl\u00e8te con\u00e7ue pour combler les lacunes nutritionnelles et favoriser le bien-\u00eatre g\u00e9n\u00e9ral. Chaque comprim\u00e9 apporte des vitamines et min\u00e9raux essentiels pour aider \u00e0 maintenir la fonction immunitaire, la solidit\u00e9 osseuse, la sant\u00e9 cardiaque et la protection cellulaire. Avec 600 comprim\u00e9s par&#8230;<\/p>\n","protected":false},"featured_media":2501,"template":"","meta":{"_bst_post_transparent":"","_bst_post_title":"","_bst_post_layout":"","_bst_post_sidebar_id":"","_bst_post_content_style":"","_bst_post_vertical_padding":"","_bst_post_feature":"","_bst_post_feature_position":"","_bst_post_header":false,"_bst_post_footer":false},"product_brand":[],"product_cat":[523],"product_tag":[],"product_brands":[],"class_list":{"0":"post-3614","1":"product","2":"type-product","3":"status-publish","4":"has-post-thumbnail","6":"product_cat-vitamines-orales","8":"first","9":"instock","10":"shipping-taxable","11":"purchasable","12":"product-type-simple","13":"entry","14":"content-bg","15":"loop-entry"},"jetpack_sharing_enabled":true,"_links":{"self":[{"href":"https:\/\/ampoules.co.uk\/fr\/wp-json\/wp\/v2\/product\/3614","targetHints":{"allow":["GET"]}}],"collection":[{"href":"https:\/\/ampoules.co.uk\/fr\/wp-json\/wp\/v2\/product"}],"about":[{"href":"https:\/\/ampoules.co.uk\/fr\/wp-json\/wp\/v2\/types\/product"}],"version-history":[{"count":1,"href":"https:\/\/ampoules.co.uk\/fr\/wp-json\/wp\/v2\/product\/3614\/revisions"}],"predecessor-version":[{"id":3627,"href":"https:\/\/ampoules.co.uk\/fr\/wp-json\/wp\/v2\/product\/3614\/revisions\/3627"}],"wp:featuredmedia":[{"embeddable":true,"href":"https:\/\/ampoules.co.uk\/fr\/wp-json\/wp\/v2\/media\/2501"}],"wp:attachment":[{"href":"https:\/\/ampoules.co.uk\/fr\/wp-json\/wp\/v2\/media?parent=3614"}],"wp:term":[{"taxonomy":"product_brand","embeddable":true,"href":"https:\/\/ampoules.co.uk\/fr\/wp-json\/wp\/v2\/product_brand?post=3614"},{"taxonomy":"product_cat","embeddable":true,"href":"https:\/\/ampoules.co.uk\/fr\/wp-json\/wp\/v2\/product_cat?post=3614"},{"taxonomy":"product_tag","embeddable":true,"href":"https:\/\/ampoules.co.uk\/fr\/wp-json\/wp\/v2\/product_tag?post=3614"},{"taxonomy":"product_brands","embeddable":true,"href":"https:\/\/ampoules.co.uk\/fr\/wp-json\/wp\/v2\/product_brands?post=3614"}],"curies":[{"name":"wp","href":"https:\/\/api.w.org\/{rel}","templated":true}]}}