{"id":3586,"date":"2026-04-02T18:54:47","date_gmt":"2026-04-02T18:54:47","guid":{"rendered":"https:\/\/ampoules.co.uk\/product\/curcuma-1000-mg-avec-poivre-noir-240-capsules\/"},"modified":"2026-05-14T16:56:51","modified_gmt":"2026-05-14T16:56:51","slug":"curcuma-1000-mg-avec-poivre-noir-240-capsules","status":"publish","type":"product","link":"https:\/\/ampoules.co.uk\/fr\/produit\/curcuma-1000-mg-avec-poivre-noir-240-capsules\/","title":{"rendered":"Curcuma 1000 mg avec poivre noir &#8211; 240 capsules"},"content":{"rendered":"<p>Un <strong>puissant soutien anti-inflammatoire et antioxydant<\/strong> dans chaque capsule ! Kirkland Signature Turmeric d\u00e9livre <strong>1000 mg de complexe\u00ae C3 de curcumine \u00e9tudi\u00e9 cliniquement<\/strong>, standardis\u00e9 \u00e0 <strong>95 % de curcumino\u00efdes<\/strong> \u2014 les compos\u00e9s les plus actifs du curcuma. Enrichie avec <strong>BioPerine\u00ae (extrait de poivre noir)<\/strong> pour <strong>am\u00e9liorer l\u2019absorption jusqu\u2019\u00e0 2000 %,<\/strong> cette formule premium favorise <strong>la sant\u00e9 des articulations, la digestion, la fonction c\u00e9r\u00e9brale et le bien-\u00eatre g\u00e9n\u00e9ral<\/strong>. Fabriqu\u00e9 aux \u00c9tats-Unis et soutenu par la qualit\u00e9 de confiance de Kirkland, c\u2019est un excellent choix pour un soutien naturel quotidien.   <\/p>\n<p>&nbsp;<\/p>\n<p><strong>Avantages cl\u00e9s<\/strong><\/p>\n<p>\ud83d\udd25 <strong>Confort articulaire et mobilit\u00e9<\/strong> \u2013 Aide \u00e0 r\u00e9duire l\u2019inflammation pour <strong>une meilleure flexibilit\u00e9 et confort<\/strong>.<br \/>\n\u26a1 <strong>Absorption suraliment\u00e9e<\/strong> \u2013 <strong>BioPerine\u00ae<\/strong> augmente la biodisponibilit\u00e9 de la curcumine pour <strong>une efficacit\u00e9 maximale<\/strong>.<br \/>\n\ud83d\udee1\ufe0f <strong>Antioxidant Powerhouse<\/strong> \u2013 Neutralise les radicaux libres pour soutenir la <strong>sant\u00e9 cellulaire et l\u2019immunit\u00e9<\/strong>.<br \/>\n\ud83c\udf3f <strong>Soutien digestif et h\u00e9patique<\/strong> \u2013 Aide \u00e0 la digestion et favorise <strong>la d\u00e9toxification naturelle<\/strong>.<br \/>\n\ud83e\udde0 <strong>Sant\u00e9 du cerveau et du c\u0153ur<\/strong> \u2013 Peut am\u00e9liorer <strong>les fonctions cognitives et le bien-\u00eatre cardiovasculaire<\/strong>.<\/p>\n<p><strong>Informations nutritionnelles (par 2 capsules)<\/strong><\/p>\n<ul>\n<li><strong>Extrait de rhizome de curcuma (complexe\u00ae de curcumine C3) :<\/strong> 1000 mg\n<ul>\n<li><strong>Curcumino\u00efdes (95 %) :<\/strong> 950 mg<\/li>\n<\/ul>\n<\/li>\n<li><strong>Extrait de poivre noir (BioPerine\u00ae) :<\/strong> 10 mg\n<ul>\n<li><strong>Pip\u00e9rine (95 %) :<\/strong> 9,5 mg<\/li>\n<\/ul>\n<\/li>\n<\/ul>\n<p><strong>Portion :<\/strong> 2 capsules<br \/>\n<strong>Portions par contenant :<\/strong> 120<\/p>\n<p>&nbsp;<\/p>\n<p><strong>Ingr\u00e9dients propres et efficaces<\/strong><\/p>\n<p>Extrait de rhizome de curcuma (standardis\u00e9 \u00e0 <strong>95 % de curcumino\u00efdes<\/strong>), cellulose microcristalline (agent de volume), hydroxypropyl m\u00e9thylcellulose (agent gla\u00e7ur), sels de magn\u00e9sium d\u2019acides gras (agent anti-comprimant), extrait de poivre noir (standardis\u00e9 \u00e0 <strong>95 % de pip\u00e9rine<\/strong>), dioxyde de silicium (agent anti-comprimant).<\/p>\n<p>&nbsp;<\/p>\n<p><strong>Utilisation recommand\u00e9e<\/strong><\/p>\n<p><strong>Prenez 2 capsules par jour<\/strong> avec un repas pour une absorption optimale.<\/p>\n<p>\u26a0\ufe0f <strong>Ne d\u00e9passez pas<\/strong> la dose recommand\u00e9e sauf indication d\u2019un professionnel de sant\u00e9.<\/p>\n<p>&nbsp;<\/p>\n<p><strong>Pourquoi choisir Kirkland Signature Turcuma ?<\/strong><\/p>\n<p>\u2714 <strong>Ingr\u00e9dients cliniquement \u00e9tudi\u00e9s<\/strong> \u2013 Utilise <strong>le complexe\u00ae Curcumine C3 et la Biop\u00e9rine\u00ae<\/strong>, brevet\u00e9e pour <strong>son efficacit\u00e9 prouv\u00e9e<\/strong>.<br \/>\n\u2714 <strong>Absorption am\u00e9lior\u00e9e<\/strong> \u2013 <strong>2000 % meilleure biodisponibilit\u00e9<\/strong> que le curcuma standard.<br \/>\n\u2714 <strong>Haute puissance<\/strong> \u2013 <strong>1000 mg par portion<\/strong> , avec <strong>95 % de curcumino\u00efdes<\/strong> pour un maximum de b\u00e9n\u00e9fices.<br \/>\n\u2714 <strong>Trusted Quality<\/strong> \u2013 Fabriqu\u00e9 aux \u00c9tats-Unis par <strong>Kirkland Signature<\/strong>, un leader des compl\u00e9ments haut de gamme.<\/p>\n<p>&nbsp;<\/p>\n<p><strong>Id\u00e9al pour :<\/strong><\/p>\n<p>\ud83e\uddb5 <strong>Personnes souffrant de douleurs ou de raideurs<\/strong><br \/>\n <strong>articulaires Personnes cherchant un soutien<\/strong><br \/>\n\ud83e\udde0 anti-inflammatoire naturel <strong>Personnes cherchant \u00e0 am\u00e9liorer la sant\u00e9<\/strong><br \/>\n\ud83c\udf3f du cerveau et du c\u0153ur <strong>Personnes soutenant la digestion et la fonction h\u00e9patique<\/strong>\ud83d\udee1\ufe0f<\/p>\n<p>&nbsp;<\/p>\n<p><em>Les compl\u00e9ments ne doivent pas remplacer une alimentation vari\u00e9e et un mode de vie sain. Conservez dans un endroit frais et sec, hors de port\u00e9e des enfants. <\/em><\/p>\n","protected":false},"excerpt":{"rendered":"<p>Un puissant soutien anti-inflammatoire et antioxydant dans chaque capsule ! Kirkland Signature Turmeric d\u00e9livre 1000 mg de complexe\u00ae C3 de curcumine \u00e9tudi\u00e9 cliniquement, standardis\u00e9 \u00e0 95 % de curcumino\u00efdes \u2014 les compos\u00e9s les plus actifs du curcuma. Enrichie avec BioPerine\u00ae (extrait de poivre noir) pour am\u00e9liorer l\u2019absorption jusqu\u2019\u00e0 2000 %, cette formule premium favorise la&#8230;<\/p>\n","protected":false},"featured_media":2969,"template":"","meta":{"_bst_post_transparent":"","_bst_post_title":"","_bst_post_layout":"","_bst_post_sidebar_id":"","_bst_post_content_style":"","_bst_post_vertical_padding":"","_bst_post_feature":"","_bst_post_feature_position":"","_bst_post_header":false,"_bst_post_footer":false},"product_brand":[],"product_cat":[523],"product_tag":[],"product_brands":[],"class_list":{"0":"post-3586","1":"product","2":"type-product","3":"status-publish","4":"has-post-thumbnail","6":"product_cat-vitamines-orales","8":"first","9":"instock","10":"shipping-taxable","11":"purchasable","12":"product-type-simple","13":"entry","14":"content-bg","15":"loop-entry"},"jetpack_sharing_enabled":true,"_links":{"self":[{"href":"https:\/\/ampoules.co.uk\/fr\/wp-json\/wp\/v2\/product\/3586","targetHints":{"allow":["GET"]}}],"collection":[{"href":"https:\/\/ampoules.co.uk\/fr\/wp-json\/wp\/v2\/product"}],"about":[{"href":"https:\/\/ampoules.co.uk\/fr\/wp-json\/wp\/v2\/types\/product"}],"version-history":[{"count":1,"href":"https:\/\/ampoules.co.uk\/fr\/wp-json\/wp\/v2\/product\/3586\/revisions"}],"predecessor-version":[{"id":3603,"href":"https:\/\/ampoules.co.uk\/fr\/wp-json\/wp\/v2\/product\/3586\/revisions\/3603"}],"wp:featuredmedia":[{"embeddable":true,"href":"https:\/\/ampoules.co.uk\/fr\/wp-json\/wp\/v2\/media\/2969"}],"wp:attachment":[{"href":"https:\/\/ampoules.co.uk\/fr\/wp-json\/wp\/v2\/media?parent=3586"}],"wp:term":[{"taxonomy":"product_brand","embeddable":true,"href":"https:\/\/ampoules.co.uk\/fr\/wp-json\/wp\/v2\/product_brand?post=3586"},{"taxonomy":"product_cat","embeddable":true,"href":"https:\/\/ampoules.co.uk\/fr\/wp-json\/wp\/v2\/product_cat?post=3586"},{"taxonomy":"product_tag","embeddable":true,"href":"https:\/\/ampoules.co.uk\/fr\/wp-json\/wp\/v2\/product_tag?post=3586"},{"taxonomy":"product_brands","embeddable":true,"href":"https:\/\/ampoules.co.uk\/fr\/wp-json\/wp\/v2\/product_brands?post=3586"}],"curies":[{"name":"wp","href":"https:\/\/api.w.org\/{rel}","templated":true}]}}