{"id":3556,"date":"2026-04-02T18:54:47","date_gmt":"2026-04-02T18:54:47","guid":{"rendered":"https:\/\/ampoules.co.uk\/product\/omega-ami-de-locean-120-softgels\/"},"modified":"2026-05-14T16:56:48","modified_gmt":"2026-05-14T16:56:48","slug":"omega-ami-de-locean-120-softgels","status":"publish","type":"product","link":"https:\/\/ampoules.co.uk\/fr\/produit\/omega-ami-de-locean-120-softgels\/","title":{"rendered":"Om\u00e9ga Ami de l\u2019Oc\u00e9an &#8211; 120 Softgels"},"content":{"rendered":"<p><strong>Youtheory Ocean Friendly Omega \u2013 Om\u00e9ga-3 durable et v\u00e9g\u00e9tal<\/strong><\/p>\n<p>Un compl\u00e9ment <strong>d\u2019om\u00e9ga-3 100 % v\u00e9g\u00e9tal<\/strong> issu <strong>d\u2019une huile d\u2019algues durable<\/strong>, d\u00e9livrant <strong>770 mg d\u2019acides gras essentiels (DHA et EPA) par portion<\/strong>. Contrairement \u00e0 l\u2019huile de poisson traditionnelle, cette formule <strong>vegan<\/strong> offre tous les bienfaits des om\u00e9ga-3 <strong>sans le go\u00fbt de la p\u00eache ni l\u2019impact environnemental<\/strong>. Con\u00e7u pour soutenir <strong>la sant\u00e9 du c\u0153ur, du cerveau et des yeux<\/strong>, il est <strong>exempt de polluants marins<\/strong>, offrant un choix plus propre et plus \u00e9thique pour votre routine de bien-\u00eatre. De plus, il est offert dans une <strong>bouteille en aluminium infiniment recyclable<\/strong>, refl\u00e9tant l\u2019engagement de Youtheory envers la sant\u00e9 et la durabilit\u00e9.   <\/p>\n<p><strong>Avantages cl\u00e9s<\/strong><\/p>\n<p>\u2705 <strong>Sant\u00e9 cardiaque<\/strong> \u2013 EPA et DHA aident \u00e0 maintenir des taux sains de triglyc\u00e9rides et \u00e0 soutenir la fonction cardiovasculaire.*<br \/>\n \u2705 <strong>Cerveau et M\u00e9moire<\/strong> \u2013 Le DHA favorise la fonction cognitive et la clart\u00e9 mentale.*<br \/>\n \u2705 <strong>Soutien de la vision<\/strong> \u2013 Le DHA contribue \u00e0 la sant\u00e9 oculaire et au d\u00e9veloppement visuel.*<br \/>\n \u2705 <strong>Durable et sans poissons<\/strong> \u2013 D\u00e9riv\u00e9 des <strong>algues (Schizochytrium sp.),<\/strong> la source originale des Om\u00e9ga-3 \u2014 aucune vie marine n\u2019est n\u00e9cessaire.<br \/>\n\u2705 <strong>Pas de rots de poisson<\/strong> \u2013 Digestion douce sans <strong>mercure, microplastiques ou contaminants marins<\/strong>.<br \/>\n\u2705 <strong>Emballage \u00e9cologique<\/strong> \u2013 <strong>Bouteille en aluminium 100 % recyclable<\/strong> pour minimiser les d\u00e9chets plastiques.<\/p>\n<p><strong>Informations nutritionnelles (selon 2 Softgels)<\/strong><\/p>\n<ul>\n<li><strong>Huile d\u2019algues riche en DHA et EPA :<\/strong> 1 480 mg<\/li>\n<li><strong>Om\u00e9ga-3 totaux :<\/strong> 770 mg\n<ul>\n<li><strong>DHA (acide docosahexa\u00e9no\u00efque) :<\/strong> 450 mg<\/li>\n<li><strong>EPA (acide eicosapenta\u00e9no\u00efque) :<\/strong> 140 mg<\/li>\n<\/ul>\n<\/li>\n<\/ul>\n<p><strong>Taille de la portion :<\/strong> 2 softgels<br \/>\n<strong>Portions par contenant :<\/strong> 60<\/p>\n<p>*Valeur quotidienne (DV) non \u00e9tablie pour les om\u00e9ga-3.<\/p>\n<p><strong>Ingr\u00e9dients propres et \u00e0 base de plantes<\/strong><\/p>\n<p>Huile de microalgues riche en DHA et EPA (Schizochytrium sp.), amidon modifi\u00e9, agents de gla\u00e7age (glyc\u00e9rol, carragh\u00e9nane, sorbitol), antioxydant (extrait riche en tocoph\u00e9rol), eau purifi\u00e9e.<\/p>\n<p><strong>Libre de :<\/strong> Poisson, fruits de mer, gluten, soja, produits laitiers, OGM et additifs artificiels.<\/p>\n<p><strong>Utilisation recommand\u00e9e<\/strong><\/p>\n<p><strong>Prenez 2 gels souples par jour<\/strong> avec un repas pour une absorption optimale. Parfait pour les estomacs sensibles \u2014 <strong>pas de souvenir de poisson !<\/strong> <\/p>\n<p><strong>Pourquoi choisir Youtheory Ocean Friendly Omega ?<\/strong><\/p>\n<p>\u2714 <strong>Bioidentique \u00e0 l\u2019huile de poisson<\/strong> \u2013 Les om\u00e9ga-3 \u00e0 base d\u2019algues offrent <strong>une absorption sup\u00e9rieure<\/strong> sans provenance marine.<br \/>\n\u2714 <strong>Pur et sans contaminants<\/strong> \u2013 Pas de m\u00e9taux lourds (mercure, plomb) ni de polluants marins.<br \/>\n\u2714 <strong>Vegan &amp; Planet Safe<\/strong> \u2013 Soutient une <strong>nutrition durable<\/strong> sans nuire aux \u00e9cosyst\u00e8mes marins.<br \/>\n\u2714 <strong>Approvisionnement de 60 jours<\/strong> \u2013 Soutien pratique \u00e0 long terme pour le c\u0153ur, le cerveau et la vision.<\/p>\n<p><strong>Qualit\u00e9 garantie<\/strong><\/p>\n<ul>\n<li><strong>Test\u00e9 par un tiers<\/strong> pour la puret\u00e9 et la puissance.<\/li>\n<li><strong>Projet non-OGM v\u00e9rifi\u00e9.<\/strong><\/li>\n<\/ul>\n<p><strong>Id\u00e9al pour :<\/strong><\/p>\n<p>\ud83c\udf31 <strong>V\u00e9gans et v\u00e9g\u00e9tariens<\/strong> \u00e0 la recherche d\u2019un om\u00e9ga-3 sans poisson.<br \/>\n\ud83c\udf0d <strong>Des consommateurs \u00e9co-responsables<\/strong> qui valorisent la durabilit\u00e9.<br \/>\n\u26a0\ufe0f <strong>Ceux qui ont des allergies ou des sensibilit\u00e9s aux fruits de mer<\/strong> .<br \/>\n\ud83d\udca1 <strong>Quiconque<\/strong> cherche un <strong>soutien c\u0153ur et c\u00e9r\u00e9bral propre et efficace<\/strong> .<\/p>\n<p><strong>Nourrissez votre corps et prot\u00e9gez les oc\u00e9ans \u2014 naturellement !<\/strong><\/p>\n","protected":false},"excerpt":{"rendered":"<p>Youtheory Ocean Friendly Omega \u2013 Om\u00e9ga-3 durable et v\u00e9g\u00e9tal Un compl\u00e9ment d\u2019om\u00e9ga-3 100 % v\u00e9g\u00e9tal issu d\u2019une huile d\u2019algues durable, d\u00e9livrant 770 mg d\u2019acides gras essentiels (DHA et EPA) par portion. Contrairement \u00e0 l\u2019huile de poisson traditionnelle, cette formule vegan offre tous les bienfaits des om\u00e9ga-3 sans le go\u00fbt de la p\u00eache ni l\u2019impact environnemental&#8230;.<\/p>\n","protected":false},"featured_media":2946,"template":"","meta":{"_bst_post_transparent":"","_bst_post_title":"","_bst_post_layout":"","_bst_post_sidebar_id":"","_bst_post_content_style":"","_bst_post_vertical_padding":"","_bst_post_feature":"","_bst_post_feature_position":"","_bst_post_header":false,"_bst_post_footer":false},"product_brand":[],"product_cat":[523],"product_tag":[542,541],"product_brands":[],"class_list":{"0":"post-3556","1":"product","2":"type-product","3":"status-publish","4":"has-post-thumbnail","6":"product_cat-vitamines-orales","7":"product_tag-a-base-de-plantes","8":"product_tag-omega","10":"first","11":"instock","12":"sale","13":"shipping-taxable","14":"purchasable","15":"product-type-simple","16":"entry","17":"content-bg","18":"loop-entry"},"jetpack_sharing_enabled":true,"_links":{"self":[{"href":"https:\/\/ampoules.co.uk\/fr\/wp-json\/wp\/v2\/product\/3556","targetHints":{"allow":["GET"]}}],"collection":[{"href":"https:\/\/ampoules.co.uk\/fr\/wp-json\/wp\/v2\/product"}],"about":[{"href":"https:\/\/ampoules.co.uk\/fr\/wp-json\/wp\/v2\/types\/product"}],"version-history":[{"count":1,"href":"https:\/\/ampoules.co.uk\/fr\/wp-json\/wp\/v2\/product\/3556\/revisions"}],"predecessor-version":[{"id":3564,"href":"https:\/\/ampoules.co.uk\/fr\/wp-json\/wp\/v2\/product\/3556\/revisions\/3564"}],"wp:featuredmedia":[{"embeddable":true,"href":"https:\/\/ampoules.co.uk\/fr\/wp-json\/wp\/v2\/media\/2946"}],"wp:attachment":[{"href":"https:\/\/ampoules.co.uk\/fr\/wp-json\/wp\/v2\/media?parent=3556"}],"wp:term":[{"taxonomy":"product_brand","embeddable":true,"href":"https:\/\/ampoules.co.uk\/fr\/wp-json\/wp\/v2\/product_brand?post=3556"},{"taxonomy":"product_cat","embeddable":true,"href":"https:\/\/ampoules.co.uk\/fr\/wp-json\/wp\/v2\/product_cat?post=3556"},{"taxonomy":"product_tag","embeddable":true,"href":"https:\/\/ampoules.co.uk\/fr\/wp-json\/wp\/v2\/product_tag?post=3556"},{"taxonomy":"product_brands","embeddable":true,"href":"https:\/\/ampoules.co.uk\/fr\/wp-json\/wp\/v2\/product_brands?post=3556"}],"curies":[{"name":"wp","href":"https:\/\/api.w.org\/{rel}","templated":true}]}}