{"id":3537,"date":"2026-04-02T18:54:47","date_gmt":"2026-04-02T18:54:47","guid":{"rendered":"https:\/\/ampoules.co.uk\/product\/zinc-ultra-fort-50-mg-300-comprimes\/"},"modified":"2026-05-14T16:56:47","modified_gmt":"2026-05-14T16:56:47","slug":"zinc-ultra-fort-50-mg-300-comprimes","status":"publish","type":"product","link":"https:\/\/ampoules.co.uk\/fr\/produit\/zinc-ultra-fort-50-mg-300-comprimes\/","title":{"rendered":"Zinc Ultra Fort 50 mg &#8211; 300 comprim\u00e9s"},"content":{"rendered":"<p><strong>Jamieson Zinc Ultra Fort 50mg \u2013 Soutien immunitaire et cutan\u00e9 \u00e0 haute puissance<\/strong><\/p>\n<p>Un <strong>puissant suppl\u00e9ment de zinc de 50 mg<\/strong> con\u00e7u pour renforcer l\u2019immunit\u00e9, stimuler le m\u00e9tabolisme et favoriser la sant\u00e9 de la peau. Chaque comprim\u00e9 d\u00e9livre du <strong>zinc hautement absorbable (sous forme de gluconate de zinc),<\/strong> un min\u00e9ral crucial impliqu\u00e9 dans <strong>plus de 300 r\u00e9actions enzymatiques<\/strong> dans l\u2019organisme. Cette <strong>formule v\u00e9g\u00e9tarienne<\/strong> est <strong>exempte de gluten, de g\u00e9latine et de lactose<\/strong>, ce qui en fait un choix id\u00e9al pour des besoins alimentaires vari\u00e9s. Que vous cherchiez <strong>\u00e0 renforcer vos d\u00e9fenses immunitaires, \u00e0 soutenir le m\u00e9tabolisme des nutriments ou \u00e0 maintenir une peau \u00e9clatante<\/strong>, Jamieson Zinc Ultra Strength offre une <strong>solution fiable et fond\u00e9e sur la science<\/strong>.   <\/p>\n<p>&nbsp;<\/p>\n<p><strong>Avantages cl\u00e9s<\/strong><\/p>\n<p>\ud83d\udee1\ufe0f <strong>D\u00e9fense immunitaire<\/strong> \u2013 Le zinc est essentiel pour un <strong>syst\u00e8me immunitaire fort et r\u00e9actif<\/strong>.<br \/>\n\u26a1 <strong>Soutien m\u00e9tabolique<\/strong> \u2013 Aide \u00e0 m\u00e9taboliser <strong>efficacement les glucides, les graisses et les prot\u00e9ines<\/strong> pour produire de l\u2019\u00e9nergie.<br \/>\n\u2728 <strong>Sant\u00e9 de la peau<\/strong> \u2013 Favorise la production de collag\u00e8ne et <strong>soutient la cicatrisation des plaies<\/strong>.<br \/>\n\ud83d\udee1\ufe0f <strong>Protection antioxydante<\/strong> \u2013 Aide <strong>\u00e0 combattre le stress oxydatif<\/strong> et les dommages caus\u00e9s par les radicaux libres.<br \/>\n\ud83c\udf31 <strong>V\u00e9g\u00e9tarienne et accueillante des allergies<\/strong> \u2013 Pas d\u2019ingr\u00e9dients d\u2019origine animale, de gluten ou de lactose.<\/p>\n<p><strong>Informations nutritionnelles (par 1 comprim\u00e9)<\/strong><\/p>\n<ul>\n<li><strong>Zinc (sous forme de gluconate de zinc) :<\/strong> 50 mg (<strong>500 % NRV<\/strong>*)<\/li>\n<\/ul>\n<p>*NRV (Valeur de r\u00e9f\u00e9rence nutrimentaire) bas\u00e9e sur un r\u00e9gime de 2000 calories.<\/p>\n<p>&nbsp;<\/p>\n<p><strong>Ingr\u00e9dients propres et simples<\/strong><\/p>\n<p>Gluconate de zinc, cellulose microcristalline (agent de volume), croscarmellose sodique (d\u00e9sint\u00e9grant), magn\u00e9sium v\u00e9g\u00e9tal st\u00e9arate (agent anti-agrippant), dioxyde de silicium (agent anti-comprimant).<\/p>\n<p>&nbsp;<\/p>\n<p><strong>Libre de :<\/strong> Gluten, g\u00e9latine, lactose, colorants artificiels et conservateurs.<\/p>\n<p>&nbsp;<\/p>\n<p><strong>Utilisation recommand\u00e9e<\/strong><\/p>\n<p>Prenez <strong>1 comprim\u00e9 par jour<\/strong> avec un repas, ou selon les recommandations d\u2019un professionnel de sant\u00e9.<\/p>\n<p>\u26a0\ufe0f <strong>Ne d\u00e9passez pas<\/strong> la dose recommand\u00e9e sauf indication d\u2019un m\u00e9decin.<\/p>\n<p>&nbsp;<\/p>\n<p><strong>Pourquoi choisir Jamieson Zinc Ultra Strength ?<\/strong><\/p>\n<p>\u2714 <strong>Hautement biodisponible<\/strong> \u2013 Le gluconate de zinc assure <strong>une absorption optimale<\/strong>.<br \/>\n\u2714 <strong>Approvisionnement en comprim\u00e9s 300<\/strong> \u2013 Soutien durable pour <strong>le bien-\u00eatre quotidien<\/strong>.<br \/>\n\u2714 <strong>Qualit\u00e9 de confiance<\/strong> \u2013 Fabriqu\u00e9 au <strong>Canada<\/strong> selon des normes de fabrication strictes.<br \/>\n\u2714 <strong>Test\u00e9 par un tiers<\/strong> \u2013 V\u00e9rifi\u00e9 pour <strong>la puret\u00e9 et la puissance<\/strong>.<br \/>\n\u2714 <strong>Sans cruaut\u00e9<\/strong> \u2013 <strong>Pas de tests sur les animaux<\/strong> \u2014 \u00e9thique et durable.<\/p>\n<p>&nbsp;<\/p>\n<p><strong>Id\u00e9al pour :<\/strong><\/p>\n<p>\ud83e\udda0 <strong>Renforcer l\u2019immunit\u00e9<\/strong> pendant la saison<br \/>\n\u26a1 du rhume et de la <strong>grippe Am\u00e9liorer le m\u00e9tabolisme et la production<\/strong><br \/>\n\ud83c\udf1f d\u2019\u00e9nergie <strong>Favoriser une peau<\/strong><br \/>\n\ud83c\udf31 claire et saine <strong>Les v\u00e9g\u00e9tariens et ceux qui ont des restrictions alimentaires<\/strong><\/p>\n<p>&nbsp;<\/p>\n<p><em>Les compl\u00e9ments alimentaires ne doivent pas remplacer une alimentation vari\u00e9e et un mode de vie sain. Ne d\u00e9passez pas la dose recommand\u00e9e. <\/em><\/p>\n","protected":false},"excerpt":{"rendered":"<p>Jamieson Zinc Ultra Fort 50mg \u2013 Soutien immunitaire et cutan\u00e9 \u00e0 haute puissance Un puissant suppl\u00e9ment de zinc de 50 mg con\u00e7u pour renforcer l\u2019immunit\u00e9, stimuler le m\u00e9tabolisme et favoriser la sant\u00e9 de la peau. Chaque comprim\u00e9 d\u00e9livre du zinc hautement absorbable (sous forme de gluconate de zinc), un min\u00e9ral crucial impliqu\u00e9 dans plus de&#8230;<\/p>\n","protected":false},"featured_media":2357,"template":"","meta":{"_bst_post_transparent":"","_bst_post_title":"","_bst_post_layout":"","_bst_post_sidebar_id":"","_bst_post_content_style":"","_bst_post_vertical_padding":"","_bst_post_feature":"","_bst_post_feature_position":"","_bst_post_header":false,"_bst_post_footer":false},"product_brand":[],"product_cat":[523],"product_tag":[],"product_brands":[],"class_list":{"0":"post-3537","1":"product","2":"type-product","3":"status-publish","4":"has-post-thumbnail","6":"product_cat-vitamines-orales","8":"first","9":"instock","10":"shipping-taxable","11":"purchasable","12":"product-type-simple","13":"entry","14":"content-bg","15":"loop-entry"},"jetpack_sharing_enabled":true,"_links":{"self":[{"href":"https:\/\/ampoules.co.uk\/fr\/wp-json\/wp\/v2\/product\/3537","targetHints":{"allow":["GET"]}}],"collection":[{"href":"https:\/\/ampoules.co.uk\/fr\/wp-json\/wp\/v2\/product"}],"about":[{"href":"https:\/\/ampoules.co.uk\/fr\/wp-json\/wp\/v2\/types\/product"}],"version-history":[{"count":1,"href":"https:\/\/ampoules.co.uk\/fr\/wp-json\/wp\/v2\/product\/3537\/revisions"}],"predecessor-version":[{"id":3541,"href":"https:\/\/ampoules.co.uk\/fr\/wp-json\/wp\/v2\/product\/3537\/revisions\/3541"}],"wp:featuredmedia":[{"embeddable":true,"href":"https:\/\/ampoules.co.uk\/fr\/wp-json\/wp\/v2\/media\/2357"}],"wp:attachment":[{"href":"https:\/\/ampoules.co.uk\/fr\/wp-json\/wp\/v2\/media?parent=3537"}],"wp:term":[{"taxonomy":"product_brand","embeddable":true,"href":"https:\/\/ampoules.co.uk\/fr\/wp-json\/wp\/v2\/product_brand?post=3537"},{"taxonomy":"product_cat","embeddable":true,"href":"https:\/\/ampoules.co.uk\/fr\/wp-json\/wp\/v2\/product_cat?post=3537"},{"taxonomy":"product_tag","embeddable":true,"href":"https:\/\/ampoules.co.uk\/fr\/wp-json\/wp\/v2\/product_tag?post=3537"},{"taxonomy":"product_brands","embeddable":true,"href":"https:\/\/ampoules.co.uk\/fr\/wp-json\/wp\/v2\/product_brands?post=3537"}],"curies":[{"name":"wp","href":"https:\/\/api.w.org\/{rel}","templated":true}]}}