{"id":3494,"date":"2026-04-02T18:54:46","date_gmt":"2026-04-02T18:54:46","guid":{"rendered":"https:\/\/ampoules.co.uk\/product\/outil-douverture-dampoule\/"},"modified":"2026-05-14T16:56:44","modified_gmt":"2026-05-14T16:56:44","slug":"outil-douverture-dampoule","status":"publish","type":"product","link":"https:\/\/ampoules.co.uk\/fr\/produit\/outil-douverture-dampoule\/","title":{"rendered":"Outil d\u2019ouverture d\u2019ampoule"},"content":{"rendered":"<p><strong>Outil d\u2019ouverture d\u2019ampoule efficace et s\u00fbr pour un usage m\u00e9dical<\/strong><\/p>\n<p>Con\u00e7u pour r\u00e9pondre aux exigences des environnements m\u00e9dicaux tr\u00e8s fr\u00e9quent\u00e9s, notre ouvre-au-culotte offre un moyen pratique et fiable pour les professionnels de sant\u00e9 d\u2019ouvrir rapidement les ampoules en verre. Construit \u00e0 partir de mat\u00e9riaux durables mais l\u00e9gers et de haute qualit\u00e9, cet outil essentiel dispose d\u2019un molle de coupe de pr\u00e9cision qui assure une s\u00e9paration compl\u00e8te et propre de l\u2019ampoule. Sa conception intuitive n\u00e9cessite une formation minimale, ce qui en fait un choix id\u00e9al pour les m\u00e9decins, infirmiers et pharmaciens recherchant efficacit\u00e9 et pr\u00e9cision.  <\/p>\n<p>&nbsp;<\/p>\n<p><strong>Caract\u00e9ristiques cl\u00e9s :<\/strong><\/p>\n<ul>\n<li><strong>Mat\u00e9riel de haute qualit\u00e9 :<\/strong> Garantit une durabilit\u00e9 durable et des performances fiables.<\/li>\n<li><strong>Couleur :<\/strong> Disponible exclusivement en blanc.<\/li>\n<li><strong>Taille compacte :<\/strong> Dimensions de 2,55 x 0,59 x 0,59 pouces (6,50 x 1,50 x 1,50 cm) pour une manipulation et un stockage faciles.<\/li>\n<li><strong>Fabrication de pr\u00e9cision :<\/strong> Am\u00e9liore la stabilit\u00e9 et la fiabilit\u00e9 de l\u2019ouvre-porte pour une utilisation r\u00e9guli\u00e8re.<\/li>\n<li><strong>Adapt\u00e9 \u00e0 la st\u00e9rilisation :<\/strong> Con\u00e7u pour une st\u00e9rilisation facile, contribuant \u00e0 un environnement clinique plus s\u00fbr.<\/li>\n<li><strong>Outil essentiel de sant\u00e9 :<\/strong> Facilite un acc\u00e8s rapide et s\u00e9curis\u00e9 aux m\u00e9dicaments dans les milieux hospitaliers et cliniques.<\/li>\n<li><strong>Conception conviviale :<\/strong> Con\u00e7ue de fa\u00e7on intuitive pour une coupe pr\u00e9cise d\u2019ampoule en verre avec un minimum d\u2019accompagnement utilisateur.<\/li>\n<\/ul>\n<p>&nbsp;<\/p>\n<p><strong>Ce qui est inclus :<\/strong> Un ouvre-ampoule.<\/p>\n<p>&nbsp;<\/p>\n<p>Notre ouvre-ampoule combine fonctionnalit\u00e9, durabilit\u00e9 et s\u00e9curit\u00e9 pour optimiser l\u2019acc\u00e8s aux m\u00e9dicaments pour les professionnels de sant\u00e9 dans divers contextes cliniques, garantissant efficacit\u00e9 et pr\u00e9cision dans leur flux de travail quotidien.<\/p>\n","protected":false},"excerpt":{"rendered":"<p>Outil d\u2019ouverture d\u2019ampoule efficace et s\u00fbr pour un usage m\u00e9dical Con\u00e7u pour r\u00e9pondre aux exigences des environnements m\u00e9dicaux tr\u00e8s fr\u00e9quent\u00e9s, notre ouvre-au-culotte offre un moyen pratique et fiable pour les professionnels de sant\u00e9 d\u2019ouvrir rapidement les ampoules en verre. Construit \u00e0 partir de mat\u00e9riaux durables mais l\u00e9gers et de haute qualit\u00e9, cet outil essentiel dispose&#8230;<\/p>\n","protected":false},"featured_media":2701,"template":"","meta":{"_bst_post_transparent":"","_bst_post_title":"","_bst_post_layout":"","_bst_post_sidebar_id":"","_bst_post_content_style":"","_bst_post_vertical_padding":"","_bst_post_feature":"","_bst_post_feature_position":"","_bst_post_header":false,"_bst_post_footer":false},"product_brand":[],"product_cat":[532],"product_tag":[],"product_brands":[],"class_list":{"0":"post-3494","1":"product","2":"type-product","3":"status-publish","4":"has-post-thumbnail","6":"product_cat-equipement","8":"first","9":"instock","10":"shipping-taxable","11":"purchasable","12":"product-type-simple","13":"entry","14":"content-bg","15":"loop-entry"},"jetpack_sharing_enabled":true,"_links":{"self":[{"href":"https:\/\/ampoules.co.uk\/fr\/wp-json\/wp\/v2\/product\/3494","targetHints":{"allow":["GET"]}}],"collection":[{"href":"https:\/\/ampoules.co.uk\/fr\/wp-json\/wp\/v2\/product"}],"about":[{"href":"https:\/\/ampoules.co.uk\/fr\/wp-json\/wp\/v2\/types\/product"}],"version-history":[{"count":1,"href":"https:\/\/ampoules.co.uk\/fr\/wp-json\/wp\/v2\/product\/3494\/revisions"}],"predecessor-version":[{"id":3509,"href":"https:\/\/ampoules.co.uk\/fr\/wp-json\/wp\/v2\/product\/3494\/revisions\/3509"}],"wp:featuredmedia":[{"embeddable":true,"href":"https:\/\/ampoules.co.uk\/fr\/wp-json\/wp\/v2\/media\/2701"}],"wp:attachment":[{"href":"https:\/\/ampoules.co.uk\/fr\/wp-json\/wp\/v2\/media?parent=3494"}],"wp:term":[{"taxonomy":"product_brand","embeddable":true,"href":"https:\/\/ampoules.co.uk\/fr\/wp-json\/wp\/v2\/product_brand?post=3494"},{"taxonomy":"product_cat","embeddable":true,"href":"https:\/\/ampoules.co.uk\/fr\/wp-json\/wp\/v2\/product_cat?post=3494"},{"taxonomy":"product_tag","embeddable":true,"href":"https:\/\/ampoules.co.uk\/fr\/wp-json\/wp\/v2\/product_tag?post=3494"},{"taxonomy":"product_brands","embeddable":true,"href":"https:\/\/ampoules.co.uk\/fr\/wp-json\/wp\/v2\/product_brands?post=3494"}],"curies":[{"name":"wp","href":"https:\/\/api.w.org\/{rel}","templated":true}]}}