{"id":3463,"date":"2026-04-02T18:54:46","date_gmt":"2026-04-02T18:54:46","guid":{"rendered":"https:\/\/ampoules.co.uk\/product\/vitamine-d3-300-000-i-u-ml-ampoule\/"},"modified":"2026-05-14T16:56:41","modified_gmt":"2026-05-14T16:56:41","slug":"vitamine-d3-300-000-i-u-ml-ampoule","status":"publish","type":"product","link":"https:\/\/ampoules.co.uk\/fr\/produit\/vitamine-d3-300-000-i-u-ml-ampoule\/","title":{"rendered":"Vitamine D3 300 000 I.U.\/ml ampoule"},"content":{"rendered":"<p><strong>Suppl\u00e9ment de vitamine D3<\/strong> (300 000 UI par ampoule de 1 mL) <strong>Pour une administration professionnelle.<\/strong><\/p>\n<p>&nbsp;<\/p>\n<p><strong>Conseils d\u2019utilisation :<\/strong><br \/>\nCe compl\u00e9ment est <strong>destin\u00e9 \u00e0 \u00eatre utilis\u00e9 sous la supervision d\u2019un professionnel de sant\u00e9 qualifi\u00e9<\/strong> afin d\u2019assurer un dosage et une administration appropri\u00e9s.<\/p>\n<p>&nbsp;<\/p>\n<p><strong>D\u00e9tails de l\u2019emballage :<\/strong><br \/>\nChaque bo\u00eete contient une ampoule de 1 mL de <strong>vitamine D3 \u00e0 une concentration de 300 000 UI\/mL.<\/strong><\/p>\n<p>&nbsp;<\/p>\n<p><strong>Avis important :<\/strong><\/p>\n<ul>\n<li>Ce produit est <strong>destin\u00e9 uniquement \u00e0 un usage professionnel.<\/strong><\/li>\n<li>Consultez votre professionnel de sant\u00e9 avant utilisation, surtout si vous avez des probl\u00e8mes m\u00e9dicaux ou si vous prenez d\u2019autres m\u00e9dicaments.<\/li>\n<li>Pas pour l\u2019autogestion.<\/li>\n<\/ul>\n<p>&nbsp;<\/p>\n<p><strong>Instructions de stockage :<\/strong><br \/>\nConserver en dessous de 25\u00b0C, prot\u00e9ger de la lumi\u00e8re et du gel. Restez hors de port\u00e9e des enfants. <\/p>\n<p>&nbsp;<\/p>\n<p><strong>Fabriqu\u00e9 dans :<\/strong> T\u00fcrkiye<\/p>\n<p>&nbsp;<\/p>\n<p><strong>Avertissement :<\/strong><br \/>\n<em>Ce produit est un compl\u00e9ment alimentaire et n\u2019a pas pour but de diagnostiquer, traiter, gu\u00e9rir ou pr\u00e9venir une quelconque maladie. Les informations fournies sont \u00e0 titre \u00e9ducatif uniquement et ne doivent pas remplacer les conseils m\u00e9dicaux professionnels. Consultez toujours un professionnel de sant\u00e9 avant de commencer un nouveau traitement de compl\u00e9ments.  <\/em><\/p>\n","protected":false},"excerpt":{"rendered":"<p>Suppl\u00e9ment de vitamine D3 (300 000 UI par ampoule de 1 mL) Pour une administration professionnelle. &nbsp; Conseils d\u2019utilisation : Ce compl\u00e9ment est destin\u00e9 \u00e0 \u00eatre utilis\u00e9 sous la supervision d\u2019un professionnel de sant\u00e9 qualifi\u00e9 afin d\u2019assurer un dosage et une administration appropri\u00e9s. &nbsp; D\u00e9tails de l\u2019emballage : Chaque bo\u00eete contient une ampoule de 1&#8230;<\/p>\n","protected":false},"featured_media":2716,"template":"","meta":{"_bst_post_transparent":"","_bst_post_title":"","_bst_post_layout":"","_bst_post_sidebar_id":"","_bst_post_content_style":"","_bst_post_vertical_padding":"","_bst_post_feature":"","_bst_post_feature_position":"","_bst_post_header":false,"_bst_post_footer":false},"product_brand":[],"product_cat":[529],"product_tag":[],"product_brands":[],"class_list":{"0":"post-3463","1":"product","2":"type-product","3":"status-publish","4":"has-post-thumbnail","6":"product_cat-ampoules","8":"first","9":"instock","10":"sale","11":"featured","12":"purchasable","13":"product-type-simple","14":"entry","15":"content-bg","16":"loop-entry"},"jetpack_sharing_enabled":true,"_links":{"self":[{"href":"https:\/\/ampoules.co.uk\/fr\/wp-json\/wp\/v2\/product\/3463","targetHints":{"allow":["GET"]}}],"collection":[{"href":"https:\/\/ampoules.co.uk\/fr\/wp-json\/wp\/v2\/product"}],"about":[{"href":"https:\/\/ampoules.co.uk\/fr\/wp-json\/wp\/v2\/types\/product"}],"version-history":[{"count":1,"href":"https:\/\/ampoules.co.uk\/fr\/wp-json\/wp\/v2\/product\/3463\/revisions"}],"predecessor-version":[{"id":3468,"href":"https:\/\/ampoules.co.uk\/fr\/wp-json\/wp\/v2\/product\/3463\/revisions\/3468"}],"wp:featuredmedia":[{"embeddable":true,"href":"https:\/\/ampoules.co.uk\/fr\/wp-json\/wp\/v2\/media\/2716"}],"wp:attachment":[{"href":"https:\/\/ampoules.co.uk\/fr\/wp-json\/wp\/v2\/media?parent=3463"}],"wp:term":[{"taxonomy":"product_brand","embeddable":true,"href":"https:\/\/ampoules.co.uk\/fr\/wp-json\/wp\/v2\/product_brand?post=3463"},{"taxonomy":"product_cat","embeddable":true,"href":"https:\/\/ampoules.co.uk\/fr\/wp-json\/wp\/v2\/product_cat?post=3463"},{"taxonomy":"product_tag","embeddable":true,"href":"https:\/\/ampoules.co.uk\/fr\/wp-json\/wp\/v2\/product_tag?post=3463"},{"taxonomy":"product_brands","embeddable":true,"href":"https:\/\/ampoules.co.uk\/fr\/wp-json\/wp\/v2\/product_brands?post=3463"}],"curies":[{"name":"wp","href":"https:\/\/api.w.org\/{rel}","templated":true}]}}