{"id":3450,"date":"2026-04-02T18:54:46","date_gmt":"2026-04-02T18:54:46","guid":{"rendered":"https:\/\/ampoules.co.uk\/product\/creme-anesthesiante-topique-xyla-p-30g\/"},"modified":"2026-05-14T16:56:40","modified_gmt":"2026-05-14T16:56:40","slug":"creme-anesthesiante-topique-xyla-p-30g","status":"publish","type":"product","link":"https:\/\/ampoules.co.uk\/fr\/produit\/creme-anesthesiante-topique-xyla-p-30g\/","title":{"rendered":"Cr\u00e8me anesth\u00e9siante topique Xyla-P \u2013 30g"},"content":{"rendered":"<p>Ressentez un soulagement rapide et temporaire de la douleur et de l\u2019inconfort avec Xyla-P. Cette cr\u00e8me anesth\u00e9sique topique haut de gamme contient une formulation \u00e9quilibr\u00e9e de lidoca\u00efne (2,5 %) et priloca\u00efne (2,5 %), con\u00e7ue pour un usage externe efficace. <\/p>\n<p>&nbsp;<\/p>\n<p><strong>Caract\u00e9ristiques cl\u00e9s :<\/strong><\/p>\n<ul>\n<li><strong>D\u00e9but rapide de l\u2019action :<\/strong> La formule engourdit rapidement la peau pour offrir un soulagement rapide.<\/li>\n<li><strong>Action Synergique Double :<\/strong> La combinaison de lidoca\u00efne et de priloca\u00efne renforce l\u2019effet anesth\u00e9sique pour des r\u00e9sultats optimaux.<\/li>\n<li><strong>Emballage convivial :<\/strong> Fourni dans un tube de 30 g pour une application et un stockage pratiques.<\/li>\n<\/ul>\n<p>&nbsp;<\/p>\n<p><strong>Instructions d\u2019utilisation :<\/strong> Appliquez Xyla-P directement sur la peau affect\u00e9e comme indiqu\u00e9. \u00c9vitez le contact avec les yeux et la bouche. Ne pas appliquer sur la peau ab\u00eem\u00e9e ou les plaies ouvertes. Adapt\u00e9 aux adultes et aux enfants de plus de 3 ans. Assurez-vous que le tube est bien ferm\u00e9 apr\u00e8s chaque application pour pr\u00e9server l\u2019int\u00e9grit\u00e9 du produit.    <\/p>\n<p>&nbsp;<\/p>\n<p><strong>Directives de stockage :<\/strong> Conserver sous 30\u00b0C.  Tenez ce produit hors de port\u00e9e et de la vue des enfants. <\/p>\n<p>&nbsp;<\/p>\n<p><strong>Avertissements importants :<\/strong> Pas adapt\u00e9 aux enfants de moins de 3 ans. \u00c9vitez d\u2019appliquer les zones sensibles autour des yeux et de la bouche. Pour un usage externe uniquement. N\u2019utilisez pas Xyla-P si vous avez une allergie connue \u00e0 la lidoca\u00efne ou \u00e0 d\u2019autres ingr\u00e9dients de la cr\u00e8me. Il est conseill\u00e9 de consulter un m\u00e9decin ou un pharmacien avant d\u2019utiliser ce m\u00e9dicament si vous avez des affections cardiaques ou h\u00e9patiques pr\u00e9existantes ou si vous souffrez d\u2019\u00e9pilepsie.    <\/p>\n<p>&nbsp;<\/p>\n<p><strong>Note :<\/strong> Les informations fournies ici sont \u00e0 but \u00e9ducatif uniquement et ne doivent pas \u00eatre consid\u00e9r\u00e9es comme un substitut \u00e0 un avis m\u00e9dical professionnel.<\/p>\n","protected":false},"excerpt":{"rendered":"<p>Ressentez un soulagement rapide et temporaire de la douleur et de l\u2019inconfort avec Xyla-P. Cette cr\u00e8me anesth\u00e9sique topique haut de gamme contient une formulation \u00e9quilibr\u00e9e de lidoca\u00efne (2,5 %) et priloca\u00efne (2,5 %), con\u00e7ue pour un usage externe efficace. &nbsp; Caract\u00e9ristiques cl\u00e9s : D\u00e9but rapide de l\u2019action : La formule engourdit rapidement la peau pour&#8230;<\/p>\n","protected":false},"featured_media":2507,"template":"","meta":{"_bst_post_transparent":"","_bst_post_title":"","_bst_post_layout":"","_bst_post_sidebar_id":"","_bst_post_content_style":"","_bst_post_vertical_padding":"","_bst_post_feature":"","_bst_post_feature_position":"","_bst_post_header":false,"_bst_post_footer":false},"product_brand":[],"product_cat":[532],"product_tag":[],"product_brands":[],"class_list":{"0":"post-3450","1":"product","2":"type-product","3":"status-publish","4":"has-post-thumbnail","6":"product_cat-equipement","8":"first","9":"instock","10":"sale","11":"featured","12":"purchasable","13":"product-type-simple","14":"entry","15":"content-bg","16":"loop-entry"},"jetpack_sharing_enabled":true,"_links":{"self":[{"href":"https:\/\/ampoules.co.uk\/fr\/wp-json\/wp\/v2\/product\/3450","targetHints":{"allow":["GET"]}}],"collection":[{"href":"https:\/\/ampoules.co.uk\/fr\/wp-json\/wp\/v2\/product"}],"about":[{"href":"https:\/\/ampoules.co.uk\/fr\/wp-json\/wp\/v2\/types\/product"}],"version-history":[{"count":1,"href":"https:\/\/ampoules.co.uk\/fr\/wp-json\/wp\/v2\/product\/3450\/revisions"}],"predecessor-version":[{"id":3453,"href":"https:\/\/ampoules.co.uk\/fr\/wp-json\/wp\/v2\/product\/3450\/revisions\/3453"}],"wp:featuredmedia":[{"embeddable":true,"href":"https:\/\/ampoules.co.uk\/fr\/wp-json\/wp\/v2\/media\/2507"}],"wp:attachment":[{"href":"https:\/\/ampoules.co.uk\/fr\/wp-json\/wp\/v2\/media?parent=3450"}],"wp:term":[{"taxonomy":"product_brand","embeddable":true,"href":"https:\/\/ampoules.co.uk\/fr\/wp-json\/wp\/v2\/product_brand?post=3450"},{"taxonomy":"product_cat","embeddable":true,"href":"https:\/\/ampoules.co.uk\/fr\/wp-json\/wp\/v2\/product_cat?post=3450"},{"taxonomy":"product_tag","embeddable":true,"href":"https:\/\/ampoules.co.uk\/fr\/wp-json\/wp\/v2\/product_tag?post=3450"},{"taxonomy":"product_brands","embeddable":true,"href":"https:\/\/ampoules.co.uk\/fr\/wp-json\/wp\/v2\/product_brands?post=3450"}],"curies":[{"name":"wp","href":"https:\/\/api.w.org\/{rel}","templated":true}]}}