{"id":3415,"date":"2026-04-02T18:54:46","date_gmt":"2026-04-02T18:54:46","guid":{"rendered":"https:\/\/ampoules.co.uk\/product\/vitamine-e-2-ml-x-5-ampoules-im-300-mg\/"},"modified":"2026-05-14T16:59:27","modified_gmt":"2026-05-14T16:59:27","slug":"vitamine-e-2-ml-x-5-ampoules-im-300-mg","status":"publish","type":"product","link":"https:\/\/ampoules.co.uk\/fr\/produit\/vitamine-e-2-ml-x-5-ampoules-im-300-mg\/","title":{"rendered":"Vitamine E 2 ml x 5 ampoules IM 300 mg"},"content":{"rendered":"<p>Suppl\u00e9ment de V<strong>itamin E<\/strong> (300 mg par ampoule de 2 mL)<\/p>\n<p><strong>Pour un usage professionnel sous supervision m\u00e9dicale.<\/strong><\/p>\n<p>&nbsp;<\/p>\n<p><strong>Conseils d\u2019utilisation :<\/strong><\/p>\n<p>Ce compl\u00e9ment est <strong>destin\u00e9 \u00e0 \u00eatre administr\u00e9 par des professionnels de sant\u00e9 qualifi\u00e9s<\/strong> afin d\u2019assurer un dosage appropri\u00e9 et une bonne s\u00e9curit\u00e9.<\/p>\n<p>&nbsp;<\/p>\n<p><strong>D\u00e9tails de l\u2019emballage :<\/strong><\/p>\n<p>Chaque bo\u00eete contient <strong>cinq ampoules de 2 mL<\/strong>, chacune fournissant <strong>300 mg de vitamine E.<\/strong><\/p>\n<p>&nbsp;<\/p>\n<p><strong>Avis important :<\/strong><\/p>\n<ul>\n<li><strong>Pour un usage professionnel uniquement<\/strong> \u2013 doit \u00eatre administr\u00e9 par du personnel m\u00e9dical form\u00e9.<\/li>\n<li>Consultez votre professionnel de sant\u00e9 avant utilisation, surtout si vous avez des probl\u00e8mes m\u00e9dicaux ou si vous prenez d\u2019autres m\u00e9dicaments.<\/li>\n<li>Pas pour l\u2019autogestion.<\/li>\n<\/ul>\n<p>&nbsp;<\/p>\n<p><strong>Instructions de stockage :<\/strong><\/p>\n<p>Conserver en dessous de 25\u00b0C, prot\u00e9ger de la lumi\u00e8re et du gel. Restez hors de port\u00e9e des enfants. <\/p>\n<p>&nbsp;<\/p>\n<p><strong>Fabriqu\u00e9 dans :<\/strong> T\u00fcrkiye<\/p>\n<p>&nbsp;<\/p>\n<p><strong>Avertissement :<\/strong><\/p>\n<p><em>Ce produit est un compl\u00e9ment alimentaire et n\u2019a pas pour but de diagnostiquer, traiter, gu\u00e9rir ou pr\u00e9venir une quelconque maladie. Les informations fournies sont \u00e0 titre \u00e9ducatif uniquement et ne doivent pas remplacer les conseils m\u00e9dicaux professionnels. Consultez toujours un professionnel de sant\u00e9 avant de commencer un nouveau traitement de compl\u00e9ments.  <\/em><\/p>\n<p>&nbsp;<\/p>\n<p>&nbsp;<\/p>\n<p>&nbsp;<\/p>\n","protected":false},"excerpt":{"rendered":"<p>Suppl\u00e9ment de Vitamin E (300 mg par ampoule de 2 mL) Pour un usage professionnel sous supervision m\u00e9dicale. &nbsp; Conseils d\u2019utilisation : Ce compl\u00e9ment est destin\u00e9 \u00e0 \u00eatre administr\u00e9 par des professionnels de sant\u00e9 qualifi\u00e9s afin d\u2019assurer un dosage appropri\u00e9 et une bonne s\u00e9curit\u00e9. &nbsp; D\u00e9tails de l\u2019emballage : Chaque bo\u00eete contient cinq ampoules de&#8230;<\/p>\n","protected":false},"featured_media":2901,"template":"","meta":{"_bst_post_transparent":"","_bst_post_title":"","_bst_post_layout":"","_bst_post_sidebar_id":"","_bst_post_content_style":"","_bst_post_vertical_padding":"","_bst_post_feature":"","_bst_post_feature_position":"","_bst_post_header":false,"_bst_post_footer":false},"product_brand":[],"product_cat":[529],"product_tag":[],"product_brands":[],"class_list":{"0":"post-3415","1":"product","2":"type-product","3":"status-publish","4":"has-post-thumbnail","6":"product_cat-ampoules","8":"first","9":"instock","10":"shipping-taxable","11":"purchasable","12":"product-type-simple","13":"entry","14":"content-bg","15":"loop-entry"},"jetpack_sharing_enabled":true,"_links":{"self":[{"href":"https:\/\/ampoules.co.uk\/fr\/wp-json\/wp\/v2\/product\/3415","targetHints":{"allow":["GET"]}}],"collection":[{"href":"https:\/\/ampoules.co.uk\/fr\/wp-json\/wp\/v2\/product"}],"about":[{"href":"https:\/\/ampoules.co.uk\/fr\/wp-json\/wp\/v2\/types\/product"}],"version-history":[{"count":1,"href":"https:\/\/ampoules.co.uk\/fr\/wp-json\/wp\/v2\/product\/3415\/revisions"}],"predecessor-version":[{"id":3814,"href":"https:\/\/ampoules.co.uk\/fr\/wp-json\/wp\/v2\/product\/3415\/revisions\/3814"}],"wp:featuredmedia":[{"embeddable":true,"href":"https:\/\/ampoules.co.uk\/fr\/wp-json\/wp\/v2\/media\/2901"}],"wp:attachment":[{"href":"https:\/\/ampoules.co.uk\/fr\/wp-json\/wp\/v2\/media?parent=3415"}],"wp:term":[{"taxonomy":"product_brand","embeddable":true,"href":"https:\/\/ampoules.co.uk\/fr\/wp-json\/wp\/v2\/product_brand?post=3415"},{"taxonomy":"product_cat","embeddable":true,"href":"https:\/\/ampoules.co.uk\/fr\/wp-json\/wp\/v2\/product_cat?post=3415"},{"taxonomy":"product_tag","embeddable":true,"href":"https:\/\/ampoules.co.uk\/fr\/wp-json\/wp\/v2\/product_tag?post=3415"},{"taxonomy":"product_brands","embeddable":true,"href":"https:\/\/ampoules.co.uk\/fr\/wp-json\/wp\/v2\/product_brands?post=3415"}],"curies":[{"name":"wp","href":"https:\/\/api.w.org\/{rel}","templated":true}]}}