{"id":3375,"date":"2026-04-02T18:54:46","date_gmt":"2026-04-02T18:54:46","guid":{"rendered":"https:\/\/ampoules.co.uk\/product\/fer-2ml-x-5-ampoule-im-100mg\/"},"modified":"2026-05-14T16:56:32","modified_gmt":"2026-05-14T16:56:32","slug":"fer-2ml-x-5-ampoule-im-100mg","status":"publish","type":"product","link":"https:\/\/ampoules.co.uk\/fr\/produit\/fer-2ml-x-5-ampoule-im-100mg\/","title":{"rendered":"Fer 2ml x 5 ampoule IM 100mg"},"content":{"rendered":"<p>Je prends<strong>un suppl\u00e9ment de ron<\/strong> (100 mg de fer \u00e9l\u00e9mentaire par ampoule de 2 mL) <strong>uniquement pour l\u2019administration m\u00e9dicale professionnelle.<\/strong><\/p>\n<p>&nbsp;<\/p>\n<p><strong>Conseils administratifs :<\/strong><br \/>\nCe compl\u00e9ment <strong>concentr\u00e9 n\u00e9cessite une supervision m\u00e9dicale professionnelle<\/strong> pour un dosage appropri\u00e9 et des r\u00e9sultats optimaux. La posologie appropri\u00e9e doit \u00eatre d\u00e9termin\u00e9e par un professionnel de sant\u00e9 qualifi\u00e9. <\/p>\n<p>&nbsp;<\/p>\n<p><strong>D\u00e9tails de l\u2019emballage :<\/strong><br \/>\nChaque bo\u00eete contient <strong>cinq ampoules de 2 mL<\/strong>, chacune fournissant <strong>100 mg de fer \u00e9l\u00e9mentaire de qualit\u00e9 pharmaceutique.<\/strong><\/p>\n<p>&nbsp;<\/p>\n<p><strong>Avis important :<\/strong><\/p>\n<ul>\n<li><strong>Pour un usage clinique uniquement sous supervision m\u00e9dicale<\/strong><\/li>\n<li>Doit \u00eatre administr\u00e9 par des professionnels de sant\u00e9 qualifi\u00e9s<\/li>\n<li>Consultation m\u00e9dicale requise avant utilisation, surtout pour les personnes ayant des conditions ou des m\u00e9dicaments existants<\/li>\n<li>La suppl\u00e9mentation en fer doit \u00eatre soigneusement suivie par un m\u00e9decin<\/li>\n<li>Pas pour usage oral ou auto-administration<\/li>\n<\/ul>\n<p>&nbsp;<\/p>\n<p><strong>Instructions de stockage :<\/strong><br \/>\nConserver en dessous de 25\u00b0C, prot\u00e9ger de la lumi\u00e8re et du gel. Restez hors de port\u00e9e des enfants. <\/p>\n<p>&nbsp;<\/p>\n<p><strong>Fabriqu\u00e9 dans :<\/strong> T\u00fcrkiye<\/p>\n<p>&nbsp;<\/p>\n<p><strong>Avertissement :<\/strong><br \/>\n<em>Ce produit est un compl\u00e9ment alimentaire et n\u2019a pas pour but de diagnostiquer, traiter, gu\u00e9rir ou pr\u00e9venir une quelconque maladie. Les informations fournies sont \u00e0 titre \u00e9ducatif uniquement et ne doivent pas remplacer les conseils m\u00e9dicaux professionnels. Consultez toujours un professionnel de sant\u00e9 avant de commencer un nouveau traitement de compl\u00e9ments.  <\/em><\/p>\n","protected":false},"excerpt":{"rendered":"<p>Je prendsun suppl\u00e9ment de ron (100 mg de fer \u00e9l\u00e9mentaire par ampoule de 2 mL) uniquement pour l\u2019administration m\u00e9dicale professionnelle. &nbsp; Conseils administratifs : Ce compl\u00e9ment concentr\u00e9 n\u00e9cessite une supervision m\u00e9dicale professionnelle pour un dosage appropri\u00e9 et des r\u00e9sultats optimaux. La posologie appropri\u00e9e doit \u00eatre d\u00e9termin\u00e9e par un professionnel de sant\u00e9 qualifi\u00e9. &nbsp; D\u00e9tails de&#8230;<\/p>\n","protected":false},"featured_media":2730,"template":"","meta":{"_bst_post_transparent":"","_bst_post_title":"","_bst_post_layout":"","_bst_post_sidebar_id":"","_bst_post_content_style":"","_bst_post_vertical_padding":"","_bst_post_feature":"","_bst_post_feature_position":"","_bst_post_header":false,"_bst_post_footer":false},"product_brand":[],"product_cat":[529],"product_tag":[],"product_brands":[],"class_list":{"0":"post-3375","1":"product","2":"type-product","3":"status-publish","4":"has-post-thumbnail","6":"product_cat-ampoules","8":"first","9":"instock","10":"sale","11":"featured","12":"shipping-taxable","13":"purchasable","14":"product-type-simple","15":"entry","16":"content-bg","17":"loop-entry"},"jetpack_sharing_enabled":true,"_links":{"self":[{"href":"https:\/\/ampoules.co.uk\/fr\/wp-json\/wp\/v2\/product\/3375","targetHints":{"allow":["GET"]}}],"collection":[{"href":"https:\/\/ampoules.co.uk\/fr\/wp-json\/wp\/v2\/product"}],"about":[{"href":"https:\/\/ampoules.co.uk\/fr\/wp-json\/wp\/v2\/types\/product"}],"version-history":[{"count":0,"href":"https:\/\/ampoules.co.uk\/fr\/wp-json\/wp\/v2\/product\/3375\/revisions"}],"wp:featuredmedia":[{"embeddable":true,"href":"https:\/\/ampoules.co.uk\/fr\/wp-json\/wp\/v2\/media\/2730"}],"wp:attachment":[{"href":"https:\/\/ampoules.co.uk\/fr\/wp-json\/wp\/v2\/media?parent=3375"}],"wp:term":[{"taxonomy":"product_brand","embeddable":true,"href":"https:\/\/ampoules.co.uk\/fr\/wp-json\/wp\/v2\/product_brand?post=3375"},{"taxonomy":"product_cat","embeddable":true,"href":"https:\/\/ampoules.co.uk\/fr\/wp-json\/wp\/v2\/product_cat?post=3375"},{"taxonomy":"product_tag","embeddable":true,"href":"https:\/\/ampoules.co.uk\/fr\/wp-json\/wp\/v2\/product_tag?post=3375"},{"taxonomy":"product_brands","embeddable":true,"href":"https:\/\/ampoules.co.uk\/fr\/wp-json\/wp\/v2\/product_brands?post=3375"}],"curies":[{"name":"wp","href":"https:\/\/api.w.org\/{rel}","templated":true}]}}