{"id":3341,"date":"2026-04-02T18:54:46","date_gmt":"2026-04-02T18:54:46","guid":{"rendered":"https:\/\/ampoules.co.uk\/product\/complexe-de-vitamines-b1-b2-b6-avec-niacinamide-et-d-panthenol-2-ml-x-5-ampoules-im\/"},"modified":"2026-05-14T16:59:28","modified_gmt":"2026-05-14T16:59:28","slug":"complexe-de-vitamines-b1-b2-b6-avec-niacinamide-et-d-panthenol-2-ml-x-5-ampoules-im","status":"publish","type":"product","link":"https:\/\/ampoules.co.uk\/fr\/produit\/complexe-de-vitamines-b1-b2-b6-avec-niacinamide-et-d-panthenol-2-ml-x-5-ampoules-im\/","title":{"rendered":"Complexe de vitamines B1, B2, B6 avec niacinamide et D-Panth\u00e9nol (2 ml x 5 ampoules IM)"},"content":{"rendered":"<p><strong>Complexe de vitamines B avec niacinamide et D-Panth\u00e9nol. <\/strong>Ce <strong>compl\u00e9ment professionnel<\/strong> est offert en ampoules de 2 mL. Chaque bo\u00eete contient 5 ampoules. <\/p>\n<p>&nbsp;<\/p>\n<p><strong>Conseils administratifs :<\/strong><br \/>\nCette <strong>formulation \u00e0 haute puissance n\u00e9cessite une supervision m\u00e9dicale professionnelle<\/strong> pour une bonne administration. La posologie doit \u00eatre d\u00e9termin\u00e9e par votre professionnel de sant\u00e9 en fonction des besoins individuels. <\/p>\n<p>&nbsp;<\/p>\n<p><strong>Caract\u00e9ristiques du produit :<\/strong><\/p>\n<ul>\n<li>Chaque bo\u00eete contient cinq ampoules de 2 mL<\/li>\n<li>Contient des comprim\u00e9s de qualit\u00e9 pharmaceutique B1, B2, B6 avec de la niacinamide et du D-Panth\u00e9nol<\/li>\n<li><strong>Pour l\u2019administration clinique uniquement<\/strong><\/li>\n<\/ul>\n<p>&nbsp;<\/p>\n<p><strong>Exigences de stockage :<\/strong><\/p>\n<ul>\n<li>Conserver en dessous de 25\u00b0C<\/li>\n<li>Prot\u00e9gez contre la lumi\u00e8re et le gel<\/li>\n<li>Restez hors de port\u00e9e des enfants<\/li>\n<\/ul>\n<p>&nbsp;<\/p>\n<p><strong>Fabriqu\u00e9 dans :<\/strong> T\u00fcrkiye<\/p>\n<p>&nbsp;<\/p>\n<p><strong>Informations importantes sur la s\u00e9curit\u00e9 :<\/strong><\/p>\n<ul>\n<li><strong>Pour un usage m\u00e9dical professionnel uniquement<\/strong><\/li>\n<li>N\u00e9cessite une administration par des prestataires de soins de sant\u00e9 qualifi\u00e9s<\/li>\n<li>Consultation m\u00e9dicale obligatoire avant utilisation<\/li>\n<li>Pas pour l\u2019auto-administration ou un usage oral<\/li>\n<li>Une prudence particuli\u00e8re requise pour les patients atteints de probl\u00e8mes de sant\u00e9 ou de m\u00e9dicaments<\/li>\n<\/ul>\n<p>&nbsp;<\/p>\n<p><strong>Avertissement :<\/strong><br \/>\n<em>Ce produit est un compl\u00e9ment alimentaire et n\u2019a pas pour but de diagnostiquer, traiter, gu\u00e9rir ou pr\u00e9venir une quelconque maladie. Les informations fournies sont \u00e0 titre \u00e9ducatif uniquement et ne doivent pas remplacer les conseils m\u00e9dicaux professionnels. Consultez toujours un professionnel de sant\u00e9 avant de commencer toute suppl\u00e9mentation.  <\/em><\/p>\n","protected":false},"excerpt":{"rendered":"<p>Complexe de vitamines B avec niacinamide et D-Panth\u00e9nol. Ce compl\u00e9ment professionnel est offert en ampoules de 2 mL. Chaque bo\u00eete contient 5 ampoules. &nbsp; Conseils administratifs : Cette formulation \u00e0 haute puissance n\u00e9cessite une supervision m\u00e9dicale professionnelle pour une bonne administration. La posologie doit \u00eatre d\u00e9termin\u00e9e par votre professionnel de sant\u00e9 en fonction des besoins&#8230;<\/p>\n","protected":false},"featured_media":2713,"template":"","meta":{"_bst_post_transparent":"","_bst_post_title":"","_bst_post_layout":"","_bst_post_sidebar_id":"","_bst_post_content_style":"","_bst_post_vertical_padding":"","_bst_post_feature":"","_bst_post_feature_position":"","_bst_post_header":false,"_bst_post_footer":false},"product_brand":[],"product_cat":[529],"product_tag":[],"product_brands":[],"class_list":{"0":"post-3341","1":"product","2":"type-product","3":"status-publish","4":"has-post-thumbnail","6":"product_cat-ampoules","8":"first","9":"instock","10":"sale","11":"featured","12":"shipping-taxable","13":"purchasable","14":"product-type-simple","15":"entry","16":"content-bg","17":"loop-entry"},"jetpack_sharing_enabled":true,"_links":{"self":[{"href":"https:\/\/ampoules.co.uk\/fr\/wp-json\/wp\/v2\/product\/3341","targetHints":{"allow":["GET"]}}],"collection":[{"href":"https:\/\/ampoules.co.uk\/fr\/wp-json\/wp\/v2\/product"}],"about":[{"href":"https:\/\/ampoules.co.uk\/fr\/wp-json\/wp\/v2\/types\/product"}],"version-history":[{"count":1,"href":"https:\/\/ampoules.co.uk\/fr\/wp-json\/wp\/v2\/product\/3341\/revisions"}],"predecessor-version":[{"id":3817,"href":"https:\/\/ampoules.co.uk\/fr\/wp-json\/wp\/v2\/product\/3341\/revisions\/3817"}],"wp:featuredmedia":[{"embeddable":true,"href":"https:\/\/ampoules.co.uk\/fr\/wp-json\/wp\/v2\/media\/2713"}],"wp:attachment":[{"href":"https:\/\/ampoules.co.uk\/fr\/wp-json\/wp\/v2\/media?parent=3341"}],"wp:term":[{"taxonomy":"product_brand","embeddable":true,"href":"https:\/\/ampoules.co.uk\/fr\/wp-json\/wp\/v2\/product_brand?post=3341"},{"taxonomy":"product_cat","embeddable":true,"href":"https:\/\/ampoules.co.uk\/fr\/wp-json\/wp\/v2\/product_cat?post=3341"},{"taxonomy":"product_tag","embeddable":true,"href":"https:\/\/ampoules.co.uk\/fr\/wp-json\/wp\/v2\/product_tag?post=3341"},{"taxonomy":"product_brands","embeddable":true,"href":"https:\/\/ampoules.co.uk\/fr\/wp-json\/wp\/v2\/product_brands?post=3341"}],"curies":[{"name":"wp","href":"https:\/\/api.w.org\/{rel}","templated":true}]}}