{"id":3245,"date":"2026-04-02T18:54:47","date_gmt":"2026-04-02T18:54:47","guid":{"rendered":"https:\/\/ampoules.co.uk\/product\/vitamine-c-500-mg-500-comprimes-a-macher\/"},"modified":"2026-05-14T16:54:48","modified_gmt":"2026-05-14T16:54:48","slug":"vitamine-c-500-mg-500-comprimes-a-macher","status":"publish","type":"product","link":"https:\/\/ampoules.co.uk\/fr\/produit\/vitamine-c-500-mg-500-comprimes-a-macher\/","title":{"rendered":"Vitamine C 500 mg \u2013 500 comprim\u00e9s \u00e0 m\u00e2cher"},"content":{"rendered":"<p>Renforcez votre immunit\u00e9 et votre bien-\u00eatre g\u00e9n\u00e9ral avec <strong>Kirkland Signature Vitamin C<\/strong> \u2013 une<strong> dose de 500 mg \u00e0 m\u00e2cher<\/strong> \u00e0 l\u2019orange en comprim\u00e9. Parfait pour les adultes et les adolescents. <\/p>\n<p>&nbsp;<\/p>\n<p>Avec <strong>500 comprim\u00e9s par flacon<\/strong>, vous obtenez <strong>une valeur exceptionnelle<\/strong> dans une formule <strong>sans colorants, ar\u00f4mes ou conservateurs artificiels<\/strong>.<\/p>\n<p>&nbsp;<\/p>\n<p><strong>Informations nutritionnelles (par 1 comprim\u00e9)<\/strong><\/p>\n<table>\n<tbody>\n<tr>\n<th><strong>Nutriments<\/strong><\/th>\n<th><strong>Montant<\/strong><\/th>\n<th><strong>%NRV<\/strong><\/th>\n<\/tr>\n<tr>\n<td><strong>Vitamine C<\/strong><\/td>\n<td><strong>500 mg<\/strong><\/td>\n<td><strong>625 %<\/strong><\/td>\n<\/tr>\n<\/tbody>\n<\/table>\n<p>*NRV = Valeur de r\u00e9f\u00e9rence des nutriments<\/p>\n<p>&nbsp;<\/p>\n<p><strong>Pourquoi choisir la vitamine C signature de Kirkland ?<\/strong><\/p>\n<p>\u2714 <strong>D\u00e9licieuse saveur naturelle d\u2019orange<\/strong> \u2013 Forme<br \/>\n\u2714 \u00e0 m\u00e2cher agr\u00e9able <strong>Formule<\/strong> \u2013 500 mg par comprim\u00e9 (625 % NRV)<br \/>\n \u2714 <strong>Excellent rapport qualit\u00e9-prix<\/strong> \u2013 <strong>Approvisionnement en 500 comprim\u00e9s<\/strong> pour une<br \/>\n\u2714 utilisation <strong>prolong\u00e9e Formule propre<\/strong> \u2013 Sans additifs artificiels<\/p>\n<p>&nbsp;<\/p>\n<p><strong>Utilisation recommand\u00e9e<\/strong><\/p>\n<p><strong>Adultes et enfants de plus de 12 ans :<\/strong> M\u00e2che <strong>un comprim\u00e9 par jour<\/strong>, de pr\u00e9f\u00e9rence avec un repas.<\/p>\n<p>\u26a0\ufe0f <strong>Ne d\u00e9passez pas<\/strong> la dose recommand\u00e9e.<\/p>\n<p>&nbsp;<\/p>\n<p><strong>Notes importantes<\/strong><\/p>\n<p>\ud83c\udf4a Les compl\u00e9ments ne doivent <strong>pas remplacer<\/strong> une alimentation \u00e9quilibr\u00e9e ni un mode de vie sain.<br \/>\n\ud83c\udf21\ufe0f Conservez dans un <strong>endroit frais et sec<\/strong>, loin des enfants.<\/p>\n<p>&nbsp;<\/p>\n<p><strong>Soutenez votre immunit\u00e9 et votre vitalit\u00e9 \u2013 de la mani\u00e8re savoureuse !<\/strong><\/p>\n","protected":false},"excerpt":{"rendered":"<p>Renforcez votre immunit\u00e9 et votre bien-\u00eatre g\u00e9n\u00e9ral avec Kirkland Signature Vitamin C \u2013 une dose de 500 mg \u00e0 m\u00e2cher \u00e0 l\u2019orange en comprim\u00e9. Parfait pour les adultes et les adolescents. &nbsp; Avec 500 comprim\u00e9s par flacon, vous obtenez une valeur exceptionnelle dans une formule sans colorants, ar\u00f4mes ou conservateurs artificiels. &nbsp; Informations nutritionnelles (par&#8230;<\/p>\n","protected":false},"featured_media":2484,"template":"","meta":{"_bst_post_transparent":"","_bst_post_title":"","_bst_post_layout":"","_bst_post_sidebar_id":"","_bst_post_content_style":"","_bst_post_vertical_padding":"","_bst_post_feature":"","_bst_post_feature_position":"","_bst_post_header":false,"_bst_post_footer":false},"product_brand":[],"product_cat":[523],"product_tag":[],"product_brands":[],"class_list":{"0":"post-3245","1":"product","2":"type-product","3":"status-publish","4":"has-post-thumbnail","6":"product_cat-vitamines-orales","8":"first","9":"instock","10":"shipping-taxable","11":"purchasable","12":"product-type-simple","13":"entry","14":"content-bg","15":"loop-entry"},"jetpack_sharing_enabled":true,"_links":{"self":[{"href":"https:\/\/ampoules.co.uk\/fr\/wp-json\/wp\/v2\/product\/3245","targetHints":{"allow":["GET"]}}],"collection":[{"href":"https:\/\/ampoules.co.uk\/fr\/wp-json\/wp\/v2\/product"}],"about":[{"href":"https:\/\/ampoules.co.uk\/fr\/wp-json\/wp\/v2\/types\/product"}],"version-history":[{"count":1,"href":"https:\/\/ampoules.co.uk\/fr\/wp-json\/wp\/v2\/product\/3245\/revisions"}],"predecessor-version":[{"id":3250,"href":"https:\/\/ampoules.co.uk\/fr\/wp-json\/wp\/v2\/product\/3245\/revisions\/3250"}],"wp:featuredmedia":[{"embeddable":true,"href":"https:\/\/ampoules.co.uk\/fr\/wp-json\/wp\/v2\/media\/2484"}],"wp:attachment":[{"href":"https:\/\/ampoules.co.uk\/fr\/wp-json\/wp\/v2\/media?parent=3245"}],"wp:term":[{"taxonomy":"product_brand","embeddable":true,"href":"https:\/\/ampoules.co.uk\/fr\/wp-json\/wp\/v2\/product_brand?post=3245"},{"taxonomy":"product_cat","embeddable":true,"href":"https:\/\/ampoules.co.uk\/fr\/wp-json\/wp\/v2\/product_cat?post=3245"},{"taxonomy":"product_tag","embeddable":true,"href":"https:\/\/ampoules.co.uk\/fr\/wp-json\/wp\/v2\/product_tag?post=3245"},{"taxonomy":"product_brands","embeddable":true,"href":"https:\/\/ampoules.co.uk\/fr\/wp-json\/wp\/v2\/product_brands?post=3245"}],"curies":[{"name":"wp","href":"https:\/\/api.w.org\/{rel}","templated":true}]}}