{"id":3202,"date":"2026-04-02T18:54:47","date_gmt":"2026-04-02T18:54:47","guid":{"rendered":"https:\/\/ampoules.co.uk\/product\/calcium-magnesium-et-zinc-600-comprimes\/"},"modified":"2026-05-14T16:54:38","modified_gmt":"2026-05-14T16:54:38","slug":"calcium-magnesium-et-zinc-600-comprimes","status":"publish","type":"product","link":"https:\/\/ampoules.co.uk\/fr\/produit\/calcium-magnesium-et-zinc-600-comprimes\/","title":{"rendered":"Calcium, Magn\u00e9sium et Zinc &#8211; 600 comprim\u00e9s"},"content":{"rendered":"<p>Apportez \u00e0 votre corps les <strong>min\u00e9raux essentiels dont il a besoin<\/strong> avec la formule premium de Kirkland Signature. Ce <strong>m\u00e9lange \u00e0 haute puissance<\/strong> combine <strong>calcium, magn\u00e9sium, zinc et vitamine D3<\/strong> pour : <\/p>\n<p>\ud83e\uddb4 <strong>Renforcer les os et les dents<\/strong><br \/>\n\ud83d\udcaa <strong>Soutenir la fonction<\/strong><br \/>\n\ud83d\udee1\ufe0f <strong>musculaire Renforcer la sant\u00e9<\/strong><br \/>\n\u26a1 <strong>immunitaire Am\u00e9liorer l\u2019absorption des nutriments<\/strong><\/p>\n<p>&nbsp;<\/p>\n<p>Avec <strong>600 comprim\u00e9s faciles \u00e0 avaler<\/strong>, vous b\u00e9n\u00e9ficiez d\u2019un <strong>apport de 10 mois<\/strong> de soutien min\u00e9ral propre et efficace \u2013 <strong>sans additifs artificiels<\/strong>, juste une nutrition scientifique.<\/p>\n<p>&nbsp;<\/p>\n<p><strong>Avantages cl\u00e9s<\/strong><\/p>\n<p><strong>\ud83e\uddb4 Soutien des os et des dents<\/strong><\/p>\n<p>\u2022 <strong>Le calcium (500 mg)<\/strong> + <strong>la vitamine D3 (VRN \u00e0 400 %)<\/strong> agissent ensemble pour <strong>maintenir la densit\u00e9<\/strong><br \/>\n osseuse\u2022 Aide \u00e0 pr\u00e9venir les carences min\u00e9rales qui affaiblissent la structure squelettique<\/p>\n<p><strong>\ud83d\udcaa Fonction musculaire et nerveuse<\/strong><\/p>\n<p>\u2022 <strong>Le magn\u00e9sium (80 mg)<\/strong> aide <strong>\u00e0<\/strong><br \/>\n la contraction musculaire normale\u2022 Favorise <strong>la relaxation et la r\u00e9cup\u00e9ration<\/strong><\/p>\n<p><strong>\ud83d\udee1\ufe0f D\u00e9fense immunitaire<\/strong><\/p>\n<p>\u2022 <strong>Le zinc<\/strong> + la <strong>vitamine D3<\/strong> aide <strong>\u00e0 maintenir la r\u00e9ponse<\/strong><br \/>\n immunitaire\u2022 Assure <strong>un soutien au bien-\u00eatre toute l\u2019ann\u00e9e<\/strong><\/p>\n<p><strong>\u26a1 Absorption accrue<\/strong><\/p>\n<p>\u2022 <strong>La vitamine D3 (20\u03bcg par portion)<\/strong> maximise l\u2019absorption<br \/>\n<strong>de calcium et de phosphore<\/strong> \u2022 <strong>La vitamine B6 (714 % de NRV)<\/strong> favorise le <strong>m\u00e9tabolisme des nutriments<\/strong><\/p>\n<p>&nbsp;<\/p>\n<p><strong>Informations nutritionnelles (par 2 comprim\u00e9s)<\/strong><\/p>\n<table>\n<tbody>\n<tr>\n<th><strong>Nutriments<\/strong><\/th>\n<th><strong>Montant<\/strong><\/th>\n<th><strong>%NRV<\/strong><\/th>\n<\/tr>\n<tr>\n<td><strong>Vitamine D\u2083<\/strong><\/td>\n<td>20 \u03bcg<\/td>\n<td><strong>400&nbsp;%<\/strong><\/td>\n<\/tr>\n<tr>\n<td><strong>Vitamine B6<\/strong><\/td>\n<td>10 mg<\/td>\n<td><strong>714 %<\/strong><\/td>\n<\/tr>\n<tr>\n<td><strong>Calcium<\/strong><\/td>\n<td>500 mg<\/td>\n<td><strong>63 %<\/strong><\/td>\n<\/tr>\n<tr>\n<td><strong>Magn\u00e9sium<\/strong><\/td>\n<td>80 mg<\/td>\n<td><strong>21 %<\/strong><\/td>\n<\/tr>\n<\/tbody>\n<\/table>\n<p>*NRV = Valeur de r\u00e9f\u00e9rence des nutriments<\/p>\n<p>&nbsp;<\/p>\n<p><strong>Pourquoi choisir cette formule ?<\/strong><\/p>\n<p>\u2714 <strong>Approvisionnement en 600 comprim\u00e9s<\/strong> \u2013 <strong>10 mois<\/strong> de soutien<br \/>\n\u2714 quotidien <strong>Sans additifs artificiels<\/strong> \u2013 Sans colorants, ar\u00f4mes et conservateurs<br \/>\n\u2714 <strong>Absorption optimale<\/strong> \u2013 Formule<br \/>\n\u2714 min\u00e9rale <strong>enrichie en vitamine D3<\/strong> <strong>Qualit\u00e9 de confiance<\/strong> \u2013 Les <strong>normes de fabrication rigoureuses<\/strong> de Kirkland<\/p>\n<p>&nbsp;<\/p>\n<p><strong>Utilisation recommand\u00e9e<\/strong><\/p>\n<p><strong>Adultes :<\/strong> <strong>Prenez 2 comprim\u00e9s par jour<\/strong> avec de la nourriture pour de meilleurs r\u00e9sultats.<\/p>\n<p>\u26a0\ufe0f <strong>Ne d\u00e9passez pas<\/strong> la dose recommand\u00e9e.<\/p>\n<p>&nbsp;<\/p>\n<p><strong>Notes importantes<\/strong><\/p>\n<p>\u2022 Les compl\u00e9ments doivent <strong>compl\u00e9ter<\/strong> une alimentation \u00e9quilibr\u00e9e et un mode de vie<br \/>\n actif. \u2022 Conserver dans un <strong>endroit frais et sec<\/strong> , loin des enfants<\/p>\n<p>&nbsp;<\/p>\n<p><strong>Construisez une base solide pour votre sant\u00e9 \u2013 un comprim\u00e9 \u00e0 la fois !<\/strong><\/p>\n","protected":false},"excerpt":{"rendered":"<p>Apportez \u00e0 votre corps les min\u00e9raux essentiels dont il a besoin avec la formule premium de Kirkland Signature. Ce m\u00e9lange \u00e0 haute puissance combine calcium, magn\u00e9sium, zinc et vitamine D3 pour : \ud83e\uddb4 Renforcer les os et les dents \ud83d\udcaa Soutenir la fonction \ud83d\udee1\ufe0f musculaire Renforcer la sant\u00e9 \u26a1 immunitaire Am\u00e9liorer l\u2019absorption des nutriments &nbsp;&#8230;<\/p>\n","protected":false},"featured_media":2489,"template":"","meta":{"_bst_post_transparent":"","_bst_post_title":"","_bst_post_layout":"","_bst_post_sidebar_id":"","_bst_post_content_style":"","_bst_post_vertical_padding":"","_bst_post_feature":"","_bst_post_feature_position":"","_bst_post_header":false,"_bst_post_footer":false},"product_brand":[],"product_cat":[523],"product_tag":[],"product_brands":[],"class_list":{"0":"post-3202","1":"product","2":"type-product","3":"status-publish","4":"has-post-thumbnail","6":"product_cat-vitamines-orales","8":"first","9":"instock","10":"shipping-taxable","11":"purchasable","12":"product-type-simple","13":"entry","14":"content-bg","15":"loop-entry"},"jetpack_sharing_enabled":true,"_links":{"self":[{"href":"https:\/\/ampoules.co.uk\/fr\/wp-json\/wp\/v2\/product\/3202","targetHints":{"allow":["GET"]}}],"collection":[{"href":"https:\/\/ampoules.co.uk\/fr\/wp-json\/wp\/v2\/product"}],"about":[{"href":"https:\/\/ampoules.co.uk\/fr\/wp-json\/wp\/v2\/types\/product"}],"version-history":[{"count":1,"href":"https:\/\/ampoules.co.uk\/fr\/wp-json\/wp\/v2\/product\/3202\/revisions"}],"predecessor-version":[{"id":3209,"href":"https:\/\/ampoules.co.uk\/fr\/wp-json\/wp\/v2\/product\/3202\/revisions\/3209"}],"wp:featuredmedia":[{"embeddable":true,"href":"https:\/\/ampoules.co.uk\/fr\/wp-json\/wp\/v2\/media\/2489"}],"wp:attachment":[{"href":"https:\/\/ampoules.co.uk\/fr\/wp-json\/wp\/v2\/media?parent=3202"}],"wp:term":[{"taxonomy":"product_brand","embeddable":true,"href":"https:\/\/ampoules.co.uk\/fr\/wp-json\/wp\/v2\/product_brand?post=3202"},{"taxonomy":"product_cat","embeddable":true,"href":"https:\/\/ampoules.co.uk\/fr\/wp-json\/wp\/v2\/product_cat?post=3202"},{"taxonomy":"product_tag","embeddable":true,"href":"https:\/\/ampoules.co.uk\/fr\/wp-json\/wp\/v2\/product_tag?post=3202"},{"taxonomy":"product_brands","embeddable":true,"href":"https:\/\/ampoules.co.uk\/fr\/wp-json\/wp\/v2\/product_brands?post=3202"}],"curies":[{"name":"wp","href":"https:\/\/api.w.org\/{rel}","templated":true}]}}