{"id":3681,"date":"2026-04-14T23:29:18","date_gmt":"2026-04-14T23:29:18","guid":{"rendered":"https:\/\/ampoules.co.uk\/conditions-dutilisation\/"},"modified":"2026-05-14T16:57:03","modified_gmt":"2026-05-14T16:57:03","slug":"conditions-dutilisation","status":"publish","type":"page","link":"https:\/\/ampoules.co.uk\/fr\/conditions-dutilisation\/","title":{"rendered":"Conditions d\u2019utilisation"},"content":{"rendered":"\t\t<div data-elementor-type=\"wp-page\" data-elementor-id=\"3681\" class=\"elementor elementor-3681 elementor-2534\" data-elementor-post-type=\"page\">\n\t\t\t\t<div class=\"elementor-element elementor-element-e9ed40c e-flex e-con-boxed e-con e-parent\" data-id=\"e9ed40c\" data-element_type=\"container\" data-e-type=\"container\">\n\t\t\t\t\t<div class=\"e-con-inner\">\n\t\t\t\t<div class=\"elementor-element elementor-element-64383a6 elementor-widget elementor-widget-heading\" data-id=\"64383a6\" data-element_type=\"widget\" data-e-type=\"widget\" data-widget_type=\"heading.default\">\n\t\t\t\t\t<h2 class=\"elementor-heading-title elementor-size-default\">Conditions d\u2019utilisation  <\/h2>\t\t\t\t<\/div>\n\t\t\t\t\t<\/div>\n\t\t\t\t<\/div>\n\t\t<div class=\"elementor-element elementor-element-06ef720 e-flex e-con-boxed e-con e-parent\" data-id=\"06ef720\" data-element_type=\"container\" data-e-type=\"container\">\n\t\t\t\t\t<div class=\"e-con-inner\">\n\t\t\t\t<div class=\"elementor-element elementor-element-4168e4e elementor-widget elementor-widget-text-editor\" data-id=\"4168e4e\" data-element_type=\"widget\" data-e-type=\"widget\" data-widget_type=\"text-editor.default\">\n\t\t\t\t\t\t\t\t\t<div id=\"bgLayers_comp-mazmvo3t\" class=\"MW5IWV\" data-hook=\"bgLayers\" data-motion-part=\"BG_LAYER comp-mazmvo3t\"><div id=\"bgMedia_comp-mazmvo3t\" class=\"VgO9Yg\" data-motion-part=\"BG_MEDIA comp-mazmvo3t\"> <\/div><\/div><div class=\"\" data-mesh-id=\"comp-mazmvo3tinlineContent\" data-testid=\"inline-content\"><div data-mesh-id=\"comp-mazmvo3tinlineContent-gridContainer\" data-testid=\"mesh-container-content\"><div id=\"comp-mazmvo3v\" class=\"ku3DBC zQ9jDz qvSjx3 Vq6kJx comp-mazmvo3v wixui-rich-text\" data-testid=\"richTextElement\"><p class=\"font_8 wixui-rich-text__text\"><span class=\"wixui-rich-text__text\">Bienvenue chez Ampoules ! Ces Conditions d\u2019utilisation (\u00ab Conditions d\u2019utilisation \u00bb) r\u00e9gissent votre utilisation de notre site web et de nos services. En acc\u00e9dant ou en utilisant notre site web, vous acceptez d\u2019\u00eatre li\u00e9 par ces Conditions d\u2019utilisation, veuillez donc les lire attentivement. Si vous n\u2019\u00eates pas d\u2019accord avec une quelconque partie de ces Conditions, vous ne pouvez pas acc\u00e9der ni utiliser notre site web.   <\/span><\/p><p class=\"font_8 wixui-rich-text__text\"><span class=\"wixui-rich-text__text\">\u200b<\/span><\/p><p class=\"font_8 wixui-rich-text__text\"><span class=\"wixui-rich-text__text\">1. Utilisation de notre site web :<\/span><\/p><p class=\"font_8 wixui-rich-text__text\"><span class=\"wixui-rich-text__text\">a. Vous devez avoir au moins 18 ans ou l\u2019\u00e2ge l\u00e9gal de majorit\u00e9 dans votre juridiction pour utiliser notre site web. En acc\u00e9dant et en utilisant notre site web, vous confirmez que vous respectez cette exigence d\u2019\u00e2ge.  <\/span><\/p><p class=\"font_8 wixui-rich-text__text\"><span class=\"wixui-rich-text__text\">b. Vous \u00eates responsable de la confidentialit\u00e9 de vos identifiants de compte et de toutes les activit\u00e9s qui se d\u00e9roulent sous votre compte. <\/span><\/p><p class=\"font_8 wixui-rich-text__text\"><span class=\"wixui-rich-text__text\">\u200b<\/span><\/p><p class=\"font_8 wixui-rich-text__text\"><span class=\"wixui-rich-text__text\">2. Contenu et propri\u00e9t\u00e9 intellectuelle :<\/span><\/p><p class=\"font_8 wixui-rich-text__text\"><span class=\"wixui-rich-text__text\">a. Tout le contenu disponible sur notre site web, y compris mais sans s\u2019y limiter texte, graphismes, images, vid\u00e9os, logos et logiciels, appartient \u00e0 Sanam Aesthetic\/Ampoules ou \u00e0 ses licenci\u00e9s et est prot\u00e9g\u00e9 par le droit d\u2019auteur et d\u2019autres lois sur la propri\u00e9t\u00e9 intellectuelle. <\/span><\/p><p class=\"font_8 wixui-rich-text__text\"><span class=\"wixui-rich-text__text\">b. Vous ne pouvez pas copier, reproduire, distribuer, modifier ou cr\u00e9er des \u0153uvres d\u00e9riv\u00e9es bas\u00e9es sur notre contenu sans notre autorisation explicite. <\/span><\/p><p class=\"font_8 wixui-rich-text__text\"><span class=\"wixui-rich-text__text\">\u200b<\/span><\/p><p class=\"font_8 wixui-rich-text__text\"><span class=\"wixui-rich-text__text\">3. Activit\u00e9s interdites :<\/span><\/p><p class=\"font_8 wixui-rich-text__text\"><span class=\"wixui-rich-text__text\">Vous acceptez de ne participer \u00e0 aucune des activit\u00e9s suivantes lors de l\u2019utilisation de notre site web :<\/span><\/p><p class=\"font_8 wixui-rich-text__text\"><span class=\"wixui-rich-text__text\">a. Violation de toute loi ou r\u00e9glementation applicable. <\/span><\/p><p class=\"font_8 wixui-rich-text__text\"><span class=\"wixui-rich-text__text\">b. Usurpation d\u2019identit\u00e9 pour une personne ou entit\u00e9, ou faussement pour repr\u00e9senter votre affiliation avec une personne ou une entit\u00e9. <\/span><\/p><p class=\"font_8 wixui-rich-text__text\"><span class=\"wixui-rich-text__text\">c. Interf\u00e9rer ou perturber la fonctionnalit\u00e9 de notre site web ou de nos serveurs. <\/span><\/p><p class=\"font_8 wixui-rich-text__text\"><span class=\"wixui-rich-text__text\">d. T\u00e9l\u00e9versement ou transmission de virus, de malwares ou de tout autre code nuisible. <\/span><\/p><p class=\"font_8 wixui-rich-text__text\"><span class=\"wixui-rich-text__text\">e. Harceler, abuser ou nuire aux autres. <\/span><\/p><p class=\"font_8 wixui-rich-text__text\"><span class=\"wixui-rich-text__text\">\u200b<\/span><\/p><p class=\"font_8 wixui-rich-text__text\"><span class=\"wixui-rich-text__text\">4. Politique de confidentialit\u00e9 :<\/span><\/p><p class=\"font_8 wixui-rich-text__text\"><span class=\"wixui-rich-text__text\">Votre vie priv\u00e9e est importante pour nous. Veuillez consulter notre Politique de confidentialit\u00e9 pour comprendre comment nous collectons, utilisons et prot\u00e9geons vos informations personnelles. <\/span><\/p><p class=\"font_8 wixui-rich-text__text\"><span class=\"wixui-rich-text__text\">\u200b<\/span><\/p><p class=\"font_8 wixui-rich-text__text\"><span class=\"wixui-rich-text__text\">5. Clause de non-garantie :<\/span><\/p><p class=\"font_8 wixui-rich-text__text\"><span class=\"wixui-rich-text__text\">a. Notre site web et nos services sont propos\u00e9s \u00ab tel quel \u00bb et \u00ab selon la disponibilit\u00e9 \u00bb. Nous ne garantissons aucune garantie, expresse ou implicite, concernant la fiabilit\u00e9, l\u2019exactitude ou la disponibilit\u00e9 de notre site web ou de nos services.  <\/span><\/p><p class=\"font_8 wixui-rich-text__text\"><span class=\"wixui-rich-text__text\">b. Nous ne garantissons pas que notre site web sera exempt d\u2019erreurs, de virus ou d\u2019autres composants nocifs. <\/span><\/p><p class=\"font_8 wixui-rich-text__text\"><span class=\"wixui-rich-text__text\">\u200b<\/span><\/p><p class=\"font_8 wixui-rich-text__text\"><span class=\"wixui-rich-text__text\">6. Limitation de la responsabilit\u00e9 :<\/span><\/p><p class=\"font_8 wixui-rich-text__text\"><span class=\"wixui-rich-text__text\">a. Ampoules\/Sanam Aesthetic, ses administrateurs, employ\u00e9s ou affili\u00e9s ne sont pas responsables des dommages directs, indirects, accessoires, cons\u00e9quents ou punitifs r\u00e9sultant de votre utilisation de notre site web ou de nos services. <\/span><\/p><p class=\"font_8 wixui-rich-text__text\"><span class=\"wixui-rich-text__text\">b. Dans les juridictions o\u00f9 les limitations de responsabilit\u00e9 ne sont pas autoris\u00e9es, notre responsabilit\u00e9 sera limit\u00e9e \u00e0 la limite maximale autoris\u00e9e par la loi. <\/span><\/p><p class=\"font_8 wixui-rich-text__text\"><span class=\"wixui-rich-text__text\">\u200b<\/span><\/p><p class=\"font_8 wixui-rich-text__text\"><span class=\"wixui-rich-text__text\">7. Indemnisation :<\/span><\/p><p class=\"font_8 wixui-rich-text__text\"><span class=\"wixui-rich-text__text\">Vous acceptez d\u2019indemniser et de d\u00e9gager Sanam Aesthetic\/Ampoules et ses affili\u00e9s de toute perte, dommage, d\u00e9pense ou responsabilit\u00e9 d\u00e9coulant ou en lien avec votre utilisation de notre site web ou la violation de ces Conditions G\u00e9n\u00e9rales.<\/span><\/p><p class=\"font_8 wixui-rich-text__text\"><span class=\"wixui-rich-text__text\">\u200b<\/span><\/p><p class=\"font_8 wixui-rich-text__text\"><span class=\"wixui-rich-text__text\">8. Modifications des conditions :<\/span><\/p><p class=\"font_8 wixui-rich-text__text\"><span class=\"wixui-rich-text__text\">Nous nous r\u00e9servons le droit de mettre \u00e0 jour ou de modifier ces Conditions \u00e0 tout moment sans pr\u00e9avis. Toute modification sera effective d\u00e8s publication sur notre site web. En continuant \u00e0 utiliser notre site web apr\u00e8s ces modifications, vous acceptez d\u2019\u00eatre li\u00e9 par les Conditions d\u2019Utilisation mises \u00e0 jour.  <\/span><\/p><p class=\"font_8 wixui-rich-text__text\"><span class=\"wixui-rich-text__text\">\u200b<\/span><\/p><p class=\"font_8 wixui-rich-text__text\"><span class=\"wixui-rich-text__text\">9. Droit et juridiction en vigueur :<\/span><\/p><p class=\"font_8 wixui-rich-text__text\"><span class=\"wixui-rich-text__text\">Ces Conditions seront r\u00e9gies et interpr\u00e9t\u00e9es conform\u00e9ment aux lois du Royaume-Uni. Tout litige d\u00e9coulant en vertu ou en lien avec ces Conditions sera soumis \u00e0 la comp\u00e9tence exclusive. <\/span><\/p><p class=\"font_8 wixui-rich-text__text\"><span class=\"wixui-rich-text__text\">\u200b<\/span><\/p><p class=\"font_8 wixui-rich-text__text\"><span class=\"wixui-rich-text__text\">10. Contactez-nous :<\/span><\/p><p class=\"font_8 wixui-rich-text__text\"><span class=\"wixui-rich-text__text\">Si vous avez des questions ou des pr\u00e9occupations concernant ces Conditions d\u2019utilisation, veuillez nous contacter.<\/span><\/p><p class=\"font_8 wixui-rich-text__text\"><span class=\"wixui-rich-text__text\"><span class=\"wixGuard wixui-rich-text__text\">\u200b<\/span><\/span><\/p><p class=\"font_8 wixui-rich-text__text\"><span class=\"wixui-rich-text__text\">Derni\u00e8re mise \u00e0 jour : 05\/08\/2025<\/span><\/p><\/div><\/div><\/div>\t\t\t\t\t\t\t\t<\/div>\n\t\t\t\t\t<\/div>\n\t\t\t\t<\/div>\n\t\t\t\t<\/div>\n\t\t","protected":false},"excerpt":{"rendered":"<p>Conditions d\u2019utilisation Bienvenue chez Ampoules ! Ces Conditions d\u2019utilisation (\u00ab Conditions d\u2019utilisation \u00bb) r\u00e9gissent votre utilisation de notre site web et de nos services. En acc\u00e9dant ou en utilisant notre site web, vous acceptez d\u2019\u00eatre li\u00e9 par ces Conditions d\u2019utilisation, veuillez donc les lire attentivement. Si vous n\u2019\u00eates pas d\u2019accord avec une quelconque partie de&#8230;<\/p>\n","protected":false},"author":1,"featured_media":0,"parent":0,"menu_order":0,"comment_status":"closed","ping_status":"closed","template":"","meta":{"_bst_post_transparent":"","_bst_post_title":"","_bst_post_layout":"","_bst_post_sidebar_id":"","_bst_post_content_style":"","_bst_post_vertical_padding":"","_bst_post_feature":"","_bst_post_feature_position":"","_bst_post_header":false,"_bst_post_footer":false,"footnotes":""},"class_list":["post-3681","page","type-page","status-publish","hentry"],"jetpack_sharing_enabled":true,"_links":{"self":[{"href":"https:\/\/ampoules.co.uk\/fr\/wp-json\/wp\/v2\/pages\/3681","targetHints":{"allow":["GET"]}}],"collection":[{"href":"https:\/\/ampoules.co.uk\/fr\/wp-json\/wp\/v2\/pages"}],"about":[{"href":"https:\/\/ampoules.co.uk\/fr\/wp-json\/wp\/v2\/types\/page"}],"author":[{"embeddable":true,"href":"https:\/\/ampoules.co.uk\/fr\/wp-json\/wp\/v2\/users\/1"}],"replies":[{"embeddable":true,"href":"https:\/\/ampoules.co.uk\/fr\/wp-json\/wp\/v2\/comments?post=3681"}],"version-history":[{"count":0,"href":"https:\/\/ampoules.co.uk\/fr\/wp-json\/wp\/v2\/pages\/3681\/revisions"}],"wp:attachment":[{"href":"https:\/\/ampoules.co.uk\/fr\/wp-json\/wp\/v2\/media?parent=3681"}],"curies":[{"name":"wp","href":"https:\/\/api.w.org\/{rel}","templated":true}]}}