{"id":3295,"date":"2026-04-14T23:34:52","date_gmt":"2026-04-14T23:34:52","guid":{"rendered":"https:\/\/ampoules.co.uk\/politique-dexpedition\/"},"modified":"2026-05-14T16:55:09","modified_gmt":"2026-05-14T16:55:09","slug":"politique-dexpedition","status":"publish","type":"page","link":"https:\/\/ampoules.co.uk\/fr\/politique-dexpedition\/","title":{"rendered":"Politique d\u2019exp\u00e9dition"},"content":{"rendered":"\t\t<div data-elementor-type=\"wp-page\" data-elementor-id=\"3295\" class=\"elementor elementor-3295 elementor-2552\" data-elementor-post-type=\"page\">\n\t\t\t\t<div class=\"elementor-element elementor-element-97829ff e-flex e-con-boxed e-con e-parent\" data-id=\"97829ff\" data-element_type=\"container\" data-e-type=\"container\">\n\t\t\t\t\t<div class=\"e-con-inner\">\n\t\t\t\t<div class=\"elementor-element elementor-element-83a263f elementor-widget elementor-widget-heading\" data-id=\"83a263f\" data-element_type=\"widget\" data-e-type=\"widget\" data-widget_type=\"heading.default\">\n\t\t\t\t\t<h2 class=\"elementor-heading-title elementor-size-default\">Politique d\u2019exp\u00e9dition<\/h2>\t\t\t\t<\/div>\n\t\t\t\t\t<\/div>\n\t\t\t\t<\/div>\n\t\t<div class=\"elementor-element elementor-element-9f785e5 e-flex e-con-boxed e-con e-parent\" data-id=\"9f785e5\" data-element_type=\"container\" data-e-type=\"container\">\n\t\t\t\t\t<div class=\"e-con-inner\">\n\t\t\t\t<div class=\"elementor-element elementor-element-1673836 elementor-widget elementor-widget-text-editor\" data-id=\"1673836\" data-element_type=\"widget\" data-e-type=\"widget\" data-widget_type=\"text-editor.default\">\n\t\t\t\t\t\t\t\t\t<p class=\"font_8 wixui-rich-text__text\"><span class=\"wixui-rich-text__text\">Merci d\u2019avoir choisi Ampoules pour vos besoins en beaut\u00e9 et en soins de la peau. Nous nous effor\u00e7ons d\u2019offrir une exp\u00e9rience d\u2019achat fluide, avec des services d\u2019exp\u00e9dition efficaces et fiables. Veuillez lire notre politique d\u2019exp\u00e9dition pour comprendre nos m\u00e9thodes d\u2019exp\u00e9dition, les d\u00e9lais de livraison et les informations associ\u00e9es.  <\/span><\/p><p class=\"font_8 wixui-rich-text__text\"><span class=\"wixui-rich-text__text\"><span class=\"wixui-rich-text__text\">1. Traitement des commandes :<\/span><\/span><\/p><p class=\"font_8 wixui-rich-text__text\"><span class=\"wixui-rich-text__text\">a. Nous traitons les commandes rapidement, g\u00e9n\u00e9ralement dans un d\u00e9lai de 1 \u00e0 2 jours ouvrables apr\u00e8s la r\u00e9ception de la v\u00e9rification du paiement. <\/span><\/p><p class=\"font_8 wixui-rich-text__text\"><span class=\"wixui-rich-text__text\">b. En cas de pr\u00e9commandes ou d\u2019articles en rupture de stock, nous indiquerons les dates d\u2019exp\u00e9dition estim\u00e9es sur la page produit. Veuillez noter que ces dates peuvent \u00eatre modifi\u00e9es et nous vous informerons de tout retard.  <\/span><\/p><p class=\"font_8 wixui-rich-text__text\"><span class=\"wixui-rich-text__text\"><span class=\"wixui-rich-text__text\">2. M\u00e9thodes d\u2019exp\u00e9dition :<\/span><\/span><\/p><p class=\"font_8 wixui-rich-text__text\"><span class=\"wixui-rich-text__text\">a. Nous collaborons avec des transporteurs r\u00e9put\u00e9s pour garantir une livraison s\u00fbre et rapide de vos commandes. <\/span><\/p><p class=\"font_8 wixui-rich-text__text\"><span class=\"wixui-rich-text__text\">b. Pour les commandes nationales (Royaume-Uni), nous utilisons principalement DPD et EVRi pour l\u2019exp\u00e9dition. <\/span><\/p><p class=\"font_8 wixui-rich-text__text\"><span class=\"wixui-rich-text__text\">c. Pour les commandes internationales, nous proposons des options de livraison standard et express, les d\u00e9lais de livraison variant selon la destination et le mode d\u2019exp\u00e9dition choisis. Nous utilisons principalement USPS, FedEx, UPS, DPD, EVRi et DHL pour l\u2019exp\u00e9dition.  <\/span><\/p><p class=\"font_8 wixui-rich-text__text\"><span class=\"wixui-rich-text__text\">3. D\u00e9lais de livraison :<\/span><\/p><p class=\"font_8 wixui-rich-text__text\"><span class=\"wixui-rich-text__text\">a. Les d\u00e9lais de livraison peuvent varier en fonction du mode d\u2019exp\u00e9dition choisi lors du paiement et de l\u2019adresse de destination. <\/span><\/p><p class=\"font_8 wixui-rich-text__text\"><span class=\"wixui-rich-text__text\">b. Les d\u00e9lais de livraison estim\u00e9s pour l\u2019exp\u00e9dition standard au Royaume-Uni varient g\u00e9n\u00e9ralement de 3 \u00e0 5 jours ouvrables et les d\u00e9lais internationaux sont g\u00e9n\u00e9ralement de 2 \u00e0 15 jours ouvrables. <\/span><\/p><p class=\"font_8 wixui-rich-text__text\"><span class=\"wixui-rich-text__text\">c. Veuillez noter que les d\u00e9lais de livraison peuvent \u00eatre influenc\u00e9s par des circonstances impr\u00e9vues telles que des retards \u00e0 la douane, des conditions m\u00e9t\u00e9orologiques extr\u00eames ou d\u2019autres \u00e9v\u00e9nements ind\u00e9pendants de notre contr\u00f4le. <\/span><\/p><p class=\"font_8 wixui-rich-text__text\"><span class=\"wixui-rich-text__text\"><span class=\"wixui-rich-text__text\">4. Suivi des ordres :<\/span><\/span><\/p><p class=\"font_8 wixui-rich-text__text\"><span class=\"wixui-rich-text__text\">a. Une fois votre commande exp\u00e9di\u00e9e, nous vous fournirons un num\u00e9ro de suivi par e-mail (s\u2019il est fourni lors du paiement). <\/span><\/p><p class=\"font_8 wixui-rich-text__text\"><span class=\"wixui-rich-text__text\">b. Vous pouvez utiliser le num\u00e9ro de suivi fourni pour surveiller l\u2019\u00e9tat et la localisation de votre colis. <\/span><\/p><p class=\"font_8 wixui-rich-text__text\"><span class=\"wixui-rich-text__text\"><span class=\"wixui-rich-text__text\">5. Frais de port :<\/span><\/span><\/p><p class=\"font_8 wixui-rich-text__text\"><span class=\"wixui-rich-text__text\">a. Les frais de port sont calcul\u00e9s en fonction du poids total de votre commande, de la taille et de la destination d\u2019exp\u00e9dition. <\/span><\/p><p class=\"font_8 wixui-rich-text__text\"><span class=\"wixui-rich-text__text\">b. Les frais de port seront affich\u00e9s lors du processus de paiement, et vous aurez l\u2019occasion de consulter le co\u00fbt total avant de confirmer votre commande. <\/span><\/p><p class=\"font_8 wixui-rich-text__text\"><span class=\"wixui-rich-text__text\">c. Nous proposons la livraison gratuite vers tout lieu international que nous couvrons, si votre commande totale est \u00e9gale ou sup\u00e9rieure \u00e0 150 \u00a3 sterling. <\/span><\/p><p>d. Les adresses britanniques b\u00e9n\u00e9ficient de la livraison gratuite apr\u00e8s un co\u00fbt minimum de 15 <span class=\"wixui-rich-text__text\">\u00a3 sterling.<\/span> <\/p><p class=\"font_8 wixui-rich-text__text\"><span class=\"wixui-rich-text__text\"><span class=\"wixui-rich-text__text\">6. Douanes et droits :<\/span><\/span><\/p><p class=\"font_8 wixui-rich-text__text\"><span class=\"wixui-rich-text__text\">a. Pour les ordres internationaux, les droits de douane, les taxes et tout frais additionnel rel\u00e8vent du b\u00e9n\u00e9ficiaire. Veuillez v\u00e9rifier aupr\u00e8s de votre bureau des douanes local pour obtenir les d\u00e9tails sur les frais applicables.  <\/span><\/p><p class=\"font_8 wixui-rich-text__text\"><span class=\"wixui-rich-text__text\">b. Nous ne sommes pas responsables des retards ou frais de d\u00e9douanement. <\/span><\/p><p class=\"font_8 wixui-rich-text__text\"><span class=\"wixui-rich-text__text\"><span class=\"wixui-rich-text__text\">7. Restrictions d\u2019exp\u00e9dition :<\/span><\/span><\/p><p class=\"font_8 wixui-rich-text__text\"><span class=\"wixui-rich-text__text\">a. \u00c0 l\u2019heure actuelle, nous proposons uniquement des exp\u00e9ditions en Albanie, Australie, Autriche, Belgique, Bosnie-Herz\u00e9govine, Bulgarie, Canada, Croatie, Chypre, Tch\u00e9chie, Danemark, Estonie, \u00celes F\u00e9ro\u00e9, Finlande, France, Allemagne, Gibraltar, Gr\u00e8ce, Guernesey, Hongrie, Islande, Irlande, Italie, Jersey, Kenya, Kosovo, Lettonie, Liechtenstein, Lituanie, Luxembourg, Mac\u00e9doine, Malte, Mexique, Monaco, Mont\u00e9n\u00e9gro, Pays-Bas, Nouvelle-Z\u00e9lande, Norv\u00e8ge, Pologne, Portugal, Roumanie, Saint-Marin, Serbie,  Slovaquie, Slov\u00e9nie, Cor\u00e9e du Sud, Espagne, Su\u00e8de, Suisse, Turquie, Royaume-Uni, \u00c9tats-Unis. <\/span><\/p><p class=\"font_8 wixui-rich-text__text\"><span class=\"wixui-rich-text__text\">b. Certains articles peuvent \u00eatre soumis \u00e0 des restrictions ou r\u00e9glementations li\u00e9es \u00e0 l\u2019exp\u00e9dition selon la destination ou les lois locales. Nous vous informerons lors du processus de paiement si des restrictions s\u2019appliquent \u00e0 votre commande.  <\/span><\/p><p class=\"font_8 wixui-rich-text__text\"><span class=\"wixui-rich-text__text\"><span class=\"wixui-rich-text__text\">8. Pr\u00e9cision de l\u2019adresse :<\/span><\/span><\/p><p class=\"font_8 wixui-rich-text__text\"><span class=\"wixui-rich-text__text\">Veuillez vous assurer que votre adresse d\u2019exp\u00e9dition est exacte et compl\u00e8te afin d\u2019\u00e9viter des retards de livraison ou des colis retourn\u00e9s. Nous ne sommes pas responsables des probl\u00e8mes de livraison caus\u00e9s par des adresses incorrectes ou incompl\u00e8tes. <\/span><\/p><p class=\"font_8 wixui-rich-text__text\"><span class=\"wixui-rich-text__text\"><span class=\"wixui-rich-text__text\">9. Contactez-nous :<\/span><\/span><\/p><p class=\"font_8 wixui-rich-text__text\"><span class=\"wixui-rich-text__text\">Si vous avez des questions ou des pr\u00e9occupations concernant notre politique d\u2019exp\u00e9dition, veuillez nous contacter.<\/span><\/p><p class=\"font_8 wixui-rich-text__text\"><span class=\"wixui-rich-text__text\">Merci d\u2019avoir choisi Ampoules. Nous esp\u00e9rons que vous appr\u00e9cierez nos produits et sommes impatients de vous servir avec excellence dans tous les aspects de votre exp\u00e9rience d\u2019achat. <\/span><\/p><p class=\"font_8 wixui-rich-text__text\"><br class=\"wixui-rich-text__text\"><span class=\"wixui-rich-text__text\">Derni\u00e8re mise \u00e0 jour : 05\/08\/2025<\/span><\/p>\t\t\t\t\t\t\t\t<\/div>\n\t\t\t\t\t<\/div>\n\t\t\t\t<\/div>\n\t\t\t\t<\/div>\n\t\t","protected":false},"excerpt":{"rendered":"<p>Politique d\u2019exp\u00e9dition Merci d\u2019avoir choisi Ampoules pour vos besoins en beaut\u00e9 et en soins de la peau. Nous nous effor\u00e7ons d\u2019offrir une exp\u00e9rience d\u2019achat fluide, avec des services d\u2019exp\u00e9dition efficaces et fiables. Veuillez lire notre politique d\u2019exp\u00e9dition pour comprendre nos m\u00e9thodes d\u2019exp\u00e9dition, les d\u00e9lais de livraison et les informations associ\u00e9es. 1. Traitement des commandes :&#8230;<\/p>\n","protected":false},"author":1,"featured_media":0,"parent":0,"menu_order":0,"comment_status":"closed","ping_status":"closed","template":"","meta":{"_bst_post_transparent":"","_bst_post_title":"","_bst_post_layout":"","_bst_post_sidebar_id":"","_bst_post_content_style":"","_bst_post_vertical_padding":"","_bst_post_feature":"","_bst_post_feature_position":"","_bst_post_header":false,"_bst_post_footer":false,"footnotes":""},"class_list":["post-3295","page","type-page","status-publish","hentry"],"jetpack_sharing_enabled":true,"_links":{"self":[{"href":"https:\/\/ampoules.co.uk\/fr\/wp-json\/wp\/v2\/pages\/3295","targetHints":{"allow":["GET"]}}],"collection":[{"href":"https:\/\/ampoules.co.uk\/fr\/wp-json\/wp\/v2\/pages"}],"about":[{"href":"https:\/\/ampoules.co.uk\/fr\/wp-json\/wp\/v2\/types\/page"}],"author":[{"embeddable":true,"href":"https:\/\/ampoules.co.uk\/fr\/wp-json\/wp\/v2\/users\/1"}],"replies":[{"embeddable":true,"href":"https:\/\/ampoules.co.uk\/fr\/wp-json\/wp\/v2\/comments?post=3295"}],"version-history":[{"count":2,"href":"https:\/\/ampoules.co.uk\/fr\/wp-json\/wp\/v2\/pages\/3295\/revisions"}],"predecessor-version":[{"id":3299,"href":"https:\/\/ampoules.co.uk\/fr\/wp-json\/wp\/v2\/pages\/3295\/revisions\/3299"}],"wp:attachment":[{"href":"https:\/\/ampoules.co.uk\/fr\/wp-json\/wp\/v2\/media?parent=3295"}],"curies":[{"name":"wp","href":"https:\/\/api.w.org\/{rel}","templated":true}]}}