{"id":3275,"date":"2026-04-14T23:33:19","date_gmt":"2026-04-14T23:33:19","guid":{"rendered":"https:\/\/ampoules.co.uk\/politique-de-retour-et-de-remboursement\/"},"modified":"2026-05-14T16:54:57","modified_gmt":"2026-05-14T16:54:57","slug":"politique-de-retour-et-de-remboursement","status":"publish","type":"page","link":"https:\/\/ampoules.co.uk\/fr\/politique-de-retour-et-de-remboursement\/","title":{"rendered":"Politique de retour et de remboursement"},"content":{"rendered":"\t\t<div data-elementor-type=\"wp-page\" data-elementor-id=\"3275\" class=\"elementor elementor-3275 elementor-2547\" data-elementor-post-type=\"page\">\n\t\t\t\t<div class=\"elementor-element elementor-element-d07bf4e e-flex e-con-boxed e-con e-parent\" data-id=\"d07bf4e\" data-element_type=\"container\" data-e-type=\"container\">\n\t\t\t\t\t<div class=\"e-con-inner\">\n\t\t\t\t<div class=\"elementor-element elementor-element-274896d elementor-widget elementor-widget-heading\" data-id=\"274896d\" data-element_type=\"widget\" data-e-type=\"widget\" data-widget_type=\"heading.default\">\n\t\t\t\t\t<h2 class=\"elementor-heading-title elementor-size-default\">Politique de retour et de remboursement<\/h2>\t\t\t\t<\/div>\n\t\t\t\t\t<\/div>\n\t\t\t\t<\/div>\n\t\t<div class=\"elementor-element elementor-element-2499e06 e-flex e-con-boxed e-con e-parent\" data-id=\"2499e06\" data-element_type=\"container\" data-e-type=\"container\">\n\t\t\t\t\t<div class=\"e-con-inner\">\n\t\t\t\t<div class=\"elementor-element elementor-element-05fb0c4 elementor-widget elementor-widget-text-editor\" data-id=\"05fb0c4\" data-element_type=\"widget\" data-e-type=\"widget\" data-widget_type=\"text-editor.default\">\n\t\t\t\t\t\t\t\t\t<div id=\"bgLayers_comp-mazmh1ar1\" class=\"MW5IWV\" data-hook=\"bgLayers\" data-motion-part=\"BG_LAYER comp-mazmh1ar1\"><div id=\"bgMedia_comp-mazmh1ar1\" class=\"VgO9Yg\" data-motion-part=\"BG_MEDIA comp-mazmh1ar1\"><span style=\"letter-spacing: 0.4px;\">Merci d\u2019avoir fait vos achats avec nous. Nous voulons que vous soyez enti\u00e8rement satisfait de votre achat, et nous comprenons qu\u2019un retour peut parfois \u00eatre n\u00e9cessaire. Veuillez lire attentivement notre politique de retour et de remboursement afin de comprendre vos droits et responsabilit\u00e9s en tant que client pr\u00e9cieux.  <\/span><\/div><div data-motion-part=\"BG_MEDIA comp-mazmh1ar1\"> <\/div><\/div><div class=\"\" data-mesh-id=\"comp-mazmh1ar1inlineContent\" data-testid=\"inline-content\"><div data-mesh-id=\"comp-mazmh1ar1inlineContent-gridContainer\" data-testid=\"mesh-container-content\"><div id=\"comp-mazmh1at1\" class=\"ku3DBC zQ9jDz qvSjx3 Vq6kJx comp-mazmh1at1 wixui-rich-text\" data-testid=\"richTextElement\"><p class=\"font_8 wixui-rich-text__text\"><span class=\"wixui-rich-text__text\">\u200b<\/span><span class=\"wixui-rich-text__text\">Retours accept\u00e9s :<br class=\"wixui-rich-text__text\">Nous acceptons les retours dans les 30 jours suivant la date d\u2019achat. Si 30 jours se sont \u00e9coul\u00e9s depuis votre achat, malheureusement, nous ne pouvons pas vous rembourser ni vous offrir un \u00e9change.<\/span><\/p><p class=\"font_8 wixui-rich-text__text\"><span class=\"wixui-rich-text__text\">\u200b<\/span><span class=\"wixui-rich-text__text\">Conditions pour les retours :<br class=\"wixui-rich-text__text\">Pour \u00eatre \u00e9ligible \u00e0 un retour, l\u2019article doit \u00eatre inutilis\u00e9, dans le m\u00eame \u00e9tat que celui o\u00f9 vous l\u2019avez re\u00e7u, et dans son emballage d\u2019origine. De plus, l\u2019article doit \u00eatre accompagn\u00e9 d\u2019une preuve d\u2019achat, telle que le num\u00e9ro de commande ou le re\u00e7u.<\/span><\/p><p class=\"font_8 wixui-rich-text__text\"><span class=\"wixui-rich-text__text\"><span class=\"wixGuard wixui-rich-text__text\">\u200b<\/span>\u200b<\/span><span class=\"wixui-rich-text__text\">Frais de retour :<br class=\"wixui-rich-text__text\">Veuillez noter que les clients sont responsables des frais de retour. Nous recommandons d\u2019utiliser un service de transport tra\u00e7able ou de souscrire une assurance exp\u00e9dition pour votre protection, car nous ne pouvons garantir que nous recevrons votre article retourn\u00e9.<\/span><\/p><p class=\"font_8 wixui-rich-text__text\"><span class=\"wixui-rich-text__text\">\u200b<\/span><span class=\"wixui-rich-text__text\">Remboursements :<br class=\"wixui-rich-text__text\">Une fois votre article retourn\u00e9 re\u00e7u et inspect\u00e9, nous vous enverrons un e-mail pour vous informer que nous avons re\u00e7u votre article retourn\u00e9. Nous vous informerons \u00e9galement de l\u2019approbation ou du rejet de votre remboursement. Si votre remboursement est approuv\u00e9, il sera trait\u00e9, et un cr\u00e9dit sera automatiquement appliqu\u00e9 \u00e0 votre mode de paiement initial dans un d\u00e9lai raisonnable.<\/span><\/p><p class=\"font_8 wixui-rich-text__text\"><span class=\"wixui-rich-text__text\">\u200b<\/span><span class=\"wixui-rich-text__text\">\u00c9changes :<br class=\"wixui-rich-text__text\">Nous ne proposons actuellement pas d\u2019\u00e9changes directs. Si vous souhaitez \u00e9changer un article contre une autre taille, couleur ou variante, veuillez suivre le processus de retour, puis passer une nouvelle commande pour l\u2019article souhait\u00e9 sur notre site web.<\/span><\/p><p class=\"font_8 wixui-rich-text__text\"><span class=\"wixui-rich-text__text\">\u200b<\/span><span class=\"wixui-rich-text__text\">Articles endommag\u00e9s ou d\u00e9fectueux :<br class=\"wixui-rich-text__text\">Dans le cas malheureux o\u00f9 votre article arriverait endommag\u00e9 ou d\u00e9fectueux, veuillez contacter imm\u00e9diatement notre \u00e9quipe de service client. Nous serons ravis d\u2019organiser un remplacement ou un remboursement pour ces articles, et nous pourrons fournir une \u00e9tiquette de retour pr\u00e9pay\u00e9e dans ces cas sp\u00e9cifiques.<\/span><\/p><p class=\"font_8 wixui-rich-text__text\"><span class=\"wixui-rich-text__text\">\u200b<\/span><span class=\"wixui-rich-text__text\">Articles de la vente finale :<br class=\"wixui-rich-text__text\">Veuillez noter que certains articles peuvent \u00eatre marqu\u00e9s comme vente finale et ne sont pas \u00e9ligibles aux retours ou aux remboursements. Les articles de la vente finale seront clairement indiqu\u00e9s sur la page produit.<\/span><\/p><p class=\"font_8 wixui-rich-text__text\"><span class=\"wixui-rich-text__text\">\u200b<\/span><span class=\"wixui-rich-text__text\">Contactez-nous :<br class=\"wixui-rich-text__text\">Si vous avez des questions ou des pr\u00e9occupations concernant notre politique de retour et de remboursement, n\u2019h\u00e9sitez pas \u00e0 contacter notre service client. Nous sommes l\u00e0 pour vous aider et garantir que votre exp\u00e9rience d\u2019achat soit agr\u00e9able et sans tracas.<\/span><\/p><p class=\"font_8 wixui-rich-text__text\"><span class=\"wixui-rich-text__text\">Nous nous r\u00e9servons le droit de mettre \u00e0 jour et de modifier cette politique de d\u00e9claration et de remboursement de temps \u00e0 autre sans pr\u00e9avis. Toute modification apport\u00e9e sera publi\u00e9e sur cette page, et la politique r\u00e9vis\u00e9e s\u2019appliquera \u00e0 tous les achats effectu\u00e9s apr\u00e8s la date d\u2019entr\u00e9e en vigueur. <\/span><\/p><p class=\"font_8 wixui-rich-text__text\"><span class=\"wixui-rich-text__text\"><span class=\"wixui-rich-text__text\">Derni\u00e8re mise \u00e0 jour : 05\/08\/2025<\/span><\/span><\/p><\/div><\/div><\/div>\t\t\t\t\t\t\t\t<\/div>\n\t\t\t\t\t<\/div>\n\t\t\t\t<\/div>\n\t\t\t\t<\/div>\n\t\t","protected":false},"excerpt":{"rendered":"<p>Politique de retour et de remboursement Merci d\u2019avoir fait vos achats avec nous. Nous voulons que vous soyez enti\u00e8rement satisfait de votre achat, et nous comprenons qu\u2019un retour peut parfois \u00eatre n\u00e9cessaire. Veuillez lire attentivement notre politique de retour et de remboursement afin de comprendre vos droits et responsabilit\u00e9s en tant que client pr\u00e9cieux. \u200bRetours&#8230;<\/p>\n","protected":false},"author":1,"featured_media":0,"parent":0,"menu_order":0,"comment_status":"closed","ping_status":"closed","template":"","meta":{"_bst_post_transparent":"","_bst_post_title":"","_bst_post_layout":"","_bst_post_sidebar_id":"","_bst_post_content_style":"","_bst_post_vertical_padding":"","_bst_post_feature":"","_bst_post_feature_position":"","_bst_post_header":false,"_bst_post_footer":false,"footnotes":""},"class_list":["post-3275","page","type-page","status-publish","hentry"],"jetpack_sharing_enabled":true,"_links":{"self":[{"href":"https:\/\/ampoules.co.uk\/fr\/wp-json\/wp\/v2\/pages\/3275","targetHints":{"allow":["GET"]}}],"collection":[{"href":"https:\/\/ampoules.co.uk\/fr\/wp-json\/wp\/v2\/pages"}],"about":[{"href":"https:\/\/ampoules.co.uk\/fr\/wp-json\/wp\/v2\/types\/page"}],"author":[{"embeddable":true,"href":"https:\/\/ampoules.co.uk\/fr\/wp-json\/wp\/v2\/users\/1"}],"replies":[{"embeddable":true,"href":"https:\/\/ampoules.co.uk\/fr\/wp-json\/wp\/v2\/comments?post=3275"}],"version-history":[{"count":2,"href":"https:\/\/ampoules.co.uk\/fr\/wp-json\/wp\/v2\/pages\/3275\/revisions"}],"predecessor-version":[{"id":3279,"href":"https:\/\/ampoules.co.uk\/fr\/wp-json\/wp\/v2\/pages\/3275\/revisions\/3279"}],"wp:attachment":[{"href":"https:\/\/ampoules.co.uk\/fr\/wp-json\/wp\/v2\/media?parent=3275"}],"curies":[{"name":"wp","href":"https:\/\/api.w.org\/{rel}","templated":true}]}}