{"id":3653,"date":"2026-04-02T18:54:47","date_gmt":"2026-04-02T18:54:47","guid":{"rendered":"https:\/\/ampoules.co.uk\/product\/curcuma-1000mg-con-pimienta-negra-240-capsulas\/"},"modified":"2026-05-14T16:56:54","modified_gmt":"2026-05-14T16:56:54","slug":"curcuma-1000mg-con-pimienta-negra-240-capsulas","status":"publish","type":"product","link":"https:\/\/ampoules.co.uk\/es\/producto\/curcuma-1000mg-con-pimienta-negra-240-capsulas\/","title":{"rendered":"C\u00farcuma 1000mg con pimienta negra &#8211; 240 c\u00e1psulas"},"content":{"rendered":"<p>\u00a1 <strong>Un potente apoyo antiinflamatorio y antioxidante<\/strong> en cada c\u00e1psula! Kirkland Signature Turmeric suministra <strong>1000 mg de Curcumina C3 Complexa\u00ae estudiada cl\u00ednicamente<\/strong>, estandarizada a <strong>un 95% de curcuminoides<\/strong>, los compuestos m\u00e1s activos de la c\u00farcuma. Mejorada con <strong>BioPerine\u00ae (extracto de pimienta negra)<\/strong> para <strong>aumentar la absorci\u00f3n hasta en un 2000%,<\/strong> esta f\u00f3rmula premium ayuda a promover <strong>la salud de las articulaciones, la digesti\u00f3n, la funci\u00f3n cerebral y el bienestar general<\/strong>. Fabricado en Estados Unidos y respaldado por la confianza de Kirkland, es una excelente opci\u00f3n para el soporte natural diario.   <\/p>\n<p>&nbsp;<\/p>\n<p><strong>Beneficios clave<\/strong><\/p>\n<p>\ud83d\udd25 <strong>Comodidad y movilidad articular<\/strong> \u2013 Ayuda a reducir la inflamaci\u00f3n para <strong>mejorar la flexibilidad y comodidad<\/strong>.<br \/>\n\u26a1 <strong>Absorci\u00f3n superpotenciada<\/strong> \u2013 <strong>BioPerine\u00ae<\/strong> aumenta la biodisponibilidad de la curcumina para <strong>lograr la m\u00e1xima eficacia<\/strong>.<br \/>\n\ud83d\udee1\ufe0f <strong>Antioxidant Powerhouse<\/strong> \u2013 Neutraliza los radicales libres para apoyar la <strong>salud celular y la inmunidad.<\/strong><br \/>\n\ud83c\udf3f <strong>Apoyo digestivo y hep\u00e1tico<\/strong> \u2013 Ayuda a la digesti\u00f3n y promueve <strong>la desintoxicaci\u00f3n natural<\/strong>.<br \/>\n\ud83e\udde0 <strong>Salud cerebral y card\u00edaca<\/strong> \u2013 Puede mejorar <strong>la funci\u00f3n cognitiva y el bienestar cardiovascular<\/strong>.<\/p>\n<p><strong>Informaci\u00f3n nutricional (por 2 c\u00e1psulas)<\/strong><\/p>\n<ul>\n<li><strong>Extracto de rizoma de c\u00farcuma (complejo\u00ae de curcumina C3):<\/strong> 1000 mg\n<ul>\n<li><strong>Curcuminoides (95%):<\/strong> 950mg<\/li>\n<\/ul>\n<\/li>\n<li><strong>Extracto de pimienta negra (BioPerine\u00ae):<\/strong> 10mg\n<ul>\n<li><strong>Piperina (95%):<\/strong> 9,5mg<\/li>\n<\/ul>\n<\/li>\n<\/ul>\n<p><strong>Tama\u00f1o de la raci\u00f3n:<\/strong> 2 c\u00e1psulas<br \/>\n<strong>Raciones por envase:<\/strong> 120<\/p>\n<p>&nbsp;<\/p>\n<p><strong>Ingredientes limpios y efectivos<\/strong><\/p>\n<p>Extracto de rizoma de c\u00farcuma (estandarizado al <strong>95% de curcuminenoides<\/strong>), celulosa microcristalina (agente de volumen), hidroxipropil metilcelulosa (agente glaseante), sales de magnesio de \u00e1cidos grasos (agente antiaglomerante), extracto de pimienta negra (estandarizado al <strong>95% de piperina<\/strong>), di\u00f3xido de silicio (agente antiaglomerante).<\/p>\n<p>&nbsp;<\/p>\n<p><strong>Uso recomendado<\/strong><\/p>\n<p>Toma <strong>2 c\u00e1psulas al d\u00eda<\/strong> con una comida para una absorci\u00f3n \u00f3ptima.<\/p>\n<p>\u26a0\ufe0f No excedas la dosis recomendada salvo <strong>que un profesional sanitario te<\/strong> lo aconsejera.<\/p>\n<p>&nbsp;<\/p>\n<p><strong>\u00bfPor qu\u00e9 elegir Kirkland Signature Turcuma?<\/strong><\/p>\n<p>\u2714 <strong>Ingredientes cl\u00ednicamente estudiados<\/strong> \u2013 Utiliza <strong>complejo\u00ae curcumina C3 y BioPerina\u00ae<\/strong>, patentado por <strong>su eficacia demostrada<\/strong>.<br \/>\n\u2714 <strong>Absorci\u00f3n mejorada<\/strong> \u2013 <strong>2000% mejor biodisponibilidad<\/strong> que la c\u00farcuma est\u00e1ndar.<br \/>\n\u2714 <strong>Alta potencia<\/strong> \u2013 <strong>1000 mg por raci\u00f3n<\/strong> con <strong>un 95% de curcumininoides<\/strong> para m\u00e1ximos beneficios.<br \/>\n\u2714 <strong>Trusted Quality<\/strong> \u2013 Fabricado en EE. UU. por <strong>Kirkland Signature<\/strong>, l\u00edder en suplementos premium.<\/p>\n<p>&nbsp;<\/p>\n<p><strong>Ideal para:<\/strong><\/p>\n<p>\ud83e\uddb5 <strong>Personas con molestias o rigidez<\/strong><br \/>\n\ud83d\udee1\ufe0f <strong>articular Personas que buscan apoyo<\/strong><br \/>\n\ud83e\udde0 antiinflamatorio natural <strong>Personas que buscan mejorar la salud<\/strong><br \/>\n\ud83c\udf3f cerebral y card\u00edaca <strong>Personas que apoyan la digesti\u00f3n y la funci\u00f3n hep\u00e1tica<\/strong><\/p>\n<p>&nbsp;<\/p>\n<p><em>Los suplementos no deben sustituir una dieta variada ni un estilo de vida saludable. Gu\u00e1rdalo en un lugar fresco y seco, fuera del alcance de los ni\u00f1os. <\/em><\/p>\n","protected":false},"excerpt":{"rendered":"<p>\u00a1 Un potente apoyo antiinflamatorio y antioxidante en cada c\u00e1psula! Kirkland Signature Turmeric suministra 1000 mg de Curcumina C3 Complexa\u00ae estudiada cl\u00ednicamente, estandarizada a un 95% de curcuminoides, los compuestos m\u00e1s activos de la c\u00farcuma. Mejorada con BioPerine\u00ae (extracto de pimienta negra) para aumentar la absorci\u00f3n hasta en un 2000%, esta f\u00f3rmula premium ayuda a&#8230;<\/p>\n","protected":false},"featured_media":2969,"template":"","meta":{"_bst_post_transparent":"","_bst_post_title":"","_bst_post_layout":"","_bst_post_sidebar_id":"","_bst_post_content_style":"","_bst_post_vertical_padding":"","_bst_post_feature":"","_bst_post_feature_position":"","_bst_post_header":false,"_bst_post_footer":false},"product_brand":[],"product_cat":[525],"product_tag":[],"product_brands":[],"class_list":{"0":"post-3653","1":"product","2":"type-product","3":"status-publish","4":"has-post-thumbnail","6":"product_cat-vitaminas-orales","8":"first","9":"instock","10":"shipping-taxable","11":"purchasable","12":"product-type-simple","13":"entry","14":"content-bg","15":"loop-entry"},"jetpack_sharing_enabled":true,"_links":{"self":[{"href":"https:\/\/ampoules.co.uk\/es\/wp-json\/wp\/v2\/product\/3653","targetHints":{"allow":["GET"]}}],"collection":[{"href":"https:\/\/ampoules.co.uk\/es\/wp-json\/wp\/v2\/product"}],"about":[{"href":"https:\/\/ampoules.co.uk\/es\/wp-json\/wp\/v2\/types\/product"}],"version-history":[{"count":1,"href":"https:\/\/ampoules.co.uk\/es\/wp-json\/wp\/v2\/product\/3653\/revisions"}],"predecessor-version":[{"id":3662,"href":"https:\/\/ampoules.co.uk\/es\/wp-json\/wp\/v2\/product\/3653\/revisions\/3662"}],"wp:featuredmedia":[{"embeddable":true,"href":"https:\/\/ampoules.co.uk\/es\/wp-json\/wp\/v2\/media\/2969"}],"wp:attachment":[{"href":"https:\/\/ampoules.co.uk\/es\/wp-json\/wp\/v2\/media?parent=3653"}],"wp:term":[{"taxonomy":"product_brand","embeddable":true,"href":"https:\/\/ampoules.co.uk\/es\/wp-json\/wp\/v2\/product_brand?post=3653"},{"taxonomy":"product_cat","embeddable":true,"href":"https:\/\/ampoules.co.uk\/es\/wp-json\/wp\/v2\/product_cat?post=3653"},{"taxonomy":"product_tag","embeddable":true,"href":"https:\/\/ampoules.co.uk\/es\/wp-json\/wp\/v2\/product_tag?post=3653"},{"taxonomy":"product_brands","embeddable":true,"href":"https:\/\/ampoules.co.uk\/es\/wp-json\/wp\/v2\/product_brands?post=3653"}],"curies":[{"name":"wp","href":"https:\/\/api.w.org\/{rel}","templated":true}]}}