{"id":3565,"date":"2026-04-02T18:54:47","date_gmt":"2026-04-02T18:54:47","guid":{"rendered":"https:\/\/ampoules.co.uk\/product\/multivitaminicos-diarios-600-tabletas\/"},"modified":"2026-05-14T16:56:50","modified_gmt":"2026-05-14T16:56:50","slug":"multivitaminicos-diarios-600-tabletas","status":"publish","type":"product","link":"https:\/\/ampoules.co.uk\/es\/producto\/multivitaminicos-diarios-600-tabletas\/","title":{"rendered":"Multivitam\u00ednicos diarios \u2013 600 tabletas"},"content":{"rendered":"<p>Apoya tu salud diaria con <strong>Kirkland Signature Daily Multi<\/strong>, una f\u00f3rmula integral de multivitam\u00ednicos y minerales dise\u00f1ada para cubrir carencias nutricionales y promover el bienestar general. Cada <strong>comprimido aporta vitaminas y minerales esenciales<\/strong> para ayudar a mantener <strong>la funci\u00f3n inmunitaria, la fortaleza \u00f3sea, la salud del coraz\u00f3n y la protecci\u00f3n celular<\/strong>. Con <strong>600 comprimidos por botella<\/strong>, este suplemento de alto valor ofrece un soporte duradero, <strong>libre de colorantes, sabores o conservantes artificiales<\/strong>.  <\/p>\n<p>&nbsp;<\/p>\n<p><strong>Beneficios clave<\/strong><\/p>\n<p>\ud83d\udee1\ufe0f <strong>Apoyo inmunitario<\/strong> \u2013 Incluye <strong>vitaminas C, D, A, B6, B12 y selenio<\/strong> para ayudar a mantener un sistema inmunitario saludable.<br \/>\n\ud83e\uddb7 <strong>Salud de los huesos y los dientes<\/strong> \u2013 Contiene <strong>calcio y vitamina D<\/strong> para huesos y dientes fuertes.<br \/>\n\u2764\ufe0f <strong>Salud del coraz\u00f3n y celular<\/strong> \u2013 Incluye <strong>tiamina (B1) para la funci\u00f3n card\u00edaca<\/strong> y <strong>vitamina E para protecci\u00f3n antioxidante<\/strong>.<br \/>\n\u26a1 <strong>Energ\u00eda y metabolismo<\/strong> \u2013 <strong>Las vitaminas del grupo B (B6, B12, niacina, riboflavina)<\/strong> ayudan en la producci\u00f3n de energ\u00eda y el metabolismo de nutrientes.<br \/>\n\ud83c\udf31 <strong>F\u00f3rmula limpia<\/strong> \u2013 Sin aditivos artificiales, solo nutrici\u00f3n pura y esencial.<\/p>\n<p>&nbsp;<\/p>\n<p><strong>Datos nutricionales (por 1 tableta)<\/strong><\/p>\n<table>\n<tbody>\n<tr>\n<th><strong>Nutrientes<\/strong><\/th>\n<th><strong>Cantidad<\/strong><\/th>\n<th><strong>%NRV<\/strong>*<\/th>\n<th><strong>Nutrientes<\/strong><\/th>\n<th><strong>Cantidad<\/strong><\/th>\n<th><strong>%NRV<\/strong>*<\/th>\n<\/tr>\n<tr>\n<td>Vitamina A<\/td>\n<td>800 \u03bcg RE<\/td>\n<td>100%<\/td>\n<td>\u00c1cido pantot\u00e9nico<\/td>\n<td>6 mg<\/td>\n<td>100%<\/td>\n<\/tr>\n<tr>\n<td>Vitamina D<\/td>\n<td>10 \u03bcg<\/td>\n<td>200%<\/td>\n<td>Calcio<\/td>\n<td>200 mg<\/td>\n<td>25%<\/td>\n<\/tr>\n<tr>\n<td>Vitamina E<\/td>\n<td>12 mg \u03b1-TE<\/td>\n<td>100%<\/td>\n<td>Magnesio<\/td>\n<td>100 mg<\/td>\n<td>27%<\/td>\n<\/tr>\n<tr>\n<td>Vitamina K<\/td>\n<td>75 \u03bcg<\/td>\n<td>100%<\/td>\n<td>Hierro<\/td>\n<td>14 mg<\/td>\n<td>100%<\/td>\n<\/tr>\n<tr>\n<td>Vitamina C<\/td>\n<td>80 mg<\/td>\n<td>100%<\/td>\n<td>Zinc<\/td>\n<td>10 mg<\/td>\n<td>100%<\/td>\n<\/tr>\n<tr>\n<td>Tiamina (B1)<\/td>\n<td>1,1 mg<\/td>\n<td>100%<\/td>\n<td>Cobre<\/td>\n<td>1 mg<\/td>\n<td>100%<\/td>\n<\/tr>\n<tr>\n<td>Riboflavina (B2)<\/td>\n<td>1,4 mg<\/td>\n<td>100%<\/td>\n<td>Manganeso<\/td>\n<td>2 mg<\/td>\n<td>100%<\/td>\n<\/tr>\n<tr>\n<td>Niacina (B3)<\/td>\n<td>16 mg NE<\/td>\n<td>100%<\/td>\n<td>Selenio<\/td>\n<td>55 \u03bcg<\/td>\n<td>100%<\/td>\n<\/tr>\n<tr>\n<td>Vitamina B6<\/td>\n<td>1,4 mg<\/td>\n<td>100%<\/td>\n<td>Cromo<\/td>\n<td>40 \u03bcg<\/td>\n<td>100%<\/td>\n<\/tr>\n<tr>\n<td>\u00c1cido F\u00f3lico (B9)<\/td>\n<td>200 \u03bcg<\/td>\n<td>100%<\/td>\n<td>Molibdeno<\/td>\n<td>50 \u03bcg<\/td>\n<td>100%<\/td>\n<\/tr>\n<tr>\n<td>Vitamina B12<\/td>\n<td>2,5 \u03bcg<\/td>\n<td>100%<\/td>\n<td>Yodo<\/td>\n<td>150 \u03bcg<\/td>\n<td>100%<\/td>\n<\/tr>\n<tr>\n<td>Biotina<\/td>\n<td>50 \u03bcg<\/td>\n<td>100%<\/td>\n<td><\/td>\n<td><\/td>\n<td><\/td>\n<\/tr>\n<\/tbody>\n<\/table>\n<p>*NRV = Valor de referencia nutricional<\/p>\n<p>&nbsp;<\/p>\n<p><strong>Uso recomendado<\/strong><\/p>\n<p>Toma <strong>1 pastilla diaria<\/strong> con una comida para una absorci\u00f3n \u00f3ptima.<\/p>\n<p>&nbsp;<\/p>\n<p><strong>\u00bfPor qu\u00e9 elegir Kirkland Signature Daily Multi?<\/strong><\/p>\n<p>\u2714 <strong>Suministro de 600 comprimidos<\/strong> \u2013 <strong>Valor excepcional<\/strong> para una nutrici\u00f3n diaria a largo plazo.<br \/>\n\u2714 <strong>F\u00f3rmula completa<\/strong> \u2013 Cubre <strong>vitaminas y minerales esenciales<\/strong> en dosis equilibradas.<br \/>\n\u2714 <strong>Sin aditivos artificiales<\/strong> \u2013 Libre de rellenos, colorantes o conservantes innecesarios.<br \/>\n\u2714 <strong>Trusted Quality<\/strong> \u2013 Una marca exclusiva de Costco conocida por <strong>sus suplementos asequibles y de alta calidad<\/strong>.<\/p>\n<p>&nbsp;<\/p>\n<p><strong>Ideal para:<\/strong><\/p>\n<p>\ud83c\udf3f <strong>Adultos que buscan un multivitam\u00ednico<\/strong><br \/>\n\ud83d\udcaa diario sencillo <strong>y eficaz que apoye la salud<\/strong><br \/>\n\ud83c\udf4f inmune, \u00f3sea, card\u00edaca y celular <strong>, cubriendo carencias nutricionales en un estilo de vida ajetreado<\/strong><\/p>\n<p>&nbsp;<\/p>\n<p><em>Los suplementos no deben sustituir una dieta variada ni un estilo de vida saludable. No excedas la dosis recomendada. <\/em><\/p>\n","protected":false},"excerpt":{"rendered":"<p>Apoya tu salud diaria con Kirkland Signature Daily Multi, una f\u00f3rmula integral de multivitam\u00ednicos y minerales dise\u00f1ada para cubrir carencias nutricionales y promover el bienestar general. Cada comprimido aporta vitaminas y minerales esenciales para ayudar a mantener la funci\u00f3n inmunitaria, la fortaleza \u00f3sea, la salud del coraz\u00f3n y la protecci\u00f3n celular. Con 600 comprimidos por&#8230;<\/p>\n","protected":false},"featured_media":2501,"template":"","meta":{"_bst_post_transparent":"","_bst_post_title":"","_bst_post_layout":"","_bst_post_sidebar_id":"","_bst_post_content_style":"","_bst_post_vertical_padding":"","_bst_post_feature":"","_bst_post_feature_position":"","_bst_post_header":false,"_bst_post_footer":false},"product_brand":[],"product_cat":[525],"product_tag":[],"product_brands":[],"class_list":{"0":"post-3565","1":"product","2":"type-product","3":"status-publish","4":"has-post-thumbnail","6":"product_cat-vitaminas-orales","8":"first","9":"instock","10":"shipping-taxable","11":"purchasable","12":"product-type-simple","13":"entry","14":"content-bg","15":"loop-entry"},"jetpack_sharing_enabled":true,"_links":{"self":[{"href":"https:\/\/ampoules.co.uk\/es\/wp-json\/wp\/v2\/product\/3565","targetHints":{"allow":["GET"]}}],"collection":[{"href":"https:\/\/ampoules.co.uk\/es\/wp-json\/wp\/v2\/product"}],"about":[{"href":"https:\/\/ampoules.co.uk\/es\/wp-json\/wp\/v2\/types\/product"}],"version-history":[{"count":1,"href":"https:\/\/ampoules.co.uk\/es\/wp-json\/wp\/v2\/product\/3565\/revisions"}],"predecessor-version":[{"id":3585,"href":"https:\/\/ampoules.co.uk\/es\/wp-json\/wp\/v2\/product\/3565\/revisions\/3585"}],"wp:featuredmedia":[{"embeddable":true,"href":"https:\/\/ampoules.co.uk\/es\/wp-json\/wp\/v2\/media\/2501"}],"wp:attachment":[{"href":"https:\/\/ampoules.co.uk\/es\/wp-json\/wp\/v2\/media?parent=3565"}],"wp:term":[{"taxonomy":"product_brand","embeddable":true,"href":"https:\/\/ampoules.co.uk\/es\/wp-json\/wp\/v2\/product_brand?post=3565"},{"taxonomy":"product_cat","embeddable":true,"href":"https:\/\/ampoules.co.uk\/es\/wp-json\/wp\/v2\/product_cat?post=3565"},{"taxonomy":"product_tag","embeddable":true,"href":"https:\/\/ampoules.co.uk\/es\/wp-json\/wp\/v2\/product_tag?post=3565"},{"taxonomy":"product_brands","embeddable":true,"href":"https:\/\/ampoules.co.uk\/es\/wp-json\/wp\/v2\/product_brands?post=3565"}],"curies":[{"name":"wp","href":"https:\/\/api.w.org\/{rel}","templated":true}]}}