{"id":3524,"date":"2026-04-02T18:54:47","date_gmt":"2026-04-02T18:54:47","guid":{"rendered":"https:\/\/ampoules.co.uk\/product\/omega-amigable-con-el-oceano-120-softgels\/"},"modified":"2026-05-14T16:56:46","modified_gmt":"2026-05-14T16:56:46","slug":"omega-amigable-con-el-oceano-120-softgels","status":"publish","type":"product","link":"https:\/\/ampoules.co.uk\/es\/producto\/omega-amigable-con-el-oceano-120-softgels\/","title":{"rendered":"Omega Amigable con el Oc\u00e9ano &#8211; 120 Softgels"},"content":{"rendered":"<p><strong>Youtheory Omega Ecol\u00f3gico \u2013 Omega-3 sostenible y de origen vegetal<\/strong><\/p>\n<p>Un suplemento <strong>100%<\/strong> vegetal de Omega-3 procedente de <strong>aceite de algas sostenible<\/strong>, que aporta <strong>770 mg de \u00e1cidos grasos esenciales (DHA y EPA) por raci\u00f3n<\/strong>. A diferencia del aceite de pescado tradicional, esta f\u00f3rmula <strong>vegana<\/strong> ofrece todos los beneficios de los Omega-3 <strong>sin el regusto a pescado ni el impacto ambiental<\/strong>. Dise\u00f1ado para apoyar <strong>la salud del coraz\u00f3n, el cerebro y los ojos<\/strong>, est\u00e1 <strong>libre de contaminantes marinos<\/strong>, ofreciendo una opci\u00f3n m\u00e1s limpia y \u00e9tica para tu rutina de bienestar. Adem\u00e1s, viene en una botella de <strong>aluminio infinitamente reciclable<\/strong>, reflejando el compromiso de Youtheory tanto con la salud como con la sostenibilidad.   <\/p>\n<p><strong>Beneficios clave<\/strong><\/p>\n<p>\u2705 <strong>Salud del coraz\u00f3n<\/strong> \u2013 EPA y DHA ayudan a mantener niveles saludables de triglic\u00e9ridos y a apoyar la funci\u00f3n cardiovascular.*<br \/>\n \u2705 <strong>Cerebro y memoria<\/strong> \u2013 El DHA promueve la funci\u00f3n cognitiva y la claridad mental.*<br \/>\n \u2705 <strong>Apoyo visual<\/strong> \u2013 El DHA contribuye a la salud ocular y al desarrollo visual.*<br \/>\n \u2705 <strong>Sostenible y libre de peces<\/strong> \u2013 Derivado de <strong>algas (Schizochytrium sp.),<\/strong> la fuente original de Omega-3, no se requiere vida marina.<br \/>\n\u2705 <strong>Sin eructos a pescado<\/strong> \u2013 Digesti\u00f3n suave <strong>sin mercurio, micropl\u00e1sticos ni contaminantes marinos<\/strong>.<br \/>\n\u2705 <strong>Embalaje ecol\u00f3gico<\/strong> \u2013 <strong>Botella de aluminio 100% reciclable<\/strong> para minimizar el desperdicio pl\u00e1stico.<\/p>\n<p><strong>Datos nutricionales (seg\u00fan 2 softgels)<\/strong><\/p>\n<ul>\n<li><strong>Aceite de algas rico en DHA y EPA:<\/strong> 1.480 mg<\/li>\n<li><strong>Omega-3 total:<\/strong> 770 mg\n<ul>\n<li><strong>DHA (\u00e1cido docosahexaenoico):<\/strong> 450 mg<\/li>\n<li><strong>EPA (\u00c1cido Eicosapentaenoico):<\/strong> 140 mg<\/li>\n<\/ul>\n<\/li>\n<\/ul>\n<p><strong>Tama\u00f1o de la raci\u00f3n:<\/strong> 2 softgels<br \/>\n<strong>Raciones por envase:<\/strong> 60<\/p>\n<p>*Valor diario (DV) no establecido para los Omega-3.<\/p>\n<p><strong>Ingredientes limpios y de origen vegetal<\/strong><\/p>\n<p>Aceite de microalgas rico en DHA y EPA (Schizochytrium sp.), almid\u00f3n modificado, agentes esmaltantes (glicerol, carragenina, sorbitol), antioxidante (extracto rico en tocoferol), agua purificada.<\/p>\n<p><strong>Libre de:<\/strong> Pescado, mariscos, gluten, soja, l\u00e1cteos, transg\u00e9nicos y aditivos artificiales.<\/p>\n<p><strong>Uso recomendado<\/strong><\/p>\n<p><strong>Toma 2 softgels diarios<\/strong> con una comida para una absorci\u00f3n \u00f3ptima. Perfecto para quienes tienen est\u00f3magos sensibles\u2014<strong>\u00a1sin regusto a pescado!<\/strong> <\/p>\n<p><strong>\u00bfPor qu\u00e9 elegir Youtheory Ocean Friendly Omega?<\/strong><\/p>\n<p>\u2714 <strong>Bioid\u00e9ntico al aceite de pescado<\/strong> \u2013 Los omega-3 a base de algas ofrecen <strong>una absorci\u00f3n superior<\/strong> sin necesidad de fuentes marinas.<br \/>\n\u2714 <strong>Puro y libre de contaminantes<\/strong> \u2013 No hay metales pesados (mercurio, plomo) ni contaminantes oce\u00e1nicos.<br \/>\n\u2714 <strong>Vegano y Seguro para el Planeta<\/strong> \u2013 Apoya <strong>la nutrici\u00f3n sostenible<\/strong> sin da\u00f1ar los ecosistemas marinos.<br \/>\n\u2714 <strong>Suministro de 60 d\u00edas<\/strong> \u2013 Apoyo c\u00f3modo a largo plazo para el coraz\u00f3n, el cerebro y la visi\u00f3n.<\/p>\n<p><strong>Calidad Garantizada<\/strong><\/p>\n<ul>\n<li><strong>Pruebas de terceros<\/strong> para comprobar pureza y potencia.<\/li>\n<li><strong>Proyecto no transg\u00e9nico verificado.<\/strong><\/li>\n<\/ul>\n<p><strong>Ideal para:<\/strong><\/p>\n<p>\ud83c\udf31 <strong>Veganos y vegetarianos<\/strong> que buscan un Omega-3 libre de pescado.<br \/>\n\ud83c\udf0d <strong>Consumidores conscientes del medio ambiente<\/strong> que valoran la sostenibilidad.<br \/>\n\u26a0\ufe0f <strong>Aquellos con alergias<\/strong> o sensibilidades al marisco.<br \/>\n\ud83d\udca1 <strong>Cualquiera<\/strong> que quiera un apoyo <strong>limpio y efectivo<\/strong> para el coraz\u00f3n y el cerebro.<\/p>\n<p><strong>Nutre tu cuerpo y protege los oc\u00e9anos\u2014\u00a1de forma natural!<\/strong><\/p>\n","protected":false},"excerpt":{"rendered":"<p>Youtheory Omega Ecol\u00f3gico \u2013 Omega-3 sostenible y de origen vegetal Un suplemento 100% vegetal de Omega-3 procedente de aceite de algas sostenible, que aporta 770 mg de \u00e1cidos grasos esenciales (DHA y EPA) por raci\u00f3n. A diferencia del aceite de pescado tradicional, esta f\u00f3rmula vegana ofrece todos los beneficios de los Omega-3 sin el regusto&#8230;<\/p>\n","protected":false},"featured_media":2946,"template":"","meta":{"_bst_post_transparent":"","_bst_post_title":"","_bst_post_layout":"","_bst_post_sidebar_id":"","_bst_post_content_style":"","_bst_post_vertical_padding":"","_bst_post_feature":"","_bst_post_feature_position":"","_bst_post_header":false,"_bst_post_footer":false},"product_brand":[],"product_cat":[525],"product_tag":[538,537],"product_brands":[],"class_list":{"0":"post-3524","1":"product","2":"type-product","3":"status-publish","4":"has-post-thumbnail","6":"product_cat-vitaminas-orales","7":"product_tag-basado-en-plantas","8":"product_tag-omega","10":"first","11":"instock","12":"sale","13":"shipping-taxable","14":"purchasable","15":"product-type-simple","16":"entry","17":"content-bg","18":"loop-entry"},"jetpack_sharing_enabled":true,"_links":{"self":[{"href":"https:\/\/ampoules.co.uk\/es\/wp-json\/wp\/v2\/product\/3524","targetHints":{"allow":["GET"]}}],"collection":[{"href":"https:\/\/ampoules.co.uk\/es\/wp-json\/wp\/v2\/product"}],"about":[{"href":"https:\/\/ampoules.co.uk\/es\/wp-json\/wp\/v2\/types\/product"}],"version-history":[{"count":1,"href":"https:\/\/ampoules.co.uk\/es\/wp-json\/wp\/v2\/product\/3524\/revisions"}],"predecessor-version":[{"id":3536,"href":"https:\/\/ampoules.co.uk\/es\/wp-json\/wp\/v2\/product\/3524\/revisions\/3536"}],"wp:featuredmedia":[{"embeddable":true,"href":"https:\/\/ampoules.co.uk\/es\/wp-json\/wp\/v2\/media\/2946"}],"wp:attachment":[{"href":"https:\/\/ampoules.co.uk\/es\/wp-json\/wp\/v2\/media?parent=3524"}],"wp:term":[{"taxonomy":"product_brand","embeddable":true,"href":"https:\/\/ampoules.co.uk\/es\/wp-json\/wp\/v2\/product_brand?post=3524"},{"taxonomy":"product_cat","embeddable":true,"href":"https:\/\/ampoules.co.uk\/es\/wp-json\/wp\/v2\/product_cat?post=3524"},{"taxonomy":"product_tag","embeddable":true,"href":"https:\/\/ampoules.co.uk\/es\/wp-json\/wp\/v2\/product_tag?post=3524"},{"taxonomy":"product_brands","embeddable":true,"href":"https:\/\/ampoules.co.uk\/es\/wp-json\/wp\/v2\/product_brands?post=3524"}],"curies":[{"name":"wp","href":"https:\/\/api.w.org\/{rel}","templated":true}]}}