{"id":3482,"date":"2026-04-02T18:54:46","date_gmt":"2026-04-02T18:54:46","guid":{"rendered":"https:\/\/ampoules.co.uk\/product\/crema-anestesica-topica-xyla-p-30g\/"},"modified":"2026-05-14T16:56:42","modified_gmt":"2026-05-14T16:56:42","slug":"crema-anestesica-topica-xyla-p-30g","status":"publish","type":"product","link":"https:\/\/ampoules.co.uk\/es\/producto\/crema-anestesica-topica-xyla-p-30g\/","title":{"rendered":"Crema anest\u00e9sica t\u00f3pica Xyla-P \u2013 30g"},"content":{"rendered":"<p>Experimenta un alivio r\u00e1pido y temporal del dolor y las molestias con Xyla-P. Esta crema anest\u00e9sica t\u00f3pica premium contiene una formulaci\u00f3n equilibrada de lidoca\u00edna (2,5%) y priloca\u00edna (2,5%), dise\u00f1ada para un uso externo eficaz. <\/p>\n<p>&nbsp;<\/p>\n<p><strong>Caracter\u00edsticas clave:<\/strong><\/p>\n<ul>\n<li><strong>Inicio r\u00e1pido de la acci\u00f3n:<\/strong> La f\u00f3rmula adormece r\u00e1pidamente la piel para proporcionar un alivio r\u00e1pido.<\/li>\n<li><strong>Acci\u00f3n Dual Sin\u00e9rgica:<\/strong> La combinaci\u00f3n de lidoca\u00edna y priloca\u00edna potencia el efecto anest\u00e9sico para obtener resultados \u00f3ptimos.<\/li>\n<li><strong>Embalaje f\u00e1cil de usar:<\/strong> Se suministra en un tubo de 30g para su aplicaci\u00f3n y almacenamiento c\u00f3modos.<\/li>\n<\/ul>\n<p>&nbsp;<\/p>\n<p><strong>Instrucciones de uso:<\/strong> Aplica Xyla-P directamente sobre la piel afectada seg\u00fan las indicaciones. Evita el contacto con los ojos y la boca. No se apliquen sobre la piel da\u00f1ada ni heridas abiertas. Adecuado para su uso en adultos y ni\u00f1os mayores de 3 a\u00f1os. Aseg\u00farate de que el tubo est\u00e9 bien cerrado tras cada aplicaci\u00f3n para mantener la integridad del producto.    <\/p>\n<p>&nbsp;<\/p>\n<p><strong>Directrices de almacenamiento:<\/strong> Conserva por debajo de 30\u00b0C.  Mant\u00e9n este producto fuera del alcance y la vista de los ni\u00f1os. <\/p>\n<p>&nbsp;<\/p>\n<p><strong>Advertencias importantes:<\/strong> No apto para ni\u00f1os menores de 3 a\u00f1os. Evita aplicarla en zonas sensibles alrededor de los ojos y la boca. Solo para uso externo. No uses Xyla-P si tienes alergia conocida a la lidoca\u00edna o a cualquier otro ingrediente de la crema. Es recomendable consultar con un m\u00e9dico o farmac\u00e9utico antes de usar este medicamento si tienes problemas previos del coraz\u00f3n o del h\u00edgado o si padeces epilepsia.    <\/p>\n<p>&nbsp;<\/p>\n<p><strong>Nota:<\/strong> La informaci\u00f3n proporcionada aqu\u00ed est\u00e1 destinada \u00fanicamente a fines educativos y no debe considerarse un sustituto del asesoramiento m\u00e9dico profesional.<\/p>\n","protected":false},"excerpt":{"rendered":"<p>Experimenta un alivio r\u00e1pido y temporal del dolor y las molestias con Xyla-P. Esta crema anest\u00e9sica t\u00f3pica premium contiene una formulaci\u00f3n equilibrada de lidoca\u00edna (2,5%) y priloca\u00edna (2,5%), dise\u00f1ada para un uso externo eficaz. &nbsp; Caracter\u00edsticas clave: Inicio r\u00e1pido de la acci\u00f3n: La f\u00f3rmula adormece r\u00e1pidamente la piel para proporcionar un alivio r\u00e1pido. Acci\u00f3n Dual&#8230;<\/p>\n","protected":false},"featured_media":2507,"template":"","meta":{"_bst_post_transparent":"","_bst_post_title":"","_bst_post_layout":"","_bst_post_sidebar_id":"","_bst_post_content_style":"","_bst_post_vertical_padding":"","_bst_post_feature":"","_bst_post_feature_position":"","_bst_post_header":false,"_bst_post_footer":false},"product_brand":[],"product_cat":[534],"product_tag":[],"product_brands":[],"class_list":{"0":"post-3482","1":"product","2":"type-product","3":"status-publish","4":"has-post-thumbnail","6":"product_cat-equipamiento","8":"first","9":"instock","10":"sale","11":"featured","12":"purchasable","13":"product-type-simple","14":"entry","15":"content-bg","16":"loop-entry"},"jetpack_sharing_enabled":true,"_links":{"self":[{"href":"https:\/\/ampoules.co.uk\/es\/wp-json\/wp\/v2\/product\/3482","targetHints":{"allow":["GET"]}}],"collection":[{"href":"https:\/\/ampoules.co.uk\/es\/wp-json\/wp\/v2\/product"}],"about":[{"href":"https:\/\/ampoules.co.uk\/es\/wp-json\/wp\/v2\/types\/product"}],"version-history":[{"count":1,"href":"https:\/\/ampoules.co.uk\/es\/wp-json\/wp\/v2\/product\/3482\/revisions"}],"predecessor-version":[{"id":3492,"href":"https:\/\/ampoules.co.uk\/es\/wp-json\/wp\/v2\/product\/3482\/revisions\/3492"}],"wp:featuredmedia":[{"embeddable":true,"href":"https:\/\/ampoules.co.uk\/es\/wp-json\/wp\/v2\/media\/2507"}],"wp:attachment":[{"href":"https:\/\/ampoules.co.uk\/es\/wp-json\/wp\/v2\/media?parent=3482"}],"wp:term":[{"taxonomy":"product_brand","embeddable":true,"href":"https:\/\/ampoules.co.uk\/es\/wp-json\/wp\/v2\/product_brand?post=3482"},{"taxonomy":"product_cat","embeddable":true,"href":"https:\/\/ampoules.co.uk\/es\/wp-json\/wp\/v2\/product_cat?post=3482"},{"taxonomy":"product_tag","embeddable":true,"href":"https:\/\/ampoules.co.uk\/es\/wp-json\/wp\/v2\/product_tag?post=3482"},{"taxonomy":"product_brands","embeddable":true,"href":"https:\/\/ampoules.co.uk\/es\/wp-json\/wp\/v2\/product_brands?post=3482"}],"curies":[{"name":"wp","href":"https:\/\/api.w.org\/{rel}","templated":true}]}}