{"id":3466,"date":"2026-04-02T18:54:46","date_gmt":"2026-04-02T18:54:46","guid":{"rendered":"https:\/\/ampoules.co.uk\/product\/herramienta-de-apertura-de-ampolla\/"},"modified":"2026-05-14T16:56:41","modified_gmt":"2026-05-14T16:56:41","slug":"herramienta-de-apertura-de-ampolla","status":"publish","type":"product","link":"https:\/\/ampoules.co.uk\/es\/producto\/herramienta-de-apertura-de-ampolla\/","title":{"rendered":"Herramienta de apertura de ampolla"},"content":{"rendered":"<p><strong>Herramienta eficiente y segura para abrir ampollas para uso m\u00e9dico<\/strong><\/p>\n<p>Dise\u00f1ado para las exigencias de entornos m\u00e9dicos concurridos, nuestro abridor de ampollas ofrece una forma pr\u00e1ctica y fiable para que los profesionales m\u00e9dicos abran r\u00e1pidamente ampollas de cristal. Construida con materiales duraderos pero ligeros y de alta calidad, esta herramienta esencial cuenta con una rueda de corte de precisi\u00f3n que garantiza una separaci\u00f3n completa y limpia de la ampolla. Su dise\u00f1o intuitivo requiere una formaci\u00f3n m\u00ednima, lo que la hace ideal para m\u00e9dicos, enfermeros y farmac\u00e9uticos que buscan eficiencia y precisi\u00f3n.  <\/p>\n<p>&nbsp;<\/p>\n<p><strong>Caracter\u00edsticas clave:<\/strong><\/p>\n<ul>\n<li><strong>Material de alta calidad:<\/strong> Garantiza una durabilidad duradera y un rendimiento fiable.<\/li>\n<li><strong>Color:<\/strong> Disponible exclusivamente en blanco.<\/li>\n<li><strong>Tama\u00f1o compacto:<\/strong> Dimensiones de 2,55 x 0,59 x 0,59 pulgadas (6,50 x 1,50 x 1,50 cm) para facilitar el manejo y almacenamiento.<\/li>\n<li><strong>Fabricaci\u00f3n de precisi\u00f3n:<\/strong> Mejora la estabilidad y fiabilidad del abridor para un uso constante.<\/li>\n<li><strong>Amigable con la esterilizaci\u00f3n:<\/strong> Dise\u00f1ado para facilitar la esterilizaci\u00f3n, contribuyendo a un entorno cl\u00ednico m\u00e1s seguro.<\/li>\n<li><strong>Herramienta esencial de atenci\u00f3n sanitaria:<\/strong> Facilita el acceso r\u00e1pido y seguro a los medicamentos en hospitales y entornos cl\u00ednicos.<\/li>\n<li><strong>Dise\u00f1o f\u00e1cil de usar:<\/strong> Dise\u00f1ada intuitivamente para cortar una ampolla de vidrio precisa con m\u00ednima gu\u00eda del usuario.<\/li>\n<\/ul>\n<p>&nbsp;<\/p>\n<p><strong>Lo que incluye:<\/strong> Un abridor de ampollas.<\/p>\n<p>&nbsp;<\/p>\n<p>Nuestro abridor de ampollas combina funcionalidad, durabilidad y seguridad para optimizar el acceso a la medicaci\u00f3n para profesionales sanitarios en diversos entornos cl\u00ednicos, garantizando eficiencia y precisi\u00f3n en su flujo de trabajo diario.<\/p>\n","protected":false},"excerpt":{"rendered":"<p>Herramienta eficiente y segura para abrir ampollas para uso m\u00e9dico Dise\u00f1ado para las exigencias de entornos m\u00e9dicos concurridos, nuestro abridor de ampollas ofrece una forma pr\u00e1ctica y fiable para que los profesionales m\u00e9dicos abran r\u00e1pidamente ampollas de cristal. Construida con materiales duraderos pero ligeros y de alta calidad, esta herramienta esencial cuenta con una rueda&#8230;<\/p>\n","protected":false},"featured_media":2701,"template":"","meta":{"_bst_post_transparent":"","_bst_post_title":"","_bst_post_layout":"","_bst_post_sidebar_id":"","_bst_post_content_style":"","_bst_post_vertical_padding":"","_bst_post_feature":"","_bst_post_feature_position":"","_bst_post_header":false,"_bst_post_footer":false},"product_brand":[],"product_cat":[534],"product_tag":[],"product_brands":[],"class_list":{"0":"post-3466","1":"product","2":"type-product","3":"status-publish","4":"has-post-thumbnail","6":"product_cat-equipamiento","8":"first","9":"instock","10":"shipping-taxable","11":"purchasable","12":"product-type-simple","13":"entry","14":"content-bg","15":"loop-entry"},"jetpack_sharing_enabled":true,"_links":{"self":[{"href":"https:\/\/ampoules.co.uk\/es\/wp-json\/wp\/v2\/product\/3466","targetHints":{"allow":["GET"]}}],"collection":[{"href":"https:\/\/ampoules.co.uk\/es\/wp-json\/wp\/v2\/product"}],"about":[{"href":"https:\/\/ampoules.co.uk\/es\/wp-json\/wp\/v2\/types\/product"}],"version-history":[{"count":1,"href":"https:\/\/ampoules.co.uk\/es\/wp-json\/wp\/v2\/product\/3466\/revisions"}],"predecessor-version":[{"id":3475,"href":"https:\/\/ampoules.co.uk\/es\/wp-json\/wp\/v2\/product\/3466\/revisions\/3475"}],"wp:featuredmedia":[{"embeddable":true,"href":"https:\/\/ampoules.co.uk\/es\/wp-json\/wp\/v2\/media\/2701"}],"wp:attachment":[{"href":"https:\/\/ampoules.co.uk\/es\/wp-json\/wp\/v2\/media?parent=3466"}],"wp:term":[{"taxonomy":"product_brand","embeddable":true,"href":"https:\/\/ampoules.co.uk\/es\/wp-json\/wp\/v2\/product_brand?post=3466"},{"taxonomy":"product_cat","embeddable":true,"href":"https:\/\/ampoules.co.uk\/es\/wp-json\/wp\/v2\/product_cat?post=3466"},{"taxonomy":"product_tag","embeddable":true,"href":"https:\/\/ampoules.co.uk\/es\/wp-json\/wp\/v2\/product_tag?post=3466"},{"taxonomy":"product_brands","embeddable":true,"href":"https:\/\/ampoules.co.uk\/es\/wp-json\/wp\/v2\/product_brands?post=3466"}],"curies":[{"name":"wp","href":"https:\/\/api.w.org\/{rel}","templated":true}]}}