{"id":3442,"date":"2026-04-02T18:54:46","date_gmt":"2026-04-02T18:54:46","guid":{"rendered":"https:\/\/ampoules.co.uk\/product\/vitamina-d3-300-000-i-u-ml-ampolla\/"},"modified":"2026-05-14T16:56:39","modified_gmt":"2026-05-14T16:56:39","slug":"vitamina-d3-300-000-i-u-ml-ampolla","status":"publish","type":"product","link":"https:\/\/ampoules.co.uk\/es\/producto\/vitamina-d3-300-000-i-u-ml-ampolla\/","title":{"rendered":"Vitamina D3 300.000 I.U.\/ml Ampolla"},"content":{"rendered":"<p><strong>Suplemento de vitamina D3<\/strong> (300.000 UI por ampolla de 1 mL) <strong>Para administraci\u00f3n profesional.<\/strong><\/p>\n<p>&nbsp;<\/p>\n<p><strong>Gu\u00eda de uso:<\/strong><br \/>\nEste suplemento est\u00e1 <strong>destinado a ser utilizado bajo la supervisi\u00f3n de un profesional sanitario cualificado<\/strong> para garantizar la dosificaci\u00f3n y administraci\u00f3n adecuadas.<\/p>\n<p>&nbsp;<\/p>\n<p><strong>Detalles del embalaje:<\/strong><br \/>\nCada caja contiene una ampolla de 1 mL de <strong>vitamina D3 a una concentraci\u00f3n de 300.000 UI\/mL.<\/strong><\/p>\n<p>&nbsp;<\/p>\n<p><strong>Aviso importante:<\/strong><\/p>\n<ul>\n<li>Este producto es <strong>solo para uso profesional.<\/strong><\/li>\n<li>Consulta con tu profesional sanitario antes de usarla, especialmente si tienes condiciones m\u00e9dicas o tomas otros medicamentos.<\/li>\n<li>No para autoadministraci\u00f3n.<\/li>\n<\/ul>\n<p>&nbsp;<\/p>\n<p><strong>Instrucciones de almacenamiento:<\/strong><br \/>\nGuarda por debajo de 25\u00b0C, protege de la luz y del fr\u00edo. Mantente fuera del alcance de los ni\u00f1os. <\/p>\n<p>&nbsp;<\/p>\n<p><strong>Fabricado en:<\/strong> Turqu\u00eda<\/p>\n<p>&nbsp;<\/p>\n<p><strong>Aviso legal:<\/strong><br \/>\n<em>Este producto es un suplemento diet\u00e9tico y no est\u00e1 destinado a diagnosticar, tratar, curar o prevenir ninguna enfermedad. La informaci\u00f3n proporcionada es \u00fanicamente con fines educativos y no debe sustituir el asesoramiento m\u00e9dico profesional. Consulta siempre con un profesional sanitario antes de comenzar cualquier nuevo r\u00e9gimen de suplementos.  <\/em><\/p>\n","protected":false},"excerpt":{"rendered":"<p>Suplemento de vitamina D3 (300.000 UI por ampolla de 1 mL) Para administraci\u00f3n profesional. &nbsp; Gu\u00eda de uso: Este suplemento est\u00e1 destinado a ser utilizado bajo la supervisi\u00f3n de un profesional sanitario cualificado para garantizar la dosificaci\u00f3n y administraci\u00f3n adecuadas. &nbsp; Detalles del embalaje: Cada caja contiene una ampolla de 1 mL de vitamina D3&#8230;<\/p>\n","protected":false},"featured_media":2716,"template":"","meta":{"_bst_post_transparent":"","_bst_post_title":"","_bst_post_layout":"","_bst_post_sidebar_id":"","_bst_post_content_style":"","_bst_post_vertical_padding":"","_bst_post_feature":"","_bst_post_feature_position":"","_bst_post_header":false,"_bst_post_footer":false},"product_brand":[],"product_cat":[528],"product_tag":[],"product_brands":[],"class_list":{"0":"post-3442","1":"product","2":"type-product","3":"status-publish","4":"has-post-thumbnail","6":"product_cat-ampollas","8":"first","9":"instock","10":"sale","11":"featured","12":"purchasable","13":"product-type-simple","14":"entry","15":"content-bg","16":"loop-entry"},"jetpack_sharing_enabled":true,"_links":{"self":[{"href":"https:\/\/ampoules.co.uk\/es\/wp-json\/wp\/v2\/product\/3442","targetHints":{"allow":["GET"]}}],"collection":[{"href":"https:\/\/ampoules.co.uk\/es\/wp-json\/wp\/v2\/product"}],"about":[{"href":"https:\/\/ampoules.co.uk\/es\/wp-json\/wp\/v2\/types\/product"}],"version-history":[{"count":1,"href":"https:\/\/ampoules.co.uk\/es\/wp-json\/wp\/v2\/product\/3442\/revisions"}],"predecessor-version":[{"id":3449,"href":"https:\/\/ampoules.co.uk\/es\/wp-json\/wp\/v2\/product\/3442\/revisions\/3449"}],"wp:featuredmedia":[{"embeddable":true,"href":"https:\/\/ampoules.co.uk\/es\/wp-json\/wp\/v2\/media\/2716"}],"wp:attachment":[{"href":"https:\/\/ampoules.co.uk\/es\/wp-json\/wp\/v2\/media?parent=3442"}],"wp:term":[{"taxonomy":"product_brand","embeddable":true,"href":"https:\/\/ampoules.co.uk\/es\/wp-json\/wp\/v2\/product_brand?post=3442"},{"taxonomy":"product_cat","embeddable":true,"href":"https:\/\/ampoules.co.uk\/es\/wp-json\/wp\/v2\/product_cat?post=3442"},{"taxonomy":"product_tag","embeddable":true,"href":"https:\/\/ampoules.co.uk\/es\/wp-json\/wp\/v2\/product_tag?post=3442"},{"taxonomy":"product_brands","embeddable":true,"href":"https:\/\/ampoules.co.uk\/es\/wp-json\/wp\/v2\/product_brands?post=3442"}],"curies":[{"name":"wp","href":"https:\/\/api.w.org\/{rel}","templated":true}]}}