{"id":3399,"date":"2026-04-02T18:54:46","date_gmt":"2026-04-02T18:54:46","guid":{"rendered":"https:\/\/ampoules.co.uk\/product\/vitamina-c-5ml-x-5-ampolla-iv-500mg\/"},"modified":"2026-05-14T16:56:33","modified_gmt":"2026-05-14T16:56:33","slug":"vitamina-c-5ml-x-5-ampolla-iv-500mg","status":"publish","type":"product","link":"https:\/\/ampoules.co.uk\/es\/producto\/vitamina-c-5ml-x-5-ampolla-iv-500mg\/","title":{"rendered":"Vitamina C 5ml x 5 Ampolla IV 500mg"},"content":{"rendered":"<p><strong>Suplemento V Itamin C<\/strong> (500 mg por ampolla de 5 mL) <strong>Solo para uso m\u00e9dico profesional.<\/strong><\/p>\n<p>&nbsp;<\/p>\n<p><strong>Orientaci\u00f3n administrativa:<\/strong><br \/>\nEste suplemento <strong>concentrado requiere administraci\u00f3n m\u00e9dica profesional<\/strong> para garantizar una dosificaci\u00f3n adecuada y una biodisponibilidad \u00f3ptima.<\/p>\n<p>&nbsp;<\/p>\n<p><strong>Detalles del embalaje:<\/strong><br \/>\nCada caja contiene <strong>cinco ampollas de 5 mL<\/strong>, cada una con <strong>500 mg de vitamina C de grado farmac\u00e9utico.<\/strong><\/p>\n<p>&nbsp;<\/p>\n<p><strong>Aviso importante:<\/strong><\/p>\n<ul>\n<li><strong>Para uso cl\u00ednico \u00fanicamente bajo supervisi\u00f3n m\u00e9dica<\/strong><\/li>\n<li>Debe ser administrado por profesionales sanitarios cualificados<\/li>\n<li>Se requiere consulta m\u00e9dica antes de su uso, especialmente para quienes ya tienen condiciones o medicamentos<\/li>\n<li>No para uso oral ni para autoadministraci\u00f3n<\/li>\n<\/ul>\n<p>&nbsp;<\/p>\n<p><strong>Instrucciones de almacenamiento:<\/strong><br \/>\nGuarda por debajo de 25\u00b0C, protege de la luz y del fr\u00edo. Mantente fuera del alcance de los ni\u00f1os. <\/p>\n<p>&nbsp;<\/p>\n<p><strong>Fabricado en:<\/strong> Turqu\u00eda<\/p>\n<p>&nbsp;<\/p>\n<p><strong>Aviso legal:<\/strong><br \/>\n<em>Este producto es un suplemento diet\u00e9tico y no est\u00e1 destinado a diagnosticar, tratar, curar o prevenir ninguna enfermedad. La informaci\u00f3n proporcionada es \u00fanicamente con fines educativos y no debe sustituir el asesoramiento m\u00e9dico profesional. Consulta siempre a un profesional sanitario antes de comenzar cualquier nuevo r\u00e9gimen de suplementos.  <\/em><\/p>\n","protected":false},"excerpt":{"rendered":"<p>Suplemento V Itamin C (500 mg por ampolla de 5 mL) Solo para uso m\u00e9dico profesional. &nbsp; Orientaci\u00f3n administrativa: Este suplemento concentrado requiere administraci\u00f3n m\u00e9dica profesional para garantizar una dosificaci\u00f3n adecuada y una biodisponibilidad \u00f3ptima. &nbsp; Detalles del embalaje: Cada caja contiene cinco ampollas de 5 mL, cada una con 500 mg de vitamina C&#8230;<\/p>\n","protected":false},"featured_media":2981,"template":"","meta":{"_bst_post_transparent":"","_bst_post_title":"","_bst_post_layout":"","_bst_post_sidebar_id":"","_bst_post_content_style":"","_bst_post_vertical_padding":"","_bst_post_feature":"","_bst_post_feature_position":"","_bst_post_header":false,"_bst_post_footer":false},"product_brand":[],"product_cat":[528],"product_tag":[],"product_brands":[],"class_list":{"0":"post-3399","1":"product","2":"type-product","3":"status-publish","4":"has-post-thumbnail","6":"product_cat-ampollas","8":"first","9":"instock","10":"shipping-taxable","11":"purchasable","12":"product-type-simple","13":"entry","14":"content-bg","15":"loop-entry"},"jetpack_sharing_enabled":true,"_links":{"self":[{"href":"https:\/\/ampoules.co.uk\/es\/wp-json\/wp\/v2\/product\/3399","targetHints":{"allow":["GET"]}}],"collection":[{"href":"https:\/\/ampoules.co.uk\/es\/wp-json\/wp\/v2\/product"}],"about":[{"href":"https:\/\/ampoules.co.uk\/es\/wp-json\/wp\/v2\/types\/product"}],"version-history":[{"count":0,"href":"https:\/\/ampoules.co.uk\/es\/wp-json\/wp\/v2\/product\/3399\/revisions"}],"wp:featuredmedia":[{"embeddable":true,"href":"https:\/\/ampoules.co.uk\/es\/wp-json\/wp\/v2\/media\/2981"}],"wp:attachment":[{"href":"https:\/\/ampoules.co.uk\/es\/wp-json\/wp\/v2\/media?parent=3399"}],"wp:term":[{"taxonomy":"product_brand","embeddable":true,"href":"https:\/\/ampoules.co.uk\/es\/wp-json\/wp\/v2\/product_brand?post=3399"},{"taxonomy":"product_cat","embeddable":true,"href":"https:\/\/ampoules.co.uk\/es\/wp-json\/wp\/v2\/product_cat?post=3399"},{"taxonomy":"product_tag","embeddable":true,"href":"https:\/\/ampoules.co.uk\/es\/wp-json\/wp\/v2\/product_tag?post=3399"},{"taxonomy":"product_brands","embeddable":true,"href":"https:\/\/ampoules.co.uk\/es\/wp-json\/wp\/v2\/product_brands?post=3399"}],"curies":[{"name":"wp","href":"https:\/\/api.w.org\/{rel}","templated":true}]}}