{"id":3390,"date":"2026-04-02T18:54:46","date_gmt":"2026-04-02T18:54:46","guid":{"rendered":"https:\/\/ampoules.co.uk\/product\/vitamina-e-2ml-x-5-ampollas-im-300mg\/"},"modified":"2026-05-14T16:59:30","modified_gmt":"2026-05-14T16:59:30","slug":"vitamina-e-2ml-x-5-ampollas-im-300mg","status":"publish","type":"product","link":"https:\/\/ampoules.co.uk\/es\/producto\/vitamina-e-2ml-x-5-ampollas-im-300mg\/","title":{"rendered":"Vitamina E 2ml x 5 Ampollas IM 300mg"},"content":{"rendered":"<p><strong>Suplemento V Itamin E<\/strong> (300 mg por ampolla de 2 mL)<\/p>\n<p><strong>Para uso profesional bajo supervisi\u00f3n m\u00e9dica.<\/strong><\/p>\n<p>&nbsp;<\/p>\n<p><strong>Gu\u00eda de uso:<\/strong><\/p>\n<p>Este suplemento est\u00e1 <strong>destinado a ser administrado por profesionales sanitarios cualificados<\/strong> para garantizar una dosificaci\u00f3n adecuada y la seguridad.<\/p>\n<p>&nbsp;<\/p>\n<p><strong>Detalles del embalaje:<\/strong><\/p>\n<p>Cada caja contiene <strong>cinco ampollas de 2 mL<\/strong>, cada una aportando <strong>300 mg de vitamina E.<\/strong><\/p>\n<p>&nbsp;<\/p>\n<p><strong>Aviso importante:<\/strong><\/p>\n<ul>\n<li><strong>Solo para uso profesional<\/strong> \u2013 debe ser administrado por personal m\u00e9dico cualificado.<\/li>\n<li>Consulta con tu profesional sanitario antes de usarla, especialmente si tienes condiciones m\u00e9dicas o tomas otros medicamentos.<\/li>\n<li>No para autoadministraci\u00f3n.<\/li>\n<\/ul>\n<p>&nbsp;<\/p>\n<p><strong>Instrucciones de almacenamiento:<\/strong><\/p>\n<p>Guarda por debajo de 25\u00b0C, protege de la luz y del fr\u00edo. Mantente fuera del alcance de los ni\u00f1os. <\/p>\n<p>&nbsp;<\/p>\n<p><strong>Fabricado en:<\/strong> Turqu\u00eda<\/p>\n<p>&nbsp;<\/p>\n<p><strong>Aviso legal:<\/strong><\/p>\n<p><em>Este producto es un suplemento diet\u00e9tico y no est\u00e1 destinado a diagnosticar, tratar, curar o prevenir ninguna enfermedad. La informaci\u00f3n proporcionada es \u00fanicamente con fines educativos y no debe sustituir el asesoramiento m\u00e9dico profesional. Consulta siempre con un profesional sanitario antes de comenzar cualquier nuevo r\u00e9gimen de suplementos.  <\/em><\/p>\n<p>&nbsp;<\/p>\n<p>&nbsp;<\/p>\n<p>&nbsp;<\/p>\n","protected":false},"excerpt":{"rendered":"<p>Suplemento V Itamin E (300 mg por ampolla de 2 mL) Para uso profesional bajo supervisi\u00f3n m\u00e9dica. &nbsp; Gu\u00eda de uso: Este suplemento est\u00e1 destinado a ser administrado por profesionales sanitarios cualificados para garantizar una dosificaci\u00f3n adecuada y la seguridad. &nbsp; Detalles del embalaje: Cada caja contiene cinco ampollas de 2 mL, cada una aportando&#8230;<\/p>\n","protected":false},"featured_media":2901,"template":"","meta":{"_bst_post_transparent":"","_bst_post_title":"","_bst_post_layout":"","_bst_post_sidebar_id":"","_bst_post_content_style":"","_bst_post_vertical_padding":"","_bst_post_feature":"","_bst_post_feature_position":"","_bst_post_header":false,"_bst_post_footer":false},"product_brand":[],"product_cat":[528],"product_tag":[],"product_brands":[],"class_list":{"0":"post-3390","1":"product","2":"type-product","3":"status-publish","4":"has-post-thumbnail","6":"product_cat-ampollas","8":"first","9":"instock","10":"shipping-taxable","11":"purchasable","12":"product-type-simple","13":"entry","14":"content-bg","15":"loop-entry"},"jetpack_sharing_enabled":true,"_links":{"self":[{"href":"https:\/\/ampoules.co.uk\/es\/wp-json\/wp\/v2\/product\/3390","targetHints":{"allow":["GET"]}}],"collection":[{"href":"https:\/\/ampoules.co.uk\/es\/wp-json\/wp\/v2\/product"}],"about":[{"href":"https:\/\/ampoules.co.uk\/es\/wp-json\/wp\/v2\/types\/product"}],"version-history":[{"count":1,"href":"https:\/\/ampoules.co.uk\/es\/wp-json\/wp\/v2\/product\/3390\/revisions"}],"predecessor-version":[{"id":3819,"href":"https:\/\/ampoules.co.uk\/es\/wp-json\/wp\/v2\/product\/3390\/revisions\/3819"}],"wp:featuredmedia":[{"embeddable":true,"href":"https:\/\/ampoules.co.uk\/es\/wp-json\/wp\/v2\/media\/2901"}],"wp:attachment":[{"href":"https:\/\/ampoules.co.uk\/es\/wp-json\/wp\/v2\/media?parent=3390"}],"wp:term":[{"taxonomy":"product_brand","embeddable":true,"href":"https:\/\/ampoules.co.uk\/es\/wp-json\/wp\/v2\/product_brand?post=3390"},{"taxonomy":"product_cat","embeddable":true,"href":"https:\/\/ampoules.co.uk\/es\/wp-json\/wp\/v2\/product_cat?post=3390"},{"taxonomy":"product_tag","embeddable":true,"href":"https:\/\/ampoules.co.uk\/es\/wp-json\/wp\/v2\/product_tag?post=3390"},{"taxonomy":"product_brands","embeddable":true,"href":"https:\/\/ampoules.co.uk\/es\/wp-json\/wp\/v2\/product_brands?post=3390"}],"curies":[{"name":"wp","href":"https:\/\/api.w.org\/{rel}","templated":true}]}}