{"id":3373,"date":"2026-04-02T18:54:46","date_gmt":"2026-04-02T18:54:46","guid":{"rendered":"https:\/\/ampoules.co.uk\/product\/complejo-de-vitaminas-b1-b2-b6-con-niacinamida-y-d-pantenol-2ml-x-5-ampollas-intramusculares\/"},"modified":"2026-05-14T16:59:27","modified_gmt":"2026-05-14T16:59:27","slug":"complejo-de-vitaminas-b1-b2-b6-con-niacinamida-y-d-pantenol-2ml-x-5-ampollas-intramusculares","status":"publish","type":"product","link":"https:\/\/ampoules.co.uk\/es\/producto\/complejo-de-vitaminas-b1-b2-b6-con-niacinamida-y-d-pantenol-2ml-x-5-ampollas-intramusculares\/","title":{"rendered":"Complejo de vitaminas B1, B2, B6 con niacinamida y D-Pantenol (2ml x 5 ampollas intramusculares)"},"content":{"rendered":"<p><strong>Complejo de vitaminas B con niacinamida y D-Pantenol. <\/strong>Este <strong>suplemento profesional<\/strong> viene en ampollas de 2 mL. Cada caja contiene 5 ampollas. <\/p>\n<p>&nbsp;<\/p>\n<p><strong>Orientaci\u00f3n administrativa:<\/strong><br \/>\nEsta <strong>formulaci\u00f3n de alta potencia requiere supervisi\u00f3n m\u00e9dica profesional<\/strong> para su correcta administraci\u00f3n. La dosis debe ser determinada por tu profesional sanitario seg\u00fan las necesidades individuales. <\/p>\n<p>&nbsp;<\/p>\n<p><strong>Especificaciones del producto:<\/strong><\/p>\n<ul>\n<li>Cada caja contiene cinco ampollas de 2 mL<\/li>\n<li>Contiene B1, B2 y B6 de grado farmac\u00e9utico con niacinamida y D-Pantenol<\/li>\n<li><strong>Solo para administraci\u00f3n cl\u00ednica<\/strong><\/li>\n<\/ul>\n<p>&nbsp;<\/p>\n<p><strong>Requisitos de almacenamiento:<\/strong><\/p>\n<ul>\n<li>Conservar por debajo de 25\u00b0C<\/li>\n<li>Protege de la luz y del fr\u00edo<\/li>\n<li>Mantente fuera del alcance de los ni\u00f1os<\/li>\n<\/ul>\n<p>&nbsp;<\/p>\n<p><strong>Fabricado en:<\/strong> Turqu\u00eda<\/p>\n<p>&nbsp;<\/p>\n<p><strong>Informaci\u00f3n importante de seguridad:<\/strong><\/p>\n<ul>\n<li><strong>Solo para uso m\u00e9dico profesional<\/strong><\/li>\n<li>Requiere la administraci\u00f3n por parte de profesionales sanitarios cualificados<\/li>\n<li>Consulta m\u00e9dica obligatoria antes de su uso<\/li>\n<li>No para autoadministraci\u00f3n ni uso oral<\/li>\n<li>Se requiere precauci\u00f3n especial para pacientes con condiciones de salud o medicamentos<\/li>\n<\/ul>\n<p>&nbsp;<\/p>\n<p><strong>Aviso legal:<\/strong><br \/>\n<em>Este producto es un suplemento diet\u00e9tico y no est\u00e1 destinado a diagnosticar, tratar, curar o prevenir ninguna enfermedad. La informaci\u00f3n proporcionada es \u00fanicamente con fines educativos y no debe sustituir el asesoramiento m\u00e9dico profesional. Consulta siempre a un profesional sanitario antes de comenzar cualquier suplementaci\u00f3n.  <\/em><\/p>\n","protected":false},"excerpt":{"rendered":"<p>Complejo de vitaminas B con niacinamida y D-Pantenol. Este suplemento profesional viene en ampollas de 2 mL. Cada caja contiene 5 ampollas. &nbsp; Orientaci\u00f3n administrativa: Esta formulaci\u00f3n de alta potencia requiere supervisi\u00f3n m\u00e9dica profesional para su correcta administraci\u00f3n. La dosis debe ser determinada por tu profesional sanitario seg\u00fan las necesidades individuales. &nbsp; Especificaciones del producto:&#8230;<\/p>\n","protected":false},"featured_media":2713,"template":"","meta":{"_bst_post_transparent":"","_bst_post_title":"","_bst_post_layout":"","_bst_post_sidebar_id":"","_bst_post_content_style":"","_bst_post_vertical_padding":"","_bst_post_feature":"","_bst_post_feature_position":"","_bst_post_header":false,"_bst_post_footer":false},"product_brand":[],"product_cat":[528],"product_tag":[],"product_brands":[],"class_list":{"0":"post-3373","1":"product","2":"type-product","3":"status-publish","4":"has-post-thumbnail","6":"product_cat-ampollas","8":"first","9":"instock","10":"sale","11":"featured","12":"shipping-taxable","13":"purchasable","14":"product-type-simple","15":"entry","16":"content-bg","17":"loop-entry"},"jetpack_sharing_enabled":true,"_links":{"self":[{"href":"https:\/\/ampoules.co.uk\/es\/wp-json\/wp\/v2\/product\/3373","targetHints":{"allow":["GET"]}}],"collection":[{"href":"https:\/\/ampoules.co.uk\/es\/wp-json\/wp\/v2\/product"}],"about":[{"href":"https:\/\/ampoules.co.uk\/es\/wp-json\/wp\/v2\/types\/product"}],"version-history":[{"count":1,"href":"https:\/\/ampoules.co.uk\/es\/wp-json\/wp\/v2\/product\/3373\/revisions"}],"predecessor-version":[{"id":3813,"href":"https:\/\/ampoules.co.uk\/es\/wp-json\/wp\/v2\/product\/3373\/revisions\/3813"}],"wp:featuredmedia":[{"embeddable":true,"href":"https:\/\/ampoules.co.uk\/es\/wp-json\/wp\/v2\/media\/2713"}],"wp:attachment":[{"href":"https:\/\/ampoules.co.uk\/es\/wp-json\/wp\/v2\/media?parent=3373"}],"wp:term":[{"taxonomy":"product_brand","embeddable":true,"href":"https:\/\/ampoules.co.uk\/es\/wp-json\/wp\/v2\/product_brand?post=3373"},{"taxonomy":"product_cat","embeddable":true,"href":"https:\/\/ampoules.co.uk\/es\/wp-json\/wp\/v2\/product_cat?post=3373"},{"taxonomy":"product_tag","embeddable":true,"href":"https:\/\/ampoules.co.uk\/es\/wp-json\/wp\/v2\/product_tag?post=3373"},{"taxonomy":"product_brands","embeddable":true,"href":"https:\/\/ampoules.co.uk\/es\/wp-json\/wp\/v2\/product_brands?post=3373"}],"curies":[{"name":"wp","href":"https:\/\/api.w.org\/{rel}","templated":true}]}}