{"id":3357,"date":"2026-04-02T18:54:46","date_gmt":"2026-04-02T18:54:46","guid":{"rendered":"https:\/\/ampoules.co.uk\/product\/hierro-2ml-x-5-ampollas-im-100mg\/"},"modified":"2026-05-14T16:56:27","modified_gmt":"2026-05-14T16:56:27","slug":"hierro-2ml-x-5-ampollas-im-100mg","status":"publish","type":"product","link":"https:\/\/ampoules.co.uk\/es\/producto\/hierro-2ml-x-5-ampollas-im-100mg\/","title":{"rendered":"Hierro 2ml x 5 Ampollas IM 100mg"},"content":{"rendered":"<p>Yo<strong>tomo el suplemento de ron<\/strong> (100 mg de hierro elemental por cada ampolla de 2 mL) <strong>solo para administraci\u00f3n m\u00e9dica profesional.<\/strong><\/p>\n<p>&nbsp;<\/p>\n<p><strong>Orientaci\u00f3n administrativa:<\/strong><br \/>\nEste suplemento <strong>concentrado requiere supervisi\u00f3n m\u00e9dica profesional<\/strong> para una dosificaci\u00f3n adecuada y resultados \u00f3ptimos. La dosis adecuada debe ser determinada por un profesional sanitario cualificado. <\/p>\n<p>&nbsp;<\/p>\n<p><strong>Detalles del embalaje:<\/strong><br \/>\nCada caja contiene <strong>cinco ampollas de 2 mL<\/strong>, cada una aportando <strong>100 mg de hierro elemental de grado farmac\u00e9utico.<\/strong><\/p>\n<p>&nbsp;<\/p>\n<p><strong>Aviso importante:<\/strong><\/p>\n<ul>\n<li><strong>Para uso cl\u00ednico \u00fanicamente bajo supervisi\u00f3n m\u00e9dica<\/strong><\/li>\n<li>Debe ser administrado por profesionales sanitarios cualificados<\/li>\n<li>Se requiere consulta m\u00e9dica antes de su uso, especialmente para quienes ya tienen condiciones o medicamentos<\/li>\n<li>La suplementaci\u00f3n con hierro debe ser supervisada cuidadosamente por un m\u00e9dico<\/li>\n<li>No para uso oral ni para autoadministraci\u00f3n<\/li>\n<\/ul>\n<p>&nbsp;<\/p>\n<p><strong>Instrucciones de almacenamiento:<\/strong><br \/>\nGuarda por debajo de 25\u00b0C, protege de la luz y del fr\u00edo. Mantente fuera del alcance de los ni\u00f1os. <\/p>\n<p>&nbsp;<\/p>\n<p><strong>Fabricado en:<\/strong> Turqu\u00eda<\/p>\n<p>&nbsp;<\/p>\n<p><strong>Aviso legal:<\/strong><br \/>\n<em>Este producto es un suplemento diet\u00e9tico y no est\u00e1 destinado a diagnosticar, tratar, curar o prevenir ninguna enfermedad. La informaci\u00f3n proporcionada es \u00fanicamente con fines educativos y no debe sustituir el asesoramiento m\u00e9dico profesional. Consulta siempre a un profesional sanitario antes de comenzar cualquier nuevo r\u00e9gimen de suplementos.  <\/em><\/p>\n","protected":false},"excerpt":{"rendered":"<p>Yotomo el suplemento de ron (100 mg de hierro elemental por cada ampolla de 2 mL) solo para administraci\u00f3n m\u00e9dica profesional. &nbsp; Orientaci\u00f3n administrativa: Este suplemento concentrado requiere supervisi\u00f3n m\u00e9dica profesional para una dosificaci\u00f3n adecuada y resultados \u00f3ptimos. La dosis adecuada debe ser determinada por un profesional sanitario cualificado. &nbsp; Detalles del embalaje: Cada caja&#8230;<\/p>\n","protected":false},"featured_media":2730,"template":"","meta":{"_bst_post_transparent":"","_bst_post_title":"","_bst_post_layout":"","_bst_post_sidebar_id":"","_bst_post_content_style":"","_bst_post_vertical_padding":"","_bst_post_feature":"","_bst_post_feature_position":"","_bst_post_header":false,"_bst_post_footer":false},"product_brand":[],"product_cat":[528],"product_tag":[],"product_brands":[],"class_list":{"0":"post-3357","1":"product","2":"type-product","3":"status-publish","4":"has-post-thumbnail","6":"product_cat-ampollas","8":"first","9":"instock","10":"sale","11":"featured","12":"shipping-taxable","13":"purchasable","14":"product-type-simple","15":"entry","16":"content-bg","17":"loop-entry"},"jetpack_sharing_enabled":true,"_links":{"self":[{"href":"https:\/\/ampoules.co.uk\/es\/wp-json\/wp\/v2\/product\/3357","targetHints":{"allow":["GET"]}}],"collection":[{"href":"https:\/\/ampoules.co.uk\/es\/wp-json\/wp\/v2\/product"}],"about":[{"href":"https:\/\/ampoules.co.uk\/es\/wp-json\/wp\/v2\/types\/product"}],"version-history":[{"count":0,"href":"https:\/\/ampoules.co.uk\/es\/wp-json\/wp\/v2\/product\/3357\/revisions"}],"wp:featuredmedia":[{"embeddable":true,"href":"https:\/\/ampoules.co.uk\/es\/wp-json\/wp\/v2\/media\/2730"}],"wp:attachment":[{"href":"https:\/\/ampoules.co.uk\/es\/wp-json\/wp\/v2\/media?parent=3357"}],"wp:term":[{"taxonomy":"product_brand","embeddable":true,"href":"https:\/\/ampoules.co.uk\/es\/wp-json\/wp\/v2\/product_brand?post=3357"},{"taxonomy":"product_cat","embeddable":true,"href":"https:\/\/ampoules.co.uk\/es\/wp-json\/wp\/v2\/product_cat?post=3357"},{"taxonomy":"product_tag","embeddable":true,"href":"https:\/\/ampoules.co.uk\/es\/wp-json\/wp\/v2\/product_tag?post=3357"},{"taxonomy":"product_brands","embeddable":true,"href":"https:\/\/ampoules.co.uk\/es\/wp-json\/wp\/v2\/product_brands?post=3357"}],"curies":[{"name":"wp","href":"https:\/\/api.w.org\/{rel}","templated":true}]}}