{"id":3680,"date":"2026-05-14T16:33:44","date_gmt":"2026-05-14T16:33:44","guid":{"rendered":"https:\/\/ampoules.co.uk\/politica-de-reembolsos-y-devoluciones\/"},"modified":"2026-05-14T16:57:02","modified_gmt":"2026-05-14T16:57:02","slug":"politica-de-reembolsos-y-devoluciones","status":"publish","type":"page","link":"https:\/\/ampoules.co.uk\/es\/politica-de-reembolsos-y-devoluciones\/","title":{"rendered":"Pol\u00edtica de reembolsos y devoluciones"},"content":{"rendered":"\n<p><b>Esta es una p\u00e1gina de ejemplo.<\/b><\/p>\n\n<h2 class=\"wp-block-heading\">Resumen<\/h2>\n\n<p>Nuestra pol\u00edtica de reembolsos y devoluciones dura 30 d\u00edas. Si han pasado 30 d\u00edas desde tu compra, no podemos ofrecerte un reembolso completo ni un cambio. <\/p>\n\n<p>Para ser elegible para una devoluci\u00f3n, tu art\u00edculo debe estar sin usar y en el mismo estado en que lo recibiste. Tambi\u00e9n debe estar en el embalaje original. <\/p>\n\n<p>Varios tipos de productos est\u00e1n exentos de ser devueltos. No se pueden devolver productos perecederos como alimentos, flores, peri\u00f3dicos o revistas. Tampoco aceptamos productos que sean bienes \u00edntimos o higi\u00e9nicos, materiales peligrosos ni l\u00edquidos o gases inflamables.  <\/p>\n\n<p>Art\u00edculos adicionales no retornables:<\/p>\n\n<ul class=\"wp-block-list\">\n<li>Tarjetas regalo<\/li>\n<li>Productos de software descargables<\/li>\n<li>Algunos art\u00edculos de salud y cuidado personal<\/li>\n<\/ul>\n\n<p>Para completar tu devoluci\u00f3n, necesitamos un recibo o prueba de compra.<\/p>\n\n<p>Por favor, no env\u00edes tu compra de vuelta al fabricante.<\/p>\n\n<p>Hay ciertas situaciones en las que solo se conceden reembolsos parciales:<\/p>\n\n<ul class=\"wp-block-list\">\n<li>Libro con se\u00f1ales evidentes de uso<\/li>\n<li>CD, DVD, cinta VHS, software, videojuego, casete o vinilo que se ha abierto.<\/li>\n<li>Cualquier art\u00edculo que no est\u00e9 en su estado original est\u00e1 da\u00f1ado o faltando piezas por razones que no se deben a nuestro error.<\/li>\n<li>Cualquier art\u00edculo que se devuelva m\u00e1s de 30 d\u00edas despu\u00e9s de la entrega<\/li>\n<\/ul>\n\n<h2 class=\"wp-block-heading\">Reembolsos<\/h2>\n\n<p>Una vez que recibas e inspecciones tu devoluci\u00f3n, te enviaremos un correo electr\u00f3nico para notificarte que hemos recibido tu art\u00edculo devuelto. Tambi\u00e9n te notificaremos la aprobaci\u00f3n o rechazo de tu reembolso. <\/p>\n\n<p>Si te aprueban, tu reembolso ser\u00e1 procesado y se aplicar\u00e1 autom\u00e1ticamente un cr\u00e9dito a tu tarjeta de cr\u00e9dito o al m\u00e9todo original de pago, en un plazo determinado de d\u00edas.<\/p>\n\n<h3 class=\"wp-block-heading\">Reembolsos atrasados o faltantes<\/h3>\n\n<p>Si a\u00fan no has recibido el reembolso, primero revisa tu cuenta bancaria de nuevo.<\/p>\n\n<p>Luego contacta con la compa\u00f1\u00eda de tu tarjeta de cr\u00e9dito, puede que tarde un tiempo en que tu reembolso se realice oficialmente.<\/p>\n\n<p>Despu\u00e9s, contacta con tu banco. A menudo hay un tiempo de tramitaci\u00f3n antes de que se realice el reembolso. <\/p>\n\n<p>Si has hecho todo esto y a\u00fan no has recibido tu reembolso, por favor cont\u00e1ctanos en {direcci\u00f3n de correo electr\u00f3nico}.<\/p>\n\n<h3 class=\"wp-block-heading\">Art\u00edculos de venta<\/h3>\n\n<p>Solo se pueden reembolsar los art\u00edculos a precio normal. Los art\u00edculos en venta no pueden ser devueltos. <\/p>\n\n<h2 class=\"wp-block-heading\">Bolsas<\/h2>\n\n<p>Solo reemplazamos los art\u00edculos si est\u00e1n defectuosos o da\u00f1ados. Si necesitas cambiarlo por el mismo art\u00edculo, env\u00edanos un correo electr\u00f3nico a {direcci\u00f3n de correo electr\u00f3nico} y env\u00eda tu art\u00edculo a: {direcci\u00f3n f\u00edsica}. <\/p>\n\n<h2 class=\"wp-block-heading\">Donaciones<\/h2>\n\n<p>Si el art\u00edculo fue marcado como regalo al comprarlo y enviado directamente a ti, recibir\u00e1s un cr\u00e9dito por el valor de tu devoluci\u00f3n. Una vez recibido el art\u00edculo devuelto, se te enviar\u00e1 un vale regalo por correo. <\/p>\n\n<p>Si el art\u00edculo no estaba marcado como regalo al comprarlo, o si el regalista hizo que el pedido se enviara para d\u00e1rtelo despu\u00e9s, enviaremos un reembolso al regalador y se enterar\u00e1 de tu devoluci\u00f3n.<\/p>\n\n<h2 class=\"wp-block-heading\">Devoluciones de env\u00edo<\/h2>\n\n<p>Para devolver tu producto, debes enviarlo por correo a: {direcci\u00f3n f\u00edsica}.<\/p>\n\n<p>Ser\u00e1s responsable de pagar tus propios gastos de env\u00edo para devolver tu art\u00edculo. Los gastos de env\u00edo no son reembolsables. Si recibes un reembolso, el coste del env\u00edo de devoluci\u00f3n se descontar\u00e1 de tu reembolso.  <\/p>\n\n<p>Dependiendo de d\u00f3nde vivas, el tiempo que puede tardar en llegar el producto que has intercambiado puede variar.<\/p>\n\n<p>Si devuelves art\u00edculos m\u00e1s caros, podr\u00edas considerar utilizar un servicio de env\u00edo rastreable o contratar un seguro de env\u00edo. No garantizamos que vayamos a recibir tu art\u00edculo devuelto. <\/p>\n\n<h2 class=\"wp-block-heading\">\u00bfNecesitas ayuda?<\/h2>\n\n<p>Cont\u00e1ctanos en {email} para preguntas relacionadas con reembolsos y devoluciones.<\/p>\n","protected":false},"excerpt":{"rendered":"<p>Esta es una p\u00e1gina de ejemplo. Resumen Nuestra pol\u00edtica de reembolsos y devoluciones dura 30 d\u00edas. Si han pasado 30 d\u00edas desde tu compra, no podemos ofrecerte un reembolso completo ni un cambio. Para ser elegible para una devoluci\u00f3n, tu art\u00edculo debe estar sin usar y en el mismo estado en que lo recibiste. Tambi\u00e9n&#8230;<\/p>\n","protected":false},"author":1,"featured_media":0,"parent":0,"menu_order":0,"comment_status":"closed","ping_status":"closed","template":"","meta":{"_bst_post_transparent":"","_bst_post_title":"","_bst_post_layout":"","_bst_post_sidebar_id":"","_bst_post_content_style":"","_bst_post_vertical_padding":"","_bst_post_feature":"","_bst_post_feature_position":"","_bst_post_header":false,"_bst_post_footer":false,"footnotes":""},"class_list":["post-3680","page","type-page","status-publish","hentry"],"jetpack_sharing_enabled":true,"_links":{"self":[{"href":"https:\/\/ampoules.co.uk\/es\/wp-json\/wp\/v2\/pages\/3680","targetHints":{"allow":["GET"]}}],"collection":[{"href":"https:\/\/ampoules.co.uk\/es\/wp-json\/wp\/v2\/pages"}],"about":[{"href":"https:\/\/ampoules.co.uk\/es\/wp-json\/wp\/v2\/types\/page"}],"author":[{"embeddable":true,"href":"https:\/\/ampoules.co.uk\/es\/wp-json\/wp\/v2\/users\/1"}],"replies":[{"embeddable":true,"href":"https:\/\/ampoules.co.uk\/es\/wp-json\/wp\/v2\/comments?post=3680"}],"version-history":[{"count":0,"href":"https:\/\/ampoules.co.uk\/es\/wp-json\/wp\/v2\/pages\/3680\/revisions"}],"wp:attachment":[{"href":"https:\/\/ampoules.co.uk\/es\/wp-json\/wp\/v2\/media?parent=3680"}],"curies":[{"name":"wp","href":"https:\/\/api.w.org\/{rel}","templated":true}]}}