{"id":3669,"date":"2026-04-14T23:29:18","date_gmt":"2026-04-14T23:29:18","guid":{"rendered":"https:\/\/ampoules.co.uk\/terminos-de-servicio\/"},"modified":"2026-05-14T16:57:03","modified_gmt":"2026-05-14T16:57:03","slug":"terminos-de-servicio","status":"publish","type":"page","link":"https:\/\/ampoules.co.uk\/es\/terminos-de-servicio\/","title":{"rendered":"T\u00e9rminos de servicio"},"content":{"rendered":"\t\t<div data-elementor-type=\"wp-page\" data-elementor-id=\"3669\" class=\"elementor elementor-3669 elementor-2534\" data-elementor-post-type=\"page\">\n\t\t\t\t<div class=\"elementor-element elementor-element-e9ed40c e-flex e-con-boxed e-con e-parent\" data-id=\"e9ed40c\" data-element_type=\"container\" data-e-type=\"container\">\n\t\t\t\t\t<div class=\"e-con-inner\">\n\t\t\t\t<div class=\"elementor-element elementor-element-64383a6 elementor-widget elementor-widget-heading\" data-id=\"64383a6\" data-element_type=\"widget\" data-e-type=\"widget\" data-widget_type=\"heading.default\">\n\t\t\t\t\t<h2 class=\"elementor-heading-title elementor-size-default\">T\u00e9rminos de servicio  <\/h2>\t\t\t\t<\/div>\n\t\t\t\t\t<\/div>\n\t\t\t\t<\/div>\n\t\t<div class=\"elementor-element elementor-element-06ef720 e-flex e-con-boxed e-con e-parent\" data-id=\"06ef720\" data-element_type=\"container\" data-e-type=\"container\">\n\t\t\t\t\t<div class=\"e-con-inner\">\n\t\t\t\t<div class=\"elementor-element elementor-element-4168e4e elementor-widget elementor-widget-text-editor\" data-id=\"4168e4e\" data-element_type=\"widget\" data-e-type=\"widget\" data-widget_type=\"text-editor.default\">\n\t\t\t\t\t\t\t\t\t<div id=\"bgLayers_comp-mazmvo3t\" class=\"MW5IWV\" data-hook=\"bgLayers\" data-motion-part=\"BG_LAYER comp-mazmvo3t\"><div id=\"bgMedia_comp-mazmvo3t\" class=\"VgO9Yg\" data-motion-part=\"BG_MEDIA comp-mazmvo3t\"> <\/div><\/div><div class=\"\" data-mesh-id=\"comp-mazmvo3tinlineContent\" data-testid=\"inline-content\"><div data-mesh-id=\"comp-mazmvo3tinlineContent-gridContainer\" data-testid=\"mesh-container-content\"><div id=\"comp-mazmvo3v\" class=\"ku3DBC zQ9jDz qvSjx3 Vq6kJx comp-mazmvo3v wixui-rich-text\" data-testid=\"richTextElement\"><p class=\"font_8 wixui-rich-text__text\"><span class=\"wixui-rich-text__text\">\u00a1Bienvenidos a Ampoules! Estos T\u00e9rminos de Servicio (\u00abT\u00e9rminos\u00bb) rigen tu uso de nuestra p\u00e1gina web y servicios. Al acceder o utilizar nuestra p\u00e1gina web, aceptas estar sujeto a estos T\u00e9rminos, as\u00ed que por favor l\u00e9elos detenidamente. Si no est\u00e1s de acuerdo con ninguna parte de estos T\u00e9rminos, no puedes acceder ni utilizar nuestra p\u00e1gina web.   <\/span><\/p><p class=\"font_8 wixui-rich-text__text\"><span class=\"wixui-rich-text__text\">\u200b<\/span><\/p><p class=\"font_8 wixui-rich-text__text\"><span class=\"wixui-rich-text__text\">1. Uso de nuestra p\u00e1gina web:<\/span><\/p><p class=\"font_8 wixui-rich-text__text\"><span class=\"wixui-rich-text__text\">a. Debes tener al menos 18 a\u00f1os o la mayor\u00eda de edad legal en tu jurisdicci\u00f3n para usar nuestra p\u00e1gina web. Al acceder y utilizar nuestra p\u00e1gina web, confirmas que cumples con este requisito de edad.  <\/span><\/p><p class=\"font_8 wixui-rich-text__text\"><span class=\"wixui-rich-text__text\">b. Eres responsable de mantener la confidencialidad de las credenciales de tu cuenta y de todas las actividades que ocurran bajo tu cuenta. <\/span><\/p><p class=\"font_8 wixui-rich-text__text\"><span class=\"wixui-rich-text__text\">\u200b<\/span><\/p><p class=\"font_8 wixui-rich-text__text\"><span class=\"wixui-rich-text__text\">2. Contenido y Propiedad Intelectual:<\/span><\/p><p class=\"font_8 wixui-rich-text__text\"><span class=\"wixui-rich-text__text\">a. Todo el contenido disponible en nuestra p\u00e1gina web, incluyendo pero no limit\u00e1ndose a texto, gr\u00e1ficos, im\u00e1genes, v\u00eddeos, logotipos y software, es propiedad de Sanam Aesthetic\/Ampoules o de sus licenciatarios y est\u00e1 protegido por derechos de autor y otras leyes de propiedad intelectual. <\/span><\/p><p class=\"font_8 wixui-rich-text__text\"><span class=\"wixui-rich-text__text\">b. No puedes copiar, reproducir, distribuir, modificar ni crear obras derivadas basadas en nuestro contenido sin nuestro permiso expl\u00edcito. <\/span><\/p><p class=\"font_8 wixui-rich-text__text\"><span class=\"wixui-rich-text__text\">\u200b<\/span><\/p><p class=\"font_8 wixui-rich-text__text\"><span class=\"wixui-rich-text__text\">3. Actividades prohibidas:<\/span><\/p><p class=\"font_8 wixui-rich-text__text\"><span class=\"wixui-rich-text__text\">Aceptas no participar en ninguna de las siguientes actividades mientras uses nuestra p\u00e1gina web:<\/span><\/p><p class=\"font_8 wixui-rich-text__text\"><span class=\"wixui-rich-text__text\">a. Violar cualquier ley o reglamento aplicable. <\/span><\/p><p class=\"font_8 wixui-rich-text__text\"><span class=\"wixui-rich-text__text\">b. Suplantar a cualquier persona o entidad, o representar falsamente tu afiliaci\u00f3n con cualquier persona o entidad. <\/span><\/p><p class=\"font_8 wixui-rich-text__text\"><span class=\"wixui-rich-text__text\">c. Interferir o interrumpir la funcionalidad de nuestra p\u00e1gina web o servidores. <\/span><\/p><p class=\"font_8 wixui-rich-text__text\"><span class=\"wixui-rich-text__text\">d. Subir o transmitir virus, malware o cualquier otro c\u00f3digo da\u00f1ino. <\/span><\/p><p class=\"font_8 wixui-rich-text__text\"><span class=\"wixui-rich-text__text\">e. Acosar, abusar o da\u00f1ar a otros. <\/span><\/p><p class=\"font_8 wixui-rich-text__text\"><span class=\"wixui-rich-text__text\">\u200b<\/span><\/p><p class=\"font_8 wixui-rich-text__text\"><span class=\"wixui-rich-text__text\">4. Pol\u00edtica de privacidad:<\/span><\/p><p class=\"font_8 wixui-rich-text__text\"><span class=\"wixui-rich-text__text\">Tu privacidad es importante para nosotros. Por favor, consulta nuestra Pol\u00edtica de Privacidad para entender c\u00f3mo recopilamos, utilizamos y protegemos tu informaci\u00f3n personal. <\/span><\/p><p class=\"font_8 wixui-rich-text__text\"><span class=\"wixui-rich-text__text\">\u200b<\/span><\/p><p class=\"font_8 wixui-rich-text__text\"><span class=\"wixui-rich-text__text\">5. Renuncia a la garant\u00eda:<\/span><\/p><p class=\"font_8 wixui-rich-text__text\"><span class=\"wixui-rich-text__text\">a. Nuestra p\u00e1gina web y servicios se ofrecen seg\u00fan la modalidad \u00abtal cual\u00bb y \u00abseg\u00fan lo disponga\u00bb. No otorgamos ninguna garant\u00eda, expresa o impl\u00edcita, respecto a la fiabilidad, exactitud o disponibilidad de nuestra p\u00e1gina web o servicios.  <\/span><\/p><p class=\"font_8 wixui-rich-text__text\"><span class=\"wixui-rich-text__text\">b. No garantizamos que nuestra p\u00e1gina web est\u00e9 libre de errores, virus u otros componentes da\u00f1inos. <\/span><\/p><p class=\"font_8 wixui-rich-text__text\"><span class=\"wixui-rich-text__text\">\u200b<\/span><\/p><p class=\"font_8 wixui-rich-text__text\"><span class=\"wixui-rich-text__text\">6. Limitaci\u00f3n de responsabilidad:<\/span><\/p><p class=\"font_8 wixui-rich-text__text\"><span class=\"wixui-rich-text__text\">a. Ampoules\/Sanam Aesthetic, sus directores, empleados o afiliados no ser\u00e1n responsables por da\u00f1os directos, indirectos, incidentales, consecuentes o punitivos derivados del uso de nuestro sitio web o servicios. <\/span><\/p><p class=\"font_8 wixui-rich-text__text\"><span class=\"wixui-rich-text__text\">b. En jurisdicciones donde no se permiten limitaciones de responsabilidad, nuestra responsabilidad se limitar\u00e1 hasta la m\u00e1xima medida permitida por la ley. <\/span><\/p><p class=\"font_8 wixui-rich-text__text\"><span class=\"wixui-rich-text__text\">\u200b<\/span><\/p><p class=\"font_8 wixui-rich-text__text\"><span class=\"wixui-rich-text__text\">7. Indemnizaci\u00f3n:<\/span><\/p><p class=\"font_8 wixui-rich-text__text\"><span class=\"wixui-rich-text__text\">Aceptas indemnizar y eximir a Sanam Aesthetic\/Ampoules y a sus afiliados de cualquier p\u00e9rdida, da\u00f1o, gasto o responsabilidad derivada o relacionada con tu uso de nuestro sitio web o la violaci\u00f3n de estos T\u00e9rminos.<\/span><\/p><p class=\"font_8 wixui-rich-text__text\"><span class=\"wixui-rich-text__text\">\u200b<\/span><\/p><p class=\"font_8 wixui-rich-text__text\"><span class=\"wixui-rich-text__text\">8. Modificaciones a los t\u00e9rminos:<\/span><\/p><p class=\"font_8 wixui-rich-text__text\"><span class=\"wixui-rich-text__text\">Nos reservamos el derecho de actualizar o modificar estos T\u00e9rminos en cualquier momento sin previo aviso. Cualquier cambio ser\u00e1 efectivo al publicar en nuestra p\u00e1gina web. Al continuar utilizando nuestro sitio web despu\u00e9s de tales modificaciones, aceptas estar sujeto a los T\u00e9rminos actualizados.  <\/span><\/p><p class=\"font_8 wixui-rich-text__text\"><span class=\"wixui-rich-text__text\">\u200b<\/span><\/p><p class=\"font_8 wixui-rich-text__text\"><span class=\"wixui-rich-text__text\">9. Derecho y jurisdicci\u00f3n aplicables:<\/span><\/p><p class=\"font_8 wixui-rich-text__text\"><span class=\"wixui-rich-text__text\">Estos T\u00e9rminos se regir\u00e1n e interpretar\u00e1n de acuerdo con las leyes del Reino Unido. Cualquier disputa que surja bajo o en relaci\u00f3n con estos T\u00e9rminos estar\u00e1 sujeta a la jurisdicci\u00f3n exclusiva. <\/span><\/p><p class=\"font_8 wixui-rich-text__text\"><span class=\"wixui-rich-text__text\">\u200b<\/span><\/p><p class=\"font_8 wixui-rich-text__text\"><span class=\"wixui-rich-text__text\">10. Cont\u00e1ctanos:<\/span><\/p><p class=\"font_8 wixui-rich-text__text\"><span class=\"wixui-rich-text__text\">Si tienes alguna pregunta o preocupaci\u00f3n sobre estos T\u00e9rminos de Servicio, por favor cont\u00e1ctanos.<\/span><\/p><p class=\"font_8 wixui-rich-text__text\"><span class=\"wixui-rich-text__text\"><span class=\"wixGuard wixui-rich-text__text\">\u200b<\/span><\/span><\/p><p class=\"font_8 wixui-rich-text__text\"><span class=\"wixui-rich-text__text\">\u00daltima actualizaci\u00f3n: 05\/08\/2025<\/span><\/p><\/div><\/div><\/div>\t\t\t\t\t\t\t\t<\/div>\n\t\t\t\t\t<\/div>\n\t\t\t\t<\/div>\n\t\t\t\t<\/div>\n\t\t","protected":false},"excerpt":{"rendered":"<p>T\u00e9rminos de servicio \u00a1Bienvenidos a Ampoules! Estos T\u00e9rminos de Servicio (\u00abT\u00e9rminos\u00bb) rigen tu uso de nuestra p\u00e1gina web y servicios. Al acceder o utilizar nuestra p\u00e1gina web, aceptas estar sujeto a estos T\u00e9rminos, as\u00ed que por favor l\u00e9elos detenidamente. Si no est\u00e1s de acuerdo con ninguna parte de estos T\u00e9rminos, no puedes acceder ni utilizar&#8230;<\/p>\n","protected":false},"author":1,"featured_media":0,"parent":0,"menu_order":0,"comment_status":"closed","ping_status":"closed","template":"","meta":{"_bst_post_transparent":"","_bst_post_title":"","_bst_post_layout":"","_bst_post_sidebar_id":"","_bst_post_content_style":"","_bst_post_vertical_padding":"","_bst_post_feature":"","_bst_post_feature_position":"","_bst_post_header":false,"_bst_post_footer":false,"footnotes":""},"class_list":["post-3669","page","type-page","status-publish","hentry"],"jetpack_sharing_enabled":true,"_links":{"self":[{"href":"https:\/\/ampoules.co.uk\/es\/wp-json\/wp\/v2\/pages\/3669","targetHints":{"allow":["GET"]}}],"collection":[{"href":"https:\/\/ampoules.co.uk\/es\/wp-json\/wp\/v2\/pages"}],"about":[{"href":"https:\/\/ampoules.co.uk\/es\/wp-json\/wp\/v2\/types\/page"}],"author":[{"embeddable":true,"href":"https:\/\/ampoules.co.uk\/es\/wp-json\/wp\/v2\/users\/1"}],"replies":[{"embeddable":true,"href":"https:\/\/ampoules.co.uk\/es\/wp-json\/wp\/v2\/comments?post=3669"}],"version-history":[{"count":0,"href":"https:\/\/ampoules.co.uk\/es\/wp-json\/wp\/v2\/pages\/3669\/revisions"}],"wp:attachment":[{"href":"https:\/\/ampoules.co.uk\/es\/wp-json\/wp\/v2\/media?parent=3669"}],"curies":[{"name":"wp","href":"https:\/\/api.w.org\/{rel}","templated":true}]}}