{"id":3664,"date":"2023-10-05T04:26:55","date_gmt":"2023-10-05T04:26:55","guid":{"rendered":"https:\/\/ampoules.co.uk\/preguntas-frecuentes\/"},"modified":"2026-05-14T16:57:44","modified_gmt":"2026-05-14T16:57:44","slug":"preguntas-frecuentes","status":"publish","type":"page","link":"https:\/\/ampoules.co.uk\/es\/preguntas-frecuentes\/","title":{"rendered":"Preguntas frecuentes"},"content":{"rendered":"\t\t<div data-elementor-type=\"wp-page\" data-elementor-id=\"3664\" class=\"elementor elementor-3664 elementor-60\" data-elementor-post-type=\"page\">\n\t\t\t\t\t\t<section class=\"elementor-section elementor-top-section elementor-element elementor-element-c6424ac elementor-section-boxed elementor-section-height-default elementor-section-height-default\" data-id=\"c6424ac\" data-element_type=\"section\" data-e-type=\"section\">\n\t\t\t\t\t\t<div class=\"elementor-container elementor-column-gap-no\">\n\t\t\t\t\t<div class=\"elementor-column elementor-col-100 elementor-top-column elementor-element elementor-element-7a19381\" data-id=\"7a19381\" data-element_type=\"column\" data-e-type=\"column\">\n\t\t\t<div class=\"elementor-widget-wrap elementor-element-populated\">\n\t\t\t\t\t\t<div class=\"elementor-element elementor-element-f44ba06 elementor-widget elementor-widget-image\" data-id=\"f44ba06\" data-element_type=\"widget\" data-e-type=\"widget\" data-widget_type=\"image.default\">\n\t\t\t\t\t\t\t\t\t\t\t\t\t\t\t<img fetchpriority=\"high\" decoding=\"async\" width=\"447\" height=\"512\" src=\"https:\/\/ampoules.co.uk\/wp-content\/uploads\/2025\/01\/04.svg\" class=\"attachment-full size-full wp-image-3666\" alt=\"\" \/>\t\t\t\t\t\t\t\t\t\t\t\t\t\t\t<\/div>\n\t\t\t\t<div class=\"elementor-element elementor-element-4459721 elementor-widget elementor-widget-heading\" data-id=\"4459721\" data-element_type=\"widget\" data-e-type=\"widget\" data-widget_type=\"heading.default\">\n\t\t\t\t\t<h2 class=\"elementor-heading-title elementor-size-default\"><span style=\"background-color: initial;font-weight: bold;font-family: caudex, serif;font-size: 56px;letter-spacing: normal;text-align: start;white-space: normal;float: none\">Consultas frecuentes<\/span><\/h2>\t\t\t\t<\/div>\n\t\t\t\t<div class=\"elementor-element elementor-element-b539d98 elementor-widget__width-initial elementor-widget elementor-widget-accordion\" data-id=\"b539d98\" data-element_type=\"widget\" data-e-type=\"widget\" data-widget_type=\"accordion.default\">\n\t\t\t\t\t\t\t<div class=\"elementor-accordion\">\n\t\t\t\t\t\t\t<div class=\"elementor-accordion-item\">\n\t\t\t\t\t<div id=\"elementor-tab-title-1901\" class=\"elementor-tab-title\" data-tab=\"1\" role=\"button\" aria-controls=\"elementor-tab-content-1901\" aria-expanded=\"false\">\n\t\t\t\t\t\t\t\t\t\t\t\t\t<span class=\"elementor-accordion-icon elementor-accordion-icon-right\" aria-hidden=\"true\">\n\t\t\t\t\t\t\t\t\t\t\t\t\t\t\t<span class=\"elementor-accordion-icon-closed\"><svg class=\"e-font-icon-svg e-fas-plus\" viewBox=\"0 0 448 512\" xmlns=\"http:\/\/www.w3.org\/2000\/svg\"><path d=\"M416 208H272V64c0-17.67-14.33-32-32-32h-32c-17.67 0-32 14.33-32 32v144H32c-17.67 0-32 14.33-32 32v32c0 17.67 14.33 32 32 32h144v144c0 17.67 14.33 32 32 32h32c17.67 0 32-14.33 32-32V304h144c17.67 0 32-14.33 32-32v-32c0-17.67-14.33-32-32-32z\"><\/path><\/svg><\/span>\n\t\t\t\t\t\t\t\t<span class=\"elementor-accordion-icon-opened\"><svg class=\"e-font-icon-svg e-fas-minus\" viewBox=\"0 0 448 512\" xmlns=\"http:\/\/www.w3.org\/2000\/svg\"><path d=\"M416 208H32c-17.67 0-32 14.33-32 32v32c0 17.67 14.33 32 32 32h384c17.67 0 32-14.33 32-32v-32c0-17.67-14.33-32-32-32z\"><\/path><\/svg><\/span>\n\t\t\t\t\t\t\t\t\t\t\t\t\t\t<\/span>\n\t\t\t\t\t\t\t\t\t\t\t\t<a class=\"elementor-accordion-title\" tabindex=\"0\">  Preguntas frecuentes \u00bfA qu\u00e9 pa\u00edses env\u00edas?<\/a>\n\t\t\t\t\t<\/div>\n\t\t\t\t\t<div id=\"elementor-tab-content-1901\" class=\"elementor-tab-content elementor-clearfix\" data-tab=\"1\" role=\"region\" aria-labelledby=\"elementor-tab-title-1901\"><p>Actualmente enviamos a m\u00e1s de 50 pa\u00edses en todo el mundo, incluyendo Estados Unidos, Reino Unido, Canad\u00e1, Australia y la mayor\u00eda de los pa\u00edses europeos. Para una lista completa de destinos soportados, consulte a continuaci\u00f3n: Albania, Australia, Austria, B\u00e9lgica, Bosnia y Herzegovina, Brasil, Bulgaria, Canad\u00e1, China, Croacia, Chipre, Chequia, Dinamarca, Estonia, Islas Feroe, Finlandia, Francia, Alemania, Gibraltar, Grecia, Guernsey, Hungr\u00eda, Islandia, Irlanda, Israel, Italia, Jersey, Kenia, Kosovo, Letonia, Liechtenstein, Lituania, Luxemburgo, Macedonia, Malta, M\u00e9xico, M\u00f3naco, Montenegro, Pa\u00edses Bajos, Nueva Zelanda, Noruega, Pakist\u00e1n,  Polonia, Portugal, Ruman\u00eda, Rusia, San Marino, Serbia, Eslovaquia, Eslovenia, Sud\u00e1frica, Corea del Sur, Espa\u00f1a, Suecia, Suiza, Turqu\u00eda, Emiratos \u00c1rabes Unidos, Reino Unido, EE. UU. <\/p>\n<p>\u00bfNo ves tu pa\u00eds en la lista? Solo tienes que enviarnos un mensaje y haremos todo lo posible para organizar el env\u00edo para ti. <\/p>\n<\/div>\n\t\t\t\t<\/div>\n\t\t\t\t\t\t\t<div class=\"elementor-accordion-item\">\n\t\t\t\t\t<div id=\"elementor-tab-title-1902\" class=\"elementor-tab-title\" data-tab=\"2\" role=\"button\" aria-controls=\"elementor-tab-content-1902\" aria-expanded=\"false\">\n\t\t\t\t\t\t\t\t\t\t\t\t\t<span class=\"elementor-accordion-icon elementor-accordion-icon-right\" aria-hidden=\"true\">\n\t\t\t\t\t\t\t\t\t\t\t\t\t\t\t<span class=\"elementor-accordion-icon-closed\"><svg class=\"e-font-icon-svg e-fas-plus\" viewBox=\"0 0 448 512\" xmlns=\"http:\/\/www.w3.org\/2000\/svg\"><path d=\"M416 208H272V64c0-17.67-14.33-32-32-32h-32c-17.67 0-32 14.33-32 32v144H32c-17.67 0-32 14.33-32 32v32c0 17.67 14.33 32 32 32h144v144c0 17.67 14.33 32 32 32h32c17.67 0 32-14.33 32-32V304h144c17.67 0 32-14.33 32-32v-32c0-17.67-14.33-32-32-32z\"><\/path><\/svg><\/span>\n\t\t\t\t\t\t\t\t<span class=\"elementor-accordion-icon-opened\"><svg class=\"e-font-icon-svg e-fas-minus\" viewBox=\"0 0 448 512\" xmlns=\"http:\/\/www.w3.org\/2000\/svg\"><path d=\"M416 208H32c-17.67 0-32 14.33-32 32v32c0 17.67 14.33 32 32 32h384c17.67 0 32-14.33 32-32v-32c0-17.67-14.33-32-32-32z\"><\/path><\/svg><\/span>\n\t\t\t\t\t\t\t\t\t\t\t\t\t\t<\/span>\n\t\t\t\t\t\t\t\t\t\t\t\t<a class=\"elementor-accordion-title\" tabindex=\"0\">\u00bfOfrec\u00e9is env\u00edo gratuito? \u00bfCu\u00e1les son los m\u00ednimos de orden? <\/a>\n\t\t\t\t\t<\/div>\n\t\t\t\t\t<div id=\"elementor-tab-content-1902\" class=\"elementor-tab-content elementor-clearfix\" data-tab=\"2\" role=\"region\" aria-labelledby=\"elementor-tab-title-1902\"><p>\u00a1S\u00ed! Ofrecemos env\u00edo gratuito con los siguientes valores m\u00ednimos de pedido: Reino Unido: Los pedidos deben costar un total de \u00a315 GBP o m\u00e1s. Internacional: Los pedidos deben alcanzar \u00a3150 GBP (o equivalente en tu moneda local). Nota: Las tasas de env\u00edo se aplicar\u00e1n autom\u00e1ticamente si tu pedido est\u00e1 por debajo de estos umbrales.   <\/p>\n<\/div>\n\t\t\t\t<\/div>\n\t\t\t\t\t\t\t<div class=\"elementor-accordion-item\">\n\t\t\t\t\t<div id=\"elementor-tab-title-1903\" class=\"elementor-tab-title\" data-tab=\"3\" role=\"button\" aria-controls=\"elementor-tab-content-1903\" aria-expanded=\"false\">\n\t\t\t\t\t\t\t\t\t\t\t\t\t<span class=\"elementor-accordion-icon elementor-accordion-icon-right\" aria-hidden=\"true\">\n\t\t\t\t\t\t\t\t\t\t\t\t\t\t\t<span class=\"elementor-accordion-icon-closed\"><svg class=\"e-font-icon-svg e-fas-plus\" viewBox=\"0 0 448 512\" xmlns=\"http:\/\/www.w3.org\/2000\/svg\"><path d=\"M416 208H272V64c0-17.67-14.33-32-32-32h-32c-17.67 0-32 14.33-32 32v144H32c-17.67 0-32 14.33-32 32v32c0 17.67 14.33 32 32 32h144v144c0 17.67 14.33 32 32 32h32c17.67 0 32-14.33 32-32V304h144c17.67 0 32-14.33 32-32v-32c0-17.67-14.33-32-32-32z\"><\/path><\/svg><\/span>\n\t\t\t\t\t\t\t\t<span class=\"elementor-accordion-icon-opened\"><svg class=\"e-font-icon-svg e-fas-minus\" viewBox=\"0 0 448 512\" xmlns=\"http:\/\/www.w3.org\/2000\/svg\"><path d=\"M416 208H32c-17.67 0-32 14.33-32 32v32c0 17.67 14.33 32 32 32h384c17.67 0 32-14.33 32-32v-32c0-17.67-14.33-32-32-32z\"><\/path><\/svg><\/span>\n\t\t\t\t\t\t\t\t\t\t\t\t\t\t<\/span>\n\t\t\t\t\t\t\t\t\t\t\t\t<a class=\"elementor-accordion-title\" tabindex=\"0\">\u00bfTendr\u00e9 que pagar impuestos de importaci\u00f3n o tasas de aduana por mi pedido?<\/a>\n\t\t\t\t\t<\/div>\n\t\t\t\t\t<div id=\"elementor-tab-content-1903\" class=\"elementor-tab-content elementor-clearfix\" data-tab=\"3\" role=\"region\" aria-labelledby=\"elementor-tab-title-1903\"><p>Para pedidos enviados fuera del Reino Unido, la aduana local puede aplicar impuestos de importaci\u00f3n, derechos o tasas adicionales de importaci\u00f3n. As\u00ed es como funciona: despu\u00e9s de pagar, te enviaremos un correo con un impuesto estimado (si es aplicable en tu pa\u00eds). Puedes elegir: Pagar las tasas y proceder con la entrega. Cancela tu pedido para obtener un reembolso completo (si no quieres pagar). Nota: Las tasas aduaneras son solo una estimaci\u00f3n; el cargo final puede variar ligeramente seg\u00fan la evaluaci\u00f3n de tu agente local de aduanas.    <\/p>\n<\/div>\n\t\t\t\t<\/div>\n\t\t\t\t\t\t\t\t\t\t<script type=\"application\/ld+json\">{\"@context\":\"https:\\\/\\\/schema.org\",\"@type\":\"FAQPage\",\"mainEntity\":[{\"@type\":\"Question\",\"name\":\"Preguntas frecuentes \\u00bfA qu\\u00e9 pa\\u00edses env\\u00edas?\",\"acceptedAnswer\":{\"@type\":\"Answer\",\"text\":\"<p>Actualmente enviamos a m\\u00e1s de 50 pa\\u00edses en todo el mundo, incluyendo Estados Unidos, Reino Unido, Canad\\u00e1, Australia y la mayor\\u00eda de los pa\\u00edses europeos. Para una lista completa de destinos soportados, consulte a continuaci\\u00f3n: Albania, Australia, Austria, B\\u00e9lgica, Bosnia y Herzegovina, Brasil, Bulgaria, Canad\\u00e1, China, Croacia, Chipre, Chequia, Dinamarca, Estonia, Islas Feroe, Finlandia, Francia, Alemania, Gibraltar, Grecia, Guernsey, Hungr\\u00eda, Islandia, Irlanda, Israel, Italia, Jersey, Kenia, Kosovo, Letonia, Liechtenstein, Lituania, Luxemburgo, Macedonia, Malta, M\\u00e9xico, M\\u00f3naco, Montenegro, Pa\\u00edses Bajos, Nueva Zelanda, Noruega, Pakist\\u00e1n,  Polonia, Portugal, Ruman\\u00eda, Rusia, San Marino, Serbia, Eslovaquia, Eslovenia, Sud\\u00e1frica, Corea del Sur, Espa\\u00f1a, Suecia, Suiza, Turqu\\u00eda, Emiratos \\u00c1rabes Unidos, Reino Unido, EE. UU. <\\\/p>\\n<p>\\u00bfNo ves tu pa\\u00eds en la lista? Solo tienes que enviarnos un mensaje y haremos todo lo posible para organizar el env\\u00edo para ti. <\\\/p>\\n\"}},{\"@type\":\"Question\",\"name\":\"\\u00bfOfrec\\u00e9is env\\u00edo gratuito? \\u00bfCu\\u00e1les son los m\\u00ednimos de orden?\",\"acceptedAnswer\":{\"@type\":\"Answer\",\"text\":\"<p>\\u00a1S\\u00ed! Ofrecemos env\\u00edo gratuito con los siguientes valores m\\u00ednimos de pedido: Reino Unido: Los pedidos deben costar un total de \\u00a315 GBP o m\\u00e1s. Internacional: Los pedidos deben alcanzar \\u00a3150 GBP (o equivalente en tu moneda local). Nota: Las tasas de env\\u00edo se aplicar\\u00e1n autom\\u00e1ticamente si tu pedido est\\u00e1 por debajo de estos umbrales.   <\\\/p>\\n\"}},{\"@type\":\"Question\",\"name\":\"\\u00bfTendr\\u00e9 que pagar impuestos de importaci\\u00f3n o tasas de aduana por mi pedido?\",\"acceptedAnswer\":{\"@type\":\"Answer\",\"text\":\"<p>Para pedidos enviados fuera del Reino Unido, la aduana local puede aplicar impuestos de importaci\\u00f3n, derechos o tasas adicionales de importaci\\u00f3n. As\\u00ed es como funciona: despu\\u00e9s de pagar, te enviaremos un correo con un impuesto estimado (si es aplicable en tu pa\\u00eds). Puedes elegir: Pagar las tasas y proceder con la entrega. Cancela tu pedido para obtener un reembolso completo (si no quieres pagar). Nota: Las tasas aduaneras son solo una estimaci\\u00f3n; el cargo final puede variar ligeramente seg\\u00fan la evaluaci\\u00f3n de tu agente local de aduanas.    <\\\/p>\\n\"}}]}<\/script>\n\t\t\t\t\t<\/div>\n\t\t\t\t\t\t<\/div>\n\t\t\t\t\t<\/div>\n\t\t<\/div>\n\t\t\t\t\t<\/div>\n\t\t<\/section>\n\t\t\t\t<\/div>\n\t\t","protected":false},"excerpt":{"rendered":"<p>Consultas frecuentes Preguntas frecuentes \u00bfA qu\u00e9 pa\u00edses env\u00edas? Actualmente enviamos a m\u00e1s de 50 pa\u00edses en todo el mundo, incluyendo Estados Unidos, Reino Unido, Canad\u00e1, Australia y la mayor\u00eda de los pa\u00edses europeos. Para una lista completa de destinos soportados, consulte a continuaci\u00f3n: Albania, Australia, Austria, B\u00e9lgica, Bosnia y Herzegovina, Brasil, Bulgaria, Canad\u00e1, China, Croacia,&#8230;<\/p>\n","protected":false},"author":1,"featured_media":0,"parent":0,"menu_order":0,"comment_status":"closed","ping_status":"closed","template":"","meta":{"_bst_post_transparent":"","_bst_post_title":"","_bst_post_layout":"","_bst_post_sidebar_id":"","_bst_post_content_style":"","_bst_post_vertical_padding":"","_bst_post_feature":"","_bst_post_feature_position":"","_bst_post_header":false,"_bst_post_footer":false,"footnotes":""},"class_list":["post-3664","page","type-page","status-publish","hentry"],"jetpack_sharing_enabled":true,"_links":{"self":[{"href":"https:\/\/ampoules.co.uk\/es\/wp-json\/wp\/v2\/pages\/3664","targetHints":{"allow":["GET"]}}],"collection":[{"href":"https:\/\/ampoules.co.uk\/es\/wp-json\/wp\/v2\/pages"}],"about":[{"href":"https:\/\/ampoules.co.uk\/es\/wp-json\/wp\/v2\/types\/page"}],"author":[{"embeddable":true,"href":"https:\/\/ampoules.co.uk\/es\/wp-json\/wp\/v2\/users\/1"}],"replies":[{"embeddable":true,"href":"https:\/\/ampoules.co.uk\/es\/wp-json\/wp\/v2\/comments?post=3664"}],"version-history":[{"count":0,"href":"https:\/\/ampoules.co.uk\/es\/wp-json\/wp\/v2\/pages\/3664\/revisions"}],"wp:attachment":[{"href":"https:\/\/ampoules.co.uk\/es\/wp-json\/wp\/v2\/media?parent=3664"}],"curies":[{"name":"wp","href":"https:\/\/api.w.org\/{rel}","templated":true}]}}