{"id":3310,"date":"2026-04-14T23:34:52","date_gmt":"2026-04-14T23:34:52","guid":{"rendered":"https:\/\/ampoules.co.uk\/politica-de-envio\/"},"modified":"2026-05-14T16:55:17","modified_gmt":"2026-05-14T16:55:17","slug":"politica-de-envio","status":"publish","type":"page","link":"https:\/\/ampoules.co.uk\/es\/politica-de-envio\/","title":{"rendered":"Pol\u00edtica de env\u00edo"},"content":{"rendered":"\t\t<div data-elementor-type=\"wp-page\" data-elementor-id=\"3310\" class=\"elementor elementor-3310 elementor-2552\" data-elementor-post-type=\"page\">\n\t\t\t\t<div class=\"elementor-element elementor-element-97829ff e-flex e-con-boxed e-con e-parent\" data-id=\"97829ff\" data-element_type=\"container\" data-e-type=\"container\">\n\t\t\t\t\t<div class=\"e-con-inner\">\n\t\t\t\t<div class=\"elementor-element elementor-element-83a263f elementor-widget elementor-widget-heading\" data-id=\"83a263f\" data-element_type=\"widget\" data-e-type=\"widget\" data-widget_type=\"heading.default\">\n\t\t\t\t\t<h2 class=\"elementor-heading-title elementor-size-default\">Pol\u00edtica de env\u00edo<\/h2>\t\t\t\t<\/div>\n\t\t\t\t\t<\/div>\n\t\t\t\t<\/div>\n\t\t<div class=\"elementor-element elementor-element-9f785e5 e-flex e-con-boxed e-con e-parent\" data-id=\"9f785e5\" data-element_type=\"container\" data-e-type=\"container\">\n\t\t\t\t\t<div class=\"e-con-inner\">\n\t\t\t\t<div class=\"elementor-element elementor-element-1673836 elementor-widget elementor-widget-text-editor\" data-id=\"1673836\" data-element_type=\"widget\" data-e-type=\"widget\" data-widget_type=\"text-editor.default\">\n\t\t\t\t\t\t\t\t\t<p class=\"font_8 wixui-rich-text__text\"><span class=\"wixui-rich-text__text\">Gracias por elegir Ampoules para tus necesidades de belleza y cuidado de la piel. Nos esforzamos por ofrecer una experiencia de compra fluida, incluyendo servicios de env\u00edo eficientes y fiables. Por favor, lee nuestra Pol\u00edtica de Env\u00edo para entender nuestros m\u00e9todos de env\u00edo, tiempos de entrega e informaci\u00f3n relacionada.  <\/span><\/p><p class=\"font_8 wixui-rich-text__text\"><span class=\"wixui-rich-text__text\"><span class=\"wixui-rich-text__text\">1. Procesamiento de pedidos:<\/span><\/span><\/p><p class=\"font_8 wixui-rich-text__text\"><span class=\"wixui-rich-text__text\">a. Procesamos los pedidos de forma r\u00e1pida, normalmente dentro de 1 a 2 d\u00edas laborables tras recibir la verificaci\u00f3n de pago. <\/span><\/p><p class=\"font_8 wixui-rich-text__text\"><span class=\"wixui-rich-text__text\">b. En el caso de reservas anticipadas o pedidos pendientes, proporcionaremos las fechas estimadas de env\u00edo en la p\u00e1gina del producto. Por favor, tenga en cuenta que estas fechas pueden cambiar y le notificaremos de cualquier retraso.  <\/span><\/p><p class=\"font_8 wixui-rich-text__text\"><span class=\"wixui-rich-text__text\"><span class=\"wixui-rich-text__text\">2. M\u00e9todos de env\u00edo:<\/span><\/span><\/p><p class=\"font_8 wixui-rich-text__text\"><span class=\"wixui-rich-text__text\">a. Nos asociamos con transportistas de confianza para garantizar la entrega segura y puntual de tus pedidos. <\/span><\/p><p class=\"font_8 wixui-rich-text__text\"><span class=\"wixui-rich-text__text\">b. Para pedidos nacionales (Reino Unido), usamos principalmente DPD y EVRi para el env\u00edo. <\/span><\/p><p class=\"font_8 wixui-rich-text__text\"><span class=\"wixui-rich-text__text\">c. Para pedidos internacionales, ofrecemos opciones de env\u00edo est\u00e1ndar y expr\u00e9s, con tiempos de entrega que var\u00edan seg\u00fan el destino y el m\u00e9todo de env\u00edo elegido. Principalmente usamos USPS, FedEx, UPS, DPD, EVRi y DHL para el env\u00edo.  <\/span><\/p><p class=\"font_8 wixui-rich-text__text\"><span class=\"wixui-rich-text__text\">3. Tiempos de entrega:<\/span><\/p><p class=\"font_8 wixui-rich-text__text\"><span class=\"wixui-rich-text__text\">a. Los tiempos de entrega pueden variar seg\u00fan el m\u00e9todo de env\u00edo seleccionado durante el pago y la direcci\u00f3n de destino. <\/span><\/p><p class=\"font_8 wixui-rich-text__text\"><span class=\"wixui-rich-text__text\">b. Los tiempos estimados de entrega para el env\u00edo est\u00e1ndar dentro del Reino Unido suelen oscilar entre 3 y 5 d\u00edas laborables y los tiempos internacionales suelen ser de 2 a 15 d\u00edas laborables. <\/span><\/p><p class=\"font_8 wixui-rich-text__text\"><span class=\"wixui-rich-text__text\">c. Tenga en cuenta que los tiempos de entrega pueden verse afectados por circunstancias imprevistas como retrasos en aduanas, condiciones meteorol\u00f3gicas extremas u otros eventos fuera de nuestro control. <\/span><\/p><p class=\"font_8 wixui-rich-text__text\"><span class=\"wixui-rich-text__text\"><span class=\"wixui-rich-text__text\">4. Seguimiento de \u00f3rdenes:<\/span><\/span><\/p><p class=\"font_8 wixui-rich-text__text\"><span class=\"wixui-rich-text__text\">a. Una vez que tu pedido se env\u00ede, te proporcionaremos un n\u00famero de seguimiento por correo electr\u00f3nico (si se proporciona durante la compra). <\/span><\/p><p class=\"font_8 wixui-rich-text__text\"><span class=\"wixui-rich-text__text\">b. Puedes usar el n\u00famero de seguimiento proporcionado para monitorizar el estado y la ubicaci\u00f3n de tu paquete. <\/span><\/p><p class=\"font_8 wixui-rich-text__text\"><span class=\"wixui-rich-text__text\"><span class=\"wixui-rich-text__text\">5. Gastos de env\u00edo:<\/span><\/span><\/p><p class=\"font_8 wixui-rich-text__text\"><span class=\"wixui-rich-text__text\">a. Las tarifas de env\u00edo se calculan en funci\u00f3n del peso total de tu pedido, tama\u00f1o y destino de env\u00edo. <\/span><\/p><p class=\"font_8 wixui-rich-text__text\"><span class=\"wixui-rich-text__text\">b. Durante el proceso de compra se mostrar\u00e1n los gastos de env\u00edo y tendr\u00e1s la oportunidad de revisar el coste total antes de confirmar tu pedido. <\/span><\/p><p class=\"font_8 wixui-rich-text__text\"><span class=\"wixui-rich-text__text\">c. Ofrecemos env\u00edo gratuito a cualquier lugar internacional que cubramos, si tu pedido total es igual o superior a \u00a3150 libras esterlinas. <\/span><\/p><p>d. Las direcciones del Reino Unido reciben env\u00edo gratuito tras un gasto m\u00ednimo de \u00a315 <span class=\"wixui-rich-text__text\">libras esterlinas.<\/span> <\/p><p class=\"font_8 wixui-rich-text__text\"><span class=\"wixui-rich-text__text\"><span class=\"wixui-rich-text__text\">6. Aduanas y Derechos:<\/span><\/span><\/p><p class=\"font_8 wixui-rich-text__text\"><span class=\"wixui-rich-text__text\">a. Para pedidos internacionales, los derechos aduaneros, impuestos y cualquier tasa adicional son responsabilidad del destinatario. Por favor, consulte con la oficina de aduanas local para obtener detalles sobre los cargos aplicables.  <\/span><\/p><p class=\"font_8 wixui-rich-text__text\"><span class=\"wixui-rich-text__text\">b. No nos hacemos responsables de ning\u00fan retraso o tasa en el despache de aduanas. <\/span><\/p><p class=\"font_8 wixui-rich-text__text\"><span class=\"wixui-rich-text__text\"><span class=\"wixui-rich-text__text\">7. Restricciones de env\u00edo:<\/span><\/span><\/p><p class=\"font_8 wixui-rich-text__text\"><span class=\"wixui-rich-text__text\">a. Actualmente, solo ofrecemos env\u00edos dentro de Albania, Australia, Austria, B\u00e9lgica, Bosnia y Herzegovina, Bulgaria, Canad\u00e1, Croacia, Chipre, Chequia, Dinamarca, Estonia, Islas Feroe, Finlandia, Francia, Alemania, Gibraltar, Grecia, Guernsey, Hungr\u00eda, Islandia, Irlanda, Italia, Jersey, Kenia, Kosovo, Letonia, Liechtenstein, Lituania, Luxemburgo, Macedonia, Malta, M\u00e9xico, M\u00f3naco, Montenegro, Pa\u00edses Bajos, Nueva Zelanda, Noruega, Polonia, Portugal, Ruman\u00eda, San Marino, Serbia,  Eslovaquia, Eslovenia, Corea del Sur, Espa\u00f1a, Suecia, Suiza, Turqu\u00eda, Reino Unido, EE. UU. <\/span><\/p><p class=\"font_8 wixui-rich-text__text\"><span class=\"wixui-rich-text__text\">b. Ciertos art\u00edculos pueden estar sujetos a restricciones o regulaciones de env\u00edo basadas en el destino o las leyes locales. Te informaremos durante el proceso de compra si se aplican restricciones a tu pedido.  <\/span><\/p><p class=\"font_8 wixui-rich-text__text\"><span class=\"wixui-rich-text__text\"><span class=\"wixui-rich-text__text\">8. Precisi\u00f3n de direcciones:<\/span><\/span><\/p><p class=\"font_8 wixui-rich-text__text\"><span class=\"wixui-rich-text__text\">Por favor, aseg\u00farate de que tu direcci\u00f3n de env\u00edo sea correcta y completa para evitar retrasos en la entrega o paquetes devueltos. No nos hacemos responsables de los problemas de entrega causados por direcciones incorrectas o incompletas. <\/span><\/p><p class=\"font_8 wixui-rich-text__text\"><span class=\"wixui-rich-text__text\"><span class=\"wixui-rich-text__text\">9. Cont\u00e1ctanos:<\/span><\/span><\/p><p class=\"font_8 wixui-rich-text__text\"><span class=\"wixui-rich-text__text\">Si tiene alguna pregunta o inquietud sobre nuestra Pol\u00edtica de Env\u00edo, por favor cont\u00e1ctenos.<\/span><\/p><p class=\"font_8 wixui-rich-text__text\"><span class=\"wixui-rich-text__text\">Gracias por elegir Ampollas. Esperamos que disfrutes de nuestros productos y esperamos poder servirte con excelencia en todos los aspectos de tu experiencia de compra. <\/span><\/p><p class=\"font_8 wixui-rich-text__text\"><br class=\"wixui-rich-text__text\"><span class=\"wixui-rich-text__text\">\u00daltima actualizaci\u00f3n: 05\/08\/2025<\/span><\/p>\t\t\t\t\t\t\t\t<\/div>\n\t\t\t\t\t<\/div>\n\t\t\t\t<\/div>\n\t\t\t\t<\/div>\n\t\t","protected":false},"excerpt":{"rendered":"<p>Pol\u00edtica de env\u00edo Gracias por elegir Ampoules para tus necesidades de belleza y cuidado de la piel. Nos esforzamos por ofrecer una experiencia de compra fluida, incluyendo servicios de env\u00edo eficientes y fiables. Por favor, lee nuestra Pol\u00edtica de Env\u00edo para entender nuestros m\u00e9todos de env\u00edo, tiempos de entrega e informaci\u00f3n relacionada. 1. Procesamiento de&#8230;<\/p>\n","protected":false},"author":1,"featured_media":0,"parent":0,"menu_order":0,"comment_status":"closed","ping_status":"closed","template":"","meta":{"_bst_post_transparent":"","_bst_post_title":"","_bst_post_layout":"","_bst_post_sidebar_id":"","_bst_post_content_style":"","_bst_post_vertical_padding":"","_bst_post_feature":"","_bst_post_feature_position":"","_bst_post_header":false,"_bst_post_footer":false,"footnotes":""},"class_list":["post-3310","page","type-page","status-publish","hentry"],"jetpack_sharing_enabled":true,"_links":{"self":[{"href":"https:\/\/ampoules.co.uk\/es\/wp-json\/wp\/v2\/pages\/3310","targetHints":{"allow":["GET"]}}],"collection":[{"href":"https:\/\/ampoules.co.uk\/es\/wp-json\/wp\/v2\/pages"}],"about":[{"href":"https:\/\/ampoules.co.uk\/es\/wp-json\/wp\/v2\/types\/page"}],"author":[{"embeddable":true,"href":"https:\/\/ampoules.co.uk\/es\/wp-json\/wp\/v2\/users\/1"}],"replies":[{"embeddable":true,"href":"https:\/\/ampoules.co.uk\/es\/wp-json\/wp\/v2\/comments?post=3310"}],"version-history":[{"count":2,"href":"https:\/\/ampoules.co.uk\/es\/wp-json\/wp\/v2\/pages\/3310\/revisions"}],"predecessor-version":[{"id":3314,"href":"https:\/\/ampoules.co.uk\/es\/wp-json\/wp\/v2\/pages\/3310\/revisions\/3314"}],"wp:attachment":[{"href":"https:\/\/ampoules.co.uk\/es\/wp-json\/wp\/v2\/media?parent=3310"}],"curies":[{"name":"wp","href":"https:\/\/api.w.org\/{rel}","templated":true}]}}