{"id":3281,"date":"2026-04-14T23:33:19","date_gmt":"2026-04-14T23:33:19","guid":{"rendered":"https:\/\/ampoules.co.uk\/politica-de-devoluciones-y-reembolsos\/"},"modified":"2026-05-14T16:55:00","modified_gmt":"2026-05-14T16:55:00","slug":"politica-de-devoluciones-y-reembolsos","status":"publish","type":"page","link":"https:\/\/ampoules.co.uk\/es\/politica-de-devoluciones-y-reembolsos\/","title":{"rendered":"Pol\u00edtica de devoluciones y reembolsos"},"content":{"rendered":"\t\t<div data-elementor-type=\"wp-page\" data-elementor-id=\"3281\" class=\"elementor elementor-3281 elementor-2547\" data-elementor-post-type=\"page\">\n\t\t\t\t<div class=\"elementor-element elementor-element-d07bf4e e-flex e-con-boxed e-con e-parent\" data-id=\"d07bf4e\" data-element_type=\"container\" data-e-type=\"container\">\n\t\t\t\t\t<div class=\"e-con-inner\">\n\t\t\t\t<div class=\"elementor-element elementor-element-274896d elementor-widget elementor-widget-heading\" data-id=\"274896d\" data-element_type=\"widget\" data-e-type=\"widget\" data-widget_type=\"heading.default\">\n\t\t\t\t\t<h2 class=\"elementor-heading-title elementor-size-default\">Pol\u00edtica de devoluciones y reembolsos<\/h2>\t\t\t\t<\/div>\n\t\t\t\t\t<\/div>\n\t\t\t\t<\/div>\n\t\t<div class=\"elementor-element elementor-element-2499e06 e-flex e-con-boxed e-con e-parent\" data-id=\"2499e06\" data-element_type=\"container\" data-e-type=\"container\">\n\t\t\t\t\t<div class=\"e-con-inner\">\n\t\t\t\t<div class=\"elementor-element elementor-element-05fb0c4 elementor-widget elementor-widget-text-editor\" data-id=\"05fb0c4\" data-element_type=\"widget\" data-e-type=\"widget\" data-widget_type=\"text-editor.default\">\n\t\t\t\t\t\t\t\t\t<div id=\"bgLayers_comp-mazmh1ar1\" class=\"MW5IWV\" data-hook=\"bgLayers\" data-motion-part=\"BG_LAYER comp-mazmh1ar1\"><div id=\"bgMedia_comp-mazmh1ar1\" class=\"VgO9Yg\" data-motion-part=\"BG_MEDIA comp-mazmh1ar1\"><span style=\"letter-spacing: 0.4px;\">Gracias por comprar con nosotros. Queremos que est\u00e9s completamente satisfecho con tu compra, y entendemos que a veces puede ser necesario devolucionar. Por favor, lee detenidamente nuestra pol\u00edtica de devoluciones y reembolsos para entender tus derechos y responsabilidades como cliente valioso.  <\/span><\/div><div data-motion-part=\"BG_MEDIA comp-mazmh1ar1\"> <\/div><\/div><div class=\"\" data-mesh-id=\"comp-mazmh1ar1inlineContent\" data-testid=\"inline-content\"><div data-mesh-id=\"comp-mazmh1ar1inlineContent-gridContainer\" data-testid=\"mesh-container-content\"><div id=\"comp-mazmh1at1\" class=\"ku3DBC zQ9jDz qvSjx3 Vq6kJx comp-mazmh1at1 wixui-rich-text\" data-testid=\"richTextElement\"><p class=\"font_8 wixui-rich-text__text\"><span class=\"wixui-rich-text__text\">\u200b<\/span><span class=\"wixui-rich-text__text\">Devoluciones aceptadas:<br class=\"wixui-rich-text__text\">Aceptamos devoluciones dentro de los 30 d\u00edas siguientes a la fecha de compra. Si han pasado 30 d\u00edas desde tu compra, lamentablemente no podemos ofrecerte un reembolso ni un cambio.<\/span><\/p><p class=\"font_8 wixui-rich-text__text\"><span class=\"wixui-rich-text__text\">\u200b<\/span><span class=\"wixui-rich-text__text\">Condiciones para las devoluciones:<br class=\"wixui-rich-text__text\">Para ser elegible para una devoluci\u00f3n, el art\u00edculo debe estar sin usar, en el mismo estado en que lo recibiste y en su embalaje original. Adem\u00e1s, el art\u00edculo debe ir acompa\u00f1ado del comprobante de compra, como el n\u00famero de pedido o el recibo.<\/span><\/p><p class=\"font_8 wixui-rich-text__text\"><span class=\"wixui-rich-text__text\"><span class=\"wixGuard wixui-rich-text__text\">\u200b<\/span>\u200b<\/span><span class=\"wixui-rich-text__text\">Env\u00edo de devoluci\u00f3n:<br class=\"wixui-rich-text__text\">Ten en cuenta que los clientes son responsables del coste del env\u00edo de devoluci\u00f3n. Recomendamos utilizar un servicio de env\u00edo rastreable o contratar un seguro de env\u00edo para tu protecci\u00f3n, ya que no podemos garantizar que recibiremos tu art\u00edculo devuelto.<\/span><\/p><p class=\"font_8 wixui-rich-text__text\"><span class=\"wixui-rich-text__text\">\u200b<\/span><span class=\"wixui-rich-text__text\">Reembolsos:<br class=\"wixui-rich-text__text\">Una vez que recibas e inspecciones tu art\u00edculo devuelto, te enviaremos un correo electr\u00f3nico para notificarte que hemos recibido tu art\u00edculo devuelto. Tambi\u00e9n te notificaremos la aprobaci\u00f3n o rechazo de tu reembolso. Si tu reembolso es aprobado, se procesar\u00e1 y se aplicar\u00e1 autom\u00e1ticamente un cr\u00e9dito a tu m\u00e9todo de pago original en un plazo razonable.<\/span><\/p><p class=\"font_8 wixui-rich-text__text\"><span class=\"wixui-rich-text__text\">\u200b<\/span><span class=\"wixui-rich-text__text\">Intercambios:<br class=\"wixui-rich-text__text\">Actualmente no ofrecemos intercambios directos. Si deseas cambiar un art\u00edculo por una talla, color o variante diferente, por favor sigue el proceso de devoluci\u00f3n y luego haz un nuevo pedido del art\u00edculo deseado en nuestra p\u00e1gina web.<\/span><\/p><p class=\"font_8 wixui-rich-text__text\"><span class=\"wixui-rich-text__text\">\u200b<\/span><span class=\"wixui-rich-text__text\">Art\u00edculos da\u00f1ados o defectuosos:<br class=\"wixui-rich-text__text\">En el desafortunado caso de que su art\u00edculo llegue da\u00f1ado o defectuoso, por favor contacte inmediatamente con nuestro equipo de atenci\u00f3n al cliente. Estaremos encantados de gestionar un reemplazo o reembolso de estos art\u00edculos, y podemos proporcionar una etiqueta de env\u00edo de devoluci\u00f3n prepagada en estos casos espec\u00edficos.<\/span><\/p><p class=\"font_8 wixui-rich-text__text\"><span class=\"wixui-rich-text__text\">\u200b<\/span><span class=\"wixui-rich-text__text\">Art\u00edculos de la venta final:<br class=\"wixui-rich-text__text\">Ten en cuenta que ciertos art\u00edculos pueden estar marcados como venta final y no son elegibles para devoluciones ni reembolsos. Los art\u00edculos de la venta final estar\u00e1n claramente indicados en la p\u00e1gina del producto.<\/span><\/p><p class=\"font_8 wixui-rich-text__text\"><span class=\"wixui-rich-text__text\">\u200b<\/span><span class=\"wixui-rich-text__text\">Cont\u00e1ctanos:<br class=\"wixui-rich-text__text\">Si tienes alguna pregunta o duda sobre nuestra pol\u00edtica de devoluciones y reembolsos, no dudes en ponerte en contacto con nuestro equipo de atenci\u00f3n al cliente. Estamos aqu\u00ed para ayudarte y garantizar que tu experiencia de compra sea agradable y sin complicaciones.<\/span><\/p><p class=\"font_8 wixui-rich-text__text\"><span class=\"wixui-rich-text__text\">Nos reservamos el derecho de actualizar y modificar esta pol\u00edtica de devoluciones y reembolsos de vez en cuando sin previo aviso. Cualquier cambio realizado se publicar\u00e1 en esta p\u00e1gina, y la pol\u00edtica revisada se aplicar\u00e1 a todas las compras realizadas despu\u00e9s de la fecha de vigencia. <\/span><\/p><p class=\"font_8 wixui-rich-text__text\"><span class=\"wixui-rich-text__text\"><span class=\"wixui-rich-text__text\">\u00daltima actualizaci\u00f3n: 05\/08\/2025<\/span><\/span><\/p><\/div><\/div><\/div>\t\t\t\t\t\t\t\t<\/div>\n\t\t\t\t\t<\/div>\n\t\t\t\t<\/div>\n\t\t\t\t<\/div>\n\t\t","protected":false},"excerpt":{"rendered":"<p>Return and Refund Policy Thank you for shopping with us. We want you to be completely satisfied with your purchase, and we understand that sometimes a return may be necessary. Please read our return and refund policy carefully to understand your rights and responsibilities as a valued customer.\u00a0 \u200bReturns Accepted:We accept returns within 30 days&#8230;<\/p>\n","protected":false},"author":1,"featured_media":0,"parent":0,"menu_order":0,"comment_status":"closed","ping_status":"closed","template":"","meta":{"_bst_post_transparent":"","_bst_post_title":"","_bst_post_layout":"","_bst_post_sidebar_id":"","_bst_post_content_style":"","_bst_post_vertical_padding":"","_bst_post_feature":"","_bst_post_feature_position":"","_bst_post_header":false,"_bst_post_footer":false,"footnotes":""},"class_list":["post-3281","page","type-page","status-publish","hentry"],"jetpack_sharing_enabled":true,"_links":{"self":[{"href":"https:\/\/ampoules.co.uk\/es\/wp-json\/wp\/v2\/pages\/3281","targetHints":{"allow":["GET"]}}],"collection":[{"href":"https:\/\/ampoules.co.uk\/es\/wp-json\/wp\/v2\/pages"}],"about":[{"href":"https:\/\/ampoules.co.uk\/es\/wp-json\/wp\/v2\/types\/page"}],"author":[{"embeddable":true,"href":"https:\/\/ampoules.co.uk\/es\/wp-json\/wp\/v2\/users\/1"}],"replies":[{"embeddable":true,"href":"https:\/\/ampoules.co.uk\/es\/wp-json\/wp\/v2\/comments?post=3281"}],"version-history":[{"count":3,"href":"https:\/\/ampoules.co.uk\/es\/wp-json\/wp\/v2\/pages\/3281\/revisions"}],"predecessor-version":[{"id":3286,"href":"https:\/\/ampoules.co.uk\/es\/wp-json\/wp\/v2\/pages\/3281\/revisions\/3286"}],"wp:attachment":[{"href":"https:\/\/ampoules.co.uk\/es\/wp-json\/wp\/v2\/media?parent=3281"}],"curies":[{"name":"wp","href":"https:\/\/api.w.org\/{rel}","templated":true}]}}