{"id":3069,"date":"2026-04-08T22:00:02","date_gmt":"2026-04-08T22:00:02","guid":{"rendered":"https:\/\/ampoules.co.uk\/equipamiento\/"},"modified":"2026-05-14T16:53:51","modified_gmt":"2026-05-14T16:53:51","slug":"equipamiento","status":"publish","type":"page","link":"https:\/\/ampoules.co.uk\/es\/equipamiento\/","title":{"rendered":"Equipamiento"},"content":{"rendered":"\t\t<div data-elementor-type=\"wp-page\" data-elementor-id=\"3069\" class=\"elementor elementor-3069 elementor-2436\" data-elementor-post-type=\"page\">\n\t\t\t\t<div class=\"elementor-element elementor-element-ecaf471 e-flex e-con-boxed e-con e-parent\" data-id=\"ecaf471\" data-element_type=\"container\" data-e-type=\"container\">\n\t\t\t\t\t<div class=\"e-con-inner\">\n\t\t\t\t<div class=\"elementor-element elementor-element-0155ac1 elementor-widget elementor-widget-tmcore-products\" data-id=\"0155ac1\" data-element_type=\"widget\" data-e-type=\"widget\" data-widget_type=\"tmcore-products.default\">\n\t\t\t\t<div class=\"elementor-widget-container\">\n\t\t\t\t\t<div class=\"woocommerce columns-5  columns-laptop-4 columns-tablet-3 columns-mobile-2\"><div class=\"woocommerce-notices-wrapper\"><\/div><ul class=\"products content-wrap product-archive grid-cols grid-ss-col-2 grid-sm-col-3 grid-md-col-4 grid-lg-col-5 woo-archive-action-on-hover woo-archive-btn-button align-buttons-bottom  woo-archive-image-hover-fade\"><li class=\"shimmer entry content-bg loop-entry product type-product post-3466 status-publish first instock product_cat-equipamiento has-post-thumbnail shipping-taxable purchasable product-type-simple  cart-button-1 action-style-default product-hover-style1 image-hover-icon hover-right\">\n\t<div class=\"wpcbm-wrapper wpcbm-wrapper-archive-image\"><div class=\"product-thumbnail\"><a href=\"https:\/\/ampoules.co.uk\/es\/producto\/herramienta-de-apertura-de-ampolla\/\" class=\"woocommerce-loop-image-link woocommerce-LoopProduct-link woocommerce-loop-product__link\"  aria-label=\"Herramienta de apertura de ampolla\"><img fetchpriority=\"high\" decoding=\"async\" width=\"330\" height=\"220\" src=\"https:\/\/i0.wp.com\/ampoules.co.uk\/wp-content\/uploads\/2026\/04\/ampoule-bottle-opener-410407.jpg?fit=330%2C220&amp;ssl=1\" class=\"attachment-woocommerce_thumbnail size-woocommerce_thumbnail\" alt=\"Image of an Ampoule opener on top of a Ampoule.\" srcset=\"https:\/\/i0.wp.com\/ampoules.co.uk\/wp-content\/uploads\/2026\/04\/ampoule-bottle-opener-410407.jpg?w=2048&amp;ssl=1 2048w, https:\/\/i0.wp.com\/ampoules.co.uk\/wp-content\/uploads\/2026\/04\/ampoule-bottle-opener-410407.jpg?resize=300%2C200&amp;ssl=1 300w, https:\/\/i0.wp.com\/ampoules.co.uk\/wp-content\/uploads\/2026\/04\/ampoule-bottle-opener-410407.jpg?resize=1024%2C683&amp;ssl=1 1024w, https:\/\/i0.wp.com\/ampoules.co.uk\/wp-content\/uploads\/2026\/04\/ampoule-bottle-opener-410407.jpg?resize=768%2C512&amp;ssl=1 768w, https:\/\/i0.wp.com\/ampoules.co.uk\/wp-content\/uploads\/2026\/04\/ampoule-bottle-opener-410407.jpg?resize=1536%2C1024&amp;ssl=1 1536w, https:\/\/i0.wp.com\/ampoules.co.uk\/wp-content\/uploads\/2026\/04\/ampoule-bottle-opener-410407.jpg?resize=330%2C220&amp;ssl=1 330w\" sizes=\"(max-width: 330px) 100vw, 330px\" \/><\/a><div class=\"product-actions\"><button class=\"woosc-btn woosc-btn-3466  woosc-btn-has-icon woosc-btn-icon-text\" data-text=\"Compare\" data-text_added=\"Compare\" data-id=\"3466\" data-product_id=\"3466\" data-product_name=\"Herramienta de apertura de ampolla\" data-product_image=\"https:\/\/i0.wp.com\/ampoules.co.uk\/wp-content\/uploads\/2026\/04\/ampoule-bottle-opener-410407.jpg?resize=150%2C150&#038;ssl=1\"><span class=\"woosc-btn-icon woosc-icon-1\"><\/span><span class=\"woosc-btn-text\">Compare<\/span><\/button><button class=\"woosq-btn woosq-btn-3466 woosq-btn-has-icon woosq-btn-icon-text\" data-id=\"3466\" data-effect=\"mfp-3d-unfold\" data-context=\"default\"><span class=\"woosq-btn-icon woosq-icon-1\"><\/span><span class=\"woosq-btn-text\">Vista r\u00e1pida<\/span><\/button><\/div><\/div><\/div><div class=\"product-details content-bg entry-content-wrap\"><h2 class=\"woocommerce-loop-product__title\"><a href=\"https:\/\/ampoules.co.uk\/es\/producto\/herramienta-de-apertura-de-ampolla\/\" class=\"woocommerce-LoopProduct-link-title woocommerce-loop-product__title_link\">Herramienta de apertura de ampolla<\/a><\/h2>\n\t<span class=\"price\"><span class=\"price\"><span class=\"woocommerce-Price-amount amount\"><bdi><span class=\"woocommerce-Price-currencySymbol\">&#36;<\/span>3.24<\/bdi><\/span><\/span><\/span>\n<div class=\"product-action-wrap style-button\"><a href=\"\/es\/wp-json\/wp\/v2\/pages\/3069?add-to-cart=3466\" data-quantity=\"1\" class=\"button product_type_simple add_to_cart_button ajax_add_to_cart default\" data-product_id=\"3466\" data-product_sku=\"\" aria-label=\"A\u00f1adir al carrito: &ldquo;Herramienta de apertura de ampolla&rdquo;\" rel=\"nofollow\" data-success_message=\"\u00abHerramienta de apertura de ampolla\u00bb se ha a\u00f1adido a tu carrito\" role=\"button\"><span class=\"add-to-cart-icon\"><svg xmlns=\"http:\/\/www.w3.org\/2000\/svg\" xmlns:xlink=\"http:\/\/www.w3.org\/1999\/xlink\" width=\"22px\" height=\"22px\" viewBox=\"0 0 22 22\" fill=\"currentColor\" version=\"1.1\"><path d=\"M19.45 15.24a.86.86 0 00.848-.719l1.69-10.14a.86.86 0 00-.848-1H4.91L4.229.65A.86.86 0 003.395 0H.858a.86.86 0 100 1.719h1.865l.673 2.696L5.07 14.45v2.6a2.553 2.553 0 00-1.69 2.4A2.552 2.552 0 005.93 22c1.744 0 2.981-1.726 2.41-3.38h7.01c-.572 1.655.667 3.38 2.41 3.38a2.552 2.552 0 002.55-2.55 2.552 2.552 0 00-2.55-2.55H6.79v-1.66zm.676-10.141l-1.404 8.422H6.658L5.254 5.099zM6.76 19.45a.832.832 0 01-1.661 0 .832.832 0 011.661 0m11 .831a.832.832 0 010-1.661.832.832 0 010 1.661\"><\/path><\/svg><\/span><span class=\"cart-text\">A\u00f1adir al carrito<\/span><span class=\"base-svg-iconset svg-baseline\"><svg aria-hidden=\"true\" class=\"base-svg-icon base-arrow-right-alt-svg\" fill=\"currentColor\" version=\"1.1\" xmlns=\"http:\/\/www.w3.org\/2000\/svg\" width=\"27\" height=\"28\" viewBox=\"0 0 27 28\"><title><\/title><path d=\"M27 13.953c0 0.141-0.063 0.281-0.156 0.375l-6 5.531c-0.156 0.141-0.359 0.172-0.547 0.094-0.172-0.078-0.297-0.25-0.297-0.453v-3.5h-19.5c-0.281 0-0.5-0.219-0.5-0.5v-3c0-0.281 0.219-0.5 0.5-0.5h19.5v-3.5c0-0.203 0.109-0.375 0.297-0.453s0.391-0.047 0.547 0.078l6 5.469c0.094 0.094 0.156 0.219 0.156 0.359v0z\"><\/path>\n\t\t\t\t<\/svg><\/span><span class=\"base-svg-iconset svg-baseline\"><svg class=\"base-svg-icon base-spinner-svg\" fill=\"currentColor\" version=\"1.1\" xmlns=\"http:\/\/www.w3.org\/2000\/svg\" width=\"16\" height=\"16\" viewBox=\"0 0 16 16\"><title>Loading<\/title><path d=\"M16 6h-6l2.243-2.243c-1.133-1.133-2.64-1.757-4.243-1.757s-3.109 0.624-4.243 1.757c-1.133 1.133-1.757 2.64-1.757 4.243s0.624 3.109 1.757 4.243c1.133 1.133 2.64 1.757 4.243 1.757s3.109-0.624 4.243-1.757c0.095-0.095 0.185-0.192 0.273-0.292l1.505 1.317c-1.466 1.674-3.62 2.732-6.020 2.732-4.418 0-8-3.582-8-8s3.582-8 8-8c2.209 0 4.209 0.896 5.656 2.344l2.343-2.344v6z\"><\/path>\n\t\t\t\t<\/svg><\/span><span class=\"base-svg-iconset svg-baseline\"><svg class=\"base-svg-icon base-check-svg\" fill=\"currentColor\" version=\"1.1\" xmlns=\"http:\/\/www.w3.org\/2000\/svg\" width=\"16\" height=\"16\" viewBox=\"0 0 16 16\"><title>iones<\/title><path d=\"M14 2.5l-8.5 8.5-3.5-3.5-1.5 1.5 5 5 10-10z\"><\/path>\n\t\t\t\t<\/svg><\/span><\/a>\t<span id=\"woocommerce_loop_add_to_cart_link_describedby_3466\" class=\"screen-reader-text\">\n\t\t\t<\/span>\n<\/div><\/div><\/li>\n<li class=\"shimmer entry content-bg loop-entry product type-product post-3482 status-publish instock product_cat-equipamiento has-post-thumbnail sale featured purchasable product-type-simple  cart-button-1 action-style-default product-hover-style1 image-hover-icon hover-right\">\n\t<div class=\"wpcbm-wrapper wpcbm-wrapper-archive-image\"><div class=\"product-thumbnail\"><a href=\"https:\/\/ampoules.co.uk\/es\/producto\/crema-anestesica-topica-xyla-p-30g\/\" class=\"woocommerce-loop-image-link woocommerce-LoopProduct-link woocommerce-loop-product__link\"  aria-label=\"Crema anest\u00e9sica t\u00f3pica Xyla-P \u2013 30g\">\n\t<div class=\"product-onsale\">\n                            <span aria-hidden=\"true\" class=\"onsale \">-50%<\/span>\n                            <span class=\"screen-reader-text\">Venta de productos de<\/span>\n                        <\/div>\n\t<img decoding=\"async\" width=\"330\" height=\"220\" src=\"https:\/\/i0.wp.com\/ampoules.co.uk\/wp-content\/uploads\/2026\/04\/IMG_5380-scaled.jpg?fit=330%2C220&amp;ssl=1\" class=\"attachment-woocommerce_thumbnail size-woocommerce_thumbnail\" alt=\"Image of numbing cream product\" srcset=\"https:\/\/i0.wp.com\/ampoules.co.uk\/wp-content\/uploads\/2026\/04\/IMG_5380-scaled.jpg?w=2560&amp;ssl=1 2560w, https:\/\/i0.wp.com\/ampoules.co.uk\/wp-content\/uploads\/2026\/04\/IMG_5380-scaled.jpg?resize=300%2C200&amp;ssl=1 300w, https:\/\/i0.wp.com\/ampoules.co.uk\/wp-content\/uploads\/2026\/04\/IMG_5380-scaled.jpg?resize=1024%2C683&amp;ssl=1 1024w, https:\/\/i0.wp.com\/ampoules.co.uk\/wp-content\/uploads\/2026\/04\/IMG_5380-scaled.jpg?resize=768%2C512&amp;ssl=1 768w, https:\/\/i0.wp.com\/ampoules.co.uk\/wp-content\/uploads\/2026\/04\/IMG_5380-scaled.jpg?resize=1536%2C1024&amp;ssl=1 1536w, https:\/\/i0.wp.com\/ampoules.co.uk\/wp-content\/uploads\/2026\/04\/IMG_5380-scaled.jpg?resize=2048%2C1365&amp;ssl=1 2048w, https:\/\/i0.wp.com\/ampoules.co.uk\/wp-content\/uploads\/2026\/04\/IMG_5380-scaled.jpg?resize=330%2C220&amp;ssl=1 330w\" sizes=\"(max-width: 330px) 100vw, 330px\" \/><\/a><div class=\"product-actions\"><button class=\"woosc-btn woosc-btn-3482  woosc-btn-has-icon woosc-btn-icon-text\" data-text=\"Compare\" data-text_added=\"Compare\" data-id=\"3482\" data-product_id=\"3482\" data-product_name=\"Crema anest\u00e9sica t\u00f3pica Xyla-P \u2013 30g\" data-product_image=\"https:\/\/i0.wp.com\/ampoules.co.uk\/wp-content\/uploads\/2026\/04\/IMG_5380-scaled.jpg?resize=150%2C150&#038;ssl=1\"><span class=\"woosc-btn-icon woosc-icon-1\"><\/span><span class=\"woosc-btn-text\">Compare<\/span><\/button><button class=\"woosq-btn woosq-btn-3482 woosq-btn-has-icon woosq-btn-icon-text\" data-id=\"3482\" data-effect=\"mfp-3d-unfold\" data-context=\"default\"><span class=\"woosq-btn-icon woosq-icon-1\"><\/span><span class=\"woosq-btn-text\">Vista r\u00e1pida<\/span><\/button><\/div><\/div><\/div><div class=\"product-details content-bg entry-content-wrap\"><h2 class=\"woocommerce-loop-product__title\"><a href=\"https:\/\/ampoules.co.uk\/es\/producto\/crema-anestesica-topica-xyla-p-30g\/\" class=\"woocommerce-LoopProduct-link-title woocommerce-loop-product__title_link\">Crema anest\u00e9sica t\u00f3pica Xyla-P \u2013 30g<\/a><\/h2>\n\t<span class=\"price\"><span class=\"price\"><del aria-hidden=\"true\"><span class=\"woocommerce-Price-amount amount\"><bdi><span class=\"woocommerce-Price-currencySymbol\">&#36;<\/span>24.25<\/bdi><\/span><\/del> <span class=\"screen-reader-text\">El precio original era: &#036;24.25.<\/span><ins aria-hidden=\"true\"><span class=\"woocommerce-Price-amount amount\"><bdi><span class=\"woocommerce-Price-currencySymbol\">&#36;<\/span>12.12<\/bdi><\/span><\/ins><span class=\"screen-reader-text\">El precio actual es: &#036;12.12.<\/span><\/span><\/span>\n<div class=\"product-action-wrap style-button\"><a href=\"\/es\/wp-json\/wp\/v2\/pages\/3069?add-to-cart=3482\" data-quantity=\"1\" class=\"button product_type_simple add_to_cart_button ajax_add_to_cart default\" data-product_id=\"3482\" data-product_sku=\"\" aria-label=\"A\u00f1adir al carrito: &ldquo;Crema anest\u00e9sica t\u00f3pica Xyla-P \u2013 30g&rdquo;\" rel=\"nofollow\" data-success_message=\"\u00abCrema anest\u00e9sica t\u00f3pica Xyla-P \u2013 30g\u00bb se ha a\u00f1adido a tu carrito\" role=\"button\"><span class=\"add-to-cart-icon\"><svg xmlns=\"http:\/\/www.w3.org\/2000\/svg\" xmlns:xlink=\"http:\/\/www.w3.org\/1999\/xlink\" width=\"22px\" height=\"22px\" viewBox=\"0 0 22 22\" fill=\"currentColor\" version=\"1.1\"><path d=\"M19.45 15.24a.86.86 0 00.848-.719l1.69-10.14a.86.86 0 00-.848-1H4.91L4.229.65A.86.86 0 003.395 0H.858a.86.86 0 100 1.719h1.865l.673 2.696L5.07 14.45v2.6a2.553 2.553 0 00-1.69 2.4A2.552 2.552 0 005.93 22c1.744 0 2.981-1.726 2.41-3.38h7.01c-.572 1.655.667 3.38 2.41 3.38a2.552 2.552 0 002.55-2.55 2.552 2.552 0 00-2.55-2.55H6.79v-1.66zm.676-10.141l-1.404 8.422H6.658L5.254 5.099zM6.76 19.45a.832.832 0 01-1.661 0 .832.832 0 011.661 0m11 .831a.832.832 0 010-1.661.832.832 0 010 1.661\"><\/path><\/svg><\/span><span class=\"cart-text\">A\u00f1adir al carrito<\/span><span class=\"base-svg-iconset svg-baseline\"><svg aria-hidden=\"true\" class=\"base-svg-icon base-arrow-right-alt-svg\" fill=\"currentColor\" version=\"1.1\" xmlns=\"http:\/\/www.w3.org\/2000\/svg\" width=\"27\" height=\"28\" viewBox=\"0 0 27 28\"><title><\/title><path d=\"M27 13.953c0 0.141-0.063 0.281-0.156 0.375l-6 5.531c-0.156 0.141-0.359 0.172-0.547 0.094-0.172-0.078-0.297-0.25-0.297-0.453v-3.5h-19.5c-0.281 0-0.5-0.219-0.5-0.5v-3c0-0.281 0.219-0.5 0.5-0.5h19.5v-3.5c0-0.203 0.109-0.375 0.297-0.453s0.391-0.047 0.547 0.078l6 5.469c0.094 0.094 0.156 0.219 0.156 0.359v0z\"><\/path>\n\t\t\t\t<\/svg><\/span><span class=\"base-svg-iconset svg-baseline\"><svg class=\"base-svg-icon base-spinner-svg\" fill=\"currentColor\" version=\"1.1\" xmlns=\"http:\/\/www.w3.org\/2000\/svg\" width=\"16\" height=\"16\" viewBox=\"0 0 16 16\"><title>Loading<\/title><path d=\"M16 6h-6l2.243-2.243c-1.133-1.133-2.64-1.757-4.243-1.757s-3.109 0.624-4.243 1.757c-1.133 1.133-1.757 2.64-1.757 4.243s0.624 3.109 1.757 4.243c1.133 1.133 2.64 1.757 4.243 1.757s3.109-0.624 4.243-1.757c0.095-0.095 0.185-0.192 0.273-0.292l1.505 1.317c-1.466 1.674-3.62 2.732-6.020 2.732-4.418 0-8-3.582-8-8s3.582-8 8-8c2.209 0 4.209 0.896 5.656 2.344l2.343-2.344v6z\"><\/path>\n\t\t\t\t<\/svg><\/span><span class=\"base-svg-iconset svg-baseline\"><svg class=\"base-svg-icon base-check-svg\" fill=\"currentColor\" version=\"1.1\" xmlns=\"http:\/\/www.w3.org\/2000\/svg\" width=\"16\" height=\"16\" viewBox=\"0 0 16 16\"><title>iones<\/title><path d=\"M14 2.5l-8.5 8.5-3.5-3.5-1.5 1.5 5 5 10-10z\"><\/path>\n\t\t\t\t<\/svg><\/span><\/a>\t<span id=\"woocommerce_loop_add_to_cart_link_describedby_3482\" class=\"screen-reader-text\">\n\t\t\t<\/span>\n<\/div><\/div><\/li>\n<\/ul>\n<style>.bt-loader-ellips{font-size:20px;position:relative;width:4em;height:1em;margin:10px auto}.bt-loader-ellips__dot{display:block;width:0.7em;height:0.7em;border-radius:.5em;background: var(--global-palette6);position:absolute;animation-duration:.5s;animation-timing-function:ease;animation-iteration-count:infinite}.bt-loader-ellips__dot:nth-child(1),.bt-loader-ellips__dot:nth-child(2){left:0}.bt-loader-ellips__dot:nth-child(3){left:1.5em}.bt-loader-ellips__dot:nth-child(4){left:3em}@keyframes loaderReveal{from{transform:scale(.001)}to{transform:scale(1)}}@keyframes loaderSlide{to{transform:translateX(1.5em)}}.bt-loader-ellips__dot:nth-child(1){animation-name:loaderReveal}.bt-loader-ellips__dot:nth-child(2),.bt-loader-ellips__dot:nth-child(3){animation-name:loaderSlide}.bt-loader-ellips__dot:nth-child(4){animation-name:loaderReveal;animation-direction:reverse}.page-load-status {display: none;padding-top: 20px;text-align: center;color: var(--global-palette4);}<\/style><div class=\"page-load-status\"><ul class=\"products ajax-load content-wrap product-archive grid-cols grid-ss-col-2 grid-sm-col-3 grid-md-col-4 grid-lg-col-5\"><li class=\"shimmer entry content-bg loop-entry product\"><div class=\"product-thumbnail\"><image width=\"300\" height=\"300\"\/><\/div><\/li><li class=\"shimmer entry content-bg loop-entry product\"><div class=\"product-thumbnail\"><image width=\"300\" height=\"300\"\/><\/div><\/li><li class=\"shimmer entry content-bg loop-entry product\"><div class=\"product-thumbnail\"><image width=\"300\" height=\"300\"\/><\/div><\/li><li class=\"shimmer entry content-bg loop-entry product\"><div class=\"product-thumbnail\"><image width=\"300\" height=\"300\"\/><\/div><\/li><li class=\"shimmer entry content-bg loop-entry product\"><div class=\"product-thumbnail\"><image width=\"300\" height=\"300\"\/><\/div><\/li><li class=\"shimmer entry content-bg loop-entry product\"><div class=\"product-thumbnail\"><image width=\"300\" height=\"300\"\/><\/div><\/li><li class=\"shimmer entry content-bg loop-entry product\"><div class=\"product-thumbnail\"><image width=\"300\" height=\"300\"\/><\/div><\/li><li class=\"shimmer entry content-bg loop-entry product\"><div class=\"product-thumbnail\"><image width=\"300\" height=\"300\"\/><\/div><\/li><li class=\"shimmer entry content-bg loop-entry product\"><div class=\"product-thumbnail\"><image width=\"300\" height=\"300\"\/><\/div><\/li><li class=\"shimmer entry content-bg loop-entry product\"><div class=\"product-thumbnail\"><image width=\"300\" height=\"300\"\/><\/div><\/li><\/ul><div class=\"bt-loader-ellips infinite-scroll-request\"><span class=\"bt-loader-ellips__dot\"><\/span><span class=\"bt-loader-ellips__dot\"><\/span><span class=\"bt-loader-ellips__dot\"><\/span><span class=\"bt-loader-ellips__dot\"><\/span><\/div><p class=\"infinite-scroll-last\">Final de contenido<\/p><p class=\"infinite-scroll-error\">Final de contenido<\/p><\/div><\/div>\t\t\t\t<\/div>\n\t\t\t\t<\/div>\n\t\t\t\t\t<\/div>\n\t\t\t\t<\/div>\n\t\t\t\t<\/div>\n\t\t","protected":false},"excerpt":{"rendered":"<p>WishlistCompareQuick view Ampoule Opening Tool 0 out of 5 &pound;4.50 Add to cartContinue Loading Done WishlistCompareQuick view Micro-Fine Plus Insulin Syringes \u2013 6mm, 1mL (U-100 Insulin) 0 out of 5 &pound;7.10 Read moreContinue Loading Done WishlistCompareQuick view Xyla-P Topical Numbing Cream \u2013 30g 0 out of 5 &pound;27 Add to cartContinue Loading Done End of&#8230;<\/p>\n","protected":false},"author":1,"featured_media":3073,"parent":0,"menu_order":0,"comment_status":"closed","ping_status":"closed","template":"","meta":{"_bst_post_transparent":"","_bst_post_title":"","_bst_post_layout":"","_bst_post_sidebar_id":"","_bst_post_content_style":"","_bst_post_vertical_padding":"","_bst_post_feature":"","_bst_post_feature_position":"","_bst_post_header":false,"_bst_post_footer":false,"footnotes":""},"class_list":["post-3069","page","type-page","status-publish","has-post-thumbnail","hentry"],"jetpack_sharing_enabled":true,"_links":{"self":[{"href":"https:\/\/ampoules.co.uk\/es\/wp-json\/wp\/v2\/pages\/3069","targetHints":{"allow":["GET"]}}],"collection":[{"href":"https:\/\/ampoules.co.uk\/es\/wp-json\/wp\/v2\/pages"}],"about":[{"href":"https:\/\/ampoules.co.uk\/es\/wp-json\/wp\/v2\/types\/page"}],"author":[{"embeddable":true,"href":"https:\/\/ampoules.co.uk\/es\/wp-json\/wp\/v2\/users\/1"}],"replies":[{"embeddable":true,"href":"https:\/\/ampoules.co.uk\/es\/wp-json\/wp\/v2\/comments?post=3069"}],"version-history":[{"count":2,"href":"https:\/\/ampoules.co.uk\/es\/wp-json\/wp\/v2\/pages\/3069\/revisions"}],"predecessor-version":[{"id":3075,"href":"https:\/\/ampoules.co.uk\/es\/wp-json\/wp\/v2\/pages\/3069\/revisions\/3075"}],"wp:featuredmedia":[{"embeddable":true,"href":"https:\/\/ampoules.co.uk\/es\/wp-json\/wp\/v2\/media\/3073"}],"wp:attachment":[{"href":"https:\/\/ampoules.co.uk\/es\/wp-json\/wp\/v2\/media?parent=3069"}],"curies":[{"name":"wp","href":"https:\/\/api.w.org\/{rel}","templated":true}]}}