{"id":3628,"date":"2026-04-02T18:54:47","date_gmt":"2026-04-02T18:54:47","guid":{"rendered":"https:\/\/ampoules.co.uk\/product\/kalzium-vitamin-d3-600-tabletten\/"},"modified":"2026-05-14T16:56:53","modified_gmt":"2026-05-14T16:56:53","slug":"kalzium-vitamin-d3-600-tabletten","status":"publish","type":"product","link":"https:\/\/ampoules.co.uk\/de\/produkt\/kalzium-vitamin-d3-600-tabletten\/","title":{"rendered":"Kalzium &amp; Vitamin D3 \u2013 600 Tabletten"},"content":{"rendered":"<p>Geben Sie Ihrem K\u00f6rper das n\u00f6tige Fundament mit <strong>Kirkland Signature Calcium &amp; Vitamin D3<\/strong> \u2013 einem wissenschaftlich formulierten Duo, das dazu entwickelt wurde <strong>, starke Knochen zu erhalten, die Muskelfunktion zu unterst\u00fctzen und das Immunsystem zu st\u00e4rken<\/strong>. Jede Tablette enth\u00e4lt <strong>600 mg Kalzium (75 % NRV) und 10 \u03bcg Vitamin D3 (200 % NRV)<\/strong> und arbeitet zusammen, um <strong>eine optimale Kalziumaufnahme<\/strong> und das allgemeine Wohlbefinden zu f\u00f6rdern. Mit <strong>600 Tabletten pro Flasche (eine Menge f\u00fcr 20 Monate)<\/strong> bietet dieses hochwertige Supplement eine langanhaltende Unterst\u00fctzung f\u00fcr Ihre t\u00e4glichen Gesundheitsbed\u00fcrfnisse.  <\/p>\n<p>&nbsp;<\/p>\n<p><strong>Wichtige Vorteile<\/strong><\/p>\n<p>\ud83e\uddb4 <strong>Starke Knochen und Z\u00e4hne<\/strong> \u2013 Kalzium ist f\u00fcr die <strong>Knochendichte und die Zahngesundheit<\/strong> unerl\u00e4sslich.<br \/>\n\ud83d\udcaa <strong>Muskelfunktionsunterst\u00fctzung<\/strong> \u2013 Hilft, <strong>eine normale Muskelkontraktion und Leistungsf\u00e4higkeit<\/strong> aufrechtzuerhalten.<br \/>\n\ud83d\udee1\ufe0f <strong>Immunverst\u00e4rkung<\/strong> \u2013 Vitamin D3 tr\u00e4gt zu <strong>einer gesunden Immunfunktion<\/strong> bei.<br \/>\n\u26a1 <strong>Verbesserte Aufnahme<\/strong> \u2013 Vitamin D3 <strong>optimiert die Kalziumaufnahme<\/strong> f\u00fcr maximale Wirksamkeit.<br \/>\n\ud83d\udcc5 <strong>Langanhaltende Versorgung<\/strong> \u2013 <strong>600 Tabletten<\/strong> bieten <strong>20 Monate<\/strong> t\u00e4gliche Unterst\u00fctzung.<\/p>\n<p>&nbsp;<\/p>\n<p><strong>N\u00e4hrwertangaben (pro 1 Tablette)<\/strong><\/p>\n<table>\n<tbody>\n<tr>\n<th><strong>N\u00e4hrstoff<\/strong><\/th>\n<th><strong>Betrag<\/strong><\/th>\n<th><strong>%NRV<\/strong><\/th>\n<\/tr>\n<tr>\n<td><strong>Vitamin D\u2083<\/strong><\/td>\n<td>10 \u03bcg<\/td>\n<td><strong>200 %<\/strong><\/td>\n<\/tr>\n<tr>\n<td><strong>Kalzium<\/strong><\/td>\n<td>600 mg<\/td>\n<td><strong>75 %<\/strong><\/td>\n<\/tr>\n<\/tbody>\n<\/table>\n<p>*NRV = N\u00e4hrstoffreferenzwert<\/p>\n<p>&nbsp;<\/p>\n<p><strong>Empfohlene Verwendung<\/strong><\/p>\n<p>Nimm <strong>t\u00e4glich eine Tablette<\/strong>, vorzugsweise zusammen mit einer Mahlzeit f\u00fcr eine optimale Aufnahme.<\/p>\n<p>&nbsp;<\/p>\n<p><strong>Warum Kirkland Signature Calcium &amp; Vitamin D3 w\u00e4hlen?<\/strong><\/p>\n<p>\u2714 <strong>Optimale Knochen- und Muskelst\u00fctze<\/strong> \u2013 Wissenschaftlich ausgewogene <strong>Kalzium-+-D3-Formel<\/strong>.<br \/>\n\u2714 <strong>Vorteile der Immungesundheit<\/strong> \u2013 Vitamin D3 <strong>st\u00e4rkt die Immunabwehr<\/strong>.<br \/>\n\u2714 <strong>Trusted Quality<\/strong> \u2013 Eine <strong>exklusive Marke von Costco<\/strong> , bekannt f\u00fcr <strong>hochwertige und wirksame Nahrungserg\u00e4nzungsmittel<\/strong>.<br \/>\n\u2714 <strong>Gro\u00dfartiges Preis-Leistungs-Verh\u00e4ltnis<\/strong> \u2013 <strong>600 Tabletten pro Flasche<\/strong> (20-Monats-Versorgung).<\/p>\n<p>&nbsp;<\/p>\n<p><strong>Sicherheit und Nutzung<\/strong><\/p>\n<p>\u26a0\ufe0f <strong>\u00dcberschreiten Sie nicht<\/strong> die empfohlene Tagesdosis.<br \/>\n\ud83c\udf7d\ufe0f Nahrungserg\u00e4nzungsmittel sollten eine abwechslungsreiche Ern\u00e4hrung und einen gesunden Lebensstil <strong>nicht ersetzen<\/strong> .<br \/>\n\ud83e\udd30 Wenn <strong>Sie schwanger sind, stillen oder Medikamente einnehmen<\/strong>, konsultieren Sie vor der Anwendung einen Arzt.<\/p>\n","protected":false},"excerpt":{"rendered":"<p>Geben Sie Ihrem K\u00f6rper das n\u00f6tige Fundament mit Kirkland Signature Calcium &amp; Vitamin D3 \u2013 einem wissenschaftlich formulierten Duo, das dazu entwickelt wurde , starke Knochen zu erhalten, die Muskelfunktion zu unterst\u00fctzen und das Immunsystem zu st\u00e4rken. Jede Tablette enth\u00e4lt 600 mg Kalzium (75 % NRV) und 10 \u03bcg Vitamin D3 (200 % NRV) und&#8230;<\/p>\n","protected":false},"featured_media":2478,"template":"","meta":{"_bst_post_transparent":"","_bst_post_title":"","_bst_post_layout":"","_bst_post_sidebar_id":"","_bst_post_content_style":"","_bst_post_vertical_padding":"","_bst_post_feature":"","_bst_post_feature_position":"","_bst_post_header":false,"_bst_post_footer":false},"product_brand":[],"product_cat":[526],"product_tag":[],"product_brands":[],"class_list":{"0":"post-3628","1":"product","2":"type-product","3":"status-publish","4":"has-post-thumbnail","6":"product_cat-orale-vitamine","8":"first","9":"instock","10":"shipping-taxable","11":"purchasable","12":"product-type-simple","13":"entry","14":"content-bg","15":"loop-entry"},"jetpack_sharing_enabled":true,"_links":{"self":[{"href":"https:\/\/ampoules.co.uk\/de\/wp-json\/wp\/v2\/product\/3628","targetHints":{"allow":["GET"]}}],"collection":[{"href":"https:\/\/ampoules.co.uk\/de\/wp-json\/wp\/v2\/product"}],"about":[{"href":"https:\/\/ampoules.co.uk\/de\/wp-json\/wp\/v2\/types\/product"}],"version-history":[{"count":1,"href":"https:\/\/ampoules.co.uk\/de\/wp-json\/wp\/v2\/product\/3628\/revisions"}],"predecessor-version":[{"id":3635,"href":"https:\/\/ampoules.co.uk\/de\/wp-json\/wp\/v2\/product\/3628\/revisions\/3635"}],"wp:featuredmedia":[{"embeddable":true,"href":"https:\/\/ampoules.co.uk\/de\/wp-json\/wp\/v2\/media\/2478"}],"wp:attachment":[{"href":"https:\/\/ampoules.co.uk\/de\/wp-json\/wp\/v2\/media?parent=3628"}],"wp:term":[{"taxonomy":"product_brand","embeddable":true,"href":"https:\/\/ampoules.co.uk\/de\/wp-json\/wp\/v2\/product_brand?post=3628"},{"taxonomy":"product_cat","embeddable":true,"href":"https:\/\/ampoules.co.uk\/de\/wp-json\/wp\/v2\/product_cat?post=3628"},{"taxonomy":"product_tag","embeddable":true,"href":"https:\/\/ampoules.co.uk\/de\/wp-json\/wp\/v2\/product_tag?post=3628"},{"taxonomy":"product_brands","embeddable":true,"href":"https:\/\/ampoules.co.uk\/de\/wp-json\/wp\/v2\/product_brands?post=3628"}],"curies":[{"name":"wp","href":"https:\/\/api.w.org\/{rel}","templated":true}]}}