{"id":3587,"date":"2026-04-02T18:54:47","date_gmt":"2026-04-02T18:54:47","guid":{"rendered":"https:\/\/ampoules.co.uk\/product\/taegliche-multivitamine-600-tabletten\/"},"modified":"2026-05-14T16:56:51","modified_gmt":"2026-05-14T16:56:51","slug":"taegliche-multivitamine-600-tabletten","status":"publish","type":"product","link":"https:\/\/ampoules.co.uk\/de\/produkt\/taegliche-multivitamine-600-tabletten\/","title":{"rendered":"T\u00e4gliche Multivitamine \u2013 600 Tabletten"},"content":{"rendered":"<p>Unterst\u00fctzen Sie Ihre t\u00e4gliche Gesundheit mit <strong>Kirkland Signature Daily Multi<\/strong>, einer umfassenden Multivitamin- und Mineralstoffformel, die N\u00e4hrstoffl\u00fccken schlie\u00dfen und das allgemeine Wohlbefinden f\u00f6rdern soll. Jede Tablette liefert <strong>essentielle Vitamine und Mineralstoffe<\/strong> , um die <strong>Immunfunktion, Knochenst\u00e4rke, Herzgesundheit und den Zellschutz<\/strong> zu erhalten. Mit <strong>600 Tabletten pro Flasche<\/strong> bietet dieses hochwertige Supplement eine langanhaltende Unterst\u00fctzung \u2013 <strong>frei von k\u00fcnstlichen Farbstoffen, Aromen oder Konservierungsstoffen<\/strong>.  <\/p>\n<p>&nbsp;<\/p>\n<p><strong>Wichtige Vorteile<\/strong><\/p>\n<p>\ud83d\udee1\ufe0f <strong>Immununterst\u00fctzung<\/strong> \u2013 Enth\u00e4lt <strong>die Vitamine C, D, A, B6, B12 und Selen,<\/strong> um ein gesundes Immunsystem aufrechtzuerhalten.<br \/>\n\ud83e\uddb7 <strong>Knochen- und Zahngesundheit<\/strong> \u2013 Enth\u00e4lt <strong>Kalzium und Vitamin D<\/strong> f\u00fcr starke Knochen und Z\u00e4hne.<br \/>\n\u2764\ufe0f <strong>Herz- und Zellgesundheit<\/strong> \u2013 Enth\u00e4lt <strong>Thiamin (B1) f\u00fcr die Herzfunktion<\/strong> und <strong>Vitamin E zum Schutz vor Antioxidantien<\/strong>.<br \/>\n\u26a1 <strong>Energie &amp; Stoffwechsel<\/strong> \u2013 <strong>B-Vitamine (B6, B12, Niacin, Riboflavin)<\/strong> unterst\u00fctzen die Energieproduktion und den N\u00e4hrstoffstoffwechsel.<br \/>\n\ud83c\udf31 Saubere Formel \u2013 Keine k\u00fcnstlichen Zusatzstoffe \u2013 nur reine, <strong>essentielle Ern\u00e4hrung<\/strong> .<\/p>\n<p>&nbsp;<\/p>\n<p><strong>N\u00e4hrwertangaben (pro 1 Tablette)<\/strong><\/p>\n<table>\n<tbody>\n<tr>\n<th><strong>N\u00e4hrstoff<\/strong><\/th>\n<th><strong>Betrag<\/strong><\/th>\n<th><strong>%NRV<\/strong>*<\/th>\n<th><strong>N\u00e4hrstoff<\/strong><\/th>\n<th><strong>Betrag<\/strong><\/th>\n<th><strong>%NRV<\/strong>*<\/th>\n<\/tr>\n<tr>\n<td>Vitamin A<\/td>\n<td>800 \u03bcg RE<\/td>\n<td>100%<\/td>\n<td>Pantothens\u00e4ure<\/td>\n<td>6 mg<\/td>\n<td>100%<\/td>\n<\/tr>\n<tr>\n<td>Vitamin D<\/td>\n<td>10 \u03bcg<\/td>\n<td>200%<\/td>\n<td>Kalzium<\/td>\n<td>200 mg<\/td>\n<td>25%<\/td>\n<\/tr>\n<tr>\n<td>Vitamin E<\/td>\n<td>12 mg \u03b1-TE<\/td>\n<td>100%<\/td>\n<td>Magnesium<\/td>\n<td>100 mg<\/td>\n<td>27%<\/td>\n<\/tr>\n<tr>\n<td>Vitamin K<\/td>\n<td>75 \u03bcg<\/td>\n<td>100%<\/td>\n<td>Eisen<\/td>\n<td>14 mg<\/td>\n<td>100%<\/td>\n<\/tr>\n<tr>\n<td>Vitamin C<\/td>\n<td>80 mg<\/td>\n<td>100%<\/td>\n<td>Zink<\/td>\n<td>10 mg<\/td>\n<td>100%<\/td>\n<\/tr>\n<tr>\n<td>Thiamin (B1)<\/td>\n<td>1,1 mg<\/td>\n<td>100%<\/td>\n<td>Kupfer<\/td>\n<td>1 mg<\/td>\n<td>100%<\/td>\n<\/tr>\n<tr>\n<td>Riboflavin (B2)<\/td>\n<td>1,4 mg<\/td>\n<td>100%<\/td>\n<td>Mangan<\/td>\n<td>2 mg<\/td>\n<td>100%<\/td>\n<\/tr>\n<tr>\n<td>Niacin (B3)<\/td>\n<td>16 mg NE<\/td>\n<td>100%<\/td>\n<td>Selen<\/td>\n<td>55 \u03bcg<\/td>\n<td>100%<\/td>\n<\/tr>\n<tr>\n<td>Vitamin B6<\/td>\n<td>1,4 mg<\/td>\n<td>100%<\/td>\n<td>Chrom<\/td>\n<td>40 \u03bcg<\/td>\n<td>100%<\/td>\n<\/tr>\n<tr>\n<td>Fols\u00e4ure (B9)<\/td>\n<td>200 \u03bcg<\/td>\n<td>100%<\/td>\n<td>Molybd\u00e4n<\/td>\n<td>50 \u03bcg<\/td>\n<td>100%<\/td>\n<\/tr>\n<tr>\n<td>Vitamin B12<\/td>\n<td>2,5 \u03bcg<\/td>\n<td>100%<\/td>\n<td>Jod<\/td>\n<td>150 \u03bcg<\/td>\n<td>100%<\/td>\n<\/tr>\n<tr>\n<td>Biotin<\/td>\n<td>50 \u03bcg<\/td>\n<td>100%<\/td>\n<td><\/td>\n<td><\/td>\n<td><\/td>\n<\/tr>\n<\/tbody>\n<\/table>\n<p>*NRV = N\u00e4hrstoffreferenzwert<\/p>\n<p>&nbsp;<\/p>\n<p><strong>Empfohlene Verwendung<\/strong><\/p>\n<p>Nimm <strong>t\u00e4glich eine Tablette<\/strong> zusammen mit einer Mahlzeit f\u00fcr eine optimale Aufnahme.<\/p>\n<p>&nbsp;<\/p>\n<p><strong>Warum Kirkland Signature Daily Multi w\u00e4hlen?<\/strong><\/p>\n<p>\u2714 <strong>600-Tablet Supply<\/strong> \u2013 <strong>Au\u00dfergew\u00f6hnliches Preis-Leistungs-Verh\u00e4ltnis<\/strong> f\u00fcr eine langfristige t\u00e4gliche Ern\u00e4hrung.<br \/>\n\u2714 <strong>Complete Formula<\/strong> \u2013 Deckt <strong>essentielle Vitamine und Mineralstoffe<\/strong> in ausgewogenen Dosen ab.<br \/>\n\u2714 <strong>Keine k\u00fcnstlichen Zusatzstoffe \u2013 Frei<\/strong> von unn\u00f6tigen F\u00fcllstoffen, Farbstoffen oder Konservierungsstoffen.<br \/>\n\u2714 <strong>Trusted Quality<\/strong> \u2013 Eine exklusive Marke von Costco, bekannt f\u00fcr <strong>erschwingliche, hochwertige Nahrungserg\u00e4nzungsmittel<\/strong>.<\/p>\n<p>&nbsp;<\/p>\n<p><strong>Ideal f\u00fcr:<\/strong><\/p>\n<p>\ud83c\udf3f <strong>Erwachsene, die ein einfaches, wirksames t\u00e4gliches Multivitamin<\/strong><br \/>\n\ud83d\udcaa suchen <strong>, das Immun-, Knochen-, Herz- und Zellgesundheit<\/strong><br \/>\n\ud83c\udf4f unterst\u00fctzt, <strong>N\u00e4hrstoffl\u00fccken in einem hektischen Lebensstil f\u00fcllt<\/strong><\/p>\n<p>&nbsp;<\/p>\n<p><em>Nahrungserg\u00e4nzungsmittel sollten eine abwechslungsreiche Ern\u00e4hrung und einen gesunden Lebensstil nicht ersetzen. \u00dcberschreiten Sie die empfohlene Dosis nicht. <\/em><\/p>\n","protected":false},"excerpt":{"rendered":"<p>Unterst\u00fctzen Sie Ihre t\u00e4gliche Gesundheit mit Kirkland Signature Daily Multi, einer umfassenden Multivitamin- und Mineralstoffformel, die N\u00e4hrstoffl\u00fccken schlie\u00dfen und das allgemeine Wohlbefinden f\u00f6rdern soll. Jede Tablette liefert essentielle Vitamine und Mineralstoffe , um die Immunfunktion, Knochenst\u00e4rke, Herzgesundheit und den Zellschutz zu erhalten. Mit 600 Tabletten pro Flasche bietet dieses hochwertige Supplement eine langanhaltende Unterst\u00fctzung \u2013&#8230;<\/p>\n","protected":false},"featured_media":2501,"template":"","meta":{"_bst_post_transparent":"","_bst_post_title":"","_bst_post_layout":"","_bst_post_sidebar_id":"","_bst_post_content_style":"","_bst_post_vertical_padding":"","_bst_post_feature":"","_bst_post_feature_position":"","_bst_post_header":false,"_bst_post_footer":false},"product_brand":[],"product_cat":[526],"product_tag":[],"product_brands":[],"class_list":{"0":"post-3587","1":"product","2":"type-product","3":"status-publish","4":"has-post-thumbnail","6":"product_cat-orale-vitamine","8":"first","9":"instock","10":"shipping-taxable","11":"purchasable","12":"product-type-simple","13":"entry","14":"content-bg","15":"loop-entry"},"jetpack_sharing_enabled":true,"_links":{"self":[{"href":"https:\/\/ampoules.co.uk\/de\/wp-json\/wp\/v2\/product\/3587","targetHints":{"allow":["GET"]}}],"collection":[{"href":"https:\/\/ampoules.co.uk\/de\/wp-json\/wp\/v2\/product"}],"about":[{"href":"https:\/\/ampoules.co.uk\/de\/wp-json\/wp\/v2\/types\/product"}],"version-history":[{"count":1,"href":"https:\/\/ampoules.co.uk\/de\/wp-json\/wp\/v2\/product\/3587\/revisions"}],"predecessor-version":[{"id":3606,"href":"https:\/\/ampoules.co.uk\/de\/wp-json\/wp\/v2\/product\/3587\/revisions\/3606"}],"wp:featuredmedia":[{"embeddable":true,"href":"https:\/\/ampoules.co.uk\/de\/wp-json\/wp\/v2\/media\/2501"}],"wp:attachment":[{"href":"https:\/\/ampoules.co.uk\/de\/wp-json\/wp\/v2\/media?parent=3587"}],"wp:term":[{"taxonomy":"product_brand","embeddable":true,"href":"https:\/\/ampoules.co.uk\/de\/wp-json\/wp\/v2\/product_brand?post=3587"},{"taxonomy":"product_cat","embeddable":true,"href":"https:\/\/ampoules.co.uk\/de\/wp-json\/wp\/v2\/product_cat?post=3587"},{"taxonomy":"product_tag","embeddable":true,"href":"https:\/\/ampoules.co.uk\/de\/wp-json\/wp\/v2\/product_tag?post=3587"},{"taxonomy":"product_brands","embeddable":true,"href":"https:\/\/ampoules.co.uk\/de\/wp-json\/wp\/v2\/product_brands?post=3587"}],"curies":[{"name":"wp","href":"https:\/\/api.w.org\/{rel}","templated":true}]}}