{"id":3566,"date":"2026-04-02T18:54:47","date_gmt":"2026-04-02T18:54:47","guid":{"rendered":"https:\/\/ampoules.co.uk\/product\/kurkuma-1000-mg-mit-schwarzem-pfeffer-240-kapseln\/"},"modified":"2026-05-14T16:56:50","modified_gmt":"2026-05-14T16:56:50","slug":"kurkuma-1000-mg-mit-schwarzem-pfeffer-240-kapseln","status":"publish","type":"product","link":"https:\/\/ampoules.co.uk\/de\/produkt\/kurkuma-1000-mg-mit-schwarzem-pfeffer-240-kapseln\/","title":{"rendered":"Kurkuma 1000 mg mit schwarzem Pfeffer \u2013 240 Kapseln"},"content":{"rendered":"<p>Starke <strong>entz\u00fcndungshemmende und antioxidative Unterst\u00fctzung<\/strong> in jeder Kapsel! Kirkland Signature Turmeric liefert <strong>1000 mg klinisch untersuchten Curcumin-C3-Komplex\u00ae<\/strong>, standardisiert auf <strong>95 % Curcuminoide<\/strong> \u2013 die aktivsten Verbindungen in Kurkuma. Mit <strong>BioPerine\u00ae (schwarzem Pfefferextrakt)<\/strong> angereichert, um die <strong>Aufnahme um bis zu 2000 % zu steigern<\/strong>, f\u00f6rdert diese Premium-Formel die <strong>Gelenkgesundheit, die Verdauung, die Gehirnfunktion und das allgemeine Wohlbefinden<\/strong>. In den USA hergestellt und durch Kirklands bew\u00e4hrte Qualit\u00e4t unterst\u00fctzt, ist es eine ausgezeichnete Wahl f\u00fcr t\u00e4glichen nat\u00fcrlichen Support.   <\/p>\n<p>&nbsp;<\/p>\n<p><strong>Wichtige Vorteile<\/strong><\/p>\n<p>\ud83d\udd25 <strong>Gelenkkomfort und Mobilit\u00e4t<\/strong> \u2013 Hilft, Entz\u00fcndungen zu reduzieren, um <strong>mehr Flexibilit\u00e4t und Komfort zu verbessern<\/strong>.<br \/>\n\u26a1 <strong>Supercharged Absorption<\/strong> \u2013 <strong>BioPerine\u00ae<\/strong> erh\u00f6ht die Bioverf\u00fcgbarkeit von Curcumin f\u00fcr <strong>maximale Wirksamkeit<\/strong>.<br \/>\n\ud83d\udee1\ufe0f <strong>Antioxidant Powerhouse<\/strong> \u2013 Neutralisiert freie Radikale, um <strong>die zellul\u00e4re Gesundheit und das Immunsystem<\/strong> zu unterst\u00fctzen.<br \/>\n\ud83c\udf3f <strong>Verdauungs- und Leberunterst\u00fctzung<\/strong> \u2013 Unterst\u00fctzt die Verdauung und f\u00f6rdert <strong>die nat\u00fcrliche Entgiftung<\/strong>.<br \/>\n\ud83e\udde0 <strong>Gehirn- und Herzgesundheit<\/strong> \u2013 Kann <strong>die kognitive Funktion und das kardiovaskul\u00e4re Wohlbefinden<\/strong> verbessern.<\/p>\n<p><strong>N\u00e4hrwertangaben (pro 2 Kapseln)<\/strong><\/p>\n<ul>\n<li><strong>Kurkuma-Rhizom-Extrakt (Curcumin C3-Komplex\u00ae):<\/strong> 1000 mg\n<ul>\n<li><strong>Curcuminoide (95 %):<\/strong> 950 mg<\/li>\n<\/ul>\n<\/li>\n<li><strong>Schwarzer Pfefferextrakt (BioPerine\u00ae):<\/strong> 10 mg\n<ul>\n<li><strong>Piperin (95 %):<\/strong> 9,5 mg<\/li>\n<\/ul>\n<\/li>\n<\/ul>\n<p><strong>Portionsgr\u00f6\u00dfe:<\/strong> 2 Kapseln<br \/>\n<strong>Portionen pro Beh\u00e4lter:<\/strong> 120<\/p>\n<p>&nbsp;<\/p>\n<p><strong>Saubere, wirksame Inhaltsstoffe<\/strong><\/p>\n<p>Kurkuma-Rhizom-Extrakt (standardisiert auf <strong>95 % Curcuminoide<\/strong>), mikrokristalline Cellulose (F\u00fcllstoff), Hydroxypropylmethylcellulose (Glasiermittel), Magnesiumsalze von Fetts\u00e4uren (Anti-Klumpungsmittel), schwarzer Pfefferextrakt (standardisiert auf <strong>95 % Piperin),<\/strong> Siliziumdioxid (Verkalkungsschutzmittel).<\/p>\n<p>&nbsp;<\/p>\n<p><strong>Empfohlene Verwendung<\/strong><\/p>\n<p>Nimm <strong>t\u00e4glich zwei Kapseln<\/strong> zusammen mit einer Mahlzeit f\u00fcr eine optimale Aufnahme.<\/p>\n<p>\u26a0\ufe0f <strong>\u00dcberschreiten Sie<\/strong> die empfohlene Dosis nicht, es sei denn, ein Arzt r\u00e4t es Ihnen.<\/p>\n<p>&nbsp;<\/p>\n<p><strong>Warum Kirkland Signature Kurkuma w\u00e4hlen?<\/strong><\/p>\n<p>\u2714 <strong>Klinisch untersuchte Inhaltsstoffe<\/strong> \u2013 Verwendet <strong>Curcumin-C3-Komplex\u00ae und BioPerine\u00ae<\/strong>, patentiert wegen <strong>nachgewiesener Wirksamkeit<\/strong>.<br \/>\n\u2714 <strong>Verbesserte Absorption<\/strong> \u2013 <strong>2000 % bessere Bioverf\u00fcgbarkeit<\/strong> als Standard-Kurkuma.<br \/>\n\u2714 <strong>Hohe Potenz<\/strong> \u2013 <strong>1000 mg pro Portion<\/strong> mit <strong>95 % Curcuminoiden f\u00fcr maximalen<\/strong> Nutzen.<br \/>\n\u2714 <strong>Trusted Quality<\/strong> \u2013 Hergestellt in den USA von <strong>Kirkland Signature<\/strong>, einem f\u00fchrenden Anbieter von Premium-Nahrungserg\u00e4nzungsmitteln.<\/p>\n<p>&nbsp;<\/p>\n<p><strong>Ideal f\u00fcr:<\/strong><\/p>\n<p><strong>Personen mit Gelenkschmerzen oder -steifheit<\/strong><br \/>\n\ud83d\udee1\ufe0f <strong>Diejenigen, die nat\u00fcrliche entz\u00fcndungshemmende Unterst\u00fctzung<\/strong><br \/>\n\ud83e\udde0 suchen <strong>Alle, die die Gesundheit<\/strong><br \/>\n\ud83c\udf3f von Gehirn und Herz verbessern <strong>m\u00f6chten Menschen unterst\u00fctzen die Verdauung und Leberfunktion<\/strong> \ud83e\uddb5<\/p>\n<p>&nbsp;<\/p>\n<p><em>Nahrungserg\u00e4nzungsmittel sollten eine abwechslungsreiche Ern\u00e4hrung und einen gesunden Lebensstil nicht ersetzen. Lagern Sie an einem k\u00fchlen, trockenen Ort, au\u00dferhalb der Reichweite von Kindern. <\/em><\/p>\n","protected":false},"excerpt":{"rendered":"<p>Starke entz\u00fcndungshemmende und antioxidative Unterst\u00fctzung in jeder Kapsel! Kirkland Signature Turmeric liefert 1000 mg klinisch untersuchten Curcumin-C3-Komplex\u00ae, standardisiert auf 95 % Curcuminoide \u2013 die aktivsten Verbindungen in Kurkuma. Mit BioPerine\u00ae (schwarzem Pfefferextrakt) angereichert, um die Aufnahme um bis zu 2000 % zu steigern, f\u00f6rdert diese Premium-Formel die Gelenkgesundheit, die Verdauung, die Gehirnfunktion und das allgemeine&#8230;<\/p>\n","protected":false},"featured_media":2969,"template":"","meta":{"_bst_post_transparent":"","_bst_post_title":"","_bst_post_layout":"","_bst_post_sidebar_id":"","_bst_post_content_style":"","_bst_post_vertical_padding":"","_bst_post_feature":"","_bst_post_feature_position":"","_bst_post_header":false,"_bst_post_footer":false},"product_brand":[],"product_cat":[526],"product_tag":[],"product_brands":[],"class_list":{"0":"post-3566","1":"product","2":"type-product","3":"status-publish","4":"has-post-thumbnail","6":"product_cat-orale-vitamine","8":"first","9":"instock","10":"shipping-taxable","11":"purchasable","12":"product-type-simple","13":"entry","14":"content-bg","15":"loop-entry"},"jetpack_sharing_enabled":true,"_links":{"self":[{"href":"https:\/\/ampoules.co.uk\/de\/wp-json\/wp\/v2\/product\/3566","targetHints":{"allow":["GET"]}}],"collection":[{"href":"https:\/\/ampoules.co.uk\/de\/wp-json\/wp\/v2\/product"}],"about":[{"href":"https:\/\/ampoules.co.uk\/de\/wp-json\/wp\/v2\/types\/product"}],"version-history":[{"count":1,"href":"https:\/\/ampoules.co.uk\/de\/wp-json\/wp\/v2\/product\/3566\/revisions"}],"predecessor-version":[{"id":3584,"href":"https:\/\/ampoules.co.uk\/de\/wp-json\/wp\/v2\/product\/3566\/revisions\/3584"}],"wp:featuredmedia":[{"embeddable":true,"href":"https:\/\/ampoules.co.uk\/de\/wp-json\/wp\/v2\/media\/2969"}],"wp:attachment":[{"href":"https:\/\/ampoules.co.uk\/de\/wp-json\/wp\/v2\/media?parent=3566"}],"wp:term":[{"taxonomy":"product_brand","embeddable":true,"href":"https:\/\/ampoules.co.uk\/de\/wp-json\/wp\/v2\/product_brand?post=3566"},{"taxonomy":"product_cat","embeddable":true,"href":"https:\/\/ampoules.co.uk\/de\/wp-json\/wp\/v2\/product_cat?post=3566"},{"taxonomy":"product_tag","embeddable":true,"href":"https:\/\/ampoules.co.uk\/de\/wp-json\/wp\/v2\/product_tag?post=3566"},{"taxonomy":"product_brands","embeddable":true,"href":"https:\/\/ampoules.co.uk\/de\/wp-json\/wp\/v2\/product_brands?post=3566"}],"curies":[{"name":"wp","href":"https:\/\/api.w.org\/{rel}","templated":true}]}}