{"id":3542,"date":"2026-04-02T18:54:47","date_gmt":"2026-04-02T18:54:47","guid":{"rendered":"https:\/\/ampoules.co.uk\/product\/ocean-friendly-omega-120-softgels\/"},"modified":"2026-05-14T16:56:47","modified_gmt":"2026-05-14T16:56:47","slug":"ocean-friendly-omega-120-softgels","status":"publish","type":"product","link":"https:\/\/ampoules.co.uk\/de\/produkt\/ocean-friendly-omega-120-softgels\/","title":{"rendered":"Ocean Friendly Omega \u2013 120 Softgels"},"content":{"rendered":"<p><strong>Youtheory Ocean Friendly Omega \u2013 Nachhaltiges, pflanzliches Omega-3<\/strong><\/p>\n<p>Ein <strong>100 % pflanzliches<\/strong> Omega-3-Pr\u00e4parat aus <strong>nachhaltigem Algen\u00f6l<\/strong>, das <strong>pro Portion 770 mg essentielle Fetts\u00e4uren (DHA &amp; EPA)<\/strong> liefert. Im Gegensatz zu herk\u00f6mmlichem Fisch\u00f6l bietet diese <strong>vegan-freundliche<\/strong> Formel alle Vorteile von Omega-3, <strong>ohne den fischigen Nachgeschmack oder die Umweltbelastung<\/strong>. Er wurde entwickelt, um <strong>Herz-, Gehirn- und Augengesundheit<\/strong> zu unterst\u00fctzen, ist <strong>frei von Meeresschadstoffen<\/strong> und bietet eine sauberere, ethischere Wahl f\u00fcr Ihre Wellness-Routine. Au\u00dferdem wird sie in einer <strong>unendlich recycelbaren Aluminiumflasche<\/strong> geliefert, was YouTheorys Engagement f\u00fcr Gesundheit und Nachhaltigkeit widerspiegelt.   <\/p>\n<p><strong>Wichtige Vorteile<\/strong><\/p>\n<p>\u2705 <strong>Herzgesundheit<\/strong> \u2013 EPA und DHA helfen, gesunde Triglyzeridwerte zu erhalten und die Herz-Kreislauf-Funktion zu unterst\u00fctzen.*<br \/>\n \u2705 <strong>Gehirn &amp; Ged\u00e4chtnis<\/strong> \u2013 DHA f\u00f6rdert kognitive Funktion und geistige Klarheit.*<br \/>\n \u2705 <strong>Sehunterst\u00fctzung<\/strong> \u2013 DHA tr\u00e4gt zur Augengesundheit und visuellen Entwicklung bei.*<br \/>\n \u2705 <strong>Nachhaltig &amp; fischfrei<\/strong> \u2013 Abgeleitet von <strong>Algen (Schizochytrium sp.),<\/strong> der urspr\u00fcnglichen Quelle von Omega-3 \u2013 kein Meeresleben erforderlich.<br \/>\n\u2705 <strong>Keine fischigen R\u00fclpser<\/strong> \u2013 Sanfte Verdauung ohne <strong>Quecksilber, Mikroplastik oder Meeresverunreinigungen<\/strong>.<br \/>\n\u2705 <strong>Umweltfreundliche Verpackung<\/strong> \u2013 <strong>100 % recycelbare Aluminiumflasche,<\/strong> um Plastikm\u00fcll zu minimieren.<\/p>\n<p><strong>N\u00e4hrwertangaben (pro 2 Softgels)<\/strong><\/p>\n<ul>\n<li><strong>DHA- und EPA-reiches Algen\u00f6l:<\/strong> 1.480 mg<\/li>\n<li><strong>Gesamt-Omega-3-Fetts\u00e4uren:<\/strong> 770 mg\n<ul>\n<li><strong>DHA (Docosahexaens\u00e4ure):<\/strong> 450 mg<\/li>\n<li><strong>EPA (Eicosapentaens\u00e4ure):<\/strong> 140 mg<\/li>\n<\/ul>\n<\/li>\n<\/ul>\n<p><strong>Portionsgr\u00f6\u00dfe:<\/strong> 2 Softgels<br \/>\n<strong>Portionen pro Beh\u00e4lter:<\/strong> 60<\/p>\n<p>*Tageswert (DV) f\u00fcr Omega-3-Fetts\u00e4uren nicht festgelegt.<\/p>\n<p><strong>Saubere, pflanzenbetriebene Zutaten<\/strong><\/p>\n<p>DHA- und EPA-reiches Mikroalgen\u00f6l (Schizochytrium sp.), modifizierte St\u00e4rke, Glasiermittel (Glycerol, Carrageenan, Sorbitol), Antioxidans (tocopherolinreicher Extrakt), gereinigtes Wasser.<\/p>\n<p><strong>Kostenlos von:<\/strong> Fisch, Schalentieren, Gluten, Soja, Milchprodukte, GVOs und k\u00fcnstliche Zusatzstoffe.<\/p>\n<p><strong>Empfohlene Verwendung<\/strong><\/p>\n<p>Nimm <strong>t\u00e4glich 2 Softgels<\/strong> zusammen mit einer Mahlzeit f\u00fcr eine optimale Aufnahme. Perfekt f\u00fcr Menschen mit empfindlichem Magen \u2013 <strong>kein fischiger Nachgeschmack!<\/strong> <\/p>\n<p><strong>Warum sollte man Youtheory Ocean Friendly Omega w\u00e4hlen?<\/strong><\/p>\n<p>\u2714 <strong>Bioidentisch mit Fisch\u00f6l<\/strong> \u2013 Algenbasierte Omega-3-Fetts\u00e4uren bieten <strong>eine \u00fcberlegene Aufnahme<\/strong> ohne marine Quellen.<br \/>\n\u2714 <strong>Rein und Schadstofffrei<\/strong> \u2013 Keine Schwermetalle (Quecksilber, Blei) oder Meeresschadstoffe.<br \/>\n\u2714 <strong>Vegan &amp; Planet-Safe<\/strong> \u2013 Unterst\u00fctzt <strong>nachhaltige Ern\u00e4hrung<\/strong> , ohne Meeres\u00f6kosysteme zu sch\u00e4digen.<br \/>\n\u2714 <strong>60-Tage-Versorgung<\/strong> \u2013 Bequeme Langzeitunterst\u00fctzung f\u00fcr Herz, Gehirn und Sehverm\u00f6gen.<\/p>\n<p><strong>Qualit\u00e4t garantiert<\/strong><\/p>\n<ul>\n<li><strong>Von Drittanbietern auf<\/strong> Reinheit und Potenz getestet.<\/li>\n<li><strong>Nicht-GVO-Projekt verifiziert.<\/strong><\/li>\n<\/ul>\n<p><strong>Ideal f\u00fcr:<\/strong><\/p>\n<p>\ud83c\udf31 <strong>Veganer und Vegetarier,<\/strong> die ein fischfreies Omega-3 suchen.<br \/>\n\ud83c\udf0d <strong>\u00d6kobewusste Verbraucher<\/strong> , die Wert auf Nachhaltigkeit legen.<br \/>\n\u26a0\ufe0f <strong>Diejenigen mit Meeresfr\u00fcchteallergien<\/strong> oder -unvertr\u00e4glichkeiten.<br \/>\n\ud83d\udca1 <strong>Jeder,<\/strong> der <strong>saubere, effektive<\/strong> Herz- und Gehirnunterst\u00fctzung sucht.<\/p>\n<p><strong>N\u00e4hren Sie Ihren K\u00f6rper und sch\u00fctzen Sie die Ozeane \u2013 ganz nat\u00fcrlich!<\/strong><\/p>\n","protected":false},"excerpt":{"rendered":"<p>Youtheory Ocean Friendly Omega \u2013 Nachhaltiges, pflanzliches Omega-3 Ein 100 % pflanzliches Omega-3-Pr\u00e4parat aus nachhaltigem Algen\u00f6l, das pro Portion 770 mg essentielle Fetts\u00e4uren (DHA &amp; EPA) liefert. Im Gegensatz zu herk\u00f6mmlichem Fisch\u00f6l bietet diese vegan-freundliche Formel alle Vorteile von Omega-3, ohne den fischigen Nachgeschmack oder die Umweltbelastung. Er wurde entwickelt, um Herz-, Gehirn- und Augengesundheit&#8230;<\/p>\n","protected":false},"featured_media":2946,"template":"","meta":{"_bst_post_transparent":"","_bst_post_title":"","_bst_post_layout":"","_bst_post_sidebar_id":"","_bst_post_content_style":"","_bst_post_vertical_padding":"","_bst_post_feature":"","_bst_post_feature_position":"","_bst_post_header":false,"_bst_post_footer":false},"product_brand":[],"product_cat":[526],"product_tag":[539,540],"product_brands":[],"class_list":{"0":"post-3542","1":"product","2":"type-product","3":"status-publish","4":"has-post-thumbnail","6":"product_cat-orale-vitamine","7":"product_tag-omega","8":"product_tag-pflanzenbasiert","10":"first","11":"instock","12":"sale","13":"shipping-taxable","14":"purchasable","15":"product-type-simple","16":"entry","17":"content-bg","18":"loop-entry"},"jetpack_sharing_enabled":true,"_links":{"self":[{"href":"https:\/\/ampoules.co.uk\/de\/wp-json\/wp\/v2\/product\/3542","targetHints":{"allow":["GET"]}}],"collection":[{"href":"https:\/\/ampoules.co.uk\/de\/wp-json\/wp\/v2\/product"}],"about":[{"href":"https:\/\/ampoules.co.uk\/de\/wp-json\/wp\/v2\/types\/product"}],"version-history":[{"count":1,"href":"https:\/\/ampoules.co.uk\/de\/wp-json\/wp\/v2\/product\/3542\/revisions"}],"predecessor-version":[{"id":3550,"href":"https:\/\/ampoules.co.uk\/de\/wp-json\/wp\/v2\/product\/3542\/revisions\/3550"}],"wp:featuredmedia":[{"embeddable":true,"href":"https:\/\/ampoules.co.uk\/de\/wp-json\/wp\/v2\/media\/2946"}],"wp:attachment":[{"href":"https:\/\/ampoules.co.uk\/de\/wp-json\/wp\/v2\/media?parent=3542"}],"wp:term":[{"taxonomy":"product_brand","embeddable":true,"href":"https:\/\/ampoules.co.uk\/de\/wp-json\/wp\/v2\/product_brand?post=3542"},{"taxonomy":"product_cat","embeddable":true,"href":"https:\/\/ampoules.co.uk\/de\/wp-json\/wp\/v2\/product_cat?post=3542"},{"taxonomy":"product_tag","embeddable":true,"href":"https:\/\/ampoules.co.uk\/de\/wp-json\/wp\/v2\/product_tag?post=3542"},{"taxonomy":"product_brands","embeddable":true,"href":"https:\/\/ampoules.co.uk\/de\/wp-json\/wp\/v2\/product_brands?post=3542"}],"curies":[{"name":"wp","href":"https:\/\/api.w.org\/{rel}","templated":true}]}}