{"id":3523,"date":"2026-04-02T18:54:47","date_gmt":"2026-04-02T18:54:47","guid":{"rendered":"https:\/\/ampoules.co.uk\/product\/zink-ultra-strength-50-mg-300-tabletten\/"},"modified":"2026-05-14T16:56:46","modified_gmt":"2026-05-14T16:56:46","slug":"zink-ultra-strength-50-mg-300-tabletten","status":"publish","type":"product","link":"https:\/\/ampoules.co.uk\/de\/produkt\/zink-ultra-strength-50-mg-300-tabletten\/","title":{"rendered":"Zink Ultra Strength 50 mg \u2013 300 Tabletten"},"content":{"rendered":"<p><strong>Jamieson Zink Ultra Strength 50mg \u2013 Hochwirksame Immun- und Hautunterst\u00fctzung<\/strong><\/p>\n<p>Ein kraftvolles <strong>50-mg-Zinkpr\u00e4parat,<\/strong> das entwickelt wurde, um das Immunsystem zu st\u00e4rken, den Stoffwechsel zu f\u00f6rdern und eine gesunde Haut zu f\u00f6rdern. Jede Tablette liefert <strong>hochresorbierbares Zink (als Zinkglukonat),<\/strong> ein entscheidendes Mineral, das <strong>an \u00fcber 300 enzymatischen Reaktionen<\/strong> im K\u00f6rper beteiligt ist. Diese <strong>vegetarisch-freundliche<\/strong> Formel ist <strong>frei von Gluten, Gelatine und Laktose<\/strong> und ist somit eine ideale Wahl f\u00fcr unterschiedliche Ern\u00e4hrungsbed\u00fcrfnisse. Egal, ob Sie <strong>die Immunabwehr st\u00e4rken, den N\u00e4hrstoffstoffwechsel unterst\u00fctzen oder strahlende Haut erhalten<\/strong> m\u00f6chten \u2013 Jamieson Zinc Ultra Strength bietet eine <strong>zuverl\u00e4ssige, wissenschaftlich fundierte L\u00f6sung<\/strong>.   <\/p>\n<p>&nbsp;<\/p>\n<p><strong>Wichtige Vorteile<\/strong><\/p>\n<p>\ud83d\udee1\ufe0f <strong>Immunabwehr<\/strong> \u2013 Zink ist f\u00fcr ein <strong>starkes, reaktionsf\u00e4higes Immunsystem<\/strong> unerl\u00e4sslich.<br \/>\n\u26a1 <strong>Metabolische Unterst\u00fctzung<\/strong> \u2013 Hilft dabei <strong>, Kohlenhydrate, Fette und Proteine<\/strong> effizient zur Energieverstoffwechselung zu verstoffwechseln.<br \/>\n\u2728 <strong>Hautgesundheit<\/strong> \u2013 F\u00f6rdert die Kollagenproduktion und <strong>unterst\u00fctzt die Wundheilung<\/strong>.<br \/>\n\ud83d\udee1\ufe0f <strong>Antioxidativer Schutz<\/strong> \u2013 Hilft, <strong>oxidativen Stress<\/strong> und Sch\u00e4den durch freie Radikale zu bek\u00e4mpfen.<br \/>\n\ud83c\udf31 <strong>Vegetarisch &amp; allergiefreundlich<\/strong> \u2013 Keine tierischen Inhaltsstoffe, kein Gluten oder Laktose.<\/p>\n<p><strong>N\u00e4hrwertangaben (pro 1 Tablette)<\/strong><\/p>\n<ul>\n<li><strong>Zink (als Zinkglukonat):<\/strong> 50 mg (<strong>500 % NRV<\/strong>*)<\/li>\n<\/ul>\n<p>*NRV (N\u00e4hrstoffreferenzwert) basierend auf einer 2000-Kalorien-Di\u00e4t.<\/p>\n<p>&nbsp;<\/p>\n<p><strong>Saubere, einfache Zutaten<\/strong><\/p>\n<p>Zinkglukonat, mikrokristalliner Cellulose (F\u00fcllstoff), Croscarmellosenatrium (Desintegrant), pflanzliches Magnesiumstearat (Anti-Verkalkungsmittel), Siliziumdioxid (Anti-Verkalkungsmittel).<\/p>\n<p>&nbsp;<\/p>\n<p><strong>Kostenlos von:<\/strong> Gluten, Gelatine, Laktose, k\u00fcnstliche Farbstoffe und Konservierungsstoffe.<\/p>\n<p>&nbsp;<\/p>\n<p><strong>Empfohlene Verwendung<\/strong><\/p>\n<p>Nimm <strong>t\u00e4glich eine Tablette<\/strong> zusammen mit einer Mahlzeit oder wie von einem Arzt empfohlen.<\/p>\n<p>\u26a0\ufe0f <strong>\u00dcberschreiten Sie<\/strong> die empfohlene Dosis nicht, es sei denn, ein Arzt r\u00e4t es Ihnen.<\/p>\n<p>&nbsp;<\/p>\n<p><strong>Warum Jamieson Zinc Ultra Strength w\u00e4hlen?<\/strong><\/p>\n<p>\u2714 <strong>Hochgradig bioverf\u00fcgbar<\/strong> \u2013 Zinkglukonat gew\u00e4hrleistet <strong>eine optimale Aufnahme<\/strong>.<br \/>\n\u2714 <strong>300-Tablet Supply<\/strong> \u2013 Langfristige Unterst\u00fctzung f\u00fcr <strong>das t\u00e4gliche Wohlbefinden<\/strong>.<br \/>\n\u2714 <strong>Trusted Quality<\/strong> \u2013 Hergestellt in <strong>Kanada<\/strong> unter strengen Herstellungsstandards.<br \/>\n\u2714 <strong>Von Drittanbietern getestet<\/strong> \u2013 Verifiziert auf <strong>Reinheit und Wirksamkeit<\/strong>.<br \/>\n\u2714 <strong>Grausamkeitsfrei<\/strong> \u2013 <strong>Keine Tierversuche<\/strong> \u2013 ethisch und nachhaltig.<\/p>\n<p>&nbsp;<\/p>\n<p><strong>Ideal f\u00fcr:<\/strong><\/p>\n<p>\ud83e\udda0 <strong>St\u00e4rkung des Immunsystems<\/strong> w\u00e4hrend der Erk\u00e4ltungs- und Grippezeit,<br \/>\n\u26a1 <strong>F\u00f6rderung des Stoffwechsels und der Energieproduktion<\/strong><br \/>\n\ud83c\udf1f <strong>, F\u00f6rderung von klarer, gesunder Haut,<\/strong><br \/>\n\ud83c\udf31 <strong>Vegetarier und Menschen mit Ern\u00e4hrungseinschr\u00e4nkungen<\/strong><\/p>\n<p>&nbsp;<\/p>\n<p><em>Nahrungserg\u00e4nzungsmittel sollten eine abwechslungsreiche Ern\u00e4hrung und einen gesunden Lebensstil nicht ersetzen. \u00dcberschreiten Sie die empfohlene Dosis nicht. <\/em><\/p>\n","protected":false},"excerpt":{"rendered":"<p>Jamieson Zink Ultra Strength 50mg \u2013 Hochwirksame Immun- und Hautunterst\u00fctzung Ein kraftvolles 50-mg-Zinkpr\u00e4parat, das entwickelt wurde, um das Immunsystem zu st\u00e4rken, den Stoffwechsel zu f\u00f6rdern und eine gesunde Haut zu f\u00f6rdern. Jede Tablette liefert hochresorbierbares Zink (als Zinkglukonat), ein entscheidendes Mineral, das an \u00fcber 300 enzymatischen Reaktionen im K\u00f6rper beteiligt ist. Diese vegetarisch-freundliche Formel ist&#8230;<\/p>\n","protected":false},"featured_media":2357,"template":"","meta":{"_bst_post_transparent":"","_bst_post_title":"","_bst_post_layout":"","_bst_post_sidebar_id":"","_bst_post_content_style":"","_bst_post_vertical_padding":"","_bst_post_feature":"","_bst_post_feature_position":"","_bst_post_header":false,"_bst_post_footer":false},"product_brand":[],"product_cat":[526],"product_tag":[],"product_brands":[],"class_list":{"0":"post-3523","1":"product","2":"type-product","3":"status-publish","4":"has-post-thumbnail","6":"product_cat-orale-vitamine","8":"first","9":"instock","10":"shipping-taxable","11":"purchasable","12":"product-type-simple","13":"entry","14":"content-bg","15":"loop-entry"},"jetpack_sharing_enabled":true,"_links":{"self":[{"href":"https:\/\/ampoules.co.uk\/de\/wp-json\/wp\/v2\/product\/3523","targetHints":{"allow":["GET"]}}],"collection":[{"href":"https:\/\/ampoules.co.uk\/de\/wp-json\/wp\/v2\/product"}],"about":[{"href":"https:\/\/ampoules.co.uk\/de\/wp-json\/wp\/v2\/types\/product"}],"version-history":[{"count":1,"href":"https:\/\/ampoules.co.uk\/de\/wp-json\/wp\/v2\/product\/3523\/revisions"}],"predecessor-version":[{"id":3528,"href":"https:\/\/ampoules.co.uk\/de\/wp-json\/wp\/v2\/product\/3523\/revisions\/3528"}],"wp:featuredmedia":[{"embeddable":true,"href":"https:\/\/ampoules.co.uk\/de\/wp-json\/wp\/v2\/media\/2357"}],"wp:attachment":[{"href":"https:\/\/ampoules.co.uk\/de\/wp-json\/wp\/v2\/media?parent=3523"}],"wp:term":[{"taxonomy":"product_brand","embeddable":true,"href":"https:\/\/ampoules.co.uk\/de\/wp-json\/wp\/v2\/product_brand?post=3523"},{"taxonomy":"product_cat","embeddable":true,"href":"https:\/\/ampoules.co.uk\/de\/wp-json\/wp\/v2\/product_cat?post=3523"},{"taxonomy":"product_tag","embeddable":true,"href":"https:\/\/ampoules.co.uk\/de\/wp-json\/wp\/v2\/product_tag?post=3523"},{"taxonomy":"product_brands","embeddable":true,"href":"https:\/\/ampoules.co.uk\/de\/wp-json\/wp\/v2\/product_brands?post=3523"}],"curies":[{"name":"wp","href":"https:\/\/api.w.org\/{rel}","templated":true}]}}