{"id":3481,"date":"2026-04-02T18:54:46","date_gmt":"2026-04-02T18:54:46","guid":{"rendered":"https:\/\/ampoules.co.uk\/product\/ampullen-oeffnungswerkzeug\/"},"modified":"2026-05-14T16:56:42","modified_gmt":"2026-05-14T16:56:42","slug":"ampullen-oeffnungswerkzeug","status":"publish","type":"product","link":"https:\/\/ampoules.co.uk\/de\/produkt\/ampullen-oeffnungswerkzeug\/","title":{"rendered":"Ampullen-\u00d6ffnungswerkzeug"},"content":{"rendered":"<p><strong>Effizientes und sicheres Ampullen\u00f6ffnungswerkzeug f\u00fcr medizinischen Gebrauch<\/strong><\/p>\n<p>Unser Ampullen\u00f6ffner, der f\u00fcr die Anforderungen gesch\u00e4ftiger medizinischer Umgebungen konzipiert ist, bietet medizinischen Fachkr\u00e4ften eine praktische und zuverl\u00e4ssige M\u00f6glichkeit, Glasampullen schnell zu \u00f6ffnen. Dieses unverzichtbare Werkzeug besteht aus robusten, aber leichten, hochwertigen Materialien und verf\u00fcgt \u00fcber eine pr\u00e4zise Schneidscheibe, die eine gr\u00fcndliche und saubere Trennung der Ampulle gew\u00e4hrleistet. Sein intuitives Design erfordert nur minimale Schulung, was es ideal f\u00fcr \u00c4rzte, Pflegekr\u00e4fte und Apotheker macht, die Effizienz und Pr\u00e4zision suchen.  <\/p>\n<p>&nbsp;<\/p>\n<p><strong>Wichtige Merkmale:<\/strong><\/p>\n<ul>\n<li><strong>Hochwertiges Material:<\/strong> Sorgt f\u00fcr langanhaltende Haltbarkeit und zuverl\u00e4ssige Leistung.<\/li>\n<li><strong>Farbe:<\/strong> Exklusiv in Wei\u00df erh\u00e4ltlich.<\/li>\n<li><strong>Kompakte Gr\u00f6\u00dfe:<\/strong> Abmessungen von 2,55 x 0,59 x 0,59 Zoll (6,50 x 1,50 x 1,50 cm) f\u00fcr einfache Handhabung und Lagerung.<\/li>\n<li><strong>Pr\u00e4zisionsfertigung:<\/strong> Erh\u00f6ht die Stabilit\u00e4t und Zuverl\u00e4ssigkeit des \u00d6ffners f\u00fcr eine gleichm\u00e4\u00dfige Nutzung.<\/li>\n<li><strong>Sterilisationsfreundlich:<\/strong> Entwickelt f\u00fcr eine einfache Sterilisation und tr\u00e4gt zu einer sichereren klinischen Umgebung bei.<\/li>\n<li><strong>Unverzichtbares Gesundheitsinstrument:<\/strong> Erm\u00f6glicht einen schnellen und sicheren Zugang zu Medikamenten im Krankenhaus und in klinischen Einrichtungen.<\/li>\n<li><strong>Benutzerfreundliches Design:<\/strong> Intuitiv gefertigt f\u00fcr pr\u00e4zises Schneiden von Glasampullen mit minimaler Benutzerf\u00fchrung.<\/li>\n<\/ul>\n<p>&nbsp;<\/p>\n<p><strong>Was enthalten ist:<\/strong> Ein Ampullen\u00f6ffner.<\/p>\n<p>&nbsp;<\/p>\n<p>Unser Ampullen\u00f6ffner kombiniert Funktionalit\u00e4t, Haltbarkeit und Sicherheit, um den Zugang zu Medikamenten f\u00fcr medizinisches Fachpersonal in verschiedenen klinischen Umgebungen zu optimieren und so Effizienz und Pr\u00e4zision im t\u00e4glichen Arbeitsablauf sicherzustellen.<\/p>\n","protected":false},"excerpt":{"rendered":"<p>Effizientes und sicheres Ampullen\u00f6ffnungswerkzeug f\u00fcr medizinischen Gebrauch Unser Ampullen\u00f6ffner, der f\u00fcr die Anforderungen gesch\u00e4ftiger medizinischer Umgebungen konzipiert ist, bietet medizinischen Fachkr\u00e4ften eine praktische und zuverl\u00e4ssige M\u00f6glichkeit, Glasampullen schnell zu \u00f6ffnen. Dieses unverzichtbare Werkzeug besteht aus robusten, aber leichten, hochwertigen Materialien und verf\u00fcgt \u00fcber eine pr\u00e4zise Schneidscheibe, die eine gr\u00fcndliche und saubere Trennung der Ampulle gew\u00e4hrleistet&#8230;.<\/p>\n","protected":false},"featured_media":2701,"template":"","meta":{"_bst_post_transparent":"","_bst_post_title":"","_bst_post_layout":"","_bst_post_sidebar_id":"","_bst_post_content_style":"","_bst_post_vertical_padding":"","_bst_post_feature":"","_bst_post_feature_position":"","_bst_post_header":false,"_bst_post_footer":false},"product_brand":[],"product_cat":[531],"product_tag":[],"product_brands":[],"class_list":{"0":"post-3481","1":"product","2":"type-product","3":"status-publish","4":"has-post-thumbnail","6":"product_cat-ausrustung","8":"first","9":"instock","10":"shipping-taxable","11":"purchasable","12":"product-type-simple","13":"entry","14":"content-bg","15":"loop-entry"},"jetpack_sharing_enabled":true,"_links":{"self":[{"href":"https:\/\/ampoules.co.uk\/de\/wp-json\/wp\/v2\/product\/3481","targetHints":{"allow":["GET"]}}],"collection":[{"href":"https:\/\/ampoules.co.uk\/de\/wp-json\/wp\/v2\/product"}],"about":[{"href":"https:\/\/ampoules.co.uk\/de\/wp-json\/wp\/v2\/types\/product"}],"version-history":[{"count":1,"href":"https:\/\/ampoules.co.uk\/de\/wp-json\/wp\/v2\/product\/3481\/revisions"}],"predecessor-version":[{"id":3491,"href":"https:\/\/ampoules.co.uk\/de\/wp-json\/wp\/v2\/product\/3481\/revisions\/3491"}],"wp:featuredmedia":[{"embeddable":true,"href":"https:\/\/ampoules.co.uk\/de\/wp-json\/wp\/v2\/media\/2701"}],"wp:attachment":[{"href":"https:\/\/ampoules.co.uk\/de\/wp-json\/wp\/v2\/media?parent=3481"}],"wp:term":[{"taxonomy":"product_brand","embeddable":true,"href":"https:\/\/ampoules.co.uk\/de\/wp-json\/wp\/v2\/product_brand?post=3481"},{"taxonomy":"product_cat","embeddable":true,"href":"https:\/\/ampoules.co.uk\/de\/wp-json\/wp\/v2\/product_cat?post=3481"},{"taxonomy":"product_tag","embeddable":true,"href":"https:\/\/ampoules.co.uk\/de\/wp-json\/wp\/v2\/product_tag?post=3481"},{"taxonomy":"product_brands","embeddable":true,"href":"https:\/\/ampoules.co.uk\/de\/wp-json\/wp\/v2\/product_brands?post=3481"}],"curies":[{"name":"wp","href":"https:\/\/api.w.org\/{rel}","templated":true}]}}