{"id":3454,"date":"2026-04-02T18:54:46","date_gmt":"2026-04-02T18:54:46","guid":{"rendered":"https:\/\/ampoules.co.uk\/product\/vitamin-d3-300-000-im-i-u-ml-ampulle\/"},"modified":"2026-05-14T16:56:40","modified_gmt":"2026-05-14T16:56:40","slug":"vitamin-d3-300-000-im-i-u-ml-ampulle","status":"publish","type":"product","link":"https:\/\/ampoules.co.uk\/de\/produkt\/vitamin-d3-300-000-im-i-u-ml-ampulle\/","title":{"rendered":"Vitamin D3 300.000 IM I.U.\/ml Ampulle"},"content":{"rendered":"<p><strong>Vitamin-D3-Pr\u00e4parat<\/strong> (300.000 IE pro 1 ml Ampulle) <strong>Zur professionellen Verabreichung.<\/strong><\/p>\n<p>&nbsp;<\/p>\n<p><strong>Anwendungshinweise:<\/strong><br \/>\nDieses Pr\u00e4parat ist <strong>f\u00fcr die Anwendung unter der Aufsicht eines qualifizierten Gesundheitsdienstleisters gedacht,<\/strong> um eine angemessene Dosierung und Verabreichung sicherzustellen.<\/p>\n<p>&nbsp;<\/p>\n<p><strong>Verpackungsdetails:<\/strong><br \/>\nJede Packung enth\u00e4lt eine 1-mL-Ampulle Vitamin <strong>D3 mit einer Konzentration von 300.000 IU\/mL.<\/strong><\/p>\n<p>&nbsp;<\/p>\n<p><strong>Wichtiger Hinweis:<\/strong><\/p>\n<ul>\n<li>Dieses Produkt ist <strong>ausschlie\u00dflich f\u00fcr den professionellen Gebrauch gedacht.<\/strong><\/li>\n<li>Konsultieren Sie vor der Anwendung Ihren Arzt, insbesondere wenn Sie medizinische Probleme haben oder andere Medikamente einnehmen.<\/li>\n<li>Nicht f\u00fcr Selbstverwaltung.<\/li>\n<\/ul>\n<p>&nbsp;<\/p>\n<p><strong>Aufbewahrungsanweisungen:<\/strong><br \/>\nLagern Sie unter 25\u00b0C, sch\u00fctzen Sie vor Licht und Einfrierung. Haltet euch au\u00dferhalb der Reichweite von Kindern. <\/p>\n<p>&nbsp;<\/p>\n<p><strong>Hergestellt in:<\/strong> T\u00fcrkei<\/p>\n<p>&nbsp;<\/p>\n<p><strong>Haftungsausschluss:<\/strong><br \/>\n<em>Dieses Produkt ist ein Nahrungserg\u00e4nzungsmittel und nicht dazu gedacht, Krankheiten zu diagnostizieren, zu behandeln, zu heilen oder vorzubeugen. Die bereitgestellten Informationen dienen ausschlie\u00dflich Bildungszwecken und sollten keine professionelle medizinische Beratung ersetzen. Konsultieren Sie immer einen Arzt, bevor Sie mit einer neuen Supplement-Kur beginnen.  <\/em><\/p>\n","protected":false},"excerpt":{"rendered":"<p>Vitamin-D3-Pr\u00e4parat (300.000 IE pro 1 ml Ampulle) Zur professionellen Verabreichung. &nbsp; Anwendungshinweise: Dieses Pr\u00e4parat ist f\u00fcr die Anwendung unter der Aufsicht eines qualifizierten Gesundheitsdienstleisters gedacht, um eine angemessene Dosierung und Verabreichung sicherzustellen. &nbsp; Verpackungsdetails: Jede Packung enth\u00e4lt eine 1-mL-Ampulle Vitamin D3 mit einer Konzentration von 300.000 IU\/mL. &nbsp; Wichtiger Hinweis: Dieses Produkt ist ausschlie\u00dflich f\u00fcr&#8230;<\/p>\n","protected":false},"featured_media":2716,"template":"","meta":{"_bst_post_transparent":"","_bst_post_title":"","_bst_post_layout":"","_bst_post_sidebar_id":"","_bst_post_content_style":"","_bst_post_vertical_padding":"","_bst_post_feature":"","_bst_post_feature_position":"","_bst_post_header":false,"_bst_post_footer":false},"product_brand":[],"product_cat":[527],"product_tag":[],"product_brands":[],"class_list":{"0":"post-3454","1":"product","2":"type-product","3":"status-publish","4":"has-post-thumbnail","6":"product_cat-ampullen","8":"first","9":"instock","10":"sale","11":"featured","12":"purchasable","13":"product-type-simple","14":"entry","15":"content-bg","16":"loop-entry"},"jetpack_sharing_enabled":true,"_links":{"self":[{"href":"https:\/\/ampoules.co.uk\/de\/wp-json\/wp\/v2\/product\/3454","targetHints":{"allow":["GET"]}}],"collection":[{"href":"https:\/\/ampoules.co.uk\/de\/wp-json\/wp\/v2\/product"}],"about":[{"href":"https:\/\/ampoules.co.uk\/de\/wp-json\/wp\/v2\/types\/product"}],"version-history":[{"count":1,"href":"https:\/\/ampoules.co.uk\/de\/wp-json\/wp\/v2\/product\/3454\/revisions"}],"predecessor-version":[{"id":3458,"href":"https:\/\/ampoules.co.uk\/de\/wp-json\/wp\/v2\/product\/3454\/revisions\/3458"}],"wp:featuredmedia":[{"embeddable":true,"href":"https:\/\/ampoules.co.uk\/de\/wp-json\/wp\/v2\/media\/2716"}],"wp:attachment":[{"href":"https:\/\/ampoules.co.uk\/de\/wp-json\/wp\/v2\/media?parent=3454"}],"wp:term":[{"taxonomy":"product_brand","embeddable":true,"href":"https:\/\/ampoules.co.uk\/de\/wp-json\/wp\/v2\/product_brand?post=3454"},{"taxonomy":"product_cat","embeddable":true,"href":"https:\/\/ampoules.co.uk\/de\/wp-json\/wp\/v2\/product_cat?post=3454"},{"taxonomy":"product_tag","embeddable":true,"href":"https:\/\/ampoules.co.uk\/de\/wp-json\/wp\/v2\/product_tag?post=3454"},{"taxonomy":"product_brands","embeddable":true,"href":"https:\/\/ampoules.co.uk\/de\/wp-json\/wp\/v2\/product_brands?post=3454"}],"curies":[{"name":"wp","href":"https:\/\/api.w.org\/{rel}","templated":true}]}}