{"id":3441,"date":"2026-04-02T18:54:46","date_gmt":"2026-04-02T18:54:46","guid":{"rendered":"https:\/\/ampoules.co.uk\/product\/xyla-p-topische-betaeubungscreme-30g\/"},"modified":"2026-05-14T16:56:39","modified_gmt":"2026-05-14T16:56:39","slug":"xyla-p-topische-betaeubungscreme-30g","status":"publish","type":"product","link":"https:\/\/ampoules.co.uk\/de\/produkt\/xyla-p-topische-betaeubungscreme-30g\/","title":{"rendered":"Xyla-P Topische Bet\u00e4ubungscreme \u2013 30g"},"content":{"rendered":"<p>Mit Xyla-P erleben Sie eine schnelle, vor\u00fcbergehende Linderung von Schmerzen und Unbehagen. Diese hochwertige topische An\u00e4sthesiecreme enth\u00e4lt eine ausgewogene Formulierung aus Lidocain (2,5 %) und Prilocain (2,5 %), die f\u00fcr eine effektive \u00e4u\u00dfere Anwendung entwickelt wurde. <\/p>\n<p>&nbsp;<\/p>\n<p><strong>Wichtige Merkmale:<\/strong><\/p>\n<ul>\n<li><strong>Schneller Einsatz der Wirkung:<\/strong> Die Formel bet\u00e4ubt die Haut schnell, um schnelle Linderung zu verschaffen.<\/li>\n<li><strong>Synergistische Doppelwirkung:<\/strong> Die Kombination aus Lidocain und Prilocain verst\u00e4rkt die an\u00e4sthetische Wirkung f\u00fcr optimale Ergebnisse.<\/li>\n<li><strong>Benutzerfreundliche Verpackung:<\/strong> Geliefert in einer 30-g-Tube f\u00fcr eine bequeme Anwendung und Aufbewahrung.<\/li>\n<\/ul>\n<p>&nbsp;<\/p>\n<p><strong>Anleitungen f\u00fcr die Nutzung:<\/strong> Tragen Sie Xyla-P wie angewiesen direkt auf die betroffene Haut auf. Vermeiden Sie den Kontakt mit Augen und Mund. Nicht auf gesch\u00e4digte Haut oder offene Wunden auftragen. Geeignet f\u00fcr die Anwendung bei Erwachsenen und Kindern \u00fcber 3 Jahren. Stellen Sie sicher, dass das Rohr nach jeder Anwendung fest geschlossen ist, um die Produktintegrit\u00e4t zu erhalten.    <\/p>\n<p>&nbsp;<\/p>\n<p><strong>Aufbewahrungsrichtlinien:<\/strong> Lagern Sie unter 30\u00b0C.  Halten Sie dieses Produkt au\u00dferhalb der Reichweite und Sichtweite von Kindern. <\/p>\n<p>&nbsp;<\/p>\n<p><strong>Wichtige Warnungen:<\/strong> Nicht geeignet f\u00fcr Kinder unter 3 Jahren. Vermeiden Sie die Anwendung auf empfindliche Bereiche rund um Augen und Mund. Nur f\u00fcr den externen Gebrauch. Verwenden Sie kein Xyla-P, wenn Sie eine bekannte Allergie gegen Lidocain oder andere Inhaltsstoffe in der Creme haben. Es ist ratsam, vor der Einnahme dieses Medikaments mit einem Arzt oder Apotheker zu sprechen, wenn Sie bereits Herz- oder Lebererkrankungen haben oder an Epilepsie leiden.    <\/p>\n<p>&nbsp;<\/p>\n<p><strong>Hinweis:<\/strong> Die hier bereitgestellten Informationen dienen ausschlie\u00dflich Bildungszwecken und sollten nicht als Ersatz f\u00fcr professionelle medizinische Beratung angesehen werden.<\/p>\n","protected":false},"excerpt":{"rendered":"<p>Mit Xyla-P erleben Sie eine schnelle, vor\u00fcbergehende Linderung von Schmerzen und Unbehagen. Diese hochwertige topische An\u00e4sthesiecreme enth\u00e4lt eine ausgewogene Formulierung aus Lidocain (2,5 %) und Prilocain (2,5 %), die f\u00fcr eine effektive \u00e4u\u00dfere Anwendung entwickelt wurde. &nbsp; Wichtige Merkmale: Schneller Einsatz der Wirkung: Die Formel bet\u00e4ubt die Haut schnell, um schnelle Linderung zu verschaffen. Synergistische&#8230;<\/p>\n","protected":false},"featured_media":2507,"template":"","meta":{"_bst_post_transparent":"","_bst_post_title":"","_bst_post_layout":"","_bst_post_sidebar_id":"","_bst_post_content_style":"","_bst_post_vertical_padding":"","_bst_post_feature":"","_bst_post_feature_position":"","_bst_post_header":false,"_bst_post_footer":false},"product_brand":[],"product_cat":[531],"product_tag":[],"product_brands":[],"class_list":{"0":"post-3441","1":"product","2":"type-product","3":"status-publish","4":"has-post-thumbnail","6":"product_cat-ausrustung","8":"first","9":"instock","10":"sale","11":"featured","12":"purchasable","13":"product-type-simple","14":"entry","15":"content-bg","16":"loop-entry"},"jetpack_sharing_enabled":true,"_links":{"self":[{"href":"https:\/\/ampoules.co.uk\/de\/wp-json\/wp\/v2\/product\/3441","targetHints":{"allow":["GET"]}}],"collection":[{"href":"https:\/\/ampoules.co.uk\/de\/wp-json\/wp\/v2\/product"}],"about":[{"href":"https:\/\/ampoules.co.uk\/de\/wp-json\/wp\/v2\/types\/product"}],"version-history":[{"count":1,"href":"https:\/\/ampoules.co.uk\/de\/wp-json\/wp\/v2\/product\/3441\/revisions"}],"predecessor-version":[{"id":3445,"href":"https:\/\/ampoules.co.uk\/de\/wp-json\/wp\/v2\/product\/3441\/revisions\/3445"}],"wp:featuredmedia":[{"embeddable":true,"href":"https:\/\/ampoules.co.uk\/de\/wp-json\/wp\/v2\/media\/2507"}],"wp:attachment":[{"href":"https:\/\/ampoules.co.uk\/de\/wp-json\/wp\/v2\/media?parent=3441"}],"wp:term":[{"taxonomy":"product_brand","embeddable":true,"href":"https:\/\/ampoules.co.uk\/de\/wp-json\/wp\/v2\/product_brand?post=3441"},{"taxonomy":"product_cat","embeddable":true,"href":"https:\/\/ampoules.co.uk\/de\/wp-json\/wp\/v2\/product_cat?post=3441"},{"taxonomy":"product_tag","embeddable":true,"href":"https:\/\/ampoules.co.uk\/de\/wp-json\/wp\/v2\/product_tag?post=3441"},{"taxonomy":"product_brands","embeddable":true,"href":"https:\/\/ampoules.co.uk\/de\/wp-json\/wp\/v2\/product_brands?post=3441"}],"curies":[{"name":"wp","href":"https:\/\/api.w.org\/{rel}","templated":true}]}}