{"id":3413,"date":"2026-04-02T18:54:46","date_gmt":"2026-04-02T18:54:46","guid":{"rendered":"https:\/\/ampoules.co.uk\/product\/vitamin-c-5-ml-x-5-ampullen-iv-500-mg\/"},"modified":"2026-05-14T16:56:34","modified_gmt":"2026-05-14T16:56:34","slug":"vitamin-c-5-ml-x-5-ampullen-iv-500-mg","status":"publish","type":"product","link":"https:\/\/ampoules.co.uk\/de\/produkt\/vitamin-c-5-ml-x-5-ampullen-iv-500-mg\/","title":{"rendered":"Vitamin C 5 ml x 5 Ampullen IV 500 mg"},"content":{"rendered":"<p><strong>V-Itamin-C-Pr\u00e4parat<\/strong> (500 mg pro 5 ml Ampulle) <strong>Nur f\u00fcr professionelle medizinische Zwecke.<\/strong><\/p>\n<p>&nbsp;<\/p>\n<p><strong>Verwaltungshinweise:<\/strong><br \/>\nDieses konzentrierte Supplement <strong>erfordert professionelle medizinische Behandlung<\/strong> , um eine richtige Dosierung und optimale Bioverf\u00fcgbarkeit sicherzustellen.<\/p>\n<p>&nbsp;<\/p>\n<p><strong>Verpackungsdetails:<\/strong><br \/>\nJede Packung enth\u00e4lt <strong>f\u00fcnf 5-ml-Ampullen<\/strong>, die jeweils <strong>500 mg pharmazeutisches Vitamin C enthalten.<\/strong><\/p>\n<p>&nbsp;<\/p>\n<p><strong>Wichtiger Hinweis:<\/strong><\/p>\n<ul>\n<li><strong>F\u00fcr den klinischen Einsatz nur unter medizinischer Aufsicht<\/strong><\/li>\n<li>Muss von qualifizierten medizinischen Fachkr\u00e4ften durchgef\u00fchrt werden<\/li>\n<li>Vor der Anwendung ist eine medizinische Beratung erforderlich, insbesondere bei Personen mit bestehenden Erkrankungen oder Medikamenten<\/li>\n<li>Nicht f\u00fcr den oralen Gebrauch oder zur Selbstverabreichung<\/li>\n<\/ul>\n<p>&nbsp;<\/p>\n<p><strong>Aufbewahrungsanweisungen:<\/strong><br \/>\nLagern Sie unter 25\u00b0C, sch\u00fctzen Sie vor Licht und Einfrierung. Haltet euch au\u00dferhalb der Reichweite von Kindern. <\/p>\n<p>&nbsp;<\/p>\n<p><strong>Hergestellt in:<\/strong> T\u00fcrkei<\/p>\n<p>&nbsp;<\/p>\n<p><strong>Haftungsausschluss:<\/strong><br \/>\n<em>Dieses Produkt ist ein Nahrungserg\u00e4nzungsmittel und nicht dazu gedacht, Krankheiten zu diagnostizieren, zu behandeln, zu heilen oder vorzubeugen. Die bereitgestellten Informationen dienen ausschlie\u00dflich Bildungszwecken und sollten keine professionelle medizinische Beratung ersetzen. Konsultieren Sie immer einen Arzt, bevor Sie mit einer neuen Nahrungserg\u00e4nzungstherapie beginnen.  <\/em><\/p>\n","protected":false},"excerpt":{"rendered":"<p>V-Itamin-C-Pr\u00e4parat (500 mg pro 5 ml Ampulle) Nur f\u00fcr professionelle medizinische Zwecke. &nbsp; Verwaltungshinweise: Dieses konzentrierte Supplement erfordert professionelle medizinische Behandlung , um eine richtige Dosierung und optimale Bioverf\u00fcgbarkeit sicherzustellen. &nbsp; Verpackungsdetails: Jede Packung enth\u00e4lt f\u00fcnf 5-ml-Ampullen, die jeweils 500 mg pharmazeutisches Vitamin C enthalten. &nbsp; Wichtiger Hinweis: F\u00fcr den klinischen Einsatz nur unter medizinischer&#8230;<\/p>\n","protected":false},"featured_media":2981,"template":"","meta":{"_bst_post_transparent":"","_bst_post_title":"","_bst_post_layout":"","_bst_post_sidebar_id":"","_bst_post_content_style":"","_bst_post_vertical_padding":"","_bst_post_feature":"","_bst_post_feature_position":"","_bst_post_header":false,"_bst_post_footer":false},"product_brand":[],"product_cat":[527],"product_tag":[],"product_brands":[],"class_list":{"0":"post-3413","1":"product","2":"type-product","3":"status-publish","4":"has-post-thumbnail","6":"product_cat-ampullen","8":"first","9":"instock","10":"shipping-taxable","11":"purchasable","12":"product-type-simple","13":"entry","14":"content-bg","15":"loop-entry"},"jetpack_sharing_enabled":true,"_links":{"self":[{"href":"https:\/\/ampoules.co.uk\/de\/wp-json\/wp\/v2\/product\/3413","targetHints":{"allow":["GET"]}}],"collection":[{"href":"https:\/\/ampoules.co.uk\/de\/wp-json\/wp\/v2\/product"}],"about":[{"href":"https:\/\/ampoules.co.uk\/de\/wp-json\/wp\/v2\/types\/product"}],"version-history":[{"count":0,"href":"https:\/\/ampoules.co.uk\/de\/wp-json\/wp\/v2\/product\/3413\/revisions"}],"wp:featuredmedia":[{"embeddable":true,"href":"https:\/\/ampoules.co.uk\/de\/wp-json\/wp\/v2\/media\/2981"}],"wp:attachment":[{"href":"https:\/\/ampoules.co.uk\/de\/wp-json\/wp\/v2\/media?parent=3413"}],"wp:term":[{"taxonomy":"product_brand","embeddable":true,"href":"https:\/\/ampoules.co.uk\/de\/wp-json\/wp\/v2\/product_brand?post=3413"},{"taxonomy":"product_cat","embeddable":true,"href":"https:\/\/ampoules.co.uk\/de\/wp-json\/wp\/v2\/product_cat?post=3413"},{"taxonomy":"product_tag","embeddable":true,"href":"https:\/\/ampoules.co.uk\/de\/wp-json\/wp\/v2\/product_tag?post=3413"},{"taxonomy":"product_brands","embeddable":true,"href":"https:\/\/ampoules.co.uk\/de\/wp-json\/wp\/v2\/product_brands?post=3413"}],"curies":[{"name":"wp","href":"https:\/\/api.w.org\/{rel}","templated":true}]}}