{"id":3407,"date":"2026-04-02T18:54:46","date_gmt":"2026-04-02T18:54:46","guid":{"rendered":"https:\/\/ampoules.co.uk\/product\/vitamin-e-2-ml-x-5-ampulle-im-300-mg\/"},"modified":"2026-05-14T16:59:27","modified_gmt":"2026-05-14T16:59:27","slug":"vitamin-e-2-ml-x-5-ampulle-im-300-mg","status":"publish","type":"product","link":"https:\/\/ampoules.co.uk\/de\/produkt\/vitamin-e-2-ml-x-5-ampulle-im-300-mg\/","title":{"rendered":"Vitamin E 2 ml x 5 Ampulle IM 300 mg"},"content":{"rendered":"<p><strong>V-Itamin-E-Pr\u00e4parat<\/strong> (300 mg pro 2 ml Ampulle)<\/p>\n<p><strong>F\u00fcr den professionellen Einsatz unter medizinischer Aufsicht.<\/strong><\/p>\n<p>&nbsp;<\/p>\n<p><strong>Anwendungshinweise:<\/strong><\/p>\n<p>Dieses Supplement ist <strong>f\u00fcr die Verabreichung durch qualifizierte medizinische Fachkr\u00e4fte gedacht,<\/strong> um eine angemessene Dosierung und Sicherheit sicherzustellen.<\/p>\n<p>&nbsp;<\/p>\n<p><strong>Verpackungsdetails:<\/strong><\/p>\n<p>Jede Packung enth\u00e4lt <strong>f\u00fcnf 2-ml-Ampullen<\/strong>, die jeweils <strong>300 mg Vitamin E liefern.<\/strong><\/p>\n<p>&nbsp;<\/p>\n<p><strong>Wichtiger Hinweis:<\/strong><\/p>\n<ul>\n<li><strong>Nur f\u00fcr den professionellen Gebrauch<\/strong> \u2013 muss von geschultem medizinischem Personal durchgef\u00fchrt werden.<\/li>\n<li>Konsultieren Sie vor der Anwendung Ihren Arzt, insbesondere wenn Sie medizinische Probleme haben oder andere Medikamente einnehmen.<\/li>\n<li>Nicht f\u00fcr Selbstverwaltung.<\/li>\n<\/ul>\n<p>&nbsp;<\/p>\n<p><strong>Aufbewahrungsanweisungen:<\/strong><\/p>\n<p>Lagern Sie unter 25\u00b0C, sch\u00fctzen Sie vor Licht und Einfrierung. Haltet euch au\u00dferhalb der Reichweite von Kindern. <\/p>\n<p>&nbsp;<\/p>\n<p><strong>Hergestellt in:<\/strong> T\u00fcrkei<\/p>\n<p>&nbsp;<\/p>\n<p><strong>Haftungsausschluss:<\/strong><\/p>\n<p><em>Dieses Produkt ist ein Nahrungserg\u00e4nzungsmittel und nicht dazu gedacht, Krankheiten zu diagnostizieren, zu behandeln, zu heilen oder vorzubeugen. Die bereitgestellten Informationen dienen ausschlie\u00dflich Bildungszwecken und sollten keine professionelle medizinische Beratung ersetzen. Konsultieren Sie immer einen Arzt, bevor Sie mit einer neuen Supplement-Kur beginnen.  <\/em><\/p>\n<p>&nbsp;<\/p>\n<p>&nbsp;<\/p>\n<p>&nbsp;<\/p>\n","protected":false},"excerpt":{"rendered":"<p>V-Itamin-E-Pr\u00e4parat (300 mg pro 2 ml Ampulle) F\u00fcr den professionellen Einsatz unter medizinischer Aufsicht. &nbsp; Anwendungshinweise: Dieses Supplement ist f\u00fcr die Verabreichung durch qualifizierte medizinische Fachkr\u00e4fte gedacht, um eine angemessene Dosierung und Sicherheit sicherzustellen. &nbsp; Verpackungsdetails: Jede Packung enth\u00e4lt f\u00fcnf 2-ml-Ampullen, die jeweils 300 mg Vitamin E liefern. &nbsp; Wichtiger Hinweis: Nur f\u00fcr den professionellen&#8230;<\/p>\n","protected":false},"featured_media":2901,"template":"","meta":{"_bst_post_transparent":"","_bst_post_title":"","_bst_post_layout":"","_bst_post_sidebar_id":"","_bst_post_content_style":"","_bst_post_vertical_padding":"","_bst_post_feature":"","_bst_post_feature_position":"","_bst_post_header":false,"_bst_post_footer":false},"product_brand":[],"product_cat":[527],"product_tag":[],"product_brands":[],"class_list":{"0":"post-3407","1":"product","2":"type-product","3":"status-publish","4":"has-post-thumbnail","6":"product_cat-ampullen","8":"first","9":"instock","10":"shipping-taxable","11":"purchasable","12":"product-type-simple","13":"entry","14":"content-bg","15":"loop-entry"},"jetpack_sharing_enabled":true,"_links":{"self":[{"href":"https:\/\/ampoules.co.uk\/de\/wp-json\/wp\/v2\/product\/3407","targetHints":{"allow":["GET"]}}],"collection":[{"href":"https:\/\/ampoules.co.uk\/de\/wp-json\/wp\/v2\/product"}],"about":[{"href":"https:\/\/ampoules.co.uk\/de\/wp-json\/wp\/v2\/types\/product"}],"version-history":[{"count":1,"href":"https:\/\/ampoules.co.uk\/de\/wp-json\/wp\/v2\/product\/3407\/revisions"}],"predecessor-version":[{"id":3812,"href":"https:\/\/ampoules.co.uk\/de\/wp-json\/wp\/v2\/product\/3407\/revisions\/3812"}],"wp:featuredmedia":[{"embeddable":true,"href":"https:\/\/ampoules.co.uk\/de\/wp-json\/wp\/v2\/media\/2901"}],"wp:attachment":[{"href":"https:\/\/ampoules.co.uk\/de\/wp-json\/wp\/v2\/media?parent=3407"}],"wp:term":[{"taxonomy":"product_brand","embeddable":true,"href":"https:\/\/ampoules.co.uk\/de\/wp-json\/wp\/v2\/product_brand?post=3407"},{"taxonomy":"product_cat","embeddable":true,"href":"https:\/\/ampoules.co.uk\/de\/wp-json\/wp\/v2\/product_cat?post=3407"},{"taxonomy":"product_tag","embeddable":true,"href":"https:\/\/ampoules.co.uk\/de\/wp-json\/wp\/v2\/product_tag?post=3407"},{"taxonomy":"product_brands","embeddable":true,"href":"https:\/\/ampoules.co.uk\/de\/wp-json\/wp\/v2\/product_brands?post=3407"}],"curies":[{"name":"wp","href":"https:\/\/api.w.org\/{rel}","templated":true}]}}