{"id":3333,"date":"2026-04-02T18:54:46","date_gmt":"2026-04-02T18:54:46","guid":{"rendered":"https:\/\/ampoules.co.uk\/product\/vitamin-b1-b2-b6-komplex-mit-niacinamid-und-d-panthenol-2-ml-x-5-ampulle-im\/"},"modified":"2026-05-14T16:59:28","modified_gmt":"2026-05-14T16:59:28","slug":"vitamin-b1-b2-b6-komplex-mit-niacinamid-und-d-panthenol-2-ml-x-5-ampulle-im","status":"publish","type":"product","link":"https:\/\/ampoules.co.uk\/de\/produkt\/vitamin-b1-b2-b6-komplex-mit-niacinamid-und-d-panthenol-2-ml-x-5-ampulle-im\/","title":{"rendered":"Vitamin B1, B2, B6-Komplex mit Niacinamid und D-Panthenol (2 ml x 5 Ampulle IM)"},"content":{"rendered":"<p><strong>B-Vitamin-Komplex mit Niacinamid und D-Panthenol. <\/strong>Dieses <strong>professionelle Supplement<\/strong> wird in 2-ml-Ampullen geliefert. Jede Schachtel enth\u00e4lt 5 Ampullen. <\/p>\n<p>&nbsp;<\/p>\n<p><strong>Verwaltungshinweise:<\/strong><br \/>\nDiese <strong>hochwirksame Formulierung erfordert professionelle medizinische Aufsicht<\/strong> f\u00fcr eine ordnungsgem\u00e4\u00dfe Verabreichung. Die Dosierung sollte von Ihrem Arzt basierend auf den individuellen Bed\u00fcrfnissen bestimmt werden. <\/p>\n<p>&nbsp;<\/p>\n<p><strong>Produktspezifikationen:<\/strong><\/p>\n<ul>\n<li>Jede Box enth\u00e4lt f\u00fcnf 2mL-Ampullen<\/li>\n<li>Enth\u00e4lt pharmazeutisches B1, B2, B6 mit Niacinamid und D-Panthenol<\/li>\n<li><strong>Nur f\u00fcr die klinische Verabreichung<\/strong><\/li>\n<\/ul>\n<p>&nbsp;<\/p>\n<p><strong>Lageranforderungen:<\/strong><\/p>\n<ul>\n<li>Lagern unter 25\u00b0C<\/li>\n<li>Sch\u00fctze vor Licht und Einfrieren<\/li>\n<li>Au\u00dferhalb der Reichweite von Kindern bleiben<\/li>\n<\/ul>\n<p>&nbsp;<\/p>\n<p><strong>Hergestellt in:<\/strong> T\u00fcrkei<\/p>\n<p>&nbsp;<\/p>\n<p><strong>Wichtige Sicherheitsinformationen:<\/strong><\/p>\n<ul>\n<li><strong>Nur f\u00fcr den medizinischen Beruf<\/strong><\/li>\n<li>Erfordert die Verwaltung durch qualifizierte medizinische Fachkr\u00e4fte<\/li>\n<li>Medizinische Untersuchung vor der Anwendung erforderlich<\/li>\n<li>Nicht zur Selbstverabreichung oder oralen Anwendung<\/li>\n<li>Besondere Vorsicht ist f\u00fcr Patienten mit gesundheitlichen Problemen oder Medikamenten geboten<\/li>\n<\/ul>\n<p>&nbsp;<\/p>\n<p><strong>Haftungsausschluss:<\/strong><br \/>\n<em>Dieses Produkt ist ein Nahrungserg\u00e4nzungsmittel und nicht dazu gedacht, Krankheiten zu diagnostizieren, zu behandeln, zu heilen oder vorzubeugen. Die bereitgestellten Informationen dienen ausschlie\u00dflich Bildungszwecken und sollten keine professionelle medizinische Beratung ersetzen. Konsultieren Sie immer einen Arzt, bevor Sie mit einer Supplementierung beginnen.  <\/em><\/p>\n","protected":false},"excerpt":{"rendered":"<p>B-Vitamin-Komplex mit Niacinamid und D-Panthenol. Dieses professionelle Supplement wird in 2-ml-Ampullen geliefert. Jede Schachtel enth\u00e4lt 5 Ampullen. &nbsp; Verwaltungshinweise: Diese hochwirksame Formulierung erfordert professionelle medizinische Aufsicht f\u00fcr eine ordnungsgem\u00e4\u00dfe Verabreichung. Die Dosierung sollte von Ihrem Arzt basierend auf den individuellen Bed\u00fcrfnissen bestimmt werden. &nbsp; Produktspezifikationen: Jede Box enth\u00e4lt f\u00fcnf 2mL-Ampullen Enth\u00e4lt pharmazeutisches B1, B2, B6&#8230;<\/p>\n","protected":false},"featured_media":2713,"template":"","meta":{"_bst_post_transparent":"","_bst_post_title":"","_bst_post_layout":"","_bst_post_sidebar_id":"","_bst_post_content_style":"","_bst_post_vertical_padding":"","_bst_post_feature":"","_bst_post_feature_position":"","_bst_post_header":false,"_bst_post_footer":false},"product_brand":[],"product_cat":[527],"product_tag":[],"product_brands":[],"class_list":{"0":"post-3333","1":"product","2":"type-product","3":"status-publish","4":"has-post-thumbnail","6":"product_cat-ampullen","8":"first","9":"instock","10":"sale","11":"featured","12":"shipping-taxable","13":"purchasable","14":"product-type-simple","15":"entry","16":"content-bg","17":"loop-entry"},"jetpack_sharing_enabled":true,"_links":{"self":[{"href":"https:\/\/ampoules.co.uk\/de\/wp-json\/wp\/v2\/product\/3333","targetHints":{"allow":["GET"]}}],"collection":[{"href":"https:\/\/ampoules.co.uk\/de\/wp-json\/wp\/v2\/product"}],"about":[{"href":"https:\/\/ampoules.co.uk\/de\/wp-json\/wp\/v2\/types\/product"}],"version-history":[{"count":1,"href":"https:\/\/ampoules.co.uk\/de\/wp-json\/wp\/v2\/product\/3333\/revisions"}],"predecessor-version":[{"id":3816,"href":"https:\/\/ampoules.co.uk\/de\/wp-json\/wp\/v2\/product\/3333\/revisions\/3816"}],"wp:featuredmedia":[{"embeddable":true,"href":"https:\/\/ampoules.co.uk\/de\/wp-json\/wp\/v2\/media\/2713"}],"wp:attachment":[{"href":"https:\/\/ampoules.co.uk\/de\/wp-json\/wp\/v2\/media?parent=3333"}],"wp:term":[{"taxonomy":"product_brand","embeddable":true,"href":"https:\/\/ampoules.co.uk\/de\/wp-json\/wp\/v2\/product_brand?post=3333"},{"taxonomy":"product_cat","embeddable":true,"href":"https:\/\/ampoules.co.uk\/de\/wp-json\/wp\/v2\/product_cat?post=3333"},{"taxonomy":"product_tag","embeddable":true,"href":"https:\/\/ampoules.co.uk\/de\/wp-json\/wp\/v2\/product_tag?post=3333"},{"taxonomy":"product_brands","embeddable":true,"href":"https:\/\/ampoules.co.uk\/de\/wp-json\/wp\/v2\/product_brands?post=3333"}],"curies":[{"name":"wp","href":"https:\/\/api.w.org\/{rel}","templated":true}]}}