{"id":3228,"date":"2026-04-02T18:54:47","date_gmt":"2026-04-02T18:54:47","guid":{"rendered":"https:\/\/ampoules.co.uk\/product\/vitamin-c-500-mg-500-kautabletten\/"},"modified":"2026-05-14T16:54:44","modified_gmt":"2026-05-14T16:54:44","slug":"vitamin-c-500-mg-500-kautabletten","status":"publish","type":"product","link":"https:\/\/ampoules.co.uk\/de\/produkt\/vitamin-c-500-mg-500-kautabletten\/","title":{"rendered":"Vitamin C 500 mg \u2013 500 Kautabletten"},"content":{"rendered":"<p>St\u00e4rken Sie Ihr Immunsystem und Ihr allgemeines Wohlbefinden mit <strong>Kirkland Signature Vitamin C<\/strong> \u2013 einer<strong> 500 mg kaubaren Tablette<\/strong> mit Orangengeschmack. Perfekt f\u00fcr Erwachsene und Jugendliche.<\/p>\n<p>&nbsp;<\/p>\n<p>Mit <strong>500 Tabletten pro Flasche<\/strong> erhalten Sie <strong>ein au\u00dfergew\u00f6hnliches Preis-Leistungs-Verh\u00e4ltnis<\/strong> in einer Formel, die <strong>frei von k\u00fcnstlichen Farbstoffen, Aromen oder Konservierungsstoffen<\/strong> ist.<\/p>\n<p>&nbsp;<\/p>\n<p><strong>N\u00e4hrwertangaben (pro 1 Tablette)<\/strong><\/p>\n<table>\n<tbody>\n<tr>\n<th><strong>N\u00e4hrstoff<\/strong><\/th>\n<th><strong>Betrag<\/strong><\/th>\n<th><strong>%NRV<\/strong><\/th>\n<\/tr>\n<tr>\n<td><strong>Vitamin C<\/strong><\/td>\n<td><strong>500 mg<\/strong><\/td>\n<td><strong>625 %<\/strong><\/td>\n<\/tr>\n<\/tbody>\n<\/table>\n<p>*NRV = N\u00e4hrstoffreferenzwert<\/p>\n<p>&nbsp;<\/p>\n<p><strong>Warum Kirkland Signature Vitamin C w\u00e4hlen?<\/strong><\/p>\n<p>\u2714 <strong>K\u00f6stlicher nat\u00fcrlicher Orangengeschmack<\/strong> \u2013 Angenehme kaubare Form<br \/>\n\u2714 <strong>Formel<\/strong> \u2013 500 mg pro Tablette (625 % NRV)<br \/>\n \u2714 <strong>Gro\u00dfartiges Preis-Leistungs-Verh\u00e4ltnis<\/strong> \u2013 <strong>500 Tabletten f\u00fcr<\/strong> langfristige Nutzung<br \/>\n\u2714 <strong>Saubere Formel<\/strong> \u2013 Keine k\u00fcnstlichen Zusatzstoffe<\/p>\n<p>&nbsp;<\/p>\n<p><strong>Empfohlene Verwendung<\/strong><\/p>\n<p><strong>Erwachsene und Kinder \u00fcber 12 Jahre:<\/strong> Kaue <strong>t\u00e4glich eine Tablette<\/strong>, am besten zu einer Mahlzeit.<\/p>\n<p>\u26a0\ufe0f <strong>\u00dcberschreiten Sie die<\/strong> empfohlene Dosis nicht.<\/p>\n<p>&nbsp;<\/p>\n<p><strong>Wichtige Anmerkungen<\/strong><\/p>\n<p>\ud83c\udf4a Nahrungserg\u00e4nzungsmittel sollten eine ausgewogene Ern\u00e4hrung und einen gesunden Lebensstil <strong>nicht ersetzen<\/strong> .<br \/>\n\ud83c\udf21\ufe0f Lagern Sie an einem <strong>k\u00fchlen, trockenen Ort<\/strong>, fernab von Kindern.<\/p>\n<p>&nbsp;<\/p>\n<p><strong>Unterst\u00fctzen Sie Ihr Immunsystem und Ihre Vitalit\u00e4t \u2013 auf die leckere Art!<\/strong><\/p>\n","protected":false},"excerpt":{"rendered":"<p>St\u00e4rken Sie Ihr Immunsystem und Ihr allgemeines Wohlbefinden mit Kirkland Signature Vitamin C \u2013 einer 500 mg kaubaren Tablette mit Orangengeschmack. Perfekt f\u00fcr Erwachsene und Jugendliche. &nbsp; Mit 500 Tabletten pro Flasche erhalten Sie ein au\u00dfergew\u00f6hnliches Preis-Leistungs-Verh\u00e4ltnis in einer Formel, die frei von k\u00fcnstlichen Farbstoffen, Aromen oder Konservierungsstoffen ist. &nbsp; N\u00e4hrwertangaben (pro 1 Tablette) N\u00e4hrstoff&#8230;<\/p>\n","protected":false},"featured_media":2484,"template":"","meta":{"_bst_post_transparent":"","_bst_post_title":"","_bst_post_layout":"","_bst_post_sidebar_id":"","_bst_post_content_style":"","_bst_post_vertical_padding":"","_bst_post_feature":"","_bst_post_feature_position":"","_bst_post_header":false,"_bst_post_footer":false},"product_brand":[],"product_cat":[526],"product_tag":[],"product_brands":[],"class_list":{"0":"post-3228","1":"product","2":"type-product","3":"status-publish","4":"has-post-thumbnail","6":"product_cat-orale-vitamine","8":"first","9":"instock","10":"shipping-taxable","11":"purchasable","12":"product-type-simple","13":"entry","14":"content-bg","15":"loop-entry"},"jetpack_sharing_enabled":true,"_links":{"self":[{"href":"https:\/\/ampoules.co.uk\/de\/wp-json\/wp\/v2\/product\/3228","targetHints":{"allow":["GET"]}}],"collection":[{"href":"https:\/\/ampoules.co.uk\/de\/wp-json\/wp\/v2\/product"}],"about":[{"href":"https:\/\/ampoules.co.uk\/de\/wp-json\/wp\/v2\/types\/product"}],"version-history":[{"count":1,"href":"https:\/\/ampoules.co.uk\/de\/wp-json\/wp\/v2\/product\/3228\/revisions"}],"predecessor-version":[{"id":3238,"href":"https:\/\/ampoules.co.uk\/de\/wp-json\/wp\/v2\/product\/3228\/revisions\/3238"}],"wp:featuredmedia":[{"embeddable":true,"href":"https:\/\/ampoules.co.uk\/de\/wp-json\/wp\/v2\/media\/2484"}],"wp:attachment":[{"href":"https:\/\/ampoules.co.uk\/de\/wp-json\/wp\/v2\/media?parent=3228"}],"wp:term":[{"taxonomy":"product_brand","embeddable":true,"href":"https:\/\/ampoules.co.uk\/de\/wp-json\/wp\/v2\/product_brand?post=3228"},{"taxonomy":"product_cat","embeddable":true,"href":"https:\/\/ampoules.co.uk\/de\/wp-json\/wp\/v2\/product_cat?post=3228"},{"taxonomy":"product_tag","embeddable":true,"href":"https:\/\/ampoules.co.uk\/de\/wp-json\/wp\/v2\/product_tag?post=3228"},{"taxonomy":"product_brands","embeddable":true,"href":"https:\/\/ampoules.co.uk\/de\/wp-json\/wp\/v2\/product_brands?post=3228"}],"curies":[{"name":"wp","href":"https:\/\/api.w.org\/{rel}","templated":true}]}}