{"id":3675,"date":"2026-04-14T23:29:18","date_gmt":"2026-04-14T23:29:18","guid":{"rendered":"https:\/\/ampoules.co.uk\/nutzungsbedingungen\/"},"modified":"2026-05-14T16:57:03","modified_gmt":"2026-05-14T16:57:03","slug":"nutzungsbedingungen","status":"publish","type":"page","link":"https:\/\/ampoules.co.uk\/de\/nutzungsbedingungen\/","title":{"rendered":"Nutzungsbedingungen"},"content":{"rendered":"\t\t<div data-elementor-type=\"wp-page\" data-elementor-id=\"3675\" class=\"elementor elementor-3675 elementor-2534\" data-elementor-post-type=\"page\">\n\t\t\t\t<div class=\"elementor-element elementor-element-e9ed40c e-flex e-con-boxed e-con e-parent\" data-id=\"e9ed40c\" data-element_type=\"container\" data-e-type=\"container\">\n\t\t\t\t\t<div class=\"e-con-inner\">\n\t\t\t\t<div class=\"elementor-element elementor-element-64383a6 elementor-widget elementor-widget-heading\" data-id=\"64383a6\" data-element_type=\"widget\" data-e-type=\"widget\" data-widget_type=\"heading.default\">\n\t\t\t\t\t<h2 class=\"elementor-heading-title elementor-size-default\">Nutzungsbedingungen  <\/h2>\t\t\t\t<\/div>\n\t\t\t\t\t<\/div>\n\t\t\t\t<\/div>\n\t\t<div class=\"elementor-element elementor-element-06ef720 e-flex e-con-boxed e-con e-parent\" data-id=\"06ef720\" data-element_type=\"container\" data-e-type=\"container\">\n\t\t\t\t\t<div class=\"e-con-inner\">\n\t\t\t\t<div class=\"elementor-element elementor-element-4168e4e elementor-widget elementor-widget-text-editor\" data-id=\"4168e4e\" data-element_type=\"widget\" data-e-type=\"widget\" data-widget_type=\"text-editor.default\">\n\t\t\t\t\t\t\t\t\t<div id=\"bgLayers_comp-mazmvo3t\" class=\"MW5IWV\" data-hook=\"bgLayers\" data-motion-part=\"BG_LAYER comp-mazmvo3t\"><div id=\"bgMedia_comp-mazmvo3t\" class=\"VgO9Yg\" data-motion-part=\"BG_MEDIA comp-mazmvo3t\"> <\/div><\/div><div class=\"\" data-mesh-id=\"comp-mazmvo3tinlineContent\" data-testid=\"inline-content\"><div data-mesh-id=\"comp-mazmvo3tinlineContent-gridContainer\" data-testid=\"mesh-container-content\"><div id=\"comp-mazmvo3v\" class=\"ku3DBC zQ9jDz qvSjx3 Vq6kJx comp-mazmvo3v wixui-rich-text\" data-testid=\"richTextElement\"><p class=\"font_8 wixui-rich-text__text\"><span class=\"wixui-rich-text__text\">Willkommen bei Ampoules! Diese Nutzungsbedingungen (&#8222;Bedingungen&#8220;) regeln Ihre Nutzung unserer Website und unserer Dienstleistungen. Durch den Zugriff auf oder die Nutzung unserer Website stimmen Sie zu, an diese Bedingungen gebunden zu sein, daher lesen Sie sie bitte sorgf\u00e4ltig. Wenn Sie mit einem Teil dieser Bedingungen nicht einverstanden sind, d\u00fcrfen Sie unsere Website nicht nutzen oder nutzen.   <\/span><\/p><p class=\"font_8 wixui-rich-text__text\"><span class=\"wixui-rich-text__text\">\u200b<\/span><\/p><p class=\"font_8 wixui-rich-text__text\"><span class=\"wixui-rich-text__text\">1. Nutzung unserer Website:<\/span><\/p><p class=\"font_8 wixui-rich-text__text\"><span class=\"wixui-rich-text__text\">a. Sie m\u00fcssen mindestens 18 Jahre alt sein oder das gesetzliche Vollj\u00e4hrigkeitsalter in Ihrem Gerichtsbezirk erreichen, um unsere Website nutzen zu k\u00f6nnen. Durch den Zugriff auf unsere Website best\u00e4tigen Sie, dass Sie diese Altersvorgabe erf\u00fcllen.  <\/span><\/p><p class=\"font_8 wixui-rich-text__text\"><span class=\"wixui-rich-text__text\">b. Sie sind verantwortlich f\u00fcr die Vertraulichkeit Ihrer Kontodaten und f\u00fcr alle Aktivit\u00e4ten, die unter Ihrem Konto stattfinden. <\/span><\/p><p class=\"font_8 wixui-rich-text__text\"><span class=\"wixui-rich-text__text\">\u200b<\/span><\/p><p class=\"font_8 wixui-rich-text__text\"><span class=\"wixui-rich-text__text\">2. Inhalt und geistiges Eigentum:<\/span><\/p><p class=\"font_8 wixui-rich-text__text\"><span class=\"wixui-rich-text__text\">a. Alle auf unserer Website verf\u00fcgbaren Inhalte, einschlie\u00dflich, aber nicht beschr\u00e4nkt auf Text, Grafiken, Bilder, Videos, Logos und Software, sind Eigentum von Sanam Aesthetic\/Ampoules oder dessen Lizenzgebern und durch Urheberrechts- und andere geistige Eigentumsgesetze gesch\u00fctzt. <\/span><\/p><p class=\"font_8 wixui-rich-text__text\"><span class=\"wixui-rich-text__text\">b. Sie d\u00fcrfen keine abgeleiteten Werke auf Basis unserer Inhalte ohne unsere ausdr\u00fcckliche Erlaubnis kopieren, reproduzieren, verbreiten, modifizieren oder erstellen. <\/span><\/p><p class=\"font_8 wixui-rich-text__text\"><span class=\"wixui-rich-text__text\">\u200b<\/span><\/p><p class=\"font_8 wixui-rich-text__text\"><span class=\"wixui-rich-text__text\">3. Verbotene Aktivit\u00e4ten:<\/span><\/p><p class=\"font_8 wixui-rich-text__text\"><span class=\"wixui-rich-text__text\">Sie stimmen zu, sich bei der Nutzung unserer Website an keiner der folgenden Aktivit\u00e4ten zu beteiligen:<\/span><\/p><p class=\"font_8 wixui-rich-text__text\"><span class=\"wixui-rich-text__text\">a. Verst\u00f6\u00dft gegen alle geltenden Gesetze oder Vorschriften. <\/span><\/p><p class=\"font_8 wixui-rich-text__text\"><span class=\"wixui-rich-text__text\">b. Sie geben sich als eine Person oder Einheit aus oder geben Ihre Zugeh\u00f6rigkeit zu einer Person oder Einheit falsch dar. <\/span><\/p><p class=\"font_8 wixui-rich-text__text\"><span class=\"wixui-rich-text__text\">c. Beeintr\u00e4chtigung oder St\u00f6rung der Funktionalit\u00e4t unserer Website oder Server. <\/span><\/p><p class=\"font_8 wixui-rich-text__text\"><span class=\"wixui-rich-text__text\">d. Upload oder \u00dcbertragung von Viren, Malware oder anderen sch\u00e4dlichen Codes. <\/span><\/p><p class=\"font_8 wixui-rich-text__text\"><span class=\"wixui-rich-text__text\">e. Bel\u00e4stigung, Missbrauch oder Verletzung anderer. <\/span><\/p><p class=\"font_8 wixui-rich-text__text\"><span class=\"wixui-rich-text__text\">\u200b<\/span><\/p><p class=\"font_8 wixui-rich-text__text\"><span class=\"wixui-rich-text__text\">4. Datenschutzrichtlinie:<\/span><\/p><p class=\"font_8 wixui-rich-text__text\"><span class=\"wixui-rich-text__text\">Ihre Privatsph\u00e4re ist uns wichtig. Bitte lesen Sie unsere Datenschutzrichtlinie, um zu verstehen, wie wir Ihre pers\u00f6nlichen Daten sammeln, verwenden und sch\u00fctzen. <\/span><\/p><p class=\"font_8 wixui-rich-text__text\"><span class=\"wixui-rich-text__text\">\u200b<\/span><\/p><p class=\"font_8 wixui-rich-text__text\"><span class=\"wixui-rich-text__text\">5. Garantieausschluss:<\/span><\/p><p class=\"font_8 wixui-rich-text__text\"><span class=\"wixui-rich-text__text\">a. Unsere Website und unsere Dienstleistungen werden &#8222;wie bis&#8220; und &#8222;wie verf\u00fcgbar&#8220; angeboten. Wir geben keine ausdr\u00fccklichen oder stillschweigenden Garantien bez\u00fcglich der Zuverl\u00e4ssigkeit, Genauigkeit oder Verf\u00fcgbarkeit unserer Website oder Dienstleistungen.  <\/span><\/p><p class=\"font_8 wixui-rich-text__text\"><span class=\"wixui-rich-text__text\">b. Wir garantieren nicht, dass unsere Website frei von Fehlern, Viren oder anderen sch\u00e4dlichen Komponenten ist. <\/span><\/p><p class=\"font_8 wixui-rich-text__text\"><span class=\"wixui-rich-text__text\">\u200b<\/span><\/p><p class=\"font_8 wixui-rich-text__text\"><span class=\"wixui-rich-text__text\">6. Begrenzung der Haftung:<\/span><\/p><p class=\"font_8 wixui-rich-text__text\"><span class=\"wixui-rich-text__text\">a. Ampoules\/Sanam Aesthetic, seine Direktoren, Mitarbeiter oder verbundenen Unternehmen haften nicht f\u00fcr direkte, indirekte, nebens\u00e4chliche, folgenpflichtige oder strafende Sch\u00e4den, die sich aus Ihrer Nutzung unserer Website oder Dienstleistungen ergeben. <\/span><\/p><p class=\"font_8 wixui-rich-text__text\"><span class=\"wixui-rich-text__text\">b. In Rechtsordnungen, in denen Haftungsbeschr\u00e4nkungen nicht erlaubt sind, ist unsere Haftung auf das gesetzlich zul\u00e4ssige Maximum beschr\u00e4nkt. <\/span><\/p><p class=\"font_8 wixui-rich-text__text\"><span class=\"wixui-rich-text__text\">\u200b<\/span><\/p><p class=\"font_8 wixui-rich-text__text\"><span class=\"wixui-rich-text__text\">7. Entsch\u00e4digung:<\/span><\/p><p class=\"font_8 wixui-rich-text__text\"><span class=\"wixui-rich-text__text\">Sie erkl\u00e4ren sich bereit, Sanam Aesthetic\/Ampoules und seine Partner von Verlusten, Sch\u00e4den, Kosten oder Haftungen zu entsch\u00e4digen und unsch\u00e4dlich zu halten, die sich aus oder im Zusammenhang mit Ihrer Nutzung unserer Website oder Verst\u00f6\u00dfen gegen diese Bedingungen ergeben.<\/span><\/p><p class=\"font_8 wixui-rich-text__text\"><span class=\"wixui-rich-text__text\">\u200b<\/span><\/p><p class=\"font_8 wixui-rich-text__text\"><span class=\"wixui-rich-text__text\">8. \u00c4nderungen der Bedingungen:<\/span><\/p><p class=\"font_8 wixui-rich-text__text\"><span class=\"wixui-rich-text__text\">Wir behalten uns das Recht vor, diese Bedingungen jederzeit ohne vorherige Ank\u00fcndigung zu aktualisieren oder zu \u00e4ndern. Etwaige \u00c4nderungen treten in Kraft, sobald sie auf unserer Website ver\u00f6ffentlicht werden. Wenn Sie unsere Website nach solchen \u00c4nderungen weiterhin nutzen, stimmen Sie zu, an die aktualisierten Bedingungen gebunden zu sein.  <\/span><\/p><p class=\"font_8 wixui-rich-text__text\"><span class=\"wixui-rich-text__text\">\u200b<\/span><\/p><p class=\"font_8 wixui-rich-text__text\"><span class=\"wixui-rich-text__text\">9. Geltendes Recht und Zust\u00e4ndigkeit:<\/span><\/p><p class=\"font_8 wixui-rich-text__text\"><span class=\"wixui-rich-text__text\">Diese Bedingungen werden gem\u00e4\u00df den Gesetzen des Vereinigten K\u00f6nigreichs geregelt und entsprechend ausgelegt. Alle Streitigkeiten, die sich aus oder im Zusammenhang mit diesen Bedingungen ergeben, unterliegen der ausschlie\u00dflichen Zust\u00e4ndigkeit. <\/span><\/p><p class=\"font_8 wixui-rich-text__text\"><span class=\"wixui-rich-text__text\">\u200b<\/span><\/p><p class=\"font_8 wixui-rich-text__text\"><span class=\"wixui-rich-text__text\">10. Kontaktieren Sie uns:<\/span><\/p><p class=\"font_8 wixui-rich-text__text\"><span class=\"wixui-rich-text__text\">Wenn Sie Fragen oder Bedenken zu diesen Nutzungsbedingungen haben, kontaktieren Sie uns bitte.<\/span><\/p><p class=\"font_8 wixui-rich-text__text\"><span class=\"wixui-rich-text__text\"><span class=\"wixGuard wixui-rich-text__text\">\u200b<\/span><\/span><\/p><p class=\"font_8 wixui-rich-text__text\"><span class=\"wixui-rich-text__text\">Zuletzt aktualisiert: 05.08.2025<\/span><\/p><\/div><\/div><\/div>\t\t\t\t\t\t\t\t<\/div>\n\t\t\t\t\t<\/div>\n\t\t\t\t<\/div>\n\t\t\t\t<\/div>\n\t\t","protected":false},"excerpt":{"rendered":"<p>Nutzungsbedingungen Willkommen bei Ampoules! Diese Nutzungsbedingungen (&#8222;Bedingungen&#8220;) regeln Ihre Nutzung unserer Website und unserer Dienstleistungen. Durch den Zugriff auf oder die Nutzung unserer Website stimmen Sie zu, an diese Bedingungen gebunden zu sein, daher lesen Sie sie bitte sorgf\u00e4ltig. Wenn Sie mit einem Teil dieser Bedingungen nicht einverstanden sind, d\u00fcrfen Sie unsere Website nicht nutzen&#8230;<\/p>\n","protected":false},"author":1,"featured_media":0,"parent":0,"menu_order":0,"comment_status":"closed","ping_status":"closed","template":"","meta":{"_bst_post_transparent":"","_bst_post_title":"","_bst_post_layout":"","_bst_post_sidebar_id":"","_bst_post_content_style":"","_bst_post_vertical_padding":"","_bst_post_feature":"","_bst_post_feature_position":"","_bst_post_header":false,"_bst_post_footer":false,"footnotes":""},"class_list":["post-3675","page","type-page","status-publish","hentry"],"jetpack_sharing_enabled":true,"_links":{"self":[{"href":"https:\/\/ampoules.co.uk\/de\/wp-json\/wp\/v2\/pages\/3675","targetHints":{"allow":["GET"]}}],"collection":[{"href":"https:\/\/ampoules.co.uk\/de\/wp-json\/wp\/v2\/pages"}],"about":[{"href":"https:\/\/ampoules.co.uk\/de\/wp-json\/wp\/v2\/types\/page"}],"author":[{"embeddable":true,"href":"https:\/\/ampoules.co.uk\/de\/wp-json\/wp\/v2\/users\/1"}],"replies":[{"embeddable":true,"href":"https:\/\/ampoules.co.uk\/de\/wp-json\/wp\/v2\/comments?post=3675"}],"version-history":[{"count":0,"href":"https:\/\/ampoules.co.uk\/de\/wp-json\/wp\/v2\/pages\/3675\/revisions"}],"wp:attachment":[{"href":"https:\/\/ampoules.co.uk\/de\/wp-json\/wp\/v2\/media?parent=3675"}],"curies":[{"name":"wp","href":"https:\/\/api.w.org\/{rel}","templated":true}]}}