{"id":3668,"date":"2023-10-05T04:26:55","date_gmt":"2023-10-05T04:26:55","guid":{"rendered":"https:\/\/ampoules.co.uk\/faqs\/"},"modified":"2026-05-14T16:57:44","modified_gmt":"2026-05-14T16:57:44","slug":"faqs","status":"publish","type":"page","link":"https:\/\/ampoules.co.uk\/de\/faqs\/","title":{"rendered":"FAQs"},"content":{"rendered":"\t\t<div data-elementor-type=\"wp-page\" data-elementor-id=\"3668\" class=\"elementor elementor-3668 elementor-60\" data-elementor-post-type=\"page\">\n\t\t\t\t\t\t<section class=\"elementor-section elementor-top-section elementor-element elementor-element-c6424ac elementor-section-boxed elementor-section-height-default elementor-section-height-default\" data-id=\"c6424ac\" data-element_type=\"section\" data-e-type=\"section\">\n\t\t\t\t\t\t<div class=\"elementor-container elementor-column-gap-no\">\n\t\t\t\t\t<div class=\"elementor-column elementor-col-100 elementor-top-column elementor-element elementor-element-7a19381\" data-id=\"7a19381\" data-element_type=\"column\" data-e-type=\"column\">\n\t\t\t<div class=\"elementor-widget-wrap elementor-element-populated\">\n\t\t\t\t\t\t<div class=\"elementor-element elementor-element-f44ba06 elementor-widget elementor-widget-image\" data-id=\"f44ba06\" data-element_type=\"widget\" data-e-type=\"widget\" data-widget_type=\"image.default\">\n\t\t\t\t\t\t\t\t\t\t\t\t\t\t\t<img fetchpriority=\"high\" decoding=\"async\" width=\"447\" height=\"512\" src=\"https:\/\/ampoules.co.uk\/wp-content\/uploads\/2025\/01\/04.svg\" class=\"attachment-full size-full wp-image-3671\" alt=\"\" \/>\t\t\t\t\t\t\t\t\t\t\t\t\t\t\t<\/div>\n\t\t\t\t<div class=\"elementor-element elementor-element-4459721 elementor-widget elementor-widget-heading\" data-id=\"4459721\" data-element_type=\"widget\" data-e-type=\"widget\" data-widget_type=\"heading.default\">\n\t\t\t\t\t<h2 class=\"elementor-heading-title elementor-size-default\"><span style=\"background-color: initial;font-weight: bold;font-family: caudex, serif;font-size: 56px;letter-spacing: normal;text-align: start;white-space: normal;float: none\">H\u00e4ufig gestellte Anfragen<\/span><\/h2>\t\t\t\t<\/div>\n\t\t\t\t<div class=\"elementor-element elementor-element-b539d98 elementor-widget__width-initial elementor-widget elementor-widget-accordion\" data-id=\"b539d98\" data-element_type=\"widget\" data-e-type=\"widget\" data-widget_type=\"accordion.default\">\n\t\t\t\t\t\t\t<div class=\"elementor-accordion\">\n\t\t\t\t\t\t\t<div class=\"elementor-accordion-item\">\n\t\t\t\t\t<div id=\"elementor-tab-title-1901\" class=\"elementor-tab-title\" data-tab=\"1\" role=\"button\" aria-controls=\"elementor-tab-content-1901\" aria-expanded=\"false\">\n\t\t\t\t\t\t\t\t\t\t\t\t\t<span class=\"elementor-accordion-icon elementor-accordion-icon-right\" aria-hidden=\"true\">\n\t\t\t\t\t\t\t\t\t\t\t\t\t\t\t<span class=\"elementor-accordion-icon-closed\"><svg class=\"e-font-icon-svg e-fas-plus\" viewBox=\"0 0 448 512\" xmlns=\"http:\/\/www.w3.org\/2000\/svg\"><path d=\"M416 208H272V64c0-17.67-14.33-32-32-32h-32c-17.67 0-32 14.33-32 32v144H32c-17.67 0-32 14.33-32 32v32c0 17.67 14.33 32 32 32h144v144c0 17.67 14.33 32 32 32h32c17.67 0 32-14.33 32-32V304h144c17.67 0 32-14.33 32-32v-32c0-17.67-14.33-32-32-32z\"><\/path><\/svg><\/span>\n\t\t\t\t\t\t\t\t<span class=\"elementor-accordion-icon-opened\"><svg class=\"e-font-icon-svg e-fas-minus\" viewBox=\"0 0 448 512\" xmlns=\"http:\/\/www.w3.org\/2000\/svg\"><path d=\"M416 208H32c-17.67 0-32 14.33-32 32v32c0 17.67 14.33 32 32 32h384c17.67 0 32-14.33 32-32v-32c0-17.67-14.33-32-32-32z\"><\/path><\/svg><\/span>\n\t\t\t\t\t\t\t\t\t\t\t\t\t\t<\/span>\n\t\t\t\t\t\t\t\t\t\t\t\t<a class=\"elementor-accordion-title\" tabindex=\"0\">  H\u00e4ufig gestellte Fragen: In welche L\u00e4nder versendest du?<\/a>\n\t\t\t\t\t<\/div>\n\t\t\t\t\t<div id=\"elementor-tab-content-1901\" class=\"elementor-tab-content elementor-clearfix\" data-tab=\"1\" role=\"region\" aria-labelledby=\"elementor-tab-title-1901\"><p>Wir liefern derzeit in \u00fcber 50 L\u00e4nder weltweit, darunter die USA, Gro\u00dfbritannien, Kanada, Australien und die meisten europ\u00e4ischen L\u00e4nder. Eine vollst\u00e4ndige Liste der unterst\u00fctzten Ziele finden Sie unten: Albanien, Australien, \u00d6sterreich, Belgien, Bosnien &amp; Herzegowina, Brasilien, Bulgarien, Kanada, China, Kroatien, Zypern, Tschechien, D\u00e4nemark, Estland, F\u00e4r\u00f6er, Finnland, Frankreich, Deutschland, Gibraltar, Griechenland, Guernsey, Ungarn, Island, Irland, Israel, Italien, Jersey, Kenia, Kosovo, Lettland, Liechtenstein, Litauen, Luxemburg, Mazedonien, Malta, Mexiko, Monaco, Montenegro, Niederlande, Neuseeland, Norwegen, Pakistan,  Polen, Portugal, Rum\u00e4nien, Russland, San Marino, Serbien, Slowakei, Slowenien, S\u00fcdafrika, S\u00fcdkorea, Spanien, Schweden, Schweiz, T\u00fcrkei, VAE, Gro\u00dfbritannien, USA. <\/p>\n<p>Siehst du dein Land nicht aufgef\u00fchrt? Schicken Sie uns einfach eine Nachricht, und wir werden unser Bestes tun, um den Versand f\u00fcr Sie zu organisieren. <\/p>\n<\/div>\n\t\t\t\t<\/div>\n\t\t\t\t\t\t\t<div class=\"elementor-accordion-item\">\n\t\t\t\t\t<div id=\"elementor-tab-title-1902\" class=\"elementor-tab-title\" data-tab=\"2\" role=\"button\" aria-controls=\"elementor-tab-content-1902\" aria-expanded=\"false\">\n\t\t\t\t\t\t\t\t\t\t\t\t\t<span class=\"elementor-accordion-icon elementor-accordion-icon-right\" aria-hidden=\"true\">\n\t\t\t\t\t\t\t\t\t\t\t\t\t\t\t<span class=\"elementor-accordion-icon-closed\"><svg class=\"e-font-icon-svg e-fas-plus\" viewBox=\"0 0 448 512\" xmlns=\"http:\/\/www.w3.org\/2000\/svg\"><path d=\"M416 208H272V64c0-17.67-14.33-32-32-32h-32c-17.67 0-32 14.33-32 32v144H32c-17.67 0-32 14.33-32 32v32c0 17.67 14.33 32 32 32h144v144c0 17.67 14.33 32 32 32h32c17.67 0 32-14.33 32-32V304h144c17.67 0 32-14.33 32-32v-32c0-17.67-14.33-32-32-32z\"><\/path><\/svg><\/span>\n\t\t\t\t\t\t\t\t<span class=\"elementor-accordion-icon-opened\"><svg class=\"e-font-icon-svg e-fas-minus\" viewBox=\"0 0 448 512\" xmlns=\"http:\/\/www.w3.org\/2000\/svg\"><path d=\"M416 208H32c-17.67 0-32 14.33-32 32v32c0 17.67 14.33 32 32 32h384c17.67 0 32-14.33 32-32v-32c0-17.67-14.33-32-32-32z\"><\/path><\/svg><\/span>\n\t\t\t\t\t\t\t\t\t\t\t\t\t\t<\/span>\n\t\t\t\t\t\t\t\t\t\t\t\t<a class=\"elementor-accordion-title\" tabindex=\"0\">Bieten Sie kostenlosen Versand an? Wie hoch sind die Mindestanforderungen der Reihenfolge? <\/a>\n\t\t\t\t\t<\/div>\n\t\t\t\t\t<div id=\"elementor-tab-content-1902\" class=\"elementor-tab-content elementor-clearfix\" data-tab=\"2\" role=\"region\" aria-labelledby=\"elementor-tab-title-1902\"><p>Ja! Wir bieten kostenlose Lieferung mit folgenden Mindestbestellwerten an: UK: Bestellungen m\u00fcssen insgesamt \u00a315 GBP oder mehr betragen. International: Bestellungen m\u00fcssen \u00a3150 GBP (oder ein entsprechendes Volumen in Ihrer Landesw\u00e4hrung) erreichen. Hinweis: Versandkosten fallen automatisch an, wenn Ihre Bestellung unter diesen Schwellenwerten liegt.   <\/p>\n<\/div>\n\t\t\t\t<\/div>\n\t\t\t\t\t\t\t<div class=\"elementor-accordion-item\">\n\t\t\t\t\t<div id=\"elementor-tab-title-1903\" class=\"elementor-tab-title\" data-tab=\"3\" role=\"button\" aria-controls=\"elementor-tab-content-1903\" aria-expanded=\"false\">\n\t\t\t\t\t\t\t\t\t\t\t\t\t<span class=\"elementor-accordion-icon elementor-accordion-icon-right\" aria-hidden=\"true\">\n\t\t\t\t\t\t\t\t\t\t\t\t\t\t\t<span class=\"elementor-accordion-icon-closed\"><svg class=\"e-font-icon-svg e-fas-plus\" viewBox=\"0 0 448 512\" xmlns=\"http:\/\/www.w3.org\/2000\/svg\"><path d=\"M416 208H272V64c0-17.67-14.33-32-32-32h-32c-17.67 0-32 14.33-32 32v144H32c-17.67 0-32 14.33-32 32v32c0 17.67 14.33 32 32 32h144v144c0 17.67 14.33 32 32 32h32c17.67 0 32-14.33 32-32V304h144c17.67 0 32-14.33 32-32v-32c0-17.67-14.33-32-32-32z\"><\/path><\/svg><\/span>\n\t\t\t\t\t\t\t\t<span class=\"elementor-accordion-icon-opened\"><svg class=\"e-font-icon-svg e-fas-minus\" viewBox=\"0 0 448 512\" xmlns=\"http:\/\/www.w3.org\/2000\/svg\"><path d=\"M416 208H32c-17.67 0-32 14.33-32 32v32c0 17.67 14.33 32 32 32h384c17.67 0 32-14.33 32-32v-32c0-17.67-14.33-32-32-32z\"><\/path><\/svg><\/span>\n\t\t\t\t\t\t\t\t\t\t\t\t\t\t<\/span>\n\t\t\t\t\t\t\t\t\t\t\t\t<a class=\"elementor-accordion-title\" tabindex=\"0\">Muss ich f\u00fcr meine Bestellung Einfuhrsteuern oder Zollgeb\u00fchren zahlen?<\/a>\n\t\t\t\t\t<\/div>\n\t\t\t\t\t<div id=\"elementor-tab-content-1903\" class=\"elementor-tab-content elementor-clearfix\" data-tab=\"3\" role=\"region\" aria-labelledby=\"elementor-tab-title-1903\"><p>F\u00fcr Bestellungen, die au\u00dferhalb des Vereinigten K\u00f6nigreichs verschickt werden, k\u00f6nnen der \u00f6rtliche Zoll zus\u00e4tzliche Einfuhrsteuern, Z\u00f6lle oder Geb\u00fchren anheben. So funktioniert es: Nach dem Checkout senden wir Ihnen eine E-Mail mit einer gesch\u00e4tzten Steuer-\/Zollgeb\u00fchr (falls in Ihrem Land zutreffend). Sie k\u00f6nnen w\u00e4hlen: Die Geb\u00fchren bezahlen und mit der Lieferung fortfahren. Stornieren Sie Ihre Bestellung f\u00fcr eine vollst\u00e4ndige R\u00fcckerstattung (falls Sie nicht zahlen m\u00f6chten). Hinweis: Zollgeb\u00fchren sind nur eine Sch\u00e4tzung \u2013 die Endgeb\u00fchr kann je nach Bewertung Ihres \u00f6rtlichen Zollbeamten leicht variieren.    <\/p>\n<\/div>\n\t\t\t\t<\/div>\n\t\t\t\t\t\t\t\t\t\t<script type=\"application\/ld+json\">{\"@context\":\"https:\\\/\\\/schema.org\",\"@type\":\"FAQPage\",\"mainEntity\":[{\"@type\":\"Question\",\"name\":\"H\\u00e4ufig gestellte Fragen: In welche L\\u00e4nder versendest du?\",\"acceptedAnswer\":{\"@type\":\"Answer\",\"text\":\"<p>Wir liefern derzeit in \\u00fcber 50 L\\u00e4nder weltweit, darunter die USA, Gro\\u00dfbritannien, Kanada, Australien und die meisten europ\\u00e4ischen L\\u00e4nder. Eine vollst\\u00e4ndige Liste der unterst\\u00fctzten Ziele finden Sie unten: Albanien, Australien, \\u00d6sterreich, Belgien, Bosnien &amp; Herzegowina, Brasilien, Bulgarien, Kanada, China, Kroatien, Zypern, Tschechien, D\\u00e4nemark, Estland, F\\u00e4r\\u00f6er, Finnland, Frankreich, Deutschland, Gibraltar, Griechenland, Guernsey, Ungarn, Island, Irland, Israel, Italien, Jersey, Kenia, Kosovo, Lettland, Liechtenstein, Litauen, Luxemburg, Mazedonien, Malta, Mexiko, Monaco, Montenegro, Niederlande, Neuseeland, Norwegen, Pakistan,  Polen, Portugal, Rum\\u00e4nien, Russland, San Marino, Serbien, Slowakei, Slowenien, S\\u00fcdafrika, S\\u00fcdkorea, Spanien, Schweden, Schweiz, T\\u00fcrkei, VAE, Gro\\u00dfbritannien, USA. <\\\/p>\\n<p>Siehst du dein Land nicht aufgef\\u00fchrt? Schicken Sie uns einfach eine Nachricht, und wir werden unser Bestes tun, um den Versand f\\u00fcr Sie zu organisieren. <\\\/p>\\n\"}},{\"@type\":\"Question\",\"name\":\"Bieten Sie kostenlosen Versand an? Wie hoch sind die Mindestanforderungen der Reihenfolge?\",\"acceptedAnswer\":{\"@type\":\"Answer\",\"text\":\"<p>Ja! Wir bieten kostenlose Lieferung mit folgenden Mindestbestellwerten an: UK: Bestellungen m\\u00fcssen insgesamt \\u00a315 GBP oder mehr betragen. International: Bestellungen m\\u00fcssen \\u00a3150 GBP (oder ein entsprechendes Volumen in Ihrer Landesw\\u00e4hrung) erreichen. Hinweis: Versandkosten fallen automatisch an, wenn Ihre Bestellung unter diesen Schwellenwerten liegt.   <\\\/p>\\n\"}},{\"@type\":\"Question\",\"name\":\"Muss ich f\\u00fcr meine Bestellung Einfuhrsteuern oder Zollgeb\\u00fchren zahlen?\",\"acceptedAnswer\":{\"@type\":\"Answer\",\"text\":\"<p>F\\u00fcr Bestellungen, die au\\u00dferhalb des Vereinigten K\\u00f6nigreichs verschickt werden, k\\u00f6nnen der \\u00f6rtliche Zoll zus\\u00e4tzliche Einfuhrsteuern, Z\\u00f6lle oder Geb\\u00fchren anheben. So funktioniert es: Nach dem Checkout senden wir Ihnen eine E-Mail mit einer gesch\\u00e4tzten Steuer-\\\/Zollgeb\\u00fchr (falls in Ihrem Land zutreffend). Sie k\\u00f6nnen w\\u00e4hlen: Die Geb\\u00fchren bezahlen und mit der Lieferung fortfahren. Stornieren Sie Ihre Bestellung f\\u00fcr eine vollst\\u00e4ndige R\\u00fcckerstattung (falls Sie nicht zahlen m\\u00f6chten). Hinweis: Zollgeb\\u00fchren sind nur eine Sch\\u00e4tzung \\u2013 die Endgeb\\u00fchr kann je nach Bewertung Ihres \\u00f6rtlichen Zollbeamten leicht variieren.    <\\\/p>\\n\"}}]}<\/script>\n\t\t\t\t\t<\/div>\n\t\t\t\t\t\t<\/div>\n\t\t\t\t\t<\/div>\n\t\t<\/div>\n\t\t\t\t\t<\/div>\n\t\t<\/section>\n\t\t\t\t<\/div>\n\t\t","protected":false},"excerpt":{"rendered":"<p>H\u00e4ufig gestellte Anfragen H\u00e4ufig gestellte Fragen: In welche L\u00e4nder versendest du? Wir liefern derzeit in \u00fcber 50 L\u00e4nder weltweit, darunter die USA, Gro\u00dfbritannien, Kanada, Australien und die meisten europ\u00e4ischen L\u00e4nder. Eine vollst\u00e4ndige Liste der unterst\u00fctzten Ziele finden Sie unten: Albanien, Australien, \u00d6sterreich, Belgien, Bosnien &amp; Herzegowina, Brasilien, Bulgarien, Kanada, China, Kroatien, Zypern, Tschechien, D\u00e4nemark, Estland,&#8230;<\/p>\n","protected":false},"author":1,"featured_media":0,"parent":0,"menu_order":0,"comment_status":"closed","ping_status":"closed","template":"","meta":{"_bst_post_transparent":"","_bst_post_title":"","_bst_post_layout":"","_bst_post_sidebar_id":"","_bst_post_content_style":"","_bst_post_vertical_padding":"","_bst_post_feature":"","_bst_post_feature_position":"","_bst_post_header":false,"_bst_post_footer":false,"footnotes":""},"class_list":["post-3668","page","type-page","status-publish","hentry"],"jetpack_sharing_enabled":true,"_links":{"self":[{"href":"https:\/\/ampoules.co.uk\/de\/wp-json\/wp\/v2\/pages\/3668","targetHints":{"allow":["GET"]}}],"collection":[{"href":"https:\/\/ampoules.co.uk\/de\/wp-json\/wp\/v2\/pages"}],"about":[{"href":"https:\/\/ampoules.co.uk\/de\/wp-json\/wp\/v2\/types\/page"}],"author":[{"embeddable":true,"href":"https:\/\/ampoules.co.uk\/de\/wp-json\/wp\/v2\/users\/1"}],"replies":[{"embeddable":true,"href":"https:\/\/ampoules.co.uk\/de\/wp-json\/wp\/v2\/comments?post=3668"}],"version-history":[{"count":0,"href":"https:\/\/ampoules.co.uk\/de\/wp-json\/wp\/v2\/pages\/3668\/revisions"}],"wp:attachment":[{"href":"https:\/\/ampoules.co.uk\/de\/wp-json\/wp\/v2\/media?parent=3668"}],"curies":[{"name":"wp","href":"https:\/\/api.w.org\/{rel}","templated":true}]}}