{"id":3309,"date":"2026-04-14T23:34:52","date_gmt":"2026-04-14T23:34:52","guid":{"rendered":"https:\/\/ampoules.co.uk\/versandpolitik\/"},"modified":"2026-05-14T16:55:17","modified_gmt":"2026-05-14T16:55:17","slug":"versandpolitik","status":"publish","type":"page","link":"https:\/\/ampoules.co.uk\/de\/versandpolitik\/","title":{"rendered":"Versandpolitik"},"content":{"rendered":"\t\t<div data-elementor-type=\"wp-page\" data-elementor-id=\"3309\" class=\"elementor elementor-3309 elementor-2552\" data-elementor-post-type=\"page\">\n\t\t\t\t<div class=\"elementor-element elementor-element-97829ff e-flex e-con-boxed e-con e-parent\" data-id=\"97829ff\" data-element_type=\"container\" data-e-type=\"container\">\n\t\t\t\t\t<div class=\"e-con-inner\">\n\t\t\t\t<div class=\"elementor-element elementor-element-83a263f elementor-widget elementor-widget-heading\" data-id=\"83a263f\" data-element_type=\"widget\" data-e-type=\"widget\" data-widget_type=\"heading.default\">\n\t\t\t\t\t<h2 class=\"elementor-heading-title elementor-size-default\">Versandpolitik<\/h2>\t\t\t\t<\/div>\n\t\t\t\t\t<\/div>\n\t\t\t\t<\/div>\n\t\t<div class=\"elementor-element elementor-element-9f785e5 e-flex e-con-boxed e-con e-parent\" data-id=\"9f785e5\" data-element_type=\"container\" data-e-type=\"container\">\n\t\t\t\t\t<div class=\"e-con-inner\">\n\t\t\t\t<div class=\"elementor-element elementor-element-1673836 elementor-widget elementor-widget-text-editor\" data-id=\"1673836\" data-element_type=\"widget\" data-e-type=\"widget\" data-widget_type=\"text-editor.default\">\n\t\t\t\t\t\t\t\t\t<p class=\"font_8 wixui-rich-text__text\"><span class=\"wixui-rich-text__text\">Vielen Dank, dass Sie Ampoules f\u00fcr Ihre Sch\u00f6nheits- und Hautpflegebed\u00fcrfnisse gew\u00e4hlt haben. Wir bem\u00fchen uns, ein reibungsloses Einkaufserlebnis zu bieten, einschlie\u00dflich effizienter und zuverl\u00e4ssiger Versanddienste. Bitte lesen Sie unsere Versandrichtlinie, um unsere Versandmethoden, Lieferzeiten und zugeh\u00f6rige Informationen zu verstehen.  <\/span><\/p><p class=\"font_8 wixui-rich-text__text\"><span class=\"wixui-rich-text__text\"><span class=\"wixui-rich-text__text\">1. Bestellbearbeitung:<\/span><\/span><\/p><p class=\"font_8 wixui-rich-text__text\"><span class=\"wixui-rich-text__text\">a. Wir bearbeiten Bestellungen z\u00fcgig, typischerweise innerhalb von 1 bis 2 Werktagen nach Erhalt der Zahlungsbest\u00e4tigung. <\/span><\/p><p class=\"font_8 wixui-rich-text__text\"><span class=\"wixui-rich-text__text\">b. Im Falle von Vorbestellungen oder r\u00fcckbestellten Artikeln geben wir auf der Produktseite die gesch\u00e4tzten Versanddaten an. Bitte beachten Sie, dass sich diese Termine \u00e4ndern k\u00f6nnen, und wir werden Sie \u00fcber etwaige Verz\u00f6gerungen informieren.  <\/span><\/p><p class=\"font_8 wixui-rich-text__text\"><span class=\"wixui-rich-text__text\"><span class=\"wixui-rich-text__text\">2. Versandmethoden:<\/span><\/span><\/p><p class=\"font_8 wixui-rich-text__text\"><span class=\"wixui-rich-text__text\">a. Wir arbeiten mit seri\u00f6sen Versanddienstleistern zusammen, um eine sichere und p\u00fcnktliche Lieferung Ihrer Bestellungen sicherzustellen. <\/span><\/p><p class=\"font_8 wixui-rich-text__text\"><span class=\"wixui-rich-text__text\">b. F\u00fcr Inlandsbestellungen (UK) verwenden wir haupts\u00e4chlich DPD und EVRi f\u00fcr den Versand. <\/span><\/p><p class=\"font_8 wixui-rich-text__text\"><span class=\"wixui-rich-text__text\">c. F\u00fcr internationale Bestellungen bieten wir Standard- und Express-Versandoptionen an, wobei die Lieferzeiten je nach Ziel und gew\u00e4hlter Versandart variieren. Wir nutzen haupts\u00e4chlich USPS, FedEx, UPS, DPD, EVRi und DHL f\u00fcr den Versand.  <\/span><\/p><p class=\"font_8 wixui-rich-text__text\"><span class=\"wixui-rich-text__text\">3. Lieferzeiten:<\/span><\/p><p class=\"font_8 wixui-rich-text__text\"><span class=\"wixui-rich-text__text\">a. Die Lieferzeiten k\u00f6nnen je nach gew\u00e4hlter Versandmethode beim Checkout und der Zieladresse variieren. <\/span><\/p><p class=\"font_8 wixui-rich-text__text\"><span class=\"wixui-rich-text__text\">b. Die gesch\u00e4tzten Lieferzeiten f\u00fcr den Standardversand innerhalb des Vereinigten K\u00f6nigreichs liegen typischerweise zwischen 3 und 5 Werktagen, w\u00e4hrend internationale Lieferzeiten in der Regel 2 bis 15 Werktage betragen. <\/span><\/p><p class=\"font_8 wixui-rich-text__text\"><span class=\"wixui-rich-text__text\">c. Bitte beachten Sie, dass die Lieferzeiten durch unvorhergesehene Umst\u00e4nde wie Zollverz\u00f6gerungen, extreme Wetterbedingungen oder andere Ereignisse au\u00dferhalb unserer Kontrolle beeinflusst werden k\u00f6nnen. <\/span><\/p><p class=\"font_8 wixui-rich-text__text\"><span class=\"wixui-rich-text__text\"><span class=\"wixui-rich-text__text\">4. Bestellverfolgung:<\/span><\/span><\/p><p class=\"font_8 wixui-rich-text__text\"><span class=\"wixui-rich-text__text\">a. Sobald Ihre Bestellung verschickt ist, stellen wir Ihnen eine Sendungsverfolgungsnummer per E-Mail zur Verf\u00fcgung (sofern sie beim Checkout angegeben wird). <\/span><\/p><p class=\"font_8 wixui-rich-text__text\"><span class=\"wixui-rich-text__text\">b. Sie k\u00f6nnen die bereitgestellte Sendungsverfolgungsnummer nutzen, um den Status und den Standort Ihres Pakets zu \u00fcberwachen. <\/span><\/p><p class=\"font_8 wixui-rich-text__text\"><span class=\"wixui-rich-text__text\"><span class=\"wixui-rich-text__text\">5. Versandkosten:<\/span><\/span><\/p><p class=\"font_8 wixui-rich-text__text\"><span class=\"wixui-rich-text__text\">a. Die Versandkosten werden basierend auf dem Gesamtgewicht Ihrer Bestellung, der Gr\u00f6\u00dfe und dem Versandort berechnet. <\/span><\/p><p class=\"font_8 wixui-rich-text__text\"><span class=\"wixui-rich-text__text\">b. Die Versandgeb\u00fchren werden w\u00e4hrend des Checkout-Vorlaufs angezeigt, und Sie haben die M\u00f6glichkeit, die Gesamtkosten vor der Best\u00e4tigung Ihrer Bestellung einzusehen. <\/span><\/p><p class=\"font_8 wixui-rich-text__text\"><span class=\"wixui-rich-text__text\">c. Wir bieten kostenlosen Versand an jeden von uns abgedeckten internationalen Standort, sofern Ihre Gesamtbestellung 150 britische Pfund Sterling betr\u00e4gt oder \u00fcberschreitet. <\/span><\/p><p>d. Adressen im Vereinigten K\u00f6nigreich erhalten kostenlosen Versand nach einer Mindestausgabe von 15 <span class=\"wixui-rich-text__text\">britischen Pfund Sterling.<\/span> <\/p><p class=\"font_8 wixui-rich-text__text\"><span class=\"wixui-rich-text__text\"><span class=\"wixui-rich-text__text\">6. Zoll und Z\u00f6lle:<\/span><\/span><\/p><p class=\"font_8 wixui-rich-text__text\"><span class=\"wixui-rich-text__text\">a. Bei internationalen Bestellungen liegen Zollgeb\u00fchren, Steuern und etwaige zus\u00e4tzliche Geb\u00fchren in der Verantwortung des Empf\u00e4ngers. Bitte erkundigen Sie sich bei Ihrem \u00f6rtlichen Zollamt nach Details zu den anfallenden Geb\u00fchren.  <\/span><\/p><p class=\"font_8 wixui-rich-text__text\"><span class=\"wixui-rich-text__text\">b. Wir \u00fcbernehmen keine Verantwortung f\u00fcr Verz\u00f6gerungen oder Geb\u00fchren bei der Zollabfertigung. <\/span><\/p><p class=\"font_8 wixui-rich-text__text\"><span class=\"wixui-rich-text__text\"><span class=\"wixui-rich-text__text\">7. Versandbeschr\u00e4nkungen:<\/span><\/span><\/p><p class=\"font_8 wixui-rich-text__text\"><span class=\"wixui-rich-text__text\">a. Derzeit bieten wir nur Versand innerhalb Albaniens, Australiens, \u00d6sterreichs, Belgiens, Bosnien &amp; Herzegowina, Bulgariens, Kanadas, Kroatiens, Zyperns, Tschechiens, D\u00e4nemarks, Estlands, F\u00e4r\u00f6er, Finnlands, Frankreichs, Deutschlands, Gibraltars, Griechenlands, Guernsey, Ungarns, Islands, Irlands, Italiens, Jerseys, Kenia, Kosovo, Lettlands, Liechtensteins, Litauens, Luxemburgs, Mazedoniens, Maltas, Mexikos, Monacos, Montenegro, Niederlande, Neuseeland, Norwegen, Polen, Portugal, Rum\u00e4nien, San Marino, Serbien,  Slowakei, Slowenien, S\u00fcdkorea, Spanien, Schweden, Schweiz, T\u00fcrkei, Vereinigtes K\u00f6nigreich, USA. <\/span><\/p><p class=\"font_8 wixui-rich-text__text\"><span class=\"wixui-rich-text__text\">b. Bestimmte Artikel k\u00f6nnen Versandbeschr\u00e4nkungen oder -vorschriften unterliegen, die auf dem Reiseziel oder den \u00f6rtlichen Gesetzen basieren. Wir informieren Sie w\u00e4hrend des Checkout-Prozesses, falls Einschr\u00e4nkungen f\u00fcr Ihre Bestellung gelten.  <\/span><\/p><p class=\"font_8 wixui-rich-text__text\"><span class=\"wixui-rich-text__text\"><span class=\"wixui-rich-text__text\">8. Adressgenauigkeit:<\/span><\/span><\/p><p class=\"font_8 wixui-rich-text__text\"><span class=\"wixui-rich-text__text\">Bitte stellen Sie sicher, dass Ihre Versandadresse korrekt und vollst\u00e4ndig ist, um Verz\u00f6gerungen oder zur\u00fcckgegebene Pakete zu vermeiden. Wir \u00fcbernehmen keine Verantwortung f\u00fcr Lieferprobleme, die durch falsche oder unvollst\u00e4ndige Adressen verursacht werden. <\/span><\/p><p class=\"font_8 wixui-rich-text__text\"><span class=\"wixui-rich-text__text\"><span class=\"wixui-rich-text__text\">9. Kontaktieren Sie uns:<\/span><\/span><\/p><p class=\"font_8 wixui-rich-text__text\"><span class=\"wixui-rich-text__text\">Wenn Sie Fragen oder Bedenken bez\u00fcglich unserer Versandrichtlinie haben, kontaktieren Sie uns bitte.<\/span><\/p><p class=\"font_8 wixui-rich-text__text\"><span class=\"wixui-rich-text__text\">Danke, dass Sie Ampullen gew\u00e4hlt haben. Wir hoffen, dass Sie unsere Produkte genie\u00dfen und freuen uns darauf, Sie in allen Bereichen Ihres Einkaufserlebnisses mit Exzellenz zu betreuen. <\/span><\/p><p class=\"font_8 wixui-rich-text__text\"><br class=\"wixui-rich-text__text\"><span class=\"wixui-rich-text__text\">Zuletzt aktualisiert: 05.08.2025<\/span><\/p>\t\t\t\t\t\t\t\t<\/div>\n\t\t\t\t\t<\/div>\n\t\t\t\t<\/div>\n\t\t\t\t<\/div>\n\t\t","protected":false},"excerpt":{"rendered":"<p>Versandpolitik Vielen Dank, dass Sie Ampoules f\u00fcr Ihre Sch\u00f6nheits- und Hautpflegebed\u00fcrfnisse gew\u00e4hlt haben. Wir bem\u00fchen uns, ein reibungsloses Einkaufserlebnis zu bieten, einschlie\u00dflich effizienter und zuverl\u00e4ssiger Versanddienste. Bitte lesen Sie unsere Versandrichtlinie, um unsere Versandmethoden, Lieferzeiten und zugeh\u00f6rige Informationen zu verstehen. 1. Bestellbearbeitung: a. Wir bearbeiten Bestellungen z\u00fcgig, typischerweise innerhalb von 1 bis 2 Werktagen nach&#8230;<\/p>\n","protected":false},"author":1,"featured_media":0,"parent":0,"menu_order":0,"comment_status":"closed","ping_status":"closed","template":"","meta":{"_bst_post_transparent":"","_bst_post_title":"","_bst_post_layout":"","_bst_post_sidebar_id":"","_bst_post_content_style":"","_bst_post_vertical_padding":"","_bst_post_feature":"","_bst_post_feature_position":"","_bst_post_header":false,"_bst_post_footer":false,"footnotes":""},"class_list":["post-3309","page","type-page","status-publish","hentry"],"jetpack_sharing_enabled":true,"_links":{"self":[{"href":"https:\/\/ampoules.co.uk\/de\/wp-json\/wp\/v2\/pages\/3309","targetHints":{"allow":["GET"]}}],"collection":[{"href":"https:\/\/ampoules.co.uk\/de\/wp-json\/wp\/v2\/pages"}],"about":[{"href":"https:\/\/ampoules.co.uk\/de\/wp-json\/wp\/v2\/types\/page"}],"author":[{"embeddable":true,"href":"https:\/\/ampoules.co.uk\/de\/wp-json\/wp\/v2\/users\/1"}],"replies":[{"embeddable":true,"href":"https:\/\/ampoules.co.uk\/de\/wp-json\/wp\/v2\/comments?post=3309"}],"version-history":[{"count":2,"href":"https:\/\/ampoules.co.uk\/de\/wp-json\/wp\/v2\/pages\/3309\/revisions"}],"predecessor-version":[{"id":3313,"href":"https:\/\/ampoules.co.uk\/de\/wp-json\/wp\/v2\/pages\/3309\/revisions\/3313"}],"wp:attachment":[{"href":"https:\/\/ampoules.co.uk\/de\/wp-json\/wp\/v2\/media?parent=3309"}],"curies":[{"name":"wp","href":"https:\/\/api.w.org\/{rel}","templated":true}]}}