{"id":3276,"date":"2026-04-14T23:33:19","date_gmt":"2026-04-14T23:33:19","guid":{"rendered":"https:\/\/ampoules.co.uk\/rueckgabe-und-rueckerstattungspolitik\/"},"modified":"2026-05-14T16:54:57","modified_gmt":"2026-05-14T16:54:57","slug":"rueckgabe-und-rueckerstattungspolitik","status":"publish","type":"page","link":"https:\/\/ampoules.co.uk\/de\/rueckgabe-und-rueckerstattungspolitik\/","title":{"rendered":"R\u00fcckgabe- und R\u00fcckerstattungspolitik"},"content":{"rendered":"\t\t<div data-elementor-type=\"wp-page\" data-elementor-id=\"3276\" class=\"elementor elementor-3276 elementor-2547\" data-elementor-post-type=\"page\">\n\t\t\t\t<div class=\"elementor-element elementor-element-d07bf4e e-flex e-con-boxed e-con e-parent\" data-id=\"d07bf4e\" data-element_type=\"container\" data-e-type=\"container\">\n\t\t\t\t\t<div class=\"e-con-inner\">\n\t\t\t\t<div class=\"elementor-element elementor-element-274896d elementor-widget elementor-widget-heading\" data-id=\"274896d\" data-element_type=\"widget\" data-e-type=\"widget\" data-widget_type=\"heading.default\">\n\t\t\t\t\t<h2 class=\"elementor-heading-title elementor-size-default\">R\u00fcckgabe- und R\u00fcckerstattungspolitik<\/h2>\t\t\t\t<\/div>\n\t\t\t\t\t<\/div>\n\t\t\t\t<\/div>\n\t\t<div class=\"elementor-element elementor-element-2499e06 e-flex e-con-boxed e-con e-parent\" data-id=\"2499e06\" data-element_type=\"container\" data-e-type=\"container\">\n\t\t\t\t\t<div class=\"e-con-inner\">\n\t\t\t\t<div class=\"elementor-element elementor-element-05fb0c4 elementor-widget elementor-widget-text-editor\" data-id=\"05fb0c4\" data-element_type=\"widget\" data-e-type=\"widget\" data-widget_type=\"text-editor.default\">\n\t\t\t\t\t\t\t\t\t<div id=\"bgLayers_comp-mazmh1ar1\" class=\"MW5IWV\" data-hook=\"bgLayers\" data-motion-part=\"BG_LAYER comp-mazmh1ar1\"><div id=\"bgMedia_comp-mazmh1ar1\" class=\"VgO9Yg\" data-motion-part=\"BG_MEDIA comp-mazmh1ar1\"><span style=\"letter-spacing: 0.4px;\">Vielen Dank, dass Sie bei uns eingekauft haben. Wir m\u00f6chten, dass Sie mit Ihrem Kauf vollkommen zufrieden sind, und wir verstehen, dass manchmal eine R\u00fcckgabe notwendig sein kann. Bitte lesen Sie unsere R\u00fcckgabe- und R\u00fcckerstattungsrichtlinie sorgf\u00e4ltig, um Ihre Rechte und Pflichten als gesch\u00e4tzter Kunde zu verstehen.  <\/span><\/div><div data-motion-part=\"BG_MEDIA comp-mazmh1ar1\"> <\/div><\/div><div class=\"\" data-mesh-id=\"comp-mazmh1ar1inlineContent\" data-testid=\"inline-content\"><div data-mesh-id=\"comp-mazmh1ar1inlineContent-gridContainer\" data-testid=\"mesh-container-content\"><div id=\"comp-mazmh1at1\" class=\"ku3DBC zQ9jDz qvSjx3 Vq6kJx comp-mazmh1at1 wixui-rich-text\" data-testid=\"richTextElement\"><p class=\"font_8 wixui-rich-text__text\"><span class=\"wixui-rich-text__text\">\u200b<\/span><span class=\"wixui-rich-text__text\">Akzeptierte R\u00fccksendungen:<br class=\"wixui-rich-text__text\">Wir akzeptieren R\u00fcckgaben innerhalb von 30 Tagen nach dem Kaufdatum. Wenn 30 Tage seit Ihrem Kauf vergangen sind, k\u00f6nnen wir Ihnen leider keine R\u00fcckerstattung oder einen Umtausch anbieten.<\/span><\/p><p class=\"font_8 wixui-rich-text__text\"><span class=\"wixui-rich-text__text\">\u200b<\/span><span class=\"wixui-rich-text__text\">Bedingungen f\u00fcr R\u00fcckgaben:<br class=\"wixui-rich-text__text\">Um f\u00fcr eine R\u00fcckgabe berechtigt zu sein, muss der Artikel unbenutzt, im gleichen Zustand wie beim Erhalten und in der Originalverpackung sein. Zus\u00e4tzlich muss der Artikel von einem Kaufnachweis begleitet werden, wie z. B. der Bestellnummer oder der Quittung.<\/span><\/p><p class=\"font_8 wixui-rich-text__text\"><span class=\"wixui-rich-text__text\"><span class=\"wixGuard wixui-rich-text__text\">\u200b<\/span>\u200b<\/span><span class=\"wixui-rich-text__text\">R\u00fccksende:<br class=\"wixui-rich-text__text\">Bitte beachten Sie, dass die Kunden f\u00fcr die R\u00fccksendekosten verantwortlich sind. Wir empfehlen, einen nachverfolgbaren Versandservice zu nutzen oder eine Versandversicherung abzuschlie\u00dfen, da wir nicht garantieren k\u00f6nnen, dass wir Ihren zur\u00fcckgegebenen Artikel erhalten.<\/span><\/p><p class=\"font_8 wixui-rich-text__text\"><span class=\"wixui-rich-text__text\">\u200b<\/span><span class=\"wixui-rich-text__text\">R\u00fcckerstattungen:<br class=\"wixui-rich-text__text\">Sobald Ihr zur\u00fcckgegebener Artikel eingegangen und \u00fcberpr\u00fcft ist, senden wir Ihnen eine E-Mail, um Sie dar\u00fcber zu informieren, dass wir Ihren R\u00fcckspruch erhalten haben. Wir werden Sie au\u00dferdem \u00fcber die Genehmigung oder Ablehnung Ihrer R\u00fcckerstattung informieren. Wenn Ihre R\u00fcckerstattung genehmigt wird, wird sie bearbeitet und innerhalb eines angemessenen Zeitraums wird automatisch eine Gutschrift auf Ihre urspr\u00fcngliche Zahlungsmethode angewendet.<\/span><\/p><p class=\"font_8 wixui-rich-text__text\"><span class=\"wixui-rich-text__text\">\u200b<\/span><span class=\"wixui-rich-text__text\">B\u00f6rsen:<br class=\"wixui-rich-text__text\">Wir bieten derzeit keine direkten Umtausche an. Wenn Sie einen Artikel gegen eine andere Gr\u00f6\u00dfe, Farbe oder Variante tauschen m\u00f6chten, folgen Sie bitte dem R\u00fcckgabeprozess und geben Sie dann eine neue Bestellung f\u00fcr den gew\u00fcnschten Artikel auf unserer Website auf.<\/span><\/p><p class=\"font_8 wixui-rich-text__text\"><span class=\"wixui-rich-text__text\">\u200b<\/span><span class=\"wixui-rich-text__text\">Besch\u00e4digte oder defekte Artikel:<br class=\"wixui-rich-text__text\">Falls Ihr Artikel besch\u00e4digt oder defekt ankommt, kontaktieren Sie bitte umgehend unser Kundensupport-Team. Wir organisieren gerne einen Ersatz oder eine R\u00fcckerstattung f\u00fcr solche Artikel und stellen in diesen speziellen F\u00e4llen m\u00f6glicherweise ein vorausbezahltes R\u00fccksendeetikett bereit.<\/span><\/p><p class=\"font_8 wixui-rich-text__text\"><span class=\"wixui-rich-text__text\">\u200b<\/span><span class=\"wixui-rich-text__text\">Endg\u00fcltige Verkaufsartikel:<br class=\"wixui-rich-text__text\">Bitte beachten Sie, dass bestimmte Artikel als Endverkauf markiert werden k\u00f6nnen und nicht f\u00fcr R\u00fccksendungen oder R\u00fcckerstattungen berechtigt sind. Die Endverkaufsartikel werden auf der Produktseite klar angegeben.<\/span><\/p><p class=\"font_8 wixui-rich-text__text\"><span class=\"wixui-rich-text__text\">\u200b<\/span><span class=\"wixui-rich-text__text\">Kontaktieren Sie uns:<br class=\"wixui-rich-text__text\">Wenn Sie Fragen oder Bedenken zu unserer R\u00fcckgabe- und R\u00fcckerstattungspolitik haben, k\u00f6nnen Sie sich gerne an unser Kundensupport-Team wenden. Wir sind hier, um Ihnen zu helfen und sicherzustellen, dass Ihr Einkaufserlebnis angenehm und unkompliziert ist.<\/span><\/p><p class=\"font_8 wixui-rich-text__text\"><span class=\"wixui-rich-text__text\">Wir behalten uns das Recht vor, diese R\u00fcckgabe- und R\u00fcckerstattungsrichtlinie von Zeit zu Zeit ohne vorherige Ank\u00fcndigung zu aktualisieren und zu \u00e4ndern. Alle vorgenommenen \u00c4nderungen werden auf dieser Seite ver\u00f6ffentlicht, und die \u00fcberarbeitete Richtlinie gilt f\u00fcr alle nach dem Wirksamkeitsdatum get\u00e4tigten K\u00e4ufe. <\/span><\/p><p class=\"font_8 wixui-rich-text__text\"><span class=\"wixui-rich-text__text\"><span class=\"wixui-rich-text__text\">Zuletzt aktualisiert: 05.08.2025<\/span><\/span><\/p><\/div><\/div><\/div>\t\t\t\t\t\t\t\t<\/div>\n\t\t\t\t\t<\/div>\n\t\t\t\t<\/div>\n\t\t\t\t<\/div>\n\t\t","protected":false},"excerpt":{"rendered":"<p>R\u00fcckgabe- und R\u00fcckerstattungspolitik Vielen Dank, dass Sie bei uns eingekauft haben. Wir m\u00f6chten, dass Sie mit Ihrem Kauf vollkommen zufrieden sind, und wir verstehen, dass manchmal eine R\u00fcckgabe notwendig sein kann. Bitte lesen Sie unsere R\u00fcckgabe- und R\u00fcckerstattungsrichtlinie sorgf\u00e4ltig, um Ihre Rechte und Pflichten als gesch\u00e4tzter Kunde zu verstehen. \u200bAkzeptierte R\u00fccksendungen:Wir akzeptieren R\u00fcckgaben innerhalb von&#8230;<\/p>\n","protected":false},"author":1,"featured_media":0,"parent":0,"menu_order":0,"comment_status":"closed","ping_status":"closed","template":"","meta":{"_bst_post_transparent":"","_bst_post_title":"","_bst_post_layout":"","_bst_post_sidebar_id":"","_bst_post_content_style":"","_bst_post_vertical_padding":"","_bst_post_feature":"","_bst_post_feature_position":"","_bst_post_header":false,"_bst_post_footer":false,"footnotes":""},"class_list":["post-3276","page","type-page","status-publish","hentry"],"jetpack_sharing_enabled":true,"_links":{"self":[{"href":"https:\/\/ampoules.co.uk\/de\/wp-json\/wp\/v2\/pages\/3276","targetHints":{"allow":["GET"]}}],"collection":[{"href":"https:\/\/ampoules.co.uk\/de\/wp-json\/wp\/v2\/pages"}],"about":[{"href":"https:\/\/ampoules.co.uk\/de\/wp-json\/wp\/v2\/types\/page"}],"author":[{"embeddable":true,"href":"https:\/\/ampoules.co.uk\/de\/wp-json\/wp\/v2\/users\/1"}],"replies":[{"embeddable":true,"href":"https:\/\/ampoules.co.uk\/de\/wp-json\/wp\/v2\/comments?post=3276"}],"version-history":[{"count":2,"href":"https:\/\/ampoules.co.uk\/de\/wp-json\/wp\/v2\/pages\/3276\/revisions"}],"predecessor-version":[{"id":3280,"href":"https:\/\/ampoules.co.uk\/de\/wp-json\/wp\/v2\/pages\/3276\/revisions\/3280"}],"wp:attachment":[{"href":"https:\/\/ampoules.co.uk\/de\/wp-json\/wp\/v2\/media?parent=3276"}],"curies":[{"name":"wp","href":"https:\/\/api.w.org\/{rel}","templated":true}]}}